{"id":99,"date":"2017-12-07T11:12:11","date_gmt":"2017-12-07T11:12:11","guid":{"rendered":"http:\/\/test.13muz.eu\/?page_id=99"},"modified":"2025-07-31T13:10:41","modified_gmt":"2025-07-31T11:10:41","slug":"dziergacze","status":"publish","type":"page","link":"https:\/\/13muz.eu\/en\/dziergacze\/","title":{"rendered":"K\u0105cik Weso\u0142ego Dziergacza"},"content":{"rendered":"<div>\n<p style=\"text-align: justify;\"><strong>Dom Kultury \u201e13 Muz\u201d zaprasza sta\u0142ych i nowych artyst\u00f3w r\u0119kodzielnik\u00f3w do \u201eweso\u0142ego dziergania\u201d.<\/strong><\/p>\n<p style=\"text-align: justify;\">Zapraszamy ka\u017cdego, kto umie, lubi i chce si\u0119 nauczy\u0107 tworzy\u0107 drobne i wi\u0119ksze dzie\u0142a z nici, w\u0142\u00f3czki, sznurka, na szyde\u0142ku, na drucikach, na czym tylko potrafi! Zapraszamy ka\u017cdego, kto jest lub chce zosta\u0107 designerem r\u0119kodzielnikiem, ma albo chce mie\u0107 domow\u0105 lub firmow\u0105 galeri\u0119 czy zbi\u00f3r sweterk\u00f3w, bluzeczek, serwetek, czapeczek, szali, narzutek, r\u0119kawiczek, skarpetek, kapelusik\u00f3w czy innych cudeniek wykonanych r\u0119cznie. Zapraszamy Panie i Pan\u00f3w w ka\u017cdym wieku! Nie dziergajcie wy\u0142\u0105cznie w zaciszu domowym! Dziergajcie z nami we wspania\u0142ym towarzystwie pasjonat\u00f3w, profesjonalist\u00f3w, amator\u00f3w \u2013 Weso\u0142ych Dziergaczy! Przy dobrej kawce i dobrej muzyce w Waszym K\u0105ciku mo\u017cecie ju\u017c zawsze mi\u0142o si\u0119 spotka\u0107 i pogada\u0107, po\u015bpiewa\u0107 i powymienia\u0107 pomys\u0142y.<\/p>\n<p style=\"text-align: justify;\"><strong>Spotkania odbywaj\u0105 si\u0119 w ka\u017cdy wtorek w godz.17.30-20.00, wst\u0119p bezp\u0142atny<\/strong><\/p>\n<p style=\"text-align: justify;\"><strong>Koordynatorzy projektu:<\/strong><\/p>\n<ul>\n<li style=\"text-align: justify;\">Szefowa Dziergaczy: Katarzyna Czy\u017cewicz, tel. 668364627, e-mail: <a href=\"mailto:kasiacz48@o2.pl\">kasiacz48@o2.pl<\/a><br \/>\n&nbsp;<br \/>\nZapisy i dodatkowe informacje: Katarzyna Czy\u017cewicz, tel. 668&nbsp;364&nbsp;627&nbsp;Aby wzi\u0105\u0107 udzia\u0142 w wydarzeniu prosimy o zapoznanie si\u0119 z regulaminem. Dokumenty s\u0105 dost\u0119pne na naszej stronie&nbsp;<a href=\"https:\/\/www.13muz.eu\/\" target=\"_blank\" rel=\"noopener\">www.13muz.eu<\/a>. Dzi\u0119kujemy uprzejmie!<\/li>\n<\/ul>\n<\/div>\n<div><!-- index.php -->\n<div\n\tclass=\"ngg-galleryoverview\n\t ngg-ajax-pagination-none\t\"\n\tid=\"ngg-gallery-ec07d309eb2dae8f9671abb99945419c-1\">\n\n\t\t<div class=\"slideshowlink\">\n\t\t<a href='https:\/\/13muz.eu\/en\/dziergacze\/nggallery\/slideshow'>Zobacz zdj\u0119cia<\/a>\n\t\t\n\t<\/div>\n\t\t\t<!-- Thumbnails -->\n\t\t\t\t<div id=\"ngg-image-0\" class=\"ngg-gallery-thumbnail-box\" \n\t\t\t\t\t\t\t\t\t\t\t>\n\t\t\t\t\t\t<div class=\"ngg-gallery-thumbnail\">\n\t\t\t<a href=\"https:\/\/13muz.eu\/http%3Atest.13muz.euwp-contentgallerykacik-dziergacza\/5627ap-2.jpg\"\n\t\t\t\ttitle=\"K\u0105cik Weso\u0142ego Dziergacza przy Domu Kultury &quot;13 Muz&quot; zaprasza do wsp\u00f3lnego dziergania. Wi\u0119cej informacji - https:\/\/13muz.eu\/dziergacze\/\"\n\t\t\t\tdata-src=\"https:\/\/13muz.eu\/http%3Atest.13muz.euwp-contentgallerykacik-dziergacza\/5627ap-2.jpg\"\n\t\t\t\tdata-thumbnail=\"https:\/\/13muz.eu\/http%3Atest.13muz.euwp-contentgallerykacik-dziergacza\/thumbs\/thumbs_5627ap-2.jpg\"\n\t\t\t\tdata-image-id=\"7519\"\n\t\t\t\tdata-title=\"K\u0105cik Weso\u0142ego Dziergacza\"\n\t\t\t\tdata-description=\"K\u0105cik Weso\u0142ego Dziergacza przy Domu Kultury &quot;13 Muz&quot; zaprasza do wsp\u00f3lnego dziergania. Wi\u0119cej informacji - https:\/\/13muz.eu\/dziergacze\/\"\n\t\t\t\tdata-image-slug=\"5627ap-2\"\n\t\t\t\tclass='use_imagebrowser_effect' data-imagebrowser-url='https:\/\/13muz.eu\/en\/dziergacze\/nggallery\/image\/%STUB%'>\n\t\t\t\t<img\n\t\t\t\t\ttitle=\"K\u0105cik Weso\u0142ego Dziergacza\"\n\t\t\t\t\talt=\"K\u0105cik Weso\u0142ego Dziergacza\"\n\t\t\t\t\tsrc=\"https:\/\/13muz.eu\/http%3Atest.13muz.euwp-contentgallerykacik-dziergacza\/cache\/5627ap-2.jpg-nggid047519-ngg0dyn-240x160x100-00f0w010c011r110f110r010t010.jpg\"\n\t\t\t\t\twidth=\"240\"\n\t\t\t\t\theight=\"160\"\n\t\t\t\t\tstyle=\"max-width:100%;\"\n\t\t\t\t\/>\n\t\t\t<\/a>\n\t\t<\/div>\n\t\t\t\t\t\t\t<\/div> \n\t\t\t\n\t\t\n\t\t\t\t<div id=\"ngg-image-1\" class=\"ngg-gallery-thumbnail-box\" \n\t\t\t\t\t\t\t\t\t\t\t>\n\t\t\t\t\t\t<div class=\"ngg-gallery-thumbnail\">\n\t\t\t<a href=\"https:\/\/13muz.eu\/http%3Atest.13muz.euwp-contentgallerykacik-dziergacza\/5630ap.jpg\"\n\t\t\t\ttitle=\"K\u0105cik Weso\u0142ego Dziergacza przy Domu Kultury &quot;13 Muz&quot; zaprasza do wsp\u00f3lnego dziergania. Wi\u0119cej informacji - https:\/\/13muz.eu\/dziergacze\/\"\n\t\t\t\tdata-src=\"https:\/\/13muz.eu\/http%3Atest.13muz.euwp-contentgallerykacik-dziergacza\/5630ap.jpg\"\n\t\t\t\tdata-thumbnail=\"https:\/\/13muz.eu\/http%3Atest.13muz.euwp-contentgallerykacik-dziergacza\/thumbs\/thumbs_5630ap.jpg\"\n\t\t\t\tdata-image-id=\"7520\"\n\t\t\t\tdata-title=\"K\u0105cik Weso\u0142ego Dziergacza\"\n\t\t\t\tdata-description=\"K\u0105cik Weso\u0142ego Dziergacza przy Domu Kultury &quot;13 Muz&quot; zaprasza do wsp\u00f3lnego dziergania. Wi\u0119cej informacji - https:\/\/13muz.eu\/dziergacze\/\"\n\t\t\t\tdata-image-slug=\"5630ap\"\n\t\t\t\tclass='use_imagebrowser_effect' data-imagebrowser-url='https:\/\/13muz.eu\/en\/dziergacze\/nggallery\/image\/%STUB%'>\n\t\t\t\t<img\n\t\t\t\t\ttitle=\"K\u0105cik Weso\u0142ego Dziergacza\"\n\t\t\t\t\talt=\"K\u0105cik Weso\u0142ego Dziergacza\"\n\t\t\t\t\tsrc=\"https:\/\/13muz.eu\/http%3Atest.13muz.euwp-contentgallerykacik-dziergacza\/cache\/5630ap.jpg-nggid047520-ngg0dyn-240x160x100-00f0w010c011r110f110r010t010.jpg\"\n\t\t\t\t\twidth=\"240\"\n\t\t\t\t\theight=\"160\"\n\t\t\t\t\tstyle=\"max-width:100%;\"\n\t\t\t\t\/>\n\t\t\t<\/a>\n\t\t<\/div>\n\t\t\t\t\t\t\t<\/div> \n\t\t\t\n\t\t\n\t\t\t\t<div id=\"ngg-image-2\" class=\"ngg-gallery-thumbnail-box\" \n\t\t\t\t\t\t\t\t\t\t\t>\n\t\t\t\t\t\t<div class=\"ngg-gallery-thumbnail\">\n\t\t\t<a href=\"https:\/\/13muz.eu\/http%3Atest.13muz.euwp-contentgallerykacik-dziergacza\/9.jpg\"\n\t\t\t\ttitle=\"K\u0105cik Weso\u0142ego Dziergacza przy Domu Kultury &quot;13 Muz&quot; zaprasza do wsp\u00f3lnego dziergania. Wi\u0119cej informacji - https:\/\/13muz.eu\/dziergacze\/\"\n\t\t\t\tdata-src=\"https:\/\/13muz.eu\/http%3Atest.13muz.euwp-contentgallerykacik-dziergacza\/9.jpg\"\n\t\t\t\tdata-thumbnail=\"https:\/\/13muz.eu\/http%3Atest.13muz.euwp-contentgallerykacik-dziergacza\/thumbs\/thumbs_9.jpg\"\n\t\t\t\tdata-image-id=\"7518\"\n\t\t\t\tdata-title=\"K\u0105cik Weso\u0142ego Dziergacza\"\n\t\t\t\tdata-description=\"K\u0105cik Weso\u0142ego Dziergacza przy Domu Kultury &quot;13 Muz&quot; zaprasza do wsp\u00f3lnego dziergania. Wi\u0119cej informacji - https:\/\/13muz.eu\/dziergacze\/\"\n\t\t\t\tdata-image-slug=\"9\"\n\t\t\t\tclass='use_imagebrowser_effect' data-imagebrowser-url='https:\/\/13muz.eu\/en\/dziergacze\/nggallery\/image\/%STUB%'>\n\t\t\t\t<img\n\t\t\t\t\ttitle=\"K\u0105cik Weso\u0142ego Dziergacza\"\n\t\t\t\t\talt=\"K\u0105cik Weso\u0142ego Dziergacza\"\n\t\t\t\t\tsrc=\"https:\/\/13muz.eu\/http%3Atest.13muz.euwp-contentgallerykacik-dziergacza\/cache\/9.jpg-nggid047518-ngg0dyn-240x160x100-00f0w010c011r110f110r010t010.jpg\"\n\t\t\t\t\twidth=\"240\"\n\t\t\t\t\theight=\"160\"\n\t\t\t\t\tstyle=\"max-width:100%;\"\n\t\t\t\t\/>\n\t\t\t<\/a>\n\t\t<\/div>\n\t\t\t\t\t\t\t<\/div> \n\t\t\t\n\t\t\n\t\t\t\t<div id=\"ngg-image-3\" class=\"ngg-gallery-thumbnail-box\" \n\t\t\t\t\t\t\t\t\t\t\t>\n\t\t\t\t\t\t<div class=\"ngg-gallery-thumbnail\">\n\t\t\t<a href=\"https:\/\/13muz.eu\/http%3Atest.13muz.euwp-contentgallerykacik-dziergacza\/k2.jpg\"\n\t\t\t\ttitle=\"K\u0105cik Weso\u0142ego Dziergacza przy Domu Kultury &quot;13 Muz&quot; zaprasza do wsp\u00f3lnego dziergania. Wi\u0119cej informacji - https:\/\/13muz.eu\/dziergacze\/\"\n\t\t\t\tdata-src=\"https:\/\/13muz.eu\/http%3Atest.13muz.euwp-contentgallerykacik-dziergacza\/k2.jpg\"\n\t\t\t\tdata-thumbnail=\"https:\/\/13muz.eu\/http%3Atest.13muz.euwp-contentgallerykacik-dziergacza\/thumbs\/thumbs_k2.jpg\"\n\t\t\t\tdata-image-id=\"7517\"\n\t\t\t\tdata-title=\"K\u0105cik Weso\u0142ego Dziergacza\"\n\t\t\t\tdata-description=\"K\u0105cik Weso\u0142ego Dziergacza przy Domu Kultury &quot;13 Muz&quot; zaprasza do wsp\u00f3lnego dziergania. Wi\u0119cej informacji - https:\/\/13muz.eu\/dziergacze\/\"\n\t\t\t\tdata-image-slug=\"k2\"\n\t\t\t\tclass='use_imagebrowser_effect' data-imagebrowser-url='https:\/\/13muz.eu\/en\/dziergacze\/nggallery\/image\/%STUB%'>\n\t\t\t\t<img\n\t\t\t\t\ttitle=\"K\u0105cik Weso\u0142ego Dziergacza\"\n\t\t\t\t\talt=\"K\u0105cik Weso\u0142ego Dziergacza\"\n\t\t\t\t\tsrc=\"https:\/\/13muz.eu\/http%3Atest.13muz.euwp-contentgallerykacik-dziergacza\/cache\/k2.jpg-nggid047517-ngg0dyn-240x160x100-00f0w010c011r110f110r010t010.jpg\"\n\t\t\t\t\twidth=\"240\"\n\t\t\t\t\theight=\"160\"\n\t\t\t\t\tstyle=\"max-width:100%;\"\n\t\t\t\t\/>\n\t\t\t<\/a>\n\t\t<\/div>\n\t\t\t\t\t\t\t<\/div> \n\t\t\t\n\t\t\n\t\t\n\t\t<!-- Pagination -->\n\t\t<div class='ngg-clear'><\/div>\t<\/div>\n<\/div>\n<div>&nbsp;<\/div>\n<div style=\"text-align: justify;\">&nbsp;<\/div>\n","protected":false},"excerpt":{"rendered":"<p>Dom Kultury \u201e13 Muz\u201d zaprasza sta\u0142ych i nowych artyst\u00f3w r\u0119kodzielnik\u00f3w do \u201eweso\u0142ego dziergania\u201d. Zapraszamy ka\u017cdego, kto umie, lubi i chce si\u0119 nauczy\u0107 tworzy\u0107 drobne i wi\u0119ksze dzie\u0142a z nici, w\u0142\u00f3czki, sznurka, na szyde\u0142ku, na drucikach, na czym tylko potrafi! Zapraszamy ka\u017cdego, kto jest lub chce zosta\u0107 designerem r\u0119kodzielnikiem, ma albo chce mie\u0107 domow\u0105 lub firmow\u0105 galeri\u0119 czy zbi\u00f3r sweterk\u00f3w, bluzeczek, serwetek, czapeczek, szali, narzutek, r\u0119kawiczek, skarpetek, kapelusik\u00f3w czy innych cudeniek wykonanych r\u0119cznie. Zapraszamy Panie i Pan\u00f3w w ka\u017cdym wieku! Nie dziergajcie wy\u0142\u0105cznie w zaciszu domowym! Dziergajcie z nami we wspania\u0142ym towarzystwie pasjonat\u00f3w, profesjonalist\u00f3w, amator\u00f3w \u2013 Weso\u0142ych Dziergaczy! Przy dobrej kawce [&hellip;]<\/p>\n","protected":false},"author":1,"featured_media":0,"parent":0,"menu_order":0,"comment_status":"closed","ping_status":"closed","template":"","meta":{"ngg_post_thumbnail":0,"_price":"","_stock":"","_tribe_ticket_header":"","_tribe_default_ticket_provider":"","_ticket_start_date":"","_ticket_end_date":"","_tribe_ticket_show_description":"","_tribe_ticket_show_not_going":false,"_tribe_ticket_use_global_stock":"","_tribe_ticket_global_stock_level":"","_global_stock_mode":"","_global_stock_cap":"","_tribe_rsvp_for_event":"","_tribe_ticket_going_count":"","_tribe_ticket_not_going_count":"","_tribe_tickets_list":"[]","_tribe_ticket_has_attendee_info_fields":false,"footnotes":"","_tec_slr_enabled":"","_tec_slr_layout":""},"class_list":["post-99","page","type-page","status-publish","hentry"],"ticketed":false,"post_mailing_queue_ids":[],"_links":{"self":[{"href":"https:\/\/13muz.eu\/en\/wp-json\/wp\/v2\/pages\/99","targetHints":{"allow":["GET"]}}],"collection":[{"href":"https:\/\/13muz.eu\/en\/wp-json\/wp\/v2\/pages"}],"about":[{"href":"https:\/\/13muz.eu\/en\/wp-json\/wp\/v2\/types\/page"}],"author":[{"embeddable":true,"href":"https:\/\/13muz.eu\/en\/wp-json\/wp\/v2\/users\/1"}],"replies":[{"embeddable":true,"href":"https:\/\/13muz.eu\/en\/wp-json\/wp\/v2\/comments?post=99"}],"version-history":[{"count":0,"href":"https:\/\/13muz.eu\/en\/wp-json\/wp\/v2\/pages\/99\/revisions"}],"wp:attachment":[{"href":"https:\/\/13muz.eu\/en\/wp-json\/wp\/v2\/media?parent=99"}],"curies":[{"name":"wp","href":"https:\/\/api.w.org\/{rel}","templated":true}]}}