{"id":93,"date":"2017-12-07T11:11:42","date_gmt":"2017-12-07T11:11:42","guid":{"rendered":"http:\/\/test.13muz.eu\/?page_id=93"},"modified":"2026-03-26T15:08:05","modified_gmt":"2026-03-26T14:08:05","slug":"zajecia","status":"publish","type":"page","link":"https:\/\/13muz.eu\/en\/zajecia\/","title":{"rendered":"Zaj\u0119cia"},"content":{"rendered":"<ul class=\"sitemap\">\n<li style=\"list-style-type: none;\">\n<ul>\n<li><a class=\"list-main\" href=\"https:\/\/13muz.eu\/rezydenci-salon-artystyczny-seniorow\/\" rel=\"noopener noreferrer\">Salon Artystyczny Senior\u00f3w Domy Kultury \u201e13 Muz\u201d<\/a> \/ poniedzia\u0142ki, \u015brody<\/li>\n<li><a class=\"list-main\" href=\"https:\/\/13muz.eu\/malarstwo-i-rysunek\/\" rel=\"noopener noreferrer\">Malarstwo i rysunek<\/a> \/ poniedzia\u0142ki<\/li>\n<li><a class=\"list-main\" href=\"https:\/\/13muz.eu\/joga-dla-seniorow\/\">Joga dla Senior\u00f3w<\/a>&nbsp;\/ poniedzia\u0142ki i&nbsp;czwartki<\/li>\n<li><a class=\"list-main\" href=\"https:\/\/13muz.eu\/klub-ksiazki-trzepot-stron\/\" rel=\"noopener noreferrer\">Klub ksi\u0105\u017cki \u201eTrzepot Stron\u201d<\/a> \/ poniedzia\u0142ki<\/li>\n<li><a class=\"list-main\" href=\"https:\/\/13muz.eu\/pantomima-w-13-muzach\/\" rel=\"noopener noreferrer\">Pantomima w \u201e13 Muzach\u201d<\/a> \/ poniedzia\u0142ki<\/li>\n<li><a class=\"list-main\" href=\"https:\/\/13muz.eu\/chor-srebrne-glosy\/\" rel=\"noopener noreferrer\">Ch\u00f3r Srebrne G\u0142osy<\/a> \/ wtorki<\/li>\n<li><a class=\"list-main\" href=\"https:\/\/13muz.eu\/teatr-uhuru-mlodziezowa-pracownia-teatralna\/\" rel=\"noopener noreferrer\">Teatr Uhuru &#8211; M\u0142odzie\u017cowa Pracowania Teatralna<\/a> \/ wtorki i czwartki<\/li>\n<li><a class=\"list-main\" href=\"https:\/\/13muz.eu\/dziergacze\/\" rel=\"noopener noreferrer\">K\u0105cik Weso\u0142ego Dziergacza<\/a> \/ wtorki<\/li>\n<li><a class=\"list-main\" href=\"https:\/\/13muz.eu\/teatr-janusza\/\" rel=\"noopener noreferrer\">Teatr Janusza<\/a> \/ \u015brody<\/li>\n<li><a class=\"list-main\" href=\"https:\/\/13muz.eu\/grupa-poetycka-ars-poetica-salon-artystyczny-seniorow-dk-13-muz\/\" rel=\"noopener noreferrer\">Grupa Poetycka \u201eArs Poetica\u201d<\/a> \/ \u015brody<\/li>\n<li><a class=\"list-main\" href=\"https:\/\/13muz.eu\/biodanza-taniec-zycia\/\" rel=\"noopener noreferrer\">Biodanza &#8211; taniec \u017cycia<\/a> \/ \u015brody<\/li>\n<li><a class=\"list-main\" href=\"https:\/\/13muz.eu\/biodanza-dla-seniorow\/\" rel=\"noopener noreferrer\">Biodanza dla Senior\u00f3w<\/a> \/ czwartki<\/li>\n<li><a class=\"list-main\" href=\"https:\/\/13muz.eu\/jogo-pilates\/\" rel=\"noopener noreferrer\">Jogo-pilates<\/a> \/ czwartki<\/li>\n<li><a class=\"list-main\" href=\"https:\/\/13muz.eu\/taniec-orientalny-dla-kobiet\/\" rel=\"noopener noreferrer\">Taniec orientalny dla kobiet<\/a> \/ pi\u0105tki<\/li>\n<\/ul>\n<\/li>\n<\/ul>\n","protected":false},"excerpt":{"rendered":"<p>Salon Artystyczny Senior\u00f3w Domy Kultury \u201e13 Muz\u201d \/ poniedzia\u0142ki, \u015brody Malarstwo i rysunek \/ poniedzia\u0142ki Joga dla Senior\u00f3w&nbsp;\/ poniedzia\u0142ki i&nbsp;czwartki Klub ksi\u0105\u017cki \u201eTrzepot Stron\u201d \/ poniedzia\u0142ki Pantomima w \u201e13 Muzach\u201d \/ poniedzia\u0142ki Ch\u00f3r Srebrne G\u0142osy \/ wtorki Teatr Uhuru &#8211; M\u0142odzie\u017cowa Pracowania Teatralna \/ wtorki i czwartki K\u0105cik Weso\u0142ego Dziergacza \/ wtorki Teatr Janusza \/ \u015brody Grupa Poetycka \u201eArs Poetica\u201d \/ \u015brody Biodanza &#8211; taniec \u017cycia \/ \u015brody Biodanza dla Senior\u00f3w \/ czwartki Jogo-pilates \/ czwartki Taniec orientalny dla kobiet \/ pi\u0105tki<\/p>\n","protected":false},"author":1,"featured_media":0,"parent":0,"menu_order":0,"comment_status":"closed","ping_status":"closed","template":"","meta":{"ngg_post_thumbnail":0,"_price":"","_stock":"","_tribe_ticket_header":"","_tribe_default_ticket_provider":"","_ticket_start_date":"","_ticket_end_date":"","_tribe_ticket_show_description":"","_tribe_ticket_show_not_going":false,"_tribe_ticket_use_global_stock":"","_tribe_ticket_global_stock_level":"","_global_stock_mode":"","_global_stock_cap":"","_tribe_rsvp_for_event":"","_tribe_ticket_going_count":"","_tribe_ticket_not_going_count":"","_tribe_tickets_list":"[]","_tribe_ticket_has_attendee_info_fields":false,"footnotes":"","_tec_slr_enabled":"","_tec_slr_layout":""},"class_list":["post-93","page","type-page","status-publish","hentry"],"ticketed":false,"post_mailing_queue_ids":[],"_links":{"self":[{"href":"https:\/\/13muz.eu\/en\/wp-json\/wp\/v2\/pages\/93","targetHints":{"allow":["GET"]}}],"collection":[{"href":"https:\/\/13muz.eu\/en\/wp-json\/wp\/v2\/pages"}],"about":[{"href":"https:\/\/13muz.eu\/en\/wp-json\/wp\/v2\/types\/page"}],"author":[{"embeddable":true,"href":"https:\/\/13muz.eu\/en\/wp-json\/wp\/v2\/users\/1"}],"replies":[{"embeddable":true,"href":"https:\/\/13muz.eu\/en\/wp-json\/wp\/v2\/comments?post=93"}],"version-history":[{"count":3,"href":"https:\/\/13muz.eu\/en\/wp-json\/wp\/v2\/pages\/93\/revisions"}],"predecessor-version":[{"id":73663,"href":"https:\/\/13muz.eu\/en\/wp-json\/wp\/v2\/pages\/93\/revisions\/73663"}],"wp:attachment":[{"href":"https:\/\/13muz.eu\/en\/wp-json\/wp\/v2\/media?parent=93"}],"curies":[{"name":"wp","href":"https:\/\/api.w.org\/{rel}","templated":true}]}}