{"id":91,"date":"2017-12-07T11:11:29","date_gmt":"2017-12-07T11:11:29","guid":{"rendered":"http:\/\/test.13muz.eu\/?page_id=91"},"modified":"2026-04-16T09:10:45","modified_gmt":"2026-04-16T07:10:45","slug":"galeria-foyer","status":"publish","type":"page","link":"https:\/\/13muz.eu\/en\/galeria-foyer\/","title":{"rendered":"Galeria Foyer"},"content":{"rendered":"<p><span style=\"color: #000000;\"><img loading=\"lazy\" decoding=\"async\" class=\"size-medium wp-image-46328 alignleft\" src=\"https:\/\/13muz.eu\/wp-content\/uploads\/2022\/07\/1-300x200.jpg\" alt=\"\" width=\"300\" height=\"200\" srcset=\"https:\/\/13muz.eu\/wp-content\/uploads\/2022\/07\/1-300x200.jpg 300w, https:\/\/13muz.eu\/wp-content\/uploads\/2022\/07\/1-1024x683.jpg 1024w, https:\/\/13muz.eu\/wp-content\/uploads\/2022\/07\/1-768x512.jpg 768w, https:\/\/13muz.eu\/wp-content\/uploads\/2022\/07\/1-1536x1024.jpg 1536w, https:\/\/13muz.eu\/wp-content\/uploads\/2022\/07\/1-150x100.jpg 150w, https:\/\/13muz.eu\/wp-content\/uploads\/2022\/07\/1-400x267.jpg 400w, https:\/\/13muz.eu\/wp-content\/uploads\/2022\/07\/1.jpg 1920w\" sizes=\"auto, (max-width: 300px) 100vw, 300px\" \/><\/span><\/p>\r\n<p style=\"text-align: justify;\"><span style=\"color: #000000;\">Galeria Foyer znajduje si\u0119 na pierwszym pi\u0119trze,&nbsp; przed najbardziej reprezentatywn\u0105 neorenesansow\u0105 Sal\u0105 Kominkow\u0105 w Pa\u0142acu pod G\u0142owami, siedziby Domu Kultury \u201e13 Muz\u201d. Maj\u0105 w niej miejsce r\u00f3\u017cnego rodzaju ekspozycje i realizacje artystyczne m.in. prezentacje malarskie, graficzne, fotograficzne, multimedialne, performatywne, o charakterze lokalnym, regionalnym i mi\u0119dzynarodowym.<\/span><\/p>\r\n<p style=\"text-align: justify;\"><span style=\"color: #000000;\">W galerii go\u015bcili\u015bmy m.in. artyst\u00f3w z W\u0142och, Skandynawii, Niemiec, Azji. Pokazywali\u015bmy prace profesor\u00f3w i student\u00f3w Akademii Sztuki oraz nauczycieli i uczni\u00f3w Liceum Plastycznego w Szczecinie.<\/span><\/p>\r\n<p style=\"text-align: justify;\"><span style=\"color: #000000;\">W ramach Dni Skandynawskich oraz Dni Wsp\u00f3\u0142pracy Polsko-Niemieckiej galeria prezentowa\u0142a historyczne postaci m.in. Marsza\u0142ka Carla Gustafa Mannerheima, ilustracje do bajek H. Ch. Andersena przy wsp\u00f3\u0142pracy z Du\u0144skim Instytutem Kultury czy fotografie Timma Stutza pt. Zeesboote o legendarnych \u0142odziach \u017caglowych, p\u0142ywaj\u0105cych mi\u0119dzy Zalewem Szczeci\u0144skim a&nbsp;Zatok\u0105 Wismarsk\u0105.&nbsp;<\/span><\/p>\r\n<p style=\"text-align: justify;\"><span style=\"color: #000000;\"><img loading=\"lazy\" decoding=\"async\" class=\"wp-image-36468 alignright\" src=\"https:\/\/13muz.eu\/wp-content\/uploads\/2020\/12\/20191208_RS_ROBS6003-1024x683.jpg\" alt=\"\" width=\"384\" height=\"256\" srcset=\"https:\/\/13muz.eu\/wp-content\/uploads\/2020\/12\/20191208_RS_ROBS6003-1024x683.jpg 1024w, https:\/\/13muz.eu\/wp-content\/uploads\/2020\/12\/20191208_RS_ROBS6003-300x200.jpg 300w, https:\/\/13muz.eu\/wp-content\/uploads\/2020\/12\/20191208_RS_ROBS6003-768x512.jpg 768w, https:\/\/13muz.eu\/wp-content\/uploads\/2020\/12\/20191208_RS_ROBS6003-1536x1024.jpg 1536w, https:\/\/13muz.eu\/wp-content\/uploads\/2020\/12\/20191208_RS_ROBS6003-150x100.jpg 150w, https:\/\/13muz.eu\/wp-content\/uploads\/2020\/12\/20191208_RS_ROBS6003-400x267.jpg 400w, https:\/\/13muz.eu\/wp-content\/uploads\/2020\/12\/20191208_RS_ROBS6003.jpg 1920w\" sizes=\"auto, (max-width: 384px) 100vw, 384px\" \/><\/span><\/p>\r\n<p style=\"text-align: justify;\"><span style=\"color: #000000;\">W galerii by\u0142y r\u00f3wnie\u017c pokazywane <a href=\"https:\/\/13muz.eu\/szczecinskie-bohaterki\/\" target=\"_blank\" rel=\"noopener\">Szczeci\u0144skie Bohaterki<\/a> do projektu <a href=\"https:\/\/13muz.eu\/niepodlegla\/\" target=\"_blank\" rel=\"noopener\">Niepodleg\u0142e<\/a>&nbsp;w ramach programu Stulecia Odzyskania Niepodleg\u0142o\u015bci.&nbsp;<\/span><\/p>\r\n<p style=\"text-align: justify;\"><span style=\"color: #000000;\">Przestrze\u0144 galerii towarzyszy i uzupe\u0142nia spotkania w Sali Kominkowej m. in. <a href=\"https:\/\/13muz.eu\/spotkania-z-mistrzem\/\" target=\"_blank\" rel=\"noopener\">Spotkania z Mistrzem<\/a> oraz inne prezentacje czy projekcje filmowe.<\/span><\/p>\r\n<p style=\"text-align: justify;\">Od <a href=\"https:\/\/13muz.eu\/wernisaze\/nggallery\/wernisaze\/galeria-foyer-wernisaz-malarstwa-klas-iii-panstwowego-liceum-sztuk-plastycznych-w-szczecinie\" target=\"_blank\" rel=\"noopener\">kwietnia 2022 r.<\/a> w Galerii Foyer prezentowane s\u0105 wystawy czasowe <a href=\"http:\/\/niedochod.cba.pl\/LP\/index2.php\" target=\"_blank\" rel=\"noopener\">Pa\u0144stwowego Liceum Sztuk Plastycznych<\/a> w Szczecinie.<\/p>\r\n<p style=\"text-align: justify;\"><span style=\"color: #000000;\">W galerii do tej pory mia\u0142y miejsce m.in. nast\u0119puj\u0105ce wernisa\u017ce:<br>&#8211; <a href=\"https:\/\/13muz.eu\/event\/15-04-galeria-foyer-izabela-herbich-miejska-utopia-grafika\/\" target=\"_blank\" rel=\"noopener\">Izabela Herbich &#8211; \u201eMiejska utopia\u201d &#8211; grafika<\/a><br>&#8211; <a href=\"https:\/\/13muz.eu\/event\/11-03-galeria-foyer-plakaty-plus-animacje-offline-plus-online-wystawa-zbiorowa-studentow-i-absolwentow-akademii-sztuki-w-szczecinie\/\" target=\"_blank\" rel=\"noopener\">\u201ePlakaty plus animacje \/ offline plus online\u201d &#8211; wystawa zbiorowa student\u00f3w i absolwent\u00f3w Akademii Sztuki w Szczecinie<\/a><br>&#8211;&nbsp;<\/span><span style=\"color: #000000;\"><a href=\"https:\/\/13muz.eu\/event\/18-02-galeria-foyer-faustna-szachon-nadia-al-zaben-wspomnienia-malarstwo-i-grafika\/\" target=\"_blank\" rel=\"noopener\">Faustna Szacho\u0144, Nadia Al Zaben &#8211; \u201eWspomnienia\u201d &#8211; malarstwo i grafika<\/a><br>&#8211; <a href=\"https:\/\/13muz.eu\/event\/14-01-galeria-foyer-julia-troszczynska-i-julia-bielecka-po-dwoch-stronach-soczewki-grafika-i-malarstwo\/\" target=\"_blank\" rel=\"noopener\">Julia Troszczy\u0144ska i Julia Bielecka &#8211; \u201ePo dw\u00f3ch stronach soczewki\u201d &#8211; grafika i malarstwo<\/a><br><\/span><span style=\"color: #000000;\">&#8211; <a href=\"https:\/\/13muz.eu\/event\/10-12-galeria-foyer-nie-zle-pomiedzy-dwoma-swiatami-sacrum-i-profanum-w-malarstwie-zachodniopomorskie-stowarzyszenie-tworcow-kultury-w-szczecinie\/\" target=\"_blank\" rel=\"noopener\">NIE &#8211; \u0179LE. Pomi\u0119dzy dwoma \u015bwiatami: sacrum i profanum w malarstwie &#8211; Zachodniopomorskie Stowarzyszenie Tw\u00f3rc\u00f3w Kultury w Szczecinie<\/a><br>&#8211; <a href=\"https:\/\/13muz.eu\/event\/05-11-galeria-foyer-andrzej-buko-moja-tworczosc-ebru\/\" target=\"_blank\" rel=\"noopener\">Andrzej Buko &#8211; \u201eMoja tw\u00f3rczo\u015b\u0107\u201d &#8211; ebru<\/a><br>&#8211; &nbsp;<a href=\"https:\/\/13muz.eu\/event\/15-10-galeria-foyer-drugi-przeglad-pracowni\/\" target=\"_blank\" rel=\"noopener\">Drugi Przegl\u0105d Pracowni<\/a><br>&#8211; <a href=\"https:\/\/13muz.eu\/event\/17-09-galeria-foyer-grzegorz-pietkiewicz-malarstwo\/\" target=\"_blank\" rel=\"noopener\">Grzegorz Pietkiewicz \u2013 malarstwo<\/a><br>&#8211; <a href=\"https:\/\/13muz.eu\/event\/11-06-galeria-foyer-sztuka-niedoskonalosci-a-chmiel-m-grzywa-a-falkiewicz-malarstwo\/\" target=\"_blank\" rel=\"noopener\">\u201eSztuka Niedoskona\u0142o\u015bci\u201d &#8211; A. Chmiel, M. Grzywa, A. Falkiewicz &#8211; malarstwo<\/a>&nbsp;<br><\/span><span style=\"color: #000000;\">&#8211; <a href=\"https:\/\/13muz.eu\/event\/21-05-galeria-foyer-formy-narracji-wystawa-studentow-i-absolwentow-akademii-sztuki-w-szczecinie\/\" target=\"_blank\" rel=\"noopener\">\u201eFormy Narracji\u201d &#8211; wystawa student\u00f3w i absolwent\u00f3w Akademii Sztuki w Szczecinie<\/a><br>&#8211; <a href=\"https:\/\/13muz.eu\/event\/16-04-galeria-foyer-basia-tylewska-odczuwanie-zycia-malarstwo\/\" target=\"_blank\" rel=\"noopener\">Basia Tylewska &#8211; \u201eOdczuwanie \u017cycia\u201d &#8211; malarstwo<\/a>&nbsp;<br>&#8211; <a href=\"https:\/\/13muz.eu\/event\/12-03-galeria-foyer-tomasz-rzeszutek-z-pamieci-i-wyobrazni\/\" target=\"_blank\" rel=\"noopener\">Tomasz Rzeszutek &#8211; \u201eZ pami\u0119ci i wyobra\u017ani\u201d<\/a><br><\/span><span style=\"color: #000000;\">&#8211; <\/span><a href=\"https:\/\/13muz.eu\/event\/19-02-galeria-foyer-dorota-wysocka-rzeszutek-nakarmic-serce\/\" target=\"_blank\" rel=\"noopener\">Dorota Wysocka-Rzeszutek &#8211; \u201eNakarmi\u0107 serce\u201d<\/a><br><span style=\"color: #000000;\">&#8211; <a href=\"https:\/\/13muz.eu\/event\/15-01-galeria-foyer-danuta-julika-matuszak-rozne-swiaty-malarstwo\/\" target=\"_blank\" rel=\"noopener\">Danuta Julika Matuszak &#8211; \u201eR\u00f3\u017cne \u015bwiaty\u201d &#8211; malarstwo<\/a><br>&#8211; <a href=\"https:\/\/13muz.eu\/event\/11-12-galeria-foyer-izabela-wolska-osobna-opowiesc-malarstwo\/\" target=\"_blank\" rel=\"noopener\">Izabela Wolska &#8211; Osobna opowie\u015b\u0107 &#8211; malarstwo<\/a><br>&#8211; <a href=\"https:\/\/13muz.eu\/event\/20-11-galeria-foyer-tworza-swiat-jeszcze-piekniejszy\/\" target=\"_blank\" rel=\"noopener\">Tworz\u0105 \u015bwiat jeszcze pi\u0119kniejszy<\/a><br>&#8211; <a href=\"https:\/\/13muz.eu\/event\/16-10-galeria-foyer-3xp-pierwszy-przeglad-pracowni\/\" target=\"_blank\" rel=\"noopener\">3xP &#8211; Pierwszy Przegl\u0105d Pracowni<\/a>&nbsp;<br>&#8211; <a href=\"https:\/\/13muz.eu\/event\/18-09-galeria-foyer-linoryt-barwny-wystawa-grafiki-uczniow-plsp-w-szczecinie\/\" target=\"_blank\" rel=\"noopener\">Linoryt barwny &#8211; wystawa grafiki uczni\u00f3w PLSP w Szczecinie<\/a><br>&#8211; <a href=\"https:\/\/13muz.eu\/event\/19-06-galeria-foyer-julia-kadziolka-obserwacja\/\" target=\"_blank\" rel=\"noopener\">Julia K\u0105dzio\u0142ka &#8211; \u201eObserwacja\u201d<\/a><br>&#8211; <a href=\"https:\/\/13muz.eu\/event\/22-05-2024-sroda-g-1700-galeria-foyer-natalia-hajkowska-kontemplacje-wystawa-malarstwa-i-grafiki-cyfrowej\/\" target=\"_blank\" rel=\"noopener\">Natalia Hajkowska &#8211; \u201eKontemplacje\u201d &#8211; wystawa malarstwa i grafiki cyfrowej<\/a> <br>&#8211; <a href=\"https:\/\/13muz.eu\/event\/15-18-05-galeria-foyer-nadodrzanskie-klimaty-widuchowa-wystawa-zbiorowa\/\" target=\"_blank\" rel=\"noopener\">\u201eNadodrza\u0144skie Klimaty\u201d (Widuchowa) &#8211; wystawa zbiorowa<\/a><br>&#8211; <a href=\"https:\/\/13muz.eu\/event\/piotr-lewandowski-ilustracje-i-rysunki\/\" target=\"_blank\" rel=\"noopener\">Piotr Lewandowski &#8211; ilustracje i rysunki<\/a><br>&#8211; <a href=\"https:\/\/13muz.eu\/wydarzenie\/13-03-galeria-foyer-flora-marteniak-w-pogoni-za-swiatlem-malarstwo\/?instance_id=2268\" target=\"_blank\" rel=\"noopener\">Flora Marteniak &#8211; \u201eW Pogoni za \u015awiat\u0142em\u201d &#8211; malarstwo<\/a><br>&#8211; <a href=\"https:\/\/13muz.eu\/wydarzenie\/14-02-galeria-foyer-elzbieta-sniezewska-pokolenia-malarstwo\/?instance_id=2251\" target=\"_blank\" rel=\"noopener\">El\u017cbieta \u015anie\u017cewska &#8211; \u201ePokolenia\u201d &#8211; malarstwo<\/a><br>&#8211; <a href=\"https:\/\/13muz.eu\/wydarzenie\/10-01-galeria-foyer-malgorzata-kryczka-multiperspektywa-malarstwo\/?instance_id=2223\" target=\"_blank\" rel=\"noopener\">Ma\u0142gorzata Kryczka &#8211; \u201eMultiperspektywa\u201d &#8211; malarstwo<\/a><br>&#8211; <a href=\"https:\/\/13muz.eu\/wydarzenie\/13-12-galeria-foyer-mosty-sztuki-wystawa-poplenerowa\/?instance_id=2209\" target=\"_blank\" rel=\"noopener\">\u201eMosty Sztuki\u201d &#8211; wystawa poplenerowa<\/a><br><\/span>&#8211;&nbsp;<a href=\"https:\/\/13muz.eu\/wydarzenie\/15-11-galeria-foyer-kornelia-orszulak-transcendencja-wystawa-malarstwa-uczennicy-panstwowego-liceum-sztuk-plastycznych-w-szczecinie\/?instance_id=2188\" target=\"_blank\" rel=\"noopener\">Kornelia Orszulak: \u201eTranscendenc-JA\u201d &#8211; wystawa malarstwa uczennicy Pa\u0144stwowego Liceum Sztuk Plastycznych w Szczecinie<\/a><br>&#8211;&nbsp;<a href=\"https:\/\/13muz.eu\/wydarzenie\/18-10-zatuszowac-rzeczywistosc-zbiorowa-wystawa-malarstwa\/?instance_id=2170\" target=\"_blank\" rel=\"noopener\">\u201eZatuszowa\u0107 rzeczywisto\u015b\u0107\u201d &#8211; zbiorowa wystawa malarstwa<\/a> <br>&#8211; <a href=\"https:\/\/13muz.eu\/wydarzenie\/20-09-galeria-foyer-agata-pelechaty-13-w-13-wystawa-plakatow\/?instance_id=2132\" target=\"_blank\" rel=\"noopener\">Agata Pe\u0142echaty: \u201e13 w 13&#8243; &#8211; wystawa plakat\u00f3w<\/a><br>&#8211; <a href=\"https:\/\/13muz.eu\/wydarzenie\/21-06-galeria-foyer-jolanta-artiuch-za-gierka-bylo-lepiej-wystawa-rysunkow-uczennicy-panstwowego-liceum-sztuk-plastycznych-w-szczecinie\/?instance_id=2099\" target=\"_blank\" rel=\"noopener\">Jolanta Artiuch: \u201eZa Gierka by\u0142o lepiej\u201d &#8211; wystawa rysunk\u00f3w uczennicy Pa\u0144stwowego Liceum Sztuk Plastycznych w Szczecinie<\/a><br>&#8211; <a href=\"https:\/\/13muz.eu\/wydarzenie\/17-05-galeria-foyer-oskar-ferschke-berlin-spotkania-wystawa-malarstwa\/?instance_id=2074\" target=\"_blank\" rel=\"noopener\">Oskar Ferschke (Berlin) &#8211; \u201eSpotkania\u201d &#8211; wystawa malarstwa<\/a><br>&#8211; <a href=\"https:\/\/13muz.eu\/wydarzenie\/12-04-galeria-foyer-oliwia-zborowska-praca-dyplomowa-wystawa-malarstwa-uczennicy-plsp\/?instance_id=2045\" target=\"_blank\" rel=\"noopener\">Oliwia Zborowska &#8211; praca dyplomowa &#8211; wystawa malarstwa uczennicy Pa\u0144stwowego Liceum Sztuk Plastycznych w Szczecinie<\/a><br>&#8211; <a href=\"https:\/\/13muz.eu\/wydarzenie\/15-03-galeria-foyer-waldemar-jarosz-geby-malarstwo\/?instance_id=2025\" target=\"_blank\" rel=\"noopener\">Waldemar Jarosz &#8211; G\u0119by &#8211; malarstwo<\/a><br>&#8211; <a href=\"https:\/\/13muz.eu\/wydarzenie\/08-02-galeria-foyer-barbara-chelstowska-przechodnie-wystawa-prac-uczennicy-panstwowego-liceum-sztuk-plastycznych-w-szczecinie\/?instance_id=1999\" target=\"_blank\" rel=\"noopener\">Barbara Che\u0142stowska &nbsp;&#8211; \u201ePrzechodnie\u201d &#8211; wystawa prac uczennicy Pa\u0144stwowego Liceum Sztuk Plastycznych w Szczecinie<\/a><br>&#8211; <a href=\"https:\/\/13muz.eu\/wydarzenie\/18-01-galeria-foyer-katarzyna-zwolak-szkice-intuicyjne\/?instance_id=1976\" target=\"_blank\" rel=\"noopener\">Katarzyna Zwolak &#8211; \u201eSzkice intuicyjne\u201d<\/a><br>&#8211; <a href=\"https:\/\/13muz.eu\/wydarzenie\/07-12-galeria-foyer-nad-portem-noc-reportaze-z-nocnego-szczecina-r-stachnik-i-k-swierczynska\/?instance_id=1960\" target=\"_blank\" rel=\"noopener\">\u201eNad portem noc\u201d &#8211; reporta\u017ce z nocnego Szczecina &#8211; Robert Stachnik i Katarzyna \u015awierczy\u0144ska<\/a><br>&#8211; <a href=\"https:\/\/13muz.eu\/wydarzenie\/16-11-galeria-foyer-ludmila-sabadini-archipelag-gwiazd\/?instance_id=1952\" target=\"_blank\" rel=\"noopener\">Ludmi\u0142a Sabadini &#8211; \u201eArchipelag gwiazd\u201d<\/a><br><span style=\"color: #808080;\"><span style=\"color: #000000;\">&#8211; <\/span><\/span><a href=\"https:\/\/13muz.eu\/wydarzenie\/19-10-galeria-foyer-laura-zabkiewicz-plener-rysunek-i-malarstwo-wystawa-uczennicy-plsp-w-szczecinie\/?instance_id=1928\" target=\"_blank\" rel=\"noopener\">Laura \u017babkiewicz &#8211; \u201ePlener\u201d &#8211; rysunek i malarstwo &#8211; wystawa uczennicy Pa\u0144stwowego Liceum Sztuk Plastycznych w Szczecinie<\/a><br><span style=\"color: #808080;\"><span style=\"color: #000000;\">&#8211; <\/span><\/span><a href=\"https:\/\/13muz.eu\/wydarzenie\/14-09-galeria-foyer-natalia-hajkowska-letnie-impresje-wystawa-malarstwa-uczennicy-panstwowego-liceum-sztuk-plastycznych-w-szczecinie\/?instance_id=1911\" target=\"_blank\" rel=\"noopener\">Natalia Hajkowska &#8211; \u201eLetnie impresje\u201d &#8211; wystawa malarstwa uczennicy Pa\u0144stwowego Liceum Sztuk Plastycznych w Szczecinie<\/a><br><span style=\"color: #808080;\"><span style=\"color: #000000;\">&#8211; <\/span><\/span><a href=\"https:\/\/13muz.eu\/wydarzenie\/02-08-spektakl-filary-stworzenia-grupy-teatralnej-8rak-oraz-wystawa-prac-magdaleny-seredynskiej\/?instance_id=1896\" target=\"_blank\" rel=\"noopener\">Filary stworzenia &#8211; wystawa prac Magdaleny Seredy\u0144skiej<\/a><br><span style=\"color: #808080;\"><span style=\"color: #000000;\">&#8211; <a href=\"https:\/\/13muz.eu\/wydarzenie\/22-06-galeria-foyer-historia-kobiet\/\" target=\"_blank\" rel=\"noopener\">Historia kobiet<\/a><br><\/span><\/span>&#8211; <a href=\"https:\/\/13muz.eu\/wydarzenie\/galeria-foyer-linoryt-wystawa-uczniow-panstwowego-liceum-sztuk-plastycznych-w-szczecinie\/\" target=\"_blank\" rel=\"noopener\">Linoryt &#8211; wystawa uczni\u00f3w Pa\u0144stwowego Liceum Sztuk Plastycznych w Szczecinie<\/a><br>&#8211; <a href=\"https:\/\/13muz.eu\/wydarzenie\/galeria-foyer-malarstwo-uczniow-klas-iii-panstwowego-liceum-sztuk-plastycznych-w-szczecinie-wernisaz\/\" target=\"_blank\" rel=\"noopener\">Malarstwo uczni\u00f3w klas III Pa\u0144stwowego Liceum Sztuk Plastycznych w Szczecinie<\/a><br><span style=\"color: #808080;\"><span style=\"color: #000000;\">&#8211; <a href=\"https:\/\/13muz.eu\/wydarzenie\/10-12-caly-ten-jazz-wystawa-fotografii-z-koncertow-jazzowych-andrzeja-wisniewskiego\/\" target=\"_blank\" rel=\"noopener\">Ca\u0142y ten jazz &#8211; wystawa fotografii z koncert\u00f3w jazzowych Andrzeja Wi\u015bniewskiego<\/a><\/span><\/span><br><span style=\"color: #808080;\"><span style=\"color: #000000;\">&#8211; <a href=\"https:\/\/13muz.eu\/wydarzenie\/20-01-galeria-foyer-walery-siejtbatalow-wystawa-malarstwa\/\" target=\"_blank\" rel=\"noopener\">Walery Siejtbata\u0142ow &#8211; malarstwo<\/a><br><\/span><\/span>&#8211; <a href=\"https:\/\/13muz.eu\/wydarzenie\/18-03-galeria-foyer-ja-w-miescie-miasto-we-mnie\/\" target=\"_blank\" rel=\"noopener\">Ja w mie\u015bcie, miasto we mnie<\/a><br>&#8211; <a href=\"https:\/\/13muz.eu\/wydarzenie\/14-09-wernisaz-wystawa-malarstwa-krzysztofa-krzywinskiego\/?instance_id=1323\" target=\"_blank\" rel=\"noopener\">Wystawa malarstwa Krzysztofa Krzywi\u0144skiego<\/a><br>&#8211; <a href=\"https:\/\/13muz.eu\/wydarzenie\/a-21-international-art-exhibition\/\" target=\"_blank\" rel=\"noopener\">A-21 International ArtExhibition<\/a><br>&#8211; <a href=\"https:\/\/13muz.eu\/wydarzenie\/wernisaz-wystawy-pionierskie-lata-szczecina-1945-1948\/\" target=\"_blank\" rel=\"noopener\">Pionierskie lata Szczecina (1945-1948)<\/a><br>&#8211; <a href=\"https:\/\/13muz.eu\/wernisaze\/nggallery\/wernisaze\/Wernisa%C5%BC-wystawy-Symbol\" target=\"_blank\" rel=\"noopener\">Symbol<\/a><br><span style=\"color: #000000;\">oraz wystawy online, m.in. <a href=\"https:\/\/13muz.eu\/wydarzenie\/18-11-bojazn-anxiety-wystawa-malarstwa-pawla-kleszczewskiego\" target=\"_blank\" rel=\"noopener\">Boja\u017a\u0144\/Anxiety &#8211; wystawa malarstwa Paw\u0142a Kleszczewskiego<\/a>. <\/span><\/p>\r\n\r\n<p>&nbsp;<\/p>\r\n","protected":false},"excerpt":{"rendered":"<p>Galeria Foyer znajduje si\u0119 na pierwszym pi\u0119trze,&nbsp; przed najbardziej reprezentatywn\u0105 neorenesansow\u0105 Sal\u0105 Kominkow\u0105 w Pa\u0142acu pod G\u0142owami, siedziby Domu Kultury \u201e13 Muz\u201d. Maj\u0105 w niej miejsce r\u00f3\u017cnego rodzaju ekspozycje i realizacje artystyczne m.in. prezentacje malarskie, graficzne, fotograficzne, multimedialne, performatywne, o charakterze lokalnym, regionalnym i mi\u0119dzynarodowym. W galerii go\u015bcili\u015bmy m.in. artyst\u00f3w z W\u0142och, Skandynawii, Niemiec, Azji. Pokazywali\u015bmy prace profesor\u00f3w i student\u00f3w Akademii Sztuki oraz nauczycieli i uczni\u00f3w Liceum Plastycznego w Szczecinie. W ramach Dni Skandynawskich oraz Dni Wsp\u00f3\u0142pracy Polsko-Niemieckiej galeria prezentowa\u0142a historyczne postaci m.in. Marsza\u0142ka Carla Gustafa Mannerheima, ilustracje do bajek H. Ch. Andersena przy wsp\u00f3\u0142pracy z Du\u0144skim Instytutem Kultury czy [&hellip;]<\/p>\n","protected":false},"author":1,"featured_media":0,"parent":0,"menu_order":0,"comment_status":"closed","ping_status":"closed","template":"","meta":{"ngg_post_thumbnail":0,"_price":"","_stock":"","_tribe_ticket_header":"","_tribe_default_ticket_provider":"","_ticket_start_date":"","_ticket_end_date":"","_tribe_ticket_show_description":"","_tribe_ticket_show_not_going":false,"_tribe_ticket_use_global_stock":"","_tribe_ticket_global_stock_level":"","_global_stock_mode":"","_global_stock_cap":"","_tribe_rsvp_for_event":"","_tribe_ticket_going_count":"","_tribe_ticket_not_going_count":"","_tribe_tickets_list":"[]","_tribe_ticket_has_attendee_info_fields":false,"footnotes":"","_tec_slr_enabled":"","_tec_slr_layout":""},"class_list":["post-91","page","type-page","status-publish","hentry"],"ticketed":false,"post_mailing_queue_ids":[],"_links":{"self":[{"href":"https:\/\/13muz.eu\/en\/wp-json\/wp\/v2\/pages\/91","targetHints":{"allow":["GET"]}}],"collection":[{"href":"https:\/\/13muz.eu\/en\/wp-json\/wp\/v2\/pages"}],"about":[{"href":"https:\/\/13muz.eu\/en\/wp-json\/wp\/v2\/types\/page"}],"author":[{"embeddable":true,"href":"https:\/\/13muz.eu\/en\/wp-json\/wp\/v2\/users\/1"}],"replies":[{"embeddable":true,"href":"https:\/\/13muz.eu\/en\/wp-json\/wp\/v2\/comments?post=91"}],"version-history":[{"count":3,"href":"https:\/\/13muz.eu\/en\/wp-json\/wp\/v2\/pages\/91\/revisions"}],"predecessor-version":[{"id":74101,"href":"https:\/\/13muz.eu\/en\/wp-json\/wp\/v2\/pages\/91\/revisions\/74101"}],"wp:attachment":[{"href":"https:\/\/13muz.eu\/en\/wp-json\/wp\/v2\/media?parent=91"}],"curies":[{"name":"wp","href":"https:\/\/api.w.org\/{rel}","templated":true}]}}