{"id":88,"date":"2017-12-07T11:11:07","date_gmt":"2017-12-07T11:11:07","guid":{"rendered":"http:\/\/test.13muz.eu\/?page_id=88"},"modified":"2022-07-29T10:50:13","modified_gmt":"2022-07-29T08:50:13","slug":"galeria-jedna-druga-dzialala-do-31-05-2022","status":"publish","type":"page","link":"https:\/\/13muz.eu\/en\/galeria-jedna-druga-dzialala-do-31-05-2022\/","title":{"rendered":"GALERIA JEDNA\/DRUGA &#8211; dzia\u0142a\u0142a do 31.05.2022"},"content":{"rendered":"<p style=\"text-align: justify;\"><img loading=\"lazy\" decoding=\"async\" class=\" wp-image-15123 alignleft\" src=\"https:\/\/13muz.eu\/wp-content\/uploads\/2018\/06\/galeriajedna_druga_logo.jpg\" alt=\"\" width=\"205\" height=\"187\" srcset=\"https:\/\/13muz.eu\/wp-content\/uploads\/2018\/06\/galeriajedna_druga_logo.jpg 650w, https:\/\/13muz.eu\/wp-content\/uploads\/2018\/06\/galeriajedna_druga_logo-300x273.jpg 300w, https:\/\/13muz.eu\/wp-content\/uploads\/2018\/06\/galeriajedna_druga_logo-400x364.jpg 400w\" sizes=\"auto, (max-width: 205px) 100vw, 205px\" \/>W kwietniu 2017 r. swoj\u0105 dzia\u0142alno\u015b\u0107 rozpocz\u0119\u0142a&nbsp;&nbsp;<strong>galeria JEDNA\/DRUGA<\/strong> zlokalizowana na parterze&nbsp; Domu Kultury \u201e13 Muz\u201d przy. pl. \u017bo\u0142nierza Polskiego 2 w Szczecinie.&nbsp; By\u0142a to inicjatywa <strong>Moniki Szpener<\/strong>, kt\u00f3ra realizowa\u0142a kuratorski projekt wystawienniczy przy wsparciu DK \u201e13 Muz\u201d i Fundacji \u201eReakcja Sztuki\u201d.<\/p>\n<div>\n<div style=\"text-align: justify;\">Galeria sk\u0142ada\u0142a si\u0119 z dw\u00f3ch pomieszcze\u0144, w kt\u00f3rych prezentowane by\u0142y prace niezale\u017cnych artyst\u00f3w dobranych na zasadzie konfrontacyjnej. Na pierwszej&nbsp; wystawie o tytule <strong>\u201e1917\u201d<\/strong>&nbsp;inauguruj\u0105cej dzia\u0142alno\u015b\u0107 galerii prace pokazali prof.&nbsp;<strong>Kamil Kuskowski<\/strong>, artysta sztuk wizualnych, dziekan Wydzia\u0142u Malarstwa i Nowych Medi\u00f3w Akademii Sztuki w Szczecinie oraz&nbsp;<strong>Ul Pazniak<\/strong>&nbsp; absolwent Wydzia\u0142u Malarstwa i Nowych Medi\u00f3w,&nbsp; obecnie asystent w Pracowni Fotografii i Strategii Artystycznych na tym samym Wydziale.<\/div>\n<\/div>\n<div>&nbsp;<\/div>\n<div>Galeria dzia\u0142a\u0142a do 31.05.2022 r. Ostatni\u0105 prezentowan\u0105 w galerii wystaw\u0105 by\u0142a <a href=\"https:\/\/13muz.eu\/wydarzenie\/06-04-galeria-jedna-druga-lukasz-surowiec-moje-plany-nie-maja-juz-znaczenia\/\" target=\"_blank\" rel=\"noopener\">Moje plany nie maj\u0105 ju\u017c znaczenia<\/a> <span style=\"font-size: revert; color: initial;\">\u0141ukasza Surowca.<\/span><\/div>\n<div>&nbsp;<\/div>\n<div><a href=\"https:\/\/13muz.eu\/wp-content\/uploads\/2022\/07\/GALERIA-JEDNA-DRUGA-2017-2020.pdf\" target=\"_blank\" rel=\"noopener\">Publikacja<\/a> dokumentuj\u0105ca dzia\u0142alno\u015b\u0107 galerii.<\/div>\n<div>\n<div style=\"text-align: justify;\">&nbsp;<\/div>\n<div>W zwi\u0105zku z pandemi\u0105, a tym samym zamkni\u0119ciem plac\u00f3wek kultury, w galerii prezentowane by\u0142y tak\u017ce wystawy wirtualne. Jedn\u0105 z takich wystaw by\u0142a <a href=\"https:\/\/13muz.eu\/wydarzenie\/galerii-jedna-druga-wernisaz-wystawy-dust-settles-soaps-slip\/\" target=\"_blank\" rel=\"noopener\">Dust settles, soaps slip<\/a>.<\/div>\n<\/div>\n<p><script src=\"https:\/\/static.kuula.io\/embed.js\" data-kuula=\"https:\/\/kuula.co\/share\/collection\/7lnWX?fs=1&amp;vr=1&amp;initload=0&amp;autorotate=0.08&amp;thumbs=1&amp;hideinst=1&amp;chromeless=1&amp;logo=-1\" data-width=\"100%\" data-height=\"640px\"><\/script><\/p>\n\n\n<p><\/p>\n","protected":false},"excerpt":{"rendered":"<p>W kwietniu 2017 r. swoj\u0105 dzia\u0142alno\u015b\u0107 rozpocz\u0119\u0142a&nbsp;&nbsp;galeria JEDNA\/DRUGA zlokalizowana na parterze&nbsp; Domu Kultury \u201e13 Muz\u201d przy. pl. \u017bo\u0142nierza Polskiego 2 w Szczecinie.&nbsp; By\u0142a to inicjatywa Moniki Szpener, kt\u00f3ra realizowa\u0142a kuratorski projekt wystawienniczy przy wsparciu DK \u201e13 Muz\u201d i Fundacji \u201eReakcja Sztuki\u201d. Galeria sk\u0142ada\u0142a si\u0119 z dw\u00f3ch pomieszcze\u0144, w kt\u00f3rych prezentowane by\u0142y prace niezale\u017cnych artyst\u00f3w dobranych na zasadzie konfrontacyjnej. Na pierwszej&nbsp; wystawie o tytule \u201e1917\u201d&nbsp;inauguruj\u0105cej dzia\u0142alno\u015b\u0107 galerii prace pokazali prof.&nbsp;Kamil Kuskowski, artysta sztuk wizualnych, dziekan Wydzia\u0142u Malarstwa i Nowych Medi\u00f3w Akademii Sztuki w Szczecinie oraz&nbsp;Ul Pazniak&nbsp; absolwent Wydzia\u0142u Malarstwa i Nowych Medi\u00f3w,&nbsp; obecnie asystent w Pracowni Fotografii i Strategii Artystycznych na [&hellip;]<\/p>\n","protected":false},"author":1,"featured_media":0,"parent":0,"menu_order":0,"comment_status":"closed","ping_status":"closed","template":"","meta":{"ngg_post_thumbnail":0,"_price":"","_stock":"","_tribe_ticket_header":"","_tribe_default_ticket_provider":"","_ticket_start_date":"","_ticket_end_date":"","_tribe_ticket_show_description":"","_tribe_ticket_show_not_going":false,"_tribe_ticket_use_global_stock":"","_tribe_ticket_global_stock_level":"","_global_stock_mode":"","_global_stock_cap":"","_tribe_rsvp_for_event":"","_tribe_ticket_going_count":"","_tribe_ticket_not_going_count":"","_tribe_tickets_list":"[]","_tribe_ticket_has_attendee_info_fields":false,"footnotes":"","_tec_slr_enabled":"","_tec_slr_layout":""},"class_list":["post-88","page","type-page","status-publish","hentry"],"ticketed":false,"post_mailing_queue_ids":[],"_links":{"self":[{"href":"https:\/\/13muz.eu\/en\/wp-json\/wp\/v2\/pages\/88","targetHints":{"allow":["GET"]}}],"collection":[{"href":"https:\/\/13muz.eu\/en\/wp-json\/wp\/v2\/pages"}],"about":[{"href":"https:\/\/13muz.eu\/en\/wp-json\/wp\/v2\/types\/page"}],"author":[{"embeddable":true,"href":"https:\/\/13muz.eu\/en\/wp-json\/wp\/v2\/users\/1"}],"replies":[{"embeddable":true,"href":"https:\/\/13muz.eu\/en\/wp-json\/wp\/v2\/comments?post=88"}],"version-history":[{"count":0,"href":"https:\/\/13muz.eu\/en\/wp-json\/wp\/v2\/pages\/88\/revisions"}],"wp:attachment":[{"href":"https:\/\/13muz.eu\/en\/wp-json\/wp\/v2\/media?parent=88"}],"curies":[{"name":"wp","href":"https:\/\/api.w.org\/{rel}","templated":true}]}}