{"id":86,"date":"2017-12-07T11:10:53","date_gmt":"2017-12-07T11:10:53","guid":{"rendered":"http:\/\/test.13muz.eu\/?page_id=86"},"modified":"2025-07-24T12:11:54","modified_gmt":"2025-07-24T10:11:54","slug":"galeria-tworze-sie","status":"publish","type":"page","link":"https:\/\/13muz.eu\/en\/galeria-tworze-sie\/","title":{"rendered":"Galeria TWORZ\u0118 SI\u0118!"},"content":{"rendered":"<h3 style=\"text-align: justify;\"><strong><img loading=\"lazy\" decoding=\"async\" class=\"alignright wp-image-13804\" src=\"http:\/\/test.13muz.eu\/wp-content\/uploads\/2018\/05\/08Malowany-Plac-Zabaw-4-1024x682.jpg\" alt=\"\" width=\"322\" height=\"215\" srcset=\"https:\/\/13muz.eu\/wp-content\/uploads\/2018\/05\/08Malowany-Plac-Zabaw-4-1024x682.jpg 1024w, https:\/\/13muz.eu\/wp-content\/uploads\/2018\/05\/08Malowany-Plac-Zabaw-4-300x200.jpg 300w, https:\/\/13muz.eu\/wp-content\/uploads\/2018\/05\/08Malowany-Plac-Zabaw-4-768x512.jpg 768w, https:\/\/13muz.eu\/wp-content\/uploads\/2018\/05\/08Malowany-Plac-Zabaw-4-150x100.jpg 150w, https:\/\/13muz.eu\/wp-content\/uploads\/2018\/05\/08Malowany-Plac-Zabaw-4-400x267.jpg 400w, https:\/\/13muz.eu\/wp-content\/uploads\/2018\/05\/08Malowany-Plac-Zabaw-4.jpg 1772w\" sizes=\"auto, (max-width: 322px) 100vw, 322px\" \/>Galeria TWORZ\u0118 SI\u0118!<\/strong><\/h3>\n<p style=\"text-align: justify;\">TWORZ\u0118 SI\u0118 to galeria sztuki dla dzieci i m\u0142odzie\u017cy realizuj\u0105ca autorski program edukacji artystycznej, opracowany przez Fundacj\u0119 Las Sztuki.&nbsp;Celem miejsca jest pobudzanie tw\u00f3rczego rozwoju m\u0142odych mieszka\u0144c\u00f3w Szczecina oraz kszta\u0142towanie \u015bwiadomych i wra\u017cliwych uczestnik\u00f3w \u017cycia spo\u0142ecznego. Tw\u00f3rcom zale\u017ca\u0142o na powstaniu miejsca intryguj\u0105cego i przyjaznego dzieciom wszystkich \u015brodowisk, w kt\u00f3rym mo\u017cna tworzy\u0107 i wypowiada\u0107 si\u0119 bez ogranicze\u0144.<\/p>\n<p style=\"text-align: justify;\">Przestrze\u0144 galerii podzielona jest na dwie cz\u0119\u015bci:<\/p>\n<p style=\"text-align: justify;\">&#8211; edukacyjn\u0105, w kt\u00f3rej odbywaj\u0105 si\u0119 warsztaty, pokazy film\u00f3w, wyk\u0142ady i spotkania<\/p>\n<p style=\"text-align: justify;\">&#8211; wystawiennicz\u0105, w kt\u00f3rej prezentowane s\u0105 wystawy tworzone dla dzieci ale r\u00f3wnie\u017c przez dzieci, a tak\u017ce efekty dzia\u0142a\u0144 tw\u00f3rczych.<\/p>\n<p style=\"text-align: justify;\">Aktualna wystawa w TWORZ\u0118 SI\u0118: <strong><a href=\"https:\/\/13muz.eu\/event\/29-06-galeria-tworze-sie-rezerwat-totalny\/\" target=\"_blank\" rel=\"noopener\">\u201eRezerwat Totalny &#8211; ukryta wyspa Robiena\u201d<\/a><\/strong>.<\/p>\n<div id=\"attachment_13805\" style=\"width: 421px\"  class=\"wp-caption alignleft\"><img loading=\"lazy\" decoding=\"async\" class=\" wp-image-13805\" src=\"http:\/\/test.13muz.eu\/wp-content\/uploads\/2018\/05\/20180408_RS_ROBS5294-1024x683.jpg\" alt=\"\" width=\"411\" height=\"274\" srcset=\"https:\/\/13muz.eu\/wp-content\/uploads\/2018\/05\/20180408_RS_ROBS5294-1024x683.jpg 1024w, https:\/\/13muz.eu\/wp-content\/uploads\/2018\/05\/20180408_RS_ROBS5294-300x200.jpg 300w, https:\/\/13muz.eu\/wp-content\/uploads\/2018\/05\/20180408_RS_ROBS5294-768x512.jpg 768w, https:\/\/13muz.eu\/wp-content\/uploads\/2018\/05\/20180408_RS_ROBS5294-150x100.jpg 150w, https:\/\/13muz.eu\/wp-content\/uploads\/2018\/05\/20180408_RS_ROBS5294-400x267.jpg 400w, https:\/\/13muz.eu\/wp-content\/uploads\/2018\/05\/20180408_RS_ROBS5294.jpg 1920w\" sizes=\"auto, (max-width: 411px) 100vw, 411px\" \/><p class=\"wp-caption-text\"><em>&nbsp;<\/em><\/p><\/div>\n<p style=\"text-align: justify;\">Miejsce sztuki dla dzieci i m\u0142odzie\u017cy powsta\u0142o 1 czerwca 2014 roku. TWORZ\u0118 SI\u0118 jest owocem wsp\u00f3\u0142pracy Domu Kultury \u201e13 Muz\u201d oraz Fundacji Las Sztuki. Jest to kontynuacja, a tak\u017ce rozw\u00f3j dzia\u0142a\u0144 realizowanych w 2013 r. w ramach kampanii spo\u0142eczno-artystycznej \u201ePrzepraszam! Tworz\u0119 si\u0119\u201d.&nbsp;Tw\u00f3rcy inicjuj\u0105 kreatywne dzia\u0142ania dla dzieci i m\u0142odzie\u017cy oraz promuj\u0105 nowoczesn\u0105 edukacj\u0119 kulturaln\u0105. Stawiaj\u0105 na niekonwencjonalne podej\u015bcie i nauk\u0119 pozaformaln\u0105: nowe media, interaktywne instalacje, obiekty, dzia\u0142ania \u0142\u0105cz\u0105ce r\u00f3\u017cne dziedziny sztuki, akcje w przestrzeni miejskiej, produkcja wydarze\u0144 artystycznych dla najm\u0142odszych&nbsp;i mo\u017cliwo\u015b\u0107 prezentacji swoich prac w prawdziwej galerii. Organizatorzy zamierzaj\u0105 gromadzi\u0107 prace dzieci, aby utworzy\u0107 w przysz\u0142o\u015bci Dzieci\u0119c\u0105 Kolekcj\u0119 Sztuki. Planuj\u0105 r\u00f3wnie\u017c prezentowa\u0107 i udost\u0119pnia\u0107 ciekawe wydawnictwa dla dzieci i m\u0142odzie\u017cy oraz organizowa\u0107 konkursy plastyczne.<\/p>\n<p>Kuratork\u0105 galerii jest <a href=\"https:\/\/13muz.eu\/rezydenci-paulina-ratajczak\/\" target=\"_blank\" rel=\"noopener\">Paulina Ratajczak<\/a>.<\/p>\n<p style=\"text-align: justify;\"><strong>Zobacz wi\u0119cej na:&nbsp;<a href=\"http:\/\/www.tworzesie.pl\/\" target=\"_blank\" rel=\"noopener noreferrer\">www.tworzesie.pl<\/a><\/strong><\/p>\n<p>W galerii do tej pory mia\u0142y miejsce m.in. nast\u0119puj\u0105ce wernisa\u017ce, akcje i inne wydarzenia:<br \/>\n&#8211; <a href=\"https:\/\/13muz.eu\/event\/29-06-galeria-tworze-sie-rezerwat-totalny\/\" target=\"_blank\" rel=\"noopener\">\u201eRezerwat Totalny &#8211; ukryta wyspa Robiena\u201d<\/a><br \/>\n&#8211; <a href=\"https:\/\/13muz.eu\/01-10-galeria-tworze-sie-miasto-dla-dzieci\/\" target=\"_blank\" rel=\"noopener\">\u201eMiasto (dla) Dzieci\u201d<\/a><br \/>\n&#8211; <a href=\"https:\/\/13muz.eu\/do-18-12-galeria-tworze-sie-eksperymentalne-place-zabaw-w-drodze\/\" target=\"_blank\" rel=\"noopener\">Eksperymentalne Place Zabaw w drodze &#8211; kontynuacja<\/a><br \/>\n&#8211; <a href=\"https:\/\/13muz.eu\/02-10-ukryta-wystawa-eksperymentalne-place-zabaw-w-galerii-sztuki-tworze-sie-w-domu-kultury-13-muz\/\" target=\"_blank\" rel=\"noopener\">\u201eUkryta wystawa\u201d<\/a><br \/>\n&#8211; <a href=\"https:\/\/13muz.eu\/galeria-tworze-sie-eksperymentalne-place-zabaw-w-drodze\/\" target=\"_blank\" rel=\"noopener\">Eksperymentalne Place Zabaw w drodze<\/a><br \/>\n&#8211; <a href=\"https:\/\/13muz.eu\/10-10-galeria-tworze-sie-emocje-na-miare\/\" target=\"_blank\" rel=\"noopener\">\u201eEmocje na miar\u0119!\u201d<\/a><br \/>\n&#8211; <a href=\"https:\/\/13muz.eu\/25-05-30-09-miejski-plac-zabaw-zyczenie-dla-szczecina\/\" target=\"_blank\" rel=\"noopener\">\u017byczenie dla Szczecina<\/a><br \/>\n&#8211; <a href=\"https:\/\/13muz.eu\/01-09-30-12-wystawa-raj-na-ziemi\/\" target=\"_blank\" rel=\"noopener\">Wystawa Raj na Ziemi<\/a><br \/>\n&#8211; <a href=\"https:\/\/13muz.eu\/muzeumpozmorku\/\" target=\"_blank\" rel=\"noopener\">Muzeum po zmroku<\/a><br \/>\n&#8211; <a href=\"https:\/\/13muz.eu\/tworze-sie-dziela-sztuki-na-chwileczke\/\" target=\"_blank\" rel=\"noopener\">\u201eDzie\u0142a sztuki na chwileczk\u0119\u201d<\/a><br \/>\n&#8211; <a href=\"https:\/\/13muz.eu\/otwarcie-filmowego-placu-zabaw\/\" target=\"_blank\" rel=\"noopener\">Filmowy Plac Zabaw<\/a><\/p>\n","protected":false},"excerpt":{"rendered":"<p>Galeria TWORZ\u0118 SI\u0118! TWORZ\u0118 SI\u0118 to galeria sztuki dla dzieci i m\u0142odzie\u017cy realizuj\u0105ca autorski program edukacji artystycznej, opracowany przez Fundacj\u0119 Las Sztuki.&nbsp;Celem miejsca jest pobudzanie tw\u00f3rczego rozwoju m\u0142odych mieszka\u0144c\u00f3w Szczecina oraz kszta\u0142towanie \u015bwiadomych i wra\u017cliwych uczestnik\u00f3w \u017cycia spo\u0142ecznego. Tw\u00f3rcom zale\u017ca\u0142o na powstaniu miejsca intryguj\u0105cego i przyjaznego dzieciom wszystkich \u015brodowisk, w kt\u00f3rym mo\u017cna tworzy\u0107 i wypowiada\u0107 si\u0119 bez ogranicze\u0144. Przestrze\u0144 galerii podzielona jest na dwie cz\u0119\u015bci: &#8211; edukacyjn\u0105, w kt\u00f3rej odbywaj\u0105 si\u0119 warsztaty, pokazy film\u00f3w, wyk\u0142ady i spotkania &#8211; wystawiennicz\u0105, w kt\u00f3rej prezentowane s\u0105 wystawy tworzone dla dzieci ale r\u00f3wnie\u017c przez dzieci, a tak\u017ce efekty dzia\u0142a\u0144 tw\u00f3rczych. Aktualna wystawa w TWORZ\u0118 [&hellip;]<\/p>\n","protected":false},"author":1,"featured_media":0,"parent":0,"menu_order":0,"comment_status":"closed","ping_status":"closed","template":"","meta":{"ngg_post_thumbnail":0,"_price":"","_stock":"","_tribe_ticket_header":"","_tribe_default_ticket_provider":"","_ticket_start_date":"","_ticket_end_date":"","_tribe_ticket_show_description":"","_tribe_ticket_show_not_going":false,"_tribe_ticket_use_global_stock":"","_tribe_ticket_global_stock_level":"","_global_stock_mode":"","_global_stock_cap":"","_tribe_rsvp_for_event":"","_tribe_ticket_going_count":"","_tribe_ticket_not_going_count":"","_tribe_tickets_list":"[]","_tribe_ticket_has_attendee_info_fields":false,"footnotes":"","_tec_slr_enabled":"","_tec_slr_layout":""},"class_list":["post-86","page","type-page","status-publish","hentry"],"ticketed":false,"post_mailing_queue_ids":[],"_links":{"self":[{"href":"https:\/\/13muz.eu\/en\/wp-json\/wp\/v2\/pages\/86","targetHints":{"allow":["GET"]}}],"collection":[{"href":"https:\/\/13muz.eu\/en\/wp-json\/wp\/v2\/pages"}],"about":[{"href":"https:\/\/13muz.eu\/en\/wp-json\/wp\/v2\/types\/page"}],"author":[{"embeddable":true,"href":"https:\/\/13muz.eu\/en\/wp-json\/wp\/v2\/users\/1"}],"replies":[{"embeddable":true,"href":"https:\/\/13muz.eu\/en\/wp-json\/wp\/v2\/comments?post=86"}],"version-history":[{"count":0,"href":"https:\/\/13muz.eu\/en\/wp-json\/wp\/v2\/pages\/86\/revisions"}],"wp:attachment":[{"href":"https:\/\/13muz.eu\/en\/wp-json\/wp\/v2\/media?parent=86"}],"curies":[{"name":"wp","href":"https:\/\/api.w.org\/{rel}","templated":true}]}}