{"id":82,"date":"2017-12-07T11:10:29","date_gmt":"2017-12-07T11:10:29","guid":{"rendered":"http:\/\/test.13muz.eu\/?page_id=82"},"modified":"2022-05-30T13:19:14","modified_gmt":"2022-05-30T11:19:14","slug":"club-tropicana","status":"publish","type":"page","link":"https:\/\/13muz.eu\/en\/club-tropicana\/","title":{"rendered":"Club Tropicana"},"content":{"rendered":"<p style=\"text-align: justify;\"><img loading=\"lazy\" decoding=\"async\" class=\"alignleft wp-image-29571\" src=\"https:\/\/13muz.eu\/wp-content\/uploads\/2019\/11\/ClubTropicana19_297x420_RGB72dpi-728x1024.jpg\" alt=\"\" width=\"459\" height=\"646\" srcset=\"https:\/\/13muz.eu\/wp-content\/uploads\/2019\/11\/ClubTropicana19_297x420_RGB72dpi-728x1024.jpg 728w, https:\/\/13muz.eu\/wp-content\/uploads\/2019\/11\/ClubTropicana19_297x420_RGB72dpi-213x300.jpg 213w, https:\/\/13muz.eu\/wp-content\/uploads\/2019\/11\/ClubTropicana19_297x420_RGB72dpi-768x1080.jpg 768w, https:\/\/13muz.eu\/wp-content\/uploads\/2019\/11\/ClubTropicana19_297x420_RGB72dpi-400x563.jpg 400w, https:\/\/13muz.eu\/wp-content\/uploads\/2019\/11\/ClubTropicana19_297x420_RGB72dpi.jpg 859w\" sizes=\"auto, (max-width: 459px) 100vw, 459px\" \/><\/p>\n<p style=\"text-align: justify;\">Najstarsza cykliczna impreza z muzyk\u0105 latynoameryka\u0144sk\u0105 w Polsce, kt\u00f3ra go\u015bci od ponad 28. lat w niedzielne wieczory w Szczecinie. Jej autorem jest Waldemar Kulpa, kt\u00f3ry powo\u0142a\u0142 j\u0105 do \u017cycia w styczniu 1994 r. w Kontrastach.<\/p>\n<p style=\"text-align: justify;\">Muzyka, kt\u00f3ra przewija si\u0119 podczas wieczor\u00f3w: salsa, merengue, bachata, kizomba, cha cha, rumba, reggaeton, tango argenty\u0144skie itd\u2026<\/p>\n<p style=\"text-align: justify;\">Ma\u0142o kto wie, \u017ce Szczecin to bardzo szczeg\u00f3lne miejsce na salsowej mapie Polski. W SCK Kontrasty odbywa\u0142a si\u0119 bowiem przez ponad 17 lat najstarsza cykliczna impreza z muzyk\u0105 latynoameryka\u0144sk\u0105 w Polsce. Nie w Warszawie, nie w Krakowie, Poznaniu czy Wroc\u0142awiu, tylko w\u0142a\u015bnie w Szczecinie! Jest to najbardziej rozpoznawalna szczeci\u0144ska impreza z Sals\u0105 oraz Latino.<\/p>\n<p style=\"text-align: justify;\">Mimo smutnego faktu zamkni\u0119cia 50-letniego przybytku kultury studenckiej, czyli SCK Kontrasty, impreza z tak bogat\u0105 histori\u0105 nie znikn\u0119\u0142a z kulturalnej mapy miasta. 14 sierpnia 2011 r. odby\u0142a si\u0119 reaktywacja Tropicany w Rocker Club i trwa\u0142a impreza w tym klubie a\u017c do ko\u0144ca pa\u017adziernika 2013. Nowy rozdzia\u0142 rozpocz\u0105\u0142 si\u0119 3 listopada 2013 r. Klub Muzyczny Browar Polski sta\u0142 si\u0119 w ka\u017cd\u0105 niedziel\u0119 tym klubem, gdzie szczeci\u0144scy salseros i entuzja\u015bci gor\u0105cych rytm\u00f3w latynoameryka\u0144skich znale\u017ali swoje miejsce. Od 3 wrze\u015bnia 2017 impreza zyska\u0142a now\u0105 przestrze\u0144 Sal\u0119 Kominkow\u0105 Domu Kultury \u201e13 Muz\u201d. Od 17 czerwca 2018 r. do ko\u0144ca wrze\u015bnia 2019 r. imprez\u0119 Club Tropicana go\u015bci\u0142a Scena Nowy Browar. Od pa\u017adziernika 2019 r. spotkamy si\u0119 w Kafe Taniec, ul. Jagiello\u0144ska 67.<\/p>\n<p style=\"text-align: justify;\">I tak co tydzie\u0144 Waldek Kulpa (autor imprezy i przez wiele lat prowadz\u0105cy jako DJ Val de Maros), Dom Kultury \u201e13 Muz\u201d zapraszaj\u0105 wszystkich sympatyk\u00f3w tej imprezy, jak i tych kt\u00f3rzy przyjd\u0105 na ni\u0105 po raz pierwszy\u2026<\/p>\n<p style=\"text-align: justify;\">Prowadz\u0105: DJ Eve, Tarrixa, Dariusz, El Piedro, Kacper i inni\u2026<\/p>\n<p style=\"text-align: justify;\">Organizator: Dom Kultury \u201e13 Muz\u201d<\/p>\n<p style=\"text-align: justify;\">Partner i miejsce: Kafe Taniec<\/p>\n<p style=\"text-align: justify;\">Wst\u0119p 10 z\u0142<\/p>\n","protected":false},"excerpt":{"rendered":"<p>Najstarsza cykliczna impreza z muzyk\u0105 latynoameryka\u0144sk\u0105 w Polsce, kt\u00f3ra go\u015bci od ponad 28. lat w niedzielne wieczory w Szczecinie. Jej autorem jest Waldemar Kulpa, kt\u00f3ry powo\u0142a\u0142 j\u0105 do \u017cycia w styczniu 1994 r. w Kontrastach. Muzyka, kt\u00f3ra przewija si\u0119 podczas wieczor\u00f3w: salsa, merengue, bachata, kizomba, cha cha, rumba, reggaeton, tango argenty\u0144skie itd\u2026 Ma\u0142o kto wie, \u017ce Szczecin to bardzo szczeg\u00f3lne miejsce na salsowej mapie Polski. W SCK Kontrasty odbywa\u0142a si\u0119 bowiem przez ponad 17 lat najstarsza cykliczna impreza z muzyk\u0105 latynoameryka\u0144sk\u0105 w Polsce. Nie w Warszawie, nie w Krakowie, Poznaniu czy Wroc\u0142awiu, tylko w\u0142a\u015bnie w Szczecinie! Jest to najbardziej rozpoznawalna [&hellip;]<\/p>\n","protected":false},"author":1,"featured_media":0,"parent":0,"menu_order":0,"comment_status":"closed","ping_status":"closed","template":"","meta":{"ngg_post_thumbnail":0,"_price":"","_stock":"","_tribe_ticket_header":"","_tribe_default_ticket_provider":"","_ticket_start_date":"","_ticket_end_date":"","_tribe_ticket_show_description":"","_tribe_ticket_show_not_going":false,"_tribe_ticket_use_global_stock":"","_tribe_ticket_global_stock_level":"","_global_stock_mode":"","_global_stock_cap":"","_tribe_rsvp_for_event":"","_tribe_ticket_going_count":"","_tribe_ticket_not_going_count":"","_tribe_tickets_list":"[]","_tribe_ticket_has_attendee_info_fields":false,"footnotes":"","_tec_slr_enabled":"","_tec_slr_layout":""},"class_list":["post-82","page","type-page","status-publish","hentry"],"ticketed":false,"post_mailing_queue_ids":[],"_links":{"self":[{"href":"https:\/\/13muz.eu\/en\/wp-json\/wp\/v2\/pages\/82","targetHints":{"allow":["GET"]}}],"collection":[{"href":"https:\/\/13muz.eu\/en\/wp-json\/wp\/v2\/pages"}],"about":[{"href":"https:\/\/13muz.eu\/en\/wp-json\/wp\/v2\/types\/page"}],"author":[{"embeddable":true,"href":"https:\/\/13muz.eu\/en\/wp-json\/wp\/v2\/users\/1"}],"replies":[{"embeddable":true,"href":"https:\/\/13muz.eu\/en\/wp-json\/wp\/v2\/comments?post=82"}],"version-history":[{"count":0,"href":"https:\/\/13muz.eu\/en\/wp-json\/wp\/v2\/pages\/82\/revisions"}],"wp:attachment":[{"href":"https:\/\/13muz.eu\/en\/wp-json\/wp\/v2\/media?parent=82"}],"curies":[{"name":"wp","href":"https:\/\/api.w.org\/{rel}","templated":true}]}}