{"id":80,"date":"2017-12-07T11:10:17","date_gmt":"2017-12-07T11:10:17","guid":{"rendered":"http:\/\/test.13muz.eu\/?page_id=80"},"modified":"2021-07-13T12:15:09","modified_gmt":"2021-07-13T10:15:09","slug":"kizombowy-podwieczorek","status":"publish","type":"page","link":"https:\/\/13muz.eu\/en\/kizombowy-podwieczorek\/","title":{"rendered":"Kizombowy podwieczorek"},"content":{"rendered":"<p style=\"text-align: justify;\"><strong><img loading=\"lazy\" decoding=\"async\" class=\"alignright wp-image-13793\" src=\"http:\/\/test.13muz.eu\/wp-content\/uploads\/2018\/05\/kizomba-696x1024.jpg\" alt=\"\" width=\"341\" height=\"502\" srcset=\"https:\/\/13muz.eu\/wp-content\/uploads\/2018\/05\/kizomba-696x1024.jpg 696w, https:\/\/13muz.eu\/wp-content\/uploads\/2018\/05\/kizomba-204x300.jpg 204w, https:\/\/13muz.eu\/wp-content\/uploads\/2018\/05\/kizomba-768x1129.jpg 768w, https:\/\/13muz.eu\/wp-content\/uploads\/2018\/05\/kizomba-400x588.jpg 400w, https:\/\/13muz.eu\/wp-content\/uploads\/2018\/05\/kizomba.jpg 1275w\" sizes=\"auto, (max-width: 341px) 100vw, 341px\" \/>Kizomba<\/strong>&nbsp;&#8211; gatunek muzyki oraz styl ta\u0144ca stworzony w&nbsp;Angoli, kt\u00f3ry zyska\u0142 popularno\u015b\u0107 w Portugalii, a p\u00f3\u017aniej na parkietach pozosta\u0142ych kraj\u00f3w europejskich. W piosenkach, \u015bpiewanych g\u0142\u00f3wnie w&nbsp;j\u0119zyku portugalskim, ale r\u00f3wnie\u017c w ostatnim czasie we francuskich i angielskim, delikatna, romantyczna nuta przeplata si\u0119 z rytmami afryka\u0144skimi. Kizomb\u0119 ta\u0144czy si\u0119 w zmys\u0142owy, delikatny spos\u00f3b, w bliskim kontakcie mi\u0119dzy partnerami. Kizomba jest do\u015b\u0107 cz\u0119sto uwa\u017cana za rodzaj muzyki portugalskiej nie tylko ze wzgl\u0119du na j\u0119zyk, ale i jej popularno\u015b\u0107 w\u015br\u00f3d Portugalczyk\u00f3w.<\/p>\n<p style=\"text-align: justify;\">Kizomba narodzi\u0142a si\u0119 w Angoli pod koniec lat 70. XX wieku. Jest po\u0142\u0105czeniem&nbsp;<a href=\"https:\/\/pl.wikipedia.org\/w\/index.php?title=Semba&amp;action=edit&amp;redlink=1\">semby<\/a>&nbsp;(prekursora&nbsp;samby) z muzyk\u0105&nbsp;<a href=\"https:\/\/pl.wikipedia.org\/wiki\/Zouk\">zouk<\/a>&nbsp;z Karaib\u00f3w Francuskich. Wida\u0107 te\u017c w niej wp\u0142ywy z innych kraj\u00f3w portugalskoj\u0119zycznych. Taniec ten sw\u0105 postaw\u0105 nawi\u0105zuje do&nbsp;tanga, gdy\u017c to po nim odziedziczy\u0142 sztywn\u0105 ram\u0119 oraz nieruchomy tors. Wyrzucanie n\u00f3g ma prawdopodobnie swoje pod\u0142o\u017ce w&nbsp;<a href=\"https:\/\/pl.wikipedia.org\/w\/index.php?title=Semba&amp;action=edit&amp;redlink=1\">sembie<\/a>. Kizomba portugalska r\u00f3\u017cni si\u0119 muzycznie od kizomby angolskiej, co wymaga od tancerzy dostosowania si\u0119 do rytmu. Poza rytmem inne jest instrumentarium i tempo utwor\u00f3w.<\/p>\n<p style=\"text-align: justify;\">Kizombowy Podwieczorek zaczynamy od godziny 19:00 w ka\u017cd\u0105 niedziel\u0119 i ta\u0144czymy tylko kizomb\u0119, od g. 21:00 mamy inn\u0105 atrakcj\u0119 w postaci imprezy z muzyk\u0105 latynosk\u0105 (salsa, bachata, merengue itd.) &#8211; <a href=\"https:\/\/13muz.eu\/club-tropicana\/\" target=\"_blank\" rel=\"noopener\">Club Tropicana<\/a>.<\/p>\n<p style=\"text-align: justify;\">Pierwsza impreza z tego cyklu odby\u0142a si\u0119 2 sierpnia 2015 r.<\/p>\n<p>Od 6 pa\u017adziernika 2019 zapraszamy do tanecznej przestrzeni Kafe Taniec przy ul. Jagiello\u0144skiej 67 (ex-Kafe Jerzy, ex-Kartell)<\/p>\n<p>Organizator: Dom Kultury \u201e13 Muz\u201d<\/p>\n<p>Partner: Kafe Taniec<\/p>\n<p>W wakacje wst\u0119p wolny w g. 19-21.<\/p>\n","protected":false},"excerpt":{"rendered":"<p>Kizomba&nbsp;&#8211; gatunek muzyki oraz styl ta\u0144ca stworzony w&nbsp;Angoli, kt\u00f3ry zyska\u0142 popularno\u015b\u0107 w Portugalii, a p\u00f3\u017aniej na parkietach pozosta\u0142ych kraj\u00f3w europejskich. W piosenkach, \u015bpiewanych g\u0142\u00f3wnie w&nbsp;j\u0119zyku portugalskim, ale r\u00f3wnie\u017c w ostatnim czasie we francuskich i angielskim, delikatna, romantyczna nuta przeplata si\u0119 z rytmami afryka\u0144skimi. Kizomb\u0119 ta\u0144czy si\u0119 w zmys\u0142owy, delikatny spos\u00f3b, w bliskim kontakcie mi\u0119dzy partnerami. Kizomba jest do\u015b\u0107 cz\u0119sto uwa\u017cana za rodzaj muzyki portugalskiej nie tylko ze wzgl\u0119du na j\u0119zyk, ale i jej popularno\u015b\u0107 w\u015br\u00f3d Portugalczyk\u00f3w. Kizomba narodzi\u0142a si\u0119 w Angoli pod koniec lat 70. XX wieku. Jest po\u0142\u0105czeniem&nbsp;semby&nbsp;(prekursora&nbsp;samby) z muzyk\u0105&nbsp;zouk&nbsp;z Karaib\u00f3w Francuskich. Wida\u0107 te\u017c w niej wp\u0142ywy z innych [&hellip;]<\/p>\n","protected":false},"author":1,"featured_media":0,"parent":0,"menu_order":0,"comment_status":"closed","ping_status":"closed","template":"","meta":{"ngg_post_thumbnail":0,"_price":"","_stock":"","_tribe_ticket_header":"","_tribe_default_ticket_provider":"","_ticket_start_date":"","_ticket_end_date":"","_tribe_ticket_show_description":"","_tribe_ticket_show_not_going":false,"_tribe_ticket_use_global_stock":"","_tribe_ticket_global_stock_level":"","_global_stock_mode":"","_global_stock_cap":"","_tribe_rsvp_for_event":"","_tribe_ticket_going_count":"","_tribe_ticket_not_going_count":"","_tribe_tickets_list":"[]","_tribe_ticket_has_attendee_info_fields":false,"footnotes":"","_tec_slr_enabled":"","_tec_slr_layout":""},"class_list":["post-80","page","type-page","status-publish","hentry"],"ticketed":false,"post_mailing_queue_ids":[],"_links":{"self":[{"href":"https:\/\/13muz.eu\/en\/wp-json\/wp\/v2\/pages\/80","targetHints":{"allow":["GET"]}}],"collection":[{"href":"https:\/\/13muz.eu\/en\/wp-json\/wp\/v2\/pages"}],"about":[{"href":"https:\/\/13muz.eu\/en\/wp-json\/wp\/v2\/types\/page"}],"author":[{"embeddable":true,"href":"https:\/\/13muz.eu\/en\/wp-json\/wp\/v2\/users\/1"}],"replies":[{"embeddable":true,"href":"https:\/\/13muz.eu\/en\/wp-json\/wp\/v2\/comments?post=80"}],"version-history":[{"count":0,"href":"https:\/\/13muz.eu\/en\/wp-json\/wp\/v2\/pages\/80\/revisions"}],"wp:attachment":[{"href":"https:\/\/13muz.eu\/en\/wp-json\/wp\/v2\/media?parent=80"}],"curies":[{"name":"wp","href":"https:\/\/api.w.org\/{rel}","templated":true}]}}