{"id":78,"date":"2017-12-07T11:10:02","date_gmt":"2017-12-07T11:10:02","guid":{"rendered":"http:\/\/test.13muz.eu\/?page_id=78"},"modified":"2025-10-17T14:30:22","modified_gmt":"2025-10-17T12:30:22","slug":"czwartki-literackie","status":"publish","type":"page","link":"https:\/\/13muz.eu\/en\/czwartki-literackie\/","title":{"rendered":"Szczeci\u0144skie spotkania literackie \u201e13 Muz\u201d: Z g\u00f3rnej p\u00f3\u0142ki"},"content":{"rendered":"<p style=\"text-align: justify;\"><img loading=\"lazy\" decoding=\"async\" class=\"alignright size-medium wp-image-578\" src=\"http:\/\/test.13muz.eu\/wp-content\/uploads\/2018\/03\/29.06.20Ele670-300x300.jpg\" alt=\"\" width=\"300\" height=\"300\" srcset=\"https:\/\/13muz.eu\/wp-content\/uploads\/2018\/03\/29.06.20Ele670-300x300.jpg 300w, https:\/\/13muz.eu\/wp-content\/uploads\/2018\/03\/29.06.20Ele670-150x150.jpg 150w, https:\/\/13muz.eu\/wp-content\/uploads\/2018\/03\/29.06.20Ele670-130x130.jpg 130w, https:\/\/13muz.eu\/wp-content\/uploads\/2018\/03\/29.06.20Ele670-400x400.jpg 400w, https:\/\/13muz.eu\/wp-content\/uploads\/2018\/03\/29.06.20Ele670.jpg 670w\" sizes=\"auto, (max-width: 300px) 100vw, 300px\" \/><\/p>\r\n<p style=\"text-align: justify;\">Szczeci\u0144skie spotkania literackie \u201e13 Muz\u201d: Z g\u00f3rnej p\u00f3\u0142ki odbywaj\u0105 si\u0119 w wybrane czwartki o godz. 19:00.<\/p>\r\n<p style=\"text-align: justify;\">Promocja literatury i czytelnictwa.<\/p>\r\n<p style=\"text-align: justify;\">Przy wsp\u00f3\u0142pracy z fundacj\u0105 Pi\u0119\u0107 Palc\u00f3w, Wydawnictwem Forma i innymi wa\u017cnymi o\u015brodkami \u017cycia&nbsp; literackiego.<\/p>\r\n<p style=\"text-align: justify;\">To dzia\u0142anie, kt\u00f3rego celem jest propagowanie czytelnictwa i uzupe\u0142nienie rynku wydawniczego w najambitniejsze dzie\u0142a polskiej literatury najnowszej. D\u0142ugofalowym celem tego zadania jest nie tylko propagowanie czytelnictwa, ale r\u00f3wnie\u017c promowanie ambitnej literatury o wybitnych walorach artystycznych, nie mieszcz\u0105cej si\u0119 w realiach rynku komercyjnego, literatury wyznaczaj\u0105cej nowe trendy, poszukuj\u0105cej nowych rozwi\u0105za\u0144 formalno-estetycznych i okre\u015blaj\u0105cej kierunki rozwoju wsp\u00f3\u0142czesnej literatury, literatury utrwalaj\u0105cej to\u017csamo\u015b\u0107 kulturow\u0105 i narodow\u0105 oraz promowanie tekst\u00f3w krytycznoliterackich o tej\u017ce literaturze\u037e wspieranie niezale\u017cnych pisarzy i krytyk\u00f3w, aby da\u0107 im mo\u017cliwo\u015b\u0107 przedstawienia w\u0142asnej, oryginalnej wizji rzeczywisto\u015bci, a tak\u017ce zapewni\u0107 im trwa\u0142\u0105 obecno\u015b\u0107 w \u015bwiadomo\u015bci czytelnik\u00f3w\u037e inspirowanie i podejmowanie interdyscyplinarnych dzia\u0142a\u0144 s\u0142u\u017c\u0105cych propagowaniu i upowszechnianiu tych\u017ce ksi\u0105\u017cek\u037e promocja ksi\u0105\u017cek i ich autor\u00f3w\u037e wspieranie i prezentacja ksi\u0105\u017cek i organizowanie spotka\u0144 autorskich, we wsp\u00f3\u0142pracy ze \u015brodowiskiem artystycznym\u037e prowadzenie dzia\u0142alno\u015bci popularyzuj\u0105cej literatur\u0119 i rozw\u00f3j czytelnictwa, a tak\u017ce inicjatyw, postaw i dzia\u0142a\u0144 sprzyjaj\u0105cych rozwojowi tw\u00f3rczo\u015bci literackiej.<\/p>\r\n<p>&nbsp;<\/p>\r\n\r\n<p><strong>Termin najbli\u017cszego Czwartku literackiego wraz z opisem znajduje si\u0119 w <a href=\"https:\/\/13muz.eu\" target=\"_blank\" rel=\"noreferrer noopener\">AKTUALNO\u015aCIACH<\/a> na stronie g\u0142\u00f3wnej &#8211; serdecznie zapraszamy!<\/strong><\/p>\r\n","protected":false},"excerpt":{"rendered":"<p>Szczeci\u0144skie spotkania literackie \u201e13 Muz\u201d: Z g\u00f3rnej p\u00f3\u0142ki odbywaj\u0105 si\u0119 w wybrane czwartki o godz. 19:00. Promocja literatury i czytelnictwa. Przy wsp\u00f3\u0142pracy z fundacj\u0105 Pi\u0119\u0107 Palc\u00f3w, Wydawnictwem Forma i innymi wa\u017cnymi o\u015brodkami \u017cycia&nbsp; literackiego. To dzia\u0142anie, kt\u00f3rego celem jest propagowanie czytelnictwa i uzupe\u0142nienie rynku wydawniczego w najambitniejsze dzie\u0142a polskiej literatury najnowszej. D\u0142ugofalowym celem tego zadania jest nie tylko propagowanie czytelnictwa, ale r\u00f3wnie\u017c promowanie ambitnej literatury o wybitnych walorach artystycznych, nie mieszcz\u0105cej si\u0119 w realiach rynku komercyjnego, literatury wyznaczaj\u0105cej nowe trendy, poszukuj\u0105cej nowych rozwi\u0105za\u0144 formalno-estetycznych i okre\u015blaj\u0105cej kierunki rozwoju wsp\u00f3\u0142czesnej literatury, literatury utrwalaj\u0105cej to\u017csamo\u015b\u0107 kulturow\u0105 i narodow\u0105 oraz promowanie tekst\u00f3w krytycznoliterackich [&hellip;]<\/p>\n","protected":false},"author":1,"featured_media":0,"parent":0,"menu_order":0,"comment_status":"closed","ping_status":"closed","template":"","meta":{"ngg_post_thumbnail":0,"_price":"","_stock":"","_tribe_ticket_header":"","_tribe_default_ticket_provider":"","_ticket_start_date":"","_ticket_end_date":"","_tribe_ticket_show_description":"","_tribe_ticket_show_not_going":false,"_tribe_ticket_use_global_stock":"","_tribe_ticket_global_stock_level":"","_global_stock_mode":"","_global_stock_cap":"","_tribe_rsvp_for_event":"","_tribe_ticket_going_count":"","_tribe_ticket_not_going_count":"","_tribe_tickets_list":"[]","_tribe_ticket_has_attendee_info_fields":false,"footnotes":"","_tec_slr_enabled":"","_tec_slr_layout":""},"class_list":["post-78","page","type-page","status-publish","hentry"],"ticketed":false,"post_mailing_queue_ids":[],"_links":{"self":[{"href":"https:\/\/13muz.eu\/en\/wp-json\/wp\/v2\/pages\/78","targetHints":{"allow":["GET"]}}],"collection":[{"href":"https:\/\/13muz.eu\/en\/wp-json\/wp\/v2\/pages"}],"about":[{"href":"https:\/\/13muz.eu\/en\/wp-json\/wp\/v2\/types\/page"}],"author":[{"embeddable":true,"href":"https:\/\/13muz.eu\/en\/wp-json\/wp\/v2\/users\/1"}],"replies":[{"embeddable":true,"href":"https:\/\/13muz.eu\/en\/wp-json\/wp\/v2\/comments?post=78"}],"version-history":[{"count":0,"href":"https:\/\/13muz.eu\/en\/wp-json\/wp\/v2\/pages\/78\/revisions"}],"wp:attachment":[{"href":"https:\/\/13muz.eu\/en\/wp-json\/wp\/v2\/media?parent=78"}],"curies":[{"name":"wp","href":"https:\/\/api.w.org\/{rel}","templated":true}]}}