{"id":76,"date":"2017-12-07T11:09:50","date_gmt":"2017-12-07T11:09:50","guid":{"rendered":"http:\/\/test.13muz.eu\/?page_id=76"},"modified":"2022-08-24T10:33:43","modified_gmt":"2022-08-24T08:33:43","slug":"muzyczne-podroze","status":"publish","type":"page","link":"https:\/\/13muz.eu\/en\/muzyczne-podroze\/","title":{"rendered":"Muzyczne podr\u00f3\u017ce"},"content":{"rendered":"<p style=\"text-align: justify;\"><img loading=\"lazy\" decoding=\"async\" class=\"alignright wp-image-13796\" src=\"http:\/\/test.13muz.eu\/wp-content\/uploads\/2018\/05\/11.05.DS_670.jpg\" alt=\"\" width=\"384\" height=\"256\" srcset=\"https:\/\/13muz.eu\/wp-content\/uploads\/2018\/05\/11.05.DS_670.jpg 670w, https:\/\/13muz.eu\/wp-content\/uploads\/2018\/05\/11.05.DS_670-300x200.jpg 300w, https:\/\/13muz.eu\/wp-content\/uploads\/2018\/05\/11.05.DS_670-150x100.jpg 150w, https:\/\/13muz.eu\/wp-content\/uploads\/2018\/05\/11.05.DS_670-400x267.jpg 400w\" sizes=\"auto, (max-width: 384px) 100vw, 384px\" \/>Kompleksowe imprezy prezentuj\u0105ce kultur\u0119 kraju lub regionu, przegl\u0105d zdj\u0119\u0107, film\u00f3w (prelekcje podr\u00f3\u017cnik\u00f3w), muzyk\u0119, pokazy ta\u0144c\u00f3w, degustacje, dobr\u0105 zabaw\u0119 oraz wskazuj\u0105ce na szczeg\u00f3lne atrakcje zwi\u0105zane z miejscem zawartym w podtytule imprezy.<\/p>\n<p style=\"text-align: justify;\">Swego czasu w Studenckim Centrum Kultury KONTRASTY podczas wieczor\u00f3w z muzyk\u0105 latynoameryka\u0144sk\u0105 (Club Tropicana &#8211; najstarsza w Polsce cykliczna impreza z muzyk\u0105 i kultur\u0105 latynoameryka\u0144sk\u0105 &#8211; istnieje od stycznia 1994 do dnia dzisiejszego) organizowane by\u0142y specjalne edycje, w kt\u00f3rych prezentowano muzyk\u0119 zespo\u0142\u00f3w na \u017cywo, ta\u0144ce, cz\u0119stowano potrawami i na ekranach wy\u015bwietlane by\u0142y slajdy z podr\u00f3\u017cy po krajach Ameryki Po\u0142udniowej. Osobami, kt\u00f3re by\u0142y mocno zaanga\u017cowane w takie przedsi\u0119wzi\u0119cia byli: Witold Janczy\u0144ski, Moises Prado oraz cz\u0142onkowie Grupo Costa. W\u0142a\u015bnie z jednym z nich z <a href=\"https:\/\/13muz.eu\/rezydenci-dimitris-dymitriadis\/\" target=\"_blank\" rel=\"noopener\">Mitro Dymitriadisem,<\/a> Waldemar Kulpa takie pomys\u0142y wyni\u00f3s\u0142 r\u00f3wnie\u017c na zewn\u0105trz poza klub. Wieczory kultury greckiej czy latynoameryka\u0144skiej przybli\u017ca\u0142y te kultury wielu ludziom w naszym mie\u015bcie, a tak\u017ce na imprezach w ca\u0142ym kraju.<br \/>\nJesieni\u0105 2011 roku podczas rozm\u00f3w nad programem klubu Rocker Leszek Wiszniewski zwi\u0105zany m.in. z zespo\u0142em Sambal, zaproponowa\u0142 cykl z muzyk\u0105 i kultur\u0105 Afryki. Tak oto 17 pa\u017adziernika 2011 ruszy\u0142 pierwszy odcinek Hit The Road &#8211; Muzyczne Podr\u00f3\u017ce &#8211; Afryka. Po sukcesie afryka\u0144skiego odcinka Muzycznych Podr\u00f3\u017cy cykl by\u0142 kontynuowany w ten spos\u00f3b, \u017ce mniej wi\u0119cej raz w miesi\u0105cu przedstawiany by\u0142 inny kraj lub region.<\/p>\n<p style=\"text-align: justify;\">I tak powsta\u0142y kolejne odcinki, kt\u00f3re szczeci\u0144sk\u0105 publiczno\u015b\u0107 zabra\u0142y w takie rejony \u015bwiata jak Afryka, Ameryka Po\u0142udniowa, Grecja, Kuba, Hiszpania, Dominikana, W\u0142ochy, Meksyk, Ukraina, Brazylia i Rosja.<\/p>\n<p style=\"text-align: justify;\">W Domu Kultury&nbsp;\u201e13 Muz\u201d najcz\u0119\u015bciej przybli\u017cana jest kultura kraj\u00f3w skandynawskich (imprezy podczas Dni Skandynawskich), a tak\u017ce Niemiec (Dni Wsp\u00f3\u0142pracy Polsko-Niemieckiej)<\/p>\n<p style=\"text-align: justify;\"><strong>Termin najbli\u017cszych Muzycznych podr\u00f3\u017cy wraz z opisem znajduje si\u0119 w <a href=\"https:\/\/13muz.eu\" target=\"_blank\" rel=\"noopener noreferrer\">AKTUALNO\u015aCIACH<\/a> na stronie g\u0142\u00f3wnej &#8211; serdecznie zapraszamy!<\/strong><\/p>\n","protected":false},"excerpt":{"rendered":"<p>Kompleksowe imprezy prezentuj\u0105ce kultur\u0119 kraju lub regionu, przegl\u0105d zdj\u0119\u0107, film\u00f3w (prelekcje podr\u00f3\u017cnik\u00f3w), muzyk\u0119, pokazy ta\u0144c\u00f3w, degustacje, dobr\u0105 zabaw\u0119 oraz wskazuj\u0105ce na szczeg\u00f3lne atrakcje zwi\u0105zane z miejscem zawartym w podtytule imprezy. Swego czasu w Studenckim Centrum Kultury KONTRASTY podczas wieczor\u00f3w z muzyk\u0105 latynoameryka\u0144sk\u0105 (Club Tropicana &#8211; najstarsza w Polsce cykliczna impreza z muzyk\u0105 i kultur\u0105 latynoameryka\u0144sk\u0105 &#8211; istnieje od stycznia 1994 do dnia dzisiejszego) organizowane by\u0142y specjalne edycje, w kt\u00f3rych prezentowano muzyk\u0119 zespo\u0142\u00f3w na \u017cywo, ta\u0144ce, cz\u0119stowano potrawami i na ekranach wy\u015bwietlane by\u0142y slajdy z podr\u00f3\u017cy po krajach Ameryki Po\u0142udniowej. Osobami, kt\u00f3re by\u0142y mocno zaanga\u017cowane w takie przedsi\u0119wzi\u0119cia byli: Witold Janczy\u0144ski, [&hellip;]<\/p>\n","protected":false},"author":1,"featured_media":0,"parent":0,"menu_order":0,"comment_status":"closed","ping_status":"closed","template":"","meta":{"ngg_post_thumbnail":0,"_price":"","_stock":"","_tribe_ticket_header":"","_tribe_default_ticket_provider":"","_ticket_start_date":"","_ticket_end_date":"","_tribe_ticket_show_description":"","_tribe_ticket_show_not_going":false,"_tribe_ticket_use_global_stock":"","_tribe_ticket_global_stock_level":"","_global_stock_mode":"","_global_stock_cap":"","_tribe_rsvp_for_event":"","_tribe_ticket_going_count":"","_tribe_ticket_not_going_count":"","_tribe_tickets_list":"[]","_tribe_ticket_has_attendee_info_fields":false,"footnotes":"","_tec_slr_enabled":"","_tec_slr_layout":""},"class_list":["post-76","page","type-page","status-publish","hentry"],"ticketed":false,"post_mailing_queue_ids":[],"_links":{"self":[{"href":"https:\/\/13muz.eu\/en\/wp-json\/wp\/v2\/pages\/76","targetHints":{"allow":["GET"]}}],"collection":[{"href":"https:\/\/13muz.eu\/en\/wp-json\/wp\/v2\/pages"}],"about":[{"href":"https:\/\/13muz.eu\/en\/wp-json\/wp\/v2\/types\/page"}],"author":[{"embeddable":true,"href":"https:\/\/13muz.eu\/en\/wp-json\/wp\/v2\/users\/1"}],"replies":[{"embeddable":true,"href":"https:\/\/13muz.eu\/en\/wp-json\/wp\/v2\/comments?post=76"}],"version-history":[{"count":0,"href":"https:\/\/13muz.eu\/en\/wp-json\/wp\/v2\/pages\/76\/revisions"}],"wp:attachment":[{"href":"https:\/\/13muz.eu\/en\/wp-json\/wp\/v2\/media?parent=76"}],"curies":[{"name":"wp","href":"https:\/\/api.w.org\/{rel}","templated":true}]}}