{"id":72,"date":"2017-12-07T11:09:23","date_gmt":"2017-12-07T11:09:23","guid":{"rendered":"http:\/\/test.13muz.eu\/?page_id=72"},"modified":"2023-11-29T13:42:55","modified_gmt":"2023-11-29T12:42:55","slug":"inspektor-jass-na-tropie-jazz-z-historia-w-tle","status":"publish","type":"page","link":"https:\/\/13muz.eu\/en\/inspektor-jass-na-tropie-jazz-z-historia-w-tle\/","title":{"rendered":"Inspektor Jass na tropie. Jazz z histori\u0105 w tle"},"content":{"rendered":"<p style=\"text-align: justify;\"><strong><img loading=\"lazy\" decoding=\"async\" class=\"alignleft wp-image-13780\" src=\"http:\/\/test.13muz.eu\/wp-content\/uploads\/2018\/05\/Inspektor-Jass-1024x379.jpg\" alt=\"\" width=\"452\" height=\"167\" srcset=\"https:\/\/13muz.eu\/wp-content\/uploads\/2018\/05\/Inspektor-Jass-1024x379.jpg 1024w, https:\/\/13muz.eu\/wp-content\/uploads\/2018\/05\/Inspektor-Jass-300x111.jpg 300w, https:\/\/13muz.eu\/wp-content\/uploads\/2018\/05\/Inspektor-Jass-768x284.jpg 768w, https:\/\/13muz.eu\/wp-content\/uploads\/2018\/05\/Inspektor-Jass-400x148.jpg 400w, https:\/\/13muz.eu\/wp-content\/uploads\/2018\/05\/Inspektor-Jass.jpg 2048w\" sizes=\"auto, (max-width: 452px) 100vw, 452px\" \/><a href=\"https:\/\/13muz.eu\/rezydenci-tomasz-licak\/\" target=\"_blank\" rel=\"noopener\">Tomek Licak<\/a><\/strong>&nbsp;(Inspektor Jass) znany szczeci\u0144ski muzyk i nauczyciel akademicki Akademii Sztuki, cz\u0142onek stowarzyszenia SZOK &#8211; Szczeci\u0144ska Offensywa Kulturalna,&nbsp;zaprasza na cykl comiesi\u0119cznych spotka\u0144 z jazzem. Materia\u0142 muzyczny na ka\u017cdym spotkaniu jest inny, r\u00f3\u017cne s\u0105 r\u00f3wnie\u017c sk\u0142ady muzyk\u00f3w, a sam\u0105 muzyk\u0119 Tomek ubarwia ciekawymi opowie\u015bciami.<\/p>\n<p style=\"text-align: justify;\"><em>\u201e &#8230;Podobno pod koniec XIX wieku w\u015br\u00f3d nowoorlea\u0144skich dok\u00f3w i szemranych dzielnic, w wielokulturowym tyglu, eksplodowa\u0142a nowa si\u0142a\u2026 jazz. Od tamtego czasu gatunek ten ewoluowa\u0142, ulegaj\u0105c wp\u0142ywom spo\u0142ecznym, kulturowym, a nawet politycznym, aby w ostatnich latach zosta\u0107 wpisanym na \u015bwiatow\u0105 list\u0119 dziedzictwa UNESCO. Dzi\u015b grany jest na ca\u0142ym \u015bwiecie, w wielkich salach koncertowych, ma\u0142ych klubach i na ulicach miast. Niezale\u017cnie od miejsca, w kt\u00f3rym si\u0119 pojawia, si\u0142a improwizacji sprawia, \u017ce jazz jest muzyk\u0105 pe\u0142n\u0105 \u017cycia, kt\u00f3ra niezmiennie przyci\u0105ga do siebie artyst\u00f3w i odbiorc\u00f3w.<\/em><\/p>\n<p style=\"text-align: justify;\"><em><img loading=\"lazy\" decoding=\"async\" class=\"alignright wp-image-13781\" src=\"http:\/\/test.13muz.eu\/wp-content\/uploads\/2018\/05\/06.02.Licak_.jpg\" alt=\"\" width=\"274\" height=\"280\" srcset=\"https:\/\/13muz.eu\/wp-content\/uploads\/2018\/05\/06.02.Licak_.jpg 931w, https:\/\/13muz.eu\/wp-content\/uploads\/2018\/05\/06.02.Licak_-294x300.jpg 294w, https:\/\/13muz.eu\/wp-content\/uploads\/2018\/05\/06.02.Licak_-768x784.jpg 768w, https:\/\/13muz.eu\/wp-content\/uploads\/2018\/05\/06.02.Licak_-400x409.jpg 400w\" sizes=\"auto, (max-width: 274px) 100vw, 274px\" \/>Przygotowali\u015bmy dla Pa\u0144stwa cykl koncert\u00f3w, podczas kt\u00f3rego udamy si\u0119 wsp\u00f3lnie na poszukiwania najciekawszych jazzowych historii. Zapu\u015bcimy si\u0119 w nieznane dot\u0105d rejony, by odpowiedzie\u0107 na pytania takie jak: czym r\u00f3\u017cni si\u0119 bop od swingu i dlaczego Lee Morgan zosta\u0142 zastrzelony podczas sol\u00f3wki.&#8221; &#8211; Tomasz Licak<\/em><\/p>\n<p style=\"text-align: justify;\">Cykl skierowany do mi\u0142o\u015bnik\u00f3w jazzu, student\u00f3w i muzyk\u00f3w, dla wszystkich, kt\u00f3rzy wsp\u00f3lnie z nami chc\u0105 zg\u0142\u0119bia\u0107 histori\u0119 jazzu.<\/p>\n<p><strong>Termin najbli\u017cszego koncertu wraz z opisem znajduje si\u0119 w <a href=\"https:\/\/13muz.eu\" target=\"_blank\" rel=\"noopener noreferrer\">AKTUALNO\u015aCIACH<\/a> na stronie g\u0142\u00f3wnej &#8211; serdecznie zapraszamy!<\/strong><\/p>\n<p>Tomasz Licak zosta\u0142 wyr\u00f3\u017cniony honorowym tytu\u0142em <strong>\u201eAmbasador Szczecina\u201d<\/strong> 2021.<\/p>\n","protected":false},"excerpt":{"rendered":"<p>Tomek Licak&nbsp;(Inspektor Jass) znany szczeci\u0144ski muzyk i nauczyciel akademicki Akademii Sztuki, cz\u0142onek stowarzyszenia SZOK &#8211; Szczeci\u0144ska Offensywa Kulturalna,&nbsp;zaprasza na cykl comiesi\u0119cznych spotka\u0144 z jazzem. Materia\u0142 muzyczny na ka\u017cdym spotkaniu jest inny, r\u00f3\u017cne s\u0105 r\u00f3wnie\u017c sk\u0142ady muzyk\u00f3w, a sam\u0105 muzyk\u0119 Tomek ubarwia ciekawymi opowie\u015bciami. \u201e &#8230;Podobno pod koniec XIX wieku w\u015br\u00f3d nowoorlea\u0144skich dok\u00f3w i szemranych dzielnic, w wielokulturowym tyglu, eksplodowa\u0142a nowa si\u0142a\u2026 jazz. Od tamtego czasu gatunek ten ewoluowa\u0142, ulegaj\u0105c wp\u0142ywom spo\u0142ecznym, kulturowym, a nawet politycznym, aby w ostatnich latach zosta\u0107 wpisanym na \u015bwiatow\u0105 list\u0119 dziedzictwa UNESCO. Dzi\u015b grany jest na ca\u0142ym \u015bwiecie, w wielkich salach koncertowych, ma\u0142ych klubach i na [&hellip;]<\/p>\n","protected":false},"author":1,"featured_media":0,"parent":0,"menu_order":0,"comment_status":"closed","ping_status":"closed","template":"","meta":{"ngg_post_thumbnail":0,"_price":"","_stock":"","_tribe_ticket_header":"","_tribe_default_ticket_provider":"","_ticket_start_date":"","_ticket_end_date":"","_tribe_ticket_show_description":"","_tribe_ticket_show_not_going":false,"_tribe_ticket_use_global_stock":"","_tribe_ticket_global_stock_level":"","_global_stock_mode":"","_global_stock_cap":"","_tribe_rsvp_for_event":"","_tribe_ticket_going_count":"","_tribe_ticket_not_going_count":"","_tribe_tickets_list":"[]","_tribe_ticket_has_attendee_info_fields":false,"footnotes":"","_tec_slr_enabled":"","_tec_slr_layout":""},"class_list":["post-72","page","type-page","status-publish","hentry"],"ticketed":false,"post_mailing_queue_ids":[],"_links":{"self":[{"href":"https:\/\/13muz.eu\/en\/wp-json\/wp\/v2\/pages\/72","targetHints":{"allow":["GET"]}}],"collection":[{"href":"https:\/\/13muz.eu\/en\/wp-json\/wp\/v2\/pages"}],"about":[{"href":"https:\/\/13muz.eu\/en\/wp-json\/wp\/v2\/types\/page"}],"author":[{"embeddable":true,"href":"https:\/\/13muz.eu\/en\/wp-json\/wp\/v2\/users\/1"}],"replies":[{"embeddable":true,"href":"https:\/\/13muz.eu\/en\/wp-json\/wp\/v2\/comments?post=72"}],"version-history":[{"count":0,"href":"https:\/\/13muz.eu\/en\/wp-json\/wp\/v2\/pages\/72\/revisions"}],"wp:attachment":[{"href":"https:\/\/13muz.eu\/en\/wp-json\/wp\/v2\/media?parent=72"}],"curies":[{"name":"wp","href":"https:\/\/api.w.org\/{rel}","templated":true}]}}