{"id":70,"date":"2017-12-07T11:08:44","date_gmt":"2017-12-07T11:08:44","guid":{"rendered":"http:\/\/test.13muz.eu\/?page_id=70"},"modified":"2023-11-17T14:24:41","modified_gmt":"2023-11-17T13:24:41","slug":"szczecinskie-wierszogranie","status":"publish","type":"page","link":"https:\/\/13muz.eu\/en\/szczecinskie-wierszogranie\/","title":{"rendered":"Szczeci\u0144skie Wierszogranie"},"content":{"rendered":"<p style=\"text-align: justify;\"><img loading=\"lazy\" decoding=\"async\" class=\"alignleft wp-image-13783\" src=\"http:\/\/test.13muz.eu\/wp-content\/uploads\/2018\/05\/wierszogranie-logo-500.jpg\" alt=\"\" width=\"271\" height=\"123\" srcset=\"https:\/\/13muz.eu\/wp-content\/uploads\/2018\/05\/wierszogranie-logo-500.jpg 500w, https:\/\/13muz.eu\/wp-content\/uploads\/2018\/05\/wierszogranie-logo-500-300x136.jpg 300w, https:\/\/13muz.eu\/wp-content\/uploads\/2018\/05\/wierszogranie-logo-500-400x182.jpg 400w\" sizes=\"auto, (max-width: 271px) 100vw, 271px\" \/>Cykl koncert\u00f3w pokazuj\u0105cy artyst\u00f3w zwi\u0105zanych z poezj\u0105 \u015bpiewan\u0105, piosenk\u0105 aktorsk\u0105, autorsk\u0105, a&nbsp;nawet morsk\u0105 (szanty, ballada \u017ceglarska) czy turystyczn\u0105.<\/p>\n<p style=\"text-align: justify;\">Pomys\u0142odawc\u0105 nazwy oraz ram cyklu jest <a href=\"https:\/\/13muz.eu\/waldemar-kulpa\/\" target=\"_blank\" rel=\"noopener\">Waldemar Kulpa<\/a>, tre\u015bci\u0105 od wielu lat wype\u0142nia go <a href=\"https:\/\/13muz.eu\/rezydenci-marek-kuc\/\" target=\"_blank\" rel=\"noopener\">Marek Kuc<\/a>, a o opraw\u0119 wizualn\u0105 i d\u017awi\u0119kow\u0105 dba <a href=\"https:\/\/13muz.eu\/rezydenci-dimitris-dymitriadis\/\" target=\"_blank\" rel=\"noopener\">Dimitris Dymitriadis<\/a>. To w\u0142a\u015bnie oni b\u0119d\u0105c si\u0142\u0105 nap\u0119dow\u0105 stowarzyszenia SZOK &#8211; Szczeci\u0144ska Offensywa Kulturalna zrobili ze Szczeci\u0144skiego Wierszogrania prawdziw\u0105 mark\u0119.<\/p>\n<p style=\"text-align: justify;\"><a href=\"https:\/\/13muz.eu\/stowarzyszenie-szok-szczecinska-offensywa-kulturalna\/\" target=\"_blank\" rel=\"noopener\"><img loading=\"lazy\" decoding=\"async\" class=\"alignright wp-image-13784\" src=\"http:\/\/test.13muz.eu\/wp-content\/uploads\/2018\/05\/szok-logo-500.jpg\" alt=\"\" width=\"177\" height=\"125\" srcset=\"https:\/\/13muz.eu\/wp-content\/uploads\/2018\/05\/szok-logo-500.jpg 500w, https:\/\/13muz.eu\/wp-content\/uploads\/2018\/05\/szok-logo-500-300x212.jpg 300w, https:\/\/13muz.eu\/wp-content\/uploads\/2018\/05\/szok-logo-500-400x283.jpg 400w\" sizes=\"auto, (max-width: 177px) 100vw, 177px\" \/><\/a>Szczeci\u0144skie Wierszogranie pokazuje raz w miesi\u0105cu, zawsze w poniedzia\u0142ek (cho\u0107 zdarzy\u0142y si\u0119 wyj\u0105tki), warto\u015bciowych artyst\u00f3w, niekoniecznie bardzo popularnych, niemniej jednak takich, dzi\u0119ki kt\u00f3rym widz wychodz\u0105c z koncertu stwierdzi, \u017ce by\u0142o warto\u2026<\/p>\n<p style=\"text-align: justify;\">Autorzy przybli\u017caj\u0105 takich artyst\u00f3w szczeci\u0144skiej publiczno\u015bci, przybli\u017caj\u0105 warto\u015bci, kt\u00f3re niesie to, z czym staj\u0105 na scenie przed widzami. W\u015br\u00f3d planowanych wydarze\u0144 s\u0105 koncerty bardzo uznanych artyst\u00f3w, kt\u00f3rzy na scenie wyst\u0119puj\u0105 od 20, 30 lat, ale r\u00f3wnie\u017c takich, kt\u00f3rzy s\u0105 wielk\u0105 nadziej\u0105 w\/w nurt\u00f3w muzycznych.<\/p>\n<p style=\"text-align: justify;\">Do tej pory w tym cyklu wyst\u0105pili: Brytyjczyk Kev Fox, Marta Andrzejczyk, Pawe\u0142 Orkisz, Do G\u00f3ry Dnem, Sounds Grape oraz szczeci\u0144ski zesp\u00f3\u0142 Nad Porami Roku.<\/p>\n<p style=\"text-align: justify;\">W klubie Kontrasty ponadto wyst\u0119powali r\u00f3wnie\u017c: Sklep z Ptasimi Pi\u00f3rami, Szymon Zychowicz i Piotr Wo\u017aniak, ale koncerty te nie by\u0142y obj\u0119te cyklem Szczeci\u0144skie Wierszogranie. Wcze\u015bniej odbywa\u0142y si\u0119 koncerty zwi\u0105zane z klimatem tzw. \u201eKrainy \u0141agodno\u015bci\u201d. Scen\u0119 Kontrast\u00f3w odwiedzali: Mariusz Lubomski, Grzegorz Tomczak, Marek Majewski, Emilian Kami\u0144ski, Anna Treter, zespo\u0142y Bez Jacka, S\u0142odki Ca\u0142us od Buby i wielu innych.<\/p>\n<p style=\"text-align: justify;\">Po likwidacji SCK Kontrasty cykl znalaz\u0142 nowy dom pod dachem Rocker Club`u, gdzie zrealizowano&nbsp; koncerty zespo\u0142\u00f3w: Wolna Grupa Bukowina oraz Nad Porami Roku, a tak\u017ce koncert Tolka Murackiego.<\/p>\n<p style=\"text-align: justify;\">Pod koniec 2013 roku cykl wraz z Waldkiem Kulp\u0105 znalaz\u0142 kolejn\u0105 kulturaln\u0105 przysta\u0144 w Klubie Muzycznym Browar Polski. Ponownie zagra\u0142 zesp\u00f3\u0142 Nad Porami Roku, a tak\u017ce Piotr Bukartyk. W roku 2014 regularnie grali\u015bmy dalej, wyst\u0105pili na naszej scenie: Krzysztof Jurkiewicz i Jacek Jakubowski, Waldemar Chyli\u0144ski i Adam Dr\u0105g, Marek Andrzejewski, U Studni i Do G\u00f3ry Dnem, Jan B\u0142yszczak &#8220;Mufka&#8221;, Wiem jak nie jest czyli Leoszewski Majem, Leonard Luther, Piotr Wo\u017aniak i Waldek Mieczkowski. W 2015 zagrali kolejno: Bogus\u0142aw Nowicki, Mikroklimat, Do G\u00f3ry Dnem, Nad Porami Roku, Tadeusz Wo\u017aniak, El\u017cbieta Adamiak, Antoni Muracki, U Studni. W 2016 wyst\u0105pili: Jan Kondrak, Formacja, Bez Jacka, Marek Andrzejewski, Kostka Cukru, Lubelska Federacja Bard\u00f3w.&nbsp;<\/p>\n<p style=\"text-align: justify;\">Od lutego 2017 Szczeci\u0144skie Wierszogranie znalaz\u0142o przysta\u0144 w przepi\u0119knej Sali Kominkowej Domu Kultury \u201e13 Muz\u201d. Tu wyst\u0105pili kolejno: Lech Dyblik, U Studni, Wac\u0142aw Juszczyszyn &amp; Wojciech Jaroci\u0144ski, DGD, \u0141azar &amp; Massier, Magda Piskorczyk, Jerzy Filar, Czarny Nosal, Do G\u00f3ry Dnem i przyjaciele z okazji 40-lecia zespo\u0142u, Dorota \u201eSowa\u201d Kuziela, Piotr Selim, Trio: Antoni Muracki (Polska), Ji\u0159\u00ed Vondr\u00e1k (Czechy) i Aleksiej Kudriawcew (Rosja), A gdyby tak i Bogus\u0142aw Nowicki, Lubelska Federacja Bard\u00f3w, Jan B\u0142yszczak \u201eMufka\u201d, Bez Idola, Waldemar Chyli\u0144ski, El\u017cbieta Adamiak, Piotr Bakal i Wszystkiego najlepszego, Hard Times, Irena Salwowska, Czerwony Tulipan, \u0141ukasz Majewski, Ryszard Leoszewski, Caryna, Ma\u0142gorzata Lipi\u0144ska, Duet Czarny Radzik, Robert Kasprzycki, Antoni Muracki, Bez Jacka, Wyspa, Mitro Dymitriadis, Bez Idola, Do G\u00f3ry Dnem z okazji 45-lecia zespo\u0142u, Jan Kondrak, Sklep z Ptasimi Pi\u00f3rami, Ponad Chmurami, Wszystkiego najlepszego, Tomasz Lewandowski, Tymczasem, Zbigniew Wojciechowicz, Piotr Selim i Hanna Lewandowska.<\/p>\n<p style=\"text-align: justify;\">Dzi\u0119ki dobrej wsp\u00f3\u0142pracy Stowarzyszenia SZOK oraz Domu Kultury \u201e13 Muz\u201d zainteresowanie publiczno\u015bci nie maleje, a i samych artyst\u00f3w ch\u0119tnych na spotkanie z entuzjastami \u0142agodnych d\u017awi\u0119k\u00f3w z dobrym tekstem, nie brakuje.<\/p>\n<p style=\"text-align: justify;\">Szczeci\u0144skie Wierszogranie nie mog\u0142oby istnie\u0107, gdyby nie wsparcie w pierwszej fazie jego istnienia, Wydzia\u0142u Kultury i Ochrony Zabytk\u00f3w Urz\u0119du Miasta Szczecin, gdyby nie programowe i duchowe wsparcie Marka Kuca z zespo\u0142u Do G\u00f3ry Dnem i wreszcie, gdyby nie osobiste zaanga\u017cowanie i czuwanie nad odpowiedni\u0105 form\u0105 wydarzenia Mitra Dymitriadisa oraz samego pomys\u0142odawcy cyklu Waldka Kulpy.<\/p>\n<p style=\"text-align: justify;\">Pierwsze spotkanie cyklu Szczeci\u0144skie Wierszogranie odby\u0142o si\u0119 06.09.2010 r.<\/p>\n<p><strong>Termin najbli\u017cszego koncertu wraz z opisem znajduje si\u0119 w <a href=\"https:\/\/13muz.eu\" target=\"_blank\" rel=\"noopener noreferrer\">AKTUALNO\u015aCIACH<\/a> na stronie g\u0142\u00f3wnej &#8211; serdecznie zapraszamy!<\/strong><\/p>\n","protected":false},"excerpt":{"rendered":"<p>Cykl koncert\u00f3w pokazuj\u0105cy artyst\u00f3w zwi\u0105zanych z poezj\u0105 \u015bpiewan\u0105, piosenk\u0105 aktorsk\u0105, autorsk\u0105, a&nbsp;nawet morsk\u0105 (szanty, ballada \u017ceglarska) czy turystyczn\u0105. Pomys\u0142odawc\u0105 nazwy oraz ram cyklu jest Waldemar Kulpa, tre\u015bci\u0105 od wielu lat wype\u0142nia go Marek Kuc, a o opraw\u0119 wizualn\u0105 i d\u017awi\u0119kow\u0105 dba Dimitris Dymitriadis. To w\u0142a\u015bnie oni b\u0119d\u0105c si\u0142\u0105 nap\u0119dow\u0105 stowarzyszenia SZOK &#8211; Szczeci\u0144ska Offensywa Kulturalna zrobili ze Szczeci\u0144skiego Wierszogrania prawdziw\u0105 mark\u0119. Szczeci\u0144skie Wierszogranie pokazuje raz w miesi\u0105cu, zawsze w poniedzia\u0142ek (cho\u0107 zdarzy\u0142y si\u0119 wyj\u0105tki), warto\u015bciowych artyst\u00f3w, niekoniecznie bardzo popularnych, niemniej jednak takich, dzi\u0119ki kt\u00f3rym widz wychodz\u0105c z koncertu stwierdzi, \u017ce by\u0142o warto\u2026 Autorzy przybli\u017caj\u0105 takich artyst\u00f3w szczeci\u0144skiej publiczno\u015bci, przybli\u017caj\u0105 warto\u015bci, [&hellip;]<\/p>\n","protected":false},"author":1,"featured_media":0,"parent":0,"menu_order":0,"comment_status":"closed","ping_status":"closed","template":"","meta":{"ngg_post_thumbnail":0,"_price":"","_stock":"","_tribe_ticket_header":"","_tribe_default_ticket_provider":"","_ticket_start_date":"","_ticket_end_date":"","_tribe_ticket_show_description":"","_tribe_ticket_show_not_going":false,"_tribe_ticket_use_global_stock":"","_tribe_ticket_global_stock_level":"","_global_stock_mode":"","_global_stock_cap":"","_tribe_rsvp_for_event":"","_tribe_ticket_going_count":"","_tribe_ticket_not_going_count":"","_tribe_tickets_list":"[]","_tribe_ticket_has_attendee_info_fields":false,"footnotes":"","_tec_slr_enabled":"","_tec_slr_layout":""},"class_list":["post-70","page","type-page","status-publish","hentry"],"ticketed":false,"post_mailing_queue_ids":[],"_links":{"self":[{"href":"https:\/\/13muz.eu\/en\/wp-json\/wp\/v2\/pages\/70","targetHints":{"allow":["GET"]}}],"collection":[{"href":"https:\/\/13muz.eu\/en\/wp-json\/wp\/v2\/pages"}],"about":[{"href":"https:\/\/13muz.eu\/en\/wp-json\/wp\/v2\/types\/page"}],"author":[{"embeddable":true,"href":"https:\/\/13muz.eu\/en\/wp-json\/wp\/v2\/users\/1"}],"replies":[{"embeddable":true,"href":"https:\/\/13muz.eu\/en\/wp-json\/wp\/v2\/comments?post=70"}],"version-history":[{"count":0,"href":"https:\/\/13muz.eu\/en\/wp-json\/wp\/v2\/pages\/70\/revisions"}],"wp:attachment":[{"href":"https:\/\/13muz.eu\/en\/wp-json\/wp\/v2\/media?parent=70"}],"curies":[{"name":"wp","href":"https:\/\/api.w.org\/{rel}","templated":true}]}}