{"id":69738,"date":"2025-10-17T15:09:25","date_gmt":"2025-10-17T13:09:25","guid":{"rendered":"https:\/\/13muz.eu\/?page_id=69738"},"modified":"2025-12-11T14:23:28","modified_gmt":"2025-12-11T13:23:28","slug":"magdalena-figura-joga-dla-seniorow-oraz-jogo-pilates","status":"publish","type":"page","link":"https:\/\/13muz.eu\/en\/magdalena-figura-joga-dla-seniorow-oraz-jogo-pilates\/","title":{"rendered":"Magdalena Figura &#8211; Joga dla Senior\u00f3w oraz Jogo-pilates"},"content":{"rendered":"<p style=\"text-align: justify;\"><img loading=\"lazy\" decoding=\"async\" class=\"size-medium wp-image-68809 alignleft\" src=\"https:\/\/13muz.eu\/wp-content\/uploads\/2025\/09\/04.10.2025-Joga-dla-Seniorow-w-ramach-wydarzenia-Weekend-seniora-z-kultura-1920-225x300.jpg\" alt=\"\" width=\"225\" height=\"300\" srcset=\"https:\/\/13muz.eu\/wp-content\/uploads\/2025\/09\/04.10.2025-Joga-dla-Seniorow-w-ramach-wydarzenia-Weekend-seniora-z-kultura-1920-225x300.jpg 225w, https:\/\/13muz.eu\/wp-content\/uploads\/2025\/09\/04.10.2025-Joga-dla-Seniorow-w-ramach-wydarzenia-Weekend-seniora-z-kultura-1920-768x1024.jpg 768w, https:\/\/13muz.eu\/wp-content\/uploads\/2025\/09\/04.10.2025-Joga-dla-Seniorow-w-ramach-wydarzenia-Weekend-seniora-z-kultura-1920-1152x1536.jpg 1152w, https:\/\/13muz.eu\/wp-content\/uploads\/2025\/09\/04.10.2025-Joga-dla-Seniorow-w-ramach-wydarzenia-Weekend-seniora-z-kultura-1920-1536x2048.jpg 1536w, https:\/\/13muz.eu\/wp-content\/uploads\/2025\/09\/04.10.2025-Joga-dla-Seniorow-w-ramach-wydarzenia-Weekend-seniora-z-kultura-1920-400x533.jpg 400w, https:\/\/13muz.eu\/wp-content\/uploads\/2025\/09\/04.10.2025-Joga-dla-Seniorow-w-ramach-wydarzenia-Weekend-seniora-z-kultura-1920.jpg 1920w\" sizes=\"auto, (max-width: 225px) 100vw, 225px\" \/><\/p>\n<p style=\"text-align: justify;\"><em>\u201eJestem pasjonatk\u0105 zdrowego stylu \u017cycia, psychologii pozytywnej, szukania w nim balansu, osi\u0105gam to poprzez praktyk\u0119 jogi, medytacje, aromaterapi\u0119, refleksologi\u0119, pozytywne nastawienie do \u017cycia, \u015bwiata i ludzi.<\/em><\/p>\n<p style=\"text-align: justify;\"><em>&nbsp;<\/em><em>Uwielbiam motywowa\u0107 innych i odnajdowa\u0107 w nich rado\u015b\u0107 \u017cycia. Od 10. lat praktykuj\u0119 jog\u0119 wg metody Iyengara, Yin i czakraln\u0105 &#8211; prowadz\u0119 j\u0105 na warsztatach dla kobiet i m\u0119\u017cczyzn.&nbsp; Prowadz\u0119 warsztaty w Polsce i za granic\u0105 (jedno i kilkudniowe) dotycz\u0105ce rozwoju osobistego, motywacyjne w celu odnalezienia swojego sensu istnienia, planu duszy lub po prostu odstresowania si\u0119 od tego co w \u017cyciu codziennym, po to, \u017ceby \u017cy\u0107 w zdrowiu i dobrostanie we wszystkich sferach \u017cycia\u201d <\/em>&#8211; Magdalena Figura<\/p>\n<p style=\"text-align: justify;\">Posiadam certyfikaty z kurs\u00f3w:<br \/>\n&#8211; Intro Classic Yoga oraz Yin Joga<br \/>\n&#8211; akademia dietetyki klasycznej oraz profilaktycznej i leczniczej wg tradycyjnej medycyny chi\u0144skiej<br \/>\n&#8211; zastosowania refleksologii w praktyce terapeutycznej<br \/>\n&#8211; liftinguj\u0105cy masa\u017c kobido oraz kinesiotaping estetyczny twarzy, masa\u017c twarzy ba\u0144k\u0105 chi\u0144sk\u0105<br \/>\n&#8211; trener \u015bwiadomego oddechu<br \/>\n&#8211; trener metody Soul body Fusion<br \/>\n&#8211; instruktor Rekreacji Ruchowej Techniki Relaksacyjne<\/p>\n<p style=\"text-align: justify;\">Zapraszam na zaj\u0119cia:<br \/>\n&#8211; <a href=\"https:\/\/13muz.eu\/joga-dla-seniorow\/\" target=\"_blank\" rel=\"noopener\"><strong>Joga dla Senior\u00f3w<\/strong><\/a> \/ poniedzia\u0142ki i czwartki \/ poniedzia\u0142ki o godz. 17:30 zaj\u0119cia p\u0142atne \/ czwartki o godz. 18:00 zaj\u0119cia bezp\u0142atne \/ obowi\u0105zuj\u0105 zapisy<br \/>\n&#8211; <a href=\"https:\/\/13muz.eu\/jogo-pilates\/\" target=\"_blank\" rel=\"noopener\"><strong>Jogo-pilates<\/strong><\/a> \/ czwartki o godz. 19:00 \/ obowi\u0105zuj\u0105 zapisy<\/p>\n","protected":false},"excerpt":{"rendered":"<p>\u201eJestem pasjonatk\u0105 zdrowego stylu \u017cycia, psychologii pozytywnej, szukania w nim balansu, osi\u0105gam to poprzez praktyk\u0119 jogi, medytacje, aromaterapi\u0119, refleksologi\u0119, pozytywne nastawienie do \u017cycia, \u015bwiata i ludzi. &nbsp;Uwielbiam motywowa\u0107 innych i odnajdowa\u0107 w nich rado\u015b\u0107 \u017cycia. Od 10. lat praktykuj\u0119 jog\u0119 wg metody Iyengara, Yin i czakraln\u0105 &#8211; prowadz\u0119 j\u0105 na warsztatach dla kobiet i m\u0119\u017cczyzn.&nbsp; Prowadz\u0119 warsztaty w Polsce i za granic\u0105 (jedno i kilkudniowe) dotycz\u0105ce rozwoju osobistego, motywacyjne w celu odnalezienia swojego sensu istnienia, planu duszy lub po prostu odstresowania si\u0119 od tego co w \u017cyciu codziennym, po to, \u017ceby \u017cy\u0107 w zdrowiu i dobrostanie we wszystkich sferach \u017cycia\u201d [&hellip;]<\/p>\n","protected":false},"author":4,"featured_media":0,"parent":0,"menu_order":0,"comment_status":"closed","ping_status":"closed","template":"","meta":{"ngg_post_thumbnail":0,"_price":"","_stock":"","_tribe_ticket_header":"","_tribe_default_ticket_provider":"","_ticket_start_date":"","_ticket_end_date":"","_tribe_ticket_show_description":"","_tribe_ticket_show_not_going":false,"_tribe_ticket_use_global_stock":"","_tribe_ticket_global_stock_level":"","_global_stock_mode":"","_global_stock_cap":"","_tribe_rsvp_for_event":"","_tribe_ticket_going_count":"","_tribe_ticket_not_going_count":"","_tribe_tickets_list":"[]","_tribe_ticket_has_attendee_info_fields":false,"footnotes":"","_tec_slr_enabled":"","_tec_slr_layout":""},"class_list":["post-69738","page","type-page","status-publish","hentry"],"ticketed":false,"post_mailing_queue_ids":[],"_links":{"self":[{"href":"https:\/\/13muz.eu\/en\/wp-json\/wp\/v2\/pages\/69738","targetHints":{"allow":["GET"]}}],"collection":[{"href":"https:\/\/13muz.eu\/en\/wp-json\/wp\/v2\/pages"}],"about":[{"href":"https:\/\/13muz.eu\/en\/wp-json\/wp\/v2\/types\/page"}],"author":[{"embeddable":true,"href":"https:\/\/13muz.eu\/en\/wp-json\/wp\/v2\/users\/4"}],"replies":[{"embeddable":true,"href":"https:\/\/13muz.eu\/en\/wp-json\/wp\/v2\/comments?post=69738"}],"version-history":[{"count":0,"href":"https:\/\/13muz.eu\/en\/wp-json\/wp\/v2\/pages\/69738\/revisions"}],"wp:attachment":[{"href":"https:\/\/13muz.eu\/en\/wp-json\/wp\/v2\/media?parent=69738"}],"curies":[{"name":"wp","href":"https:\/\/api.w.org\/{rel}","templated":true}]}}