{"id":69724,"date":"2025-10-17T12:14:36","date_gmt":"2025-10-17T10:14:36","guid":{"rendered":"https:\/\/13muz.eu\/?page_id=69724"},"modified":"2025-10-17T12:23:56","modified_gmt":"2025-10-17T10:23:56","slug":"trio-animato","status":"publish","type":"page","link":"https:\/\/13muz.eu\/en\/trio-animato\/","title":{"rendered":"\u201eTRIO ANIMATO\u201d"},"content":{"rendered":"<p><img loading=\"lazy\" decoding=\"async\" class=\"size-medium wp-image-69725 alignleft\" src=\"https:\/\/13muz.eu\/wp-content\/uploads\/2025\/10\/Trio-Animato_20250607_112850-225x300.jpg\" alt=\"\" width=\"225\" height=\"300\" srcset=\"https:\/\/13muz.eu\/wp-content\/uploads\/2025\/10\/Trio-Animato_20250607_112850-225x300.jpg 225w, https:\/\/13muz.eu\/wp-content\/uploads\/2025\/10\/Trio-Animato_20250607_112850-768x1024.jpg 768w, https:\/\/13muz.eu\/wp-content\/uploads\/2025\/10\/Trio-Animato_20250607_112850-1152x1536.jpg 1152w, https:\/\/13muz.eu\/wp-content\/uploads\/2025\/10\/Trio-Animato_20250607_112850-1536x2048.jpg 1536w, https:\/\/13muz.eu\/wp-content\/uploads\/2025\/10\/Trio-Animato_20250607_112850-400x533.jpg 400w, https:\/\/13muz.eu\/wp-content\/uploads\/2025\/10\/Trio-Animato_20250607_112850.jpg 1920w\" sizes=\"auto, (max-width: 225px) 100vw, 225px\" \/><\/p>\n<p style=\"text-align: justify;\">Za\u0142o\u017cone w 1978 roku w Szczecinie <strong>\u201eTRIO ANIMATO\u201d<\/strong> to zesp\u00f3\u0142 unikatowy o bogatym dorobku artystycznym, b\u0119d\u0105cy sta\u0142ym go\u015bciem polskich i europejskich festiwali muzycznych. Dzia\u0142a aktywnie w kraju i zagranic\u0105 i jest zaliczany do \u015bcis\u0142ej czo\u0142\u00f3wki tego typu formacji na \u015bwiecie.<\/p>\n<p style=\"text-align: justify;\"><strong>\u201eTRIO ANIMATO\u201d<\/strong> posiada oryginalny styl wykonawczy bazuj\u0105cy na w\u0142asnych opracowaniach przeboj\u00f3w muzyki klasycznej i rozrywkowej. Dzi\u0119ki ambitnemu i wszechstronnemu repertuarowi muzycy tria zapraszani s\u0105 na presti\u017cowe wydarzenia muzyczne, m.in. go\u015bcili na Mi\u0119dzynarodowym Festiwalu im. Ignacego Jana Paderewskiego w Warszawie (2016) czy Festiwalu im Jana Kiepury w Krynicy Zdroju (2021). Jako go\u015bcie honorowi uczestniczyli w najwi\u0119kszym na \u015bwiecie Asia Pacific Harmonica Festival organizowanym po raz 14. w miejscowo\u015bci Jiangyin w Chinach (2024) oraz w 11th Seoul International Harmonica Festival w Korei Po\u0142udniowej (2025). Swoj\u0105 tw\u00f3rczo\u015b\u0107 prezentowali w renomowanych salach koncertowych wyst\u0119puj\u0105c m.in. w Filharmonii Narodowej w Warszawie, Filharmonii Szczeci\u0144skiej czy Filharmonii Narodowej we Lwowie.<\/p>\n<p style=\"text-align: justify;\">Zesp\u00f3\u0142 jest laureatem og\u00f3lnopolskich i mi\u0119dzynarodowych konkurs\u00f3w muzycznych, w 1996 roku zaj\u0105\u0142 II miejsce na European Harmonica Festival w Trossingen, a rok p\u00f3\u017aniej zwyci\u0119\u017cy\u0142 na odbywaj\u0105cym si\u0119 w tej samej miejscowo\u015bci presti\u017cowym World Harmonica Festival.<\/p>\n<p><img loading=\"lazy\" decoding=\"async\" class=\"size-medium wp-image-69727 alignright\" src=\"https:\/\/13muz.eu\/wp-content\/uploads\/2025\/10\/Trio-Animato_20250607_120915-300x225.jpg\" alt=\"\" width=\"300\" height=\"225\" srcset=\"https:\/\/13muz.eu\/wp-content\/uploads\/2025\/10\/Trio-Animato_20250607_120915-300x225.jpg 300w, https:\/\/13muz.eu\/wp-content\/uploads\/2025\/10\/Trio-Animato_20250607_120915-1024x768.jpg 1024w, https:\/\/13muz.eu\/wp-content\/uploads\/2025\/10\/Trio-Animato_20250607_120915-768x576.jpg 768w, https:\/\/13muz.eu\/wp-content\/uploads\/2025\/10\/Trio-Animato_20250607_120915-1536x1152.jpg 1536w, https:\/\/13muz.eu\/wp-content\/uploads\/2025\/10\/Trio-Animato_20250607_120915-400x300.jpg 400w, https:\/\/13muz.eu\/wp-content\/uploads\/2025\/10\/Trio-Animato_20250607_120915.jpg 1920w\" sizes=\"auto, (max-width: 300px) 100vw, 300px\" \/><\/p>\n<p style=\"text-align: justify;\">Obecnie cz\u0142onkowie grupy zasiadaj\u0105 w jury polskich i zagranicznych festiwali muzycznych po\u015bwi\u0119conych harmonijce ustnej.<\/p>\n<p style=\"text-align: justify;\"><strong>\u201eTRIO ANIMATO\u201d<\/strong> w&nbsp;sk\u0142adzie: <strong>Marek Jaroszy\u0144ski<\/strong> \u2013 harmonijka chromatyczna, <strong>Piotr Bieli\u0144ski<\/strong> \u2013 harmonijka akordowa oraz <strong>Piotr<\/strong> <strong>W\u0142odarczyk<\/strong> \u2013 harmonijka basowa prezentuje hity muzyki klasycznej i&nbsp;rozrywkowej w&nbsp;niespotykanych aran\u017cacjach na&nbsp;koncertowe harmonijki ustne. Z tych trzech zaledwie instrument\u00f3w muzycy grupy w brawurowy spos\u00f3b potrafi\u0105 wydoby\u0107 symfoniczne brzmienie i osi\u0105gn\u0105\u0107 pe\u0142ni\u0119 harmonii. Wyst\u0119py tria s\u0105 wyj\u0105tkow\u0105 okazj\u0105, aby przekona\u0107 si\u0119, \u017ce dzie\u0142a wielkich mistrz\u00f3w jak Fryderyk Chopin, Wolfgang Amadeusz Mozart czy Johann Sebastian Bach brzmi\u0105 w ich wykonaniu r\u00f3wnie fascynuj\u0105co co legendarne przeboje Czes\u0142awa Niemena, Franka Sinatry, czy Paula Anki.<\/p>\n<p style=\"text-align: justify;\">W swoim dorobku zesp\u00f3\u0142 ma kilka p\u0142yt kompaktowych z r\u00f3\u017cnorodn\u0105 muzyk\u0105, w tym ostatni album zatytu\u0142owany \u201eNiedzielni Milionerzy\u201d.<\/p>\n<p style=\"text-align: justify;\">Odwied\u017a nas na:<br \/>\n&#8211;&nbsp;<a href=\"http:\/\/www.animato.info.pl\" target=\"_blank\" rel=\"noopener\">www.animato.info.pl<\/a><br \/>\n&#8211; <a href=\"http:\/\/www.facebook.com\/animato1978\" target=\"_blank\" rel=\"noopener\">www.facebook.com\/animato1978<\/a><br \/>\n&#8211; <a href=\"http:\/\/www.youtube.com\/animato1978\" target=\"_blank\" rel=\"noopener\"><span style=\"font-family: 'Arial',sans-serif;\">www.youtube.com\/animato1978<\/span><\/a><\/p>\n<p><img loading=\"lazy\" decoding=\"async\" class=\"wp-image-69726 alignleft\" src=\"https:\/\/13muz.eu\/wp-content\/uploads\/2025\/10\/Trio-Animato_logo-1024x468.jpg\" alt=\"\" width=\"234\" height=\"107\" srcset=\"https:\/\/13muz.eu\/wp-content\/uploads\/2025\/10\/Trio-Animato_logo-1024x468.jpg 1024w, https:\/\/13muz.eu\/wp-content\/uploads\/2025\/10\/Trio-Animato_logo-300x137.jpg 300w, https:\/\/13muz.eu\/wp-content\/uploads\/2025\/10\/Trio-Animato_logo-768x351.jpg 768w, https:\/\/13muz.eu\/wp-content\/uploads\/2025\/10\/Trio-Animato_logo-1536x702.jpg 1536w, https:\/\/13muz.eu\/wp-content\/uploads\/2025\/10\/Trio-Animato_logo-400x183.jpg 400w, https:\/\/13muz.eu\/wp-content\/uploads\/2025\/10\/Trio-Animato_logo.jpg 1631w\" sizes=\"auto, (max-width: 234px) 100vw, 234px\" \/><\/p>\n","protected":false},"excerpt":{"rendered":"<p>Za\u0142o\u017cone w 1978 roku w Szczecinie \u201eTRIO ANIMATO\u201d to zesp\u00f3\u0142 unikatowy o bogatym dorobku artystycznym, b\u0119d\u0105cy sta\u0142ym go\u015bciem polskich i europejskich festiwali muzycznych. Dzia\u0142a aktywnie w kraju i zagranic\u0105 i jest zaliczany do \u015bcis\u0142ej czo\u0142\u00f3wki tego typu formacji na \u015bwiecie. \u201eTRIO ANIMATO\u201d posiada oryginalny styl wykonawczy bazuj\u0105cy na w\u0142asnych opracowaniach przeboj\u00f3w muzyki klasycznej i rozrywkowej. Dzi\u0119ki ambitnemu i wszechstronnemu repertuarowi muzycy tria zapraszani s\u0105 na presti\u017cowe wydarzenia muzyczne, m.in. go\u015bcili na Mi\u0119dzynarodowym Festiwalu im. Ignacego Jana Paderewskiego w Warszawie (2016) czy Festiwalu im Jana Kiepury w Krynicy Zdroju (2021). Jako go\u015bcie honorowi uczestniczyli w najwi\u0119kszym na \u015bwiecie Asia Pacific Harmonica [&hellip;]<\/p>\n","protected":false},"author":4,"featured_media":0,"parent":0,"menu_order":0,"comment_status":"closed","ping_status":"closed","template":"","meta":{"ngg_post_thumbnail":0,"_price":"","_stock":"","_tribe_ticket_header":"","_tribe_default_ticket_provider":"","_ticket_start_date":"","_ticket_end_date":"","_tribe_ticket_show_description":"","_tribe_ticket_show_not_going":false,"_tribe_ticket_use_global_stock":"","_tribe_ticket_global_stock_level":"","_global_stock_mode":"","_global_stock_cap":"","_tribe_rsvp_for_event":"","_tribe_ticket_going_count":"","_tribe_ticket_not_going_count":"","_tribe_tickets_list":"[]","_tribe_ticket_has_attendee_info_fields":false,"footnotes":"","_tec_slr_enabled":"","_tec_slr_layout":""},"class_list":["post-69724","page","type-page","status-publish","hentry"],"ticketed":false,"post_mailing_queue_ids":[],"_links":{"self":[{"href":"https:\/\/13muz.eu\/en\/wp-json\/wp\/v2\/pages\/69724","targetHints":{"allow":["GET"]}}],"collection":[{"href":"https:\/\/13muz.eu\/en\/wp-json\/wp\/v2\/pages"}],"about":[{"href":"https:\/\/13muz.eu\/en\/wp-json\/wp\/v2\/types\/page"}],"author":[{"embeddable":true,"href":"https:\/\/13muz.eu\/en\/wp-json\/wp\/v2\/users\/4"}],"replies":[{"embeddable":true,"href":"https:\/\/13muz.eu\/en\/wp-json\/wp\/v2\/comments?post=69724"}],"version-history":[{"count":0,"href":"https:\/\/13muz.eu\/en\/wp-json\/wp\/v2\/pages\/69724\/revisions"}],"wp:attachment":[{"href":"https:\/\/13muz.eu\/en\/wp-json\/wp\/v2\/media?parent=69724"}],"curies":[{"name":"wp","href":"https:\/\/api.w.org\/{rel}","templated":true}]}}