{"id":69657,"date":"2025-10-14T15:07:47","date_gmt":"2025-10-14T13:07:47","guid":{"rendered":"https:\/\/13muz.eu\/?page_id=69657"},"modified":"2026-05-04T12:21:39","modified_gmt":"2026-05-04T10:21:39","slug":"lecim-za-szczecin-lass-uns-jenseits-szczecin-fliegen","status":"publish","type":"page","link":"https:\/\/13muz.eu\/en\/lecim-za-szczecin-lass-uns-jenseits-szczecin-fliegen\/","title":{"rendered":"Lecim za Szczecin \/ Lass uns jenseits Szczecin fliegen"},"content":{"rendered":"<p style=\"text-align: justify;\"><img loading=\"lazy\" decoding=\"async\" class=\"alignnone size-large wp-image-70917\" src=\"https:\/\/13muz.eu\/wp-content\/uploads\/2025\/12\/28.01.2026-Lecim-za-Szczecin-Lass-uns-jenseits-Szczecin-fliegen-1920-1024x576.jpg\" alt=\"\" width=\"1024\" height=\"576\" srcset=\"https:\/\/13muz.eu\/wp-content\/uploads\/2025\/12\/28.01.2026-Lecim-za-Szczecin-Lass-uns-jenseits-Szczecin-fliegen-1920-1024x576.jpg 1024w, https:\/\/13muz.eu\/wp-content\/uploads\/2025\/12\/28.01.2026-Lecim-za-Szczecin-Lass-uns-jenseits-Szczecin-fliegen-1920-300x169.jpg 300w, https:\/\/13muz.eu\/wp-content\/uploads\/2025\/12\/28.01.2026-Lecim-za-Szczecin-Lass-uns-jenseits-Szczecin-fliegen-1920-768x432.jpg 768w, https:\/\/13muz.eu\/wp-content\/uploads\/2025\/12\/28.01.2026-Lecim-za-Szczecin-Lass-uns-jenseits-Szczecin-fliegen-1920-1536x864.jpg 1536w, https:\/\/13muz.eu\/wp-content\/uploads\/2025\/12\/28.01.2026-Lecim-za-Szczecin-Lass-uns-jenseits-Szczecin-fliegen-1920-400x225.jpg 400w, https:\/\/13muz.eu\/wp-content\/uploads\/2025\/12\/28.01.2026-Lecim-za-Szczecin-Lass-uns-jenseits-Szczecin-fliegen-1920.jpg 1920w\" sizes=\"auto, (max-width: 1024px) 100vw, 1024px\" \/><\/p>\n<p style=\"text-align: justify;\"><strong>PL<br \/>\n<\/strong>\u201eLecim za Szczecin \/ Lass uns jenseits Szczecin fliegen\u201d to cykl dziesi\u0119ciu trzydziestominutowych odcink\u00f3w, kt\u00f3re zabior\u0105 widz\u00f3w w podr\u00f3\u017c po najciekawszych miejscach po obu stronach granicy polsko-niemieckiej w promieniu godziny jazdy (poci\u0105giem, autobusem, samochodem oraz troch\u0119 d\u0142u\u017cej rowerem) od Szczecina.<\/p>\n<p style=\"text-align: justify;\">Podczas tych podr\u00f3\u017cy wsp\u00f3lnie b\u0119dziemy odkrywa\u0107 atrakcje turystyczne, kulturalne, architektoniczne, przyrodnicze, kulinarne\u2026 &#8211; poznawa\u0107 wsp\u00f3\u0142czesne oblicze Pomorza, w szczeg\u00f3lno\u015bci wojew\u00f3dztwa zachodniopomorskiego oraz kraj\u00f3w zwi\u0105zkowych: Brandenburgii i Meklemburgii-Pomorza Przedniego.<\/p>\n<p style=\"text-align: justify;\">Celem projektu jest inspirowanie do lokalnych podr\u00f3\u017cy, edukowanie i budowanie \u015bwiadomo\u015bci o transgranicznym charakterze naszego regionu.<\/p>\n<p style=\"text-align: justify;\">W my\u015bl s\u0142\u00f3w Stanis\u0142awa Jachowicza, polskiego poety, pedagoga, dzia\u0142acza charytatywnego, czo\u0142owego polskiego bajkopisarza: Cudze chwalicie \/ Swego nie znacie \/ Sami nie wiecie \/ Co posiadacie \u2013 pragniemy ukaza\u0107, jak wiele atrakcji mamy \u201etu\u017c za rogiem\u201d, bez konieczno\u015bci odbywania dalekich i m\u0119cz\u0105cych, a przede wszystkim kosztownych podr\u00f3\u017cy.<\/p>\n<p style=\"text-align: justify;\">Filmy b\u0119d\u0105 mia\u0142y swoj\u0105 premier\u0119, podobnie jak cykl \u201e<a href=\"https:\/\/13muz.eu\/temat-rzeka-thema-fluss\/\" target=\"_blank\" rel=\"noopener\">Temat Rzeka \/ Thema Fluss<\/a>\u201d, w Sali Kominkowej Domu Kultury \u201e13 Muz\u201d, za\u015b po oficjalnej premierze zostan\u0105 umieszczone i b\u0119d\u0105 dost\u0119pne bezp\u0142atnie dla szerokiej publiczno\u015bci na platformie online: <a href=\"https:\/\/www.youtube.com\/@DomKultury13Muz\/\" target=\"_blank\" rel=\"noopener\">youtube.com\/DomKultury13Muz<\/a>.<\/p>\n<p style=\"text-align: justify;\">Planowanym rezultatem projektu jest zwi\u0119kszenie \u015bwiadomo\u015bci lokalnej i transgranicznej, rozw\u00f3j turystyki oraz aktywizacja spo\u0142eczno\u015bci po obu stronach granicy dzi\u0119ki produkcji 10 odcink\u00f3w edukacyjno-promocyjnych, ukazuj\u0105cych wsp\u00f3lne dziedzictwo kulturowe, historyczne i przyrodnicze regionu przygranicznego.<\/p>\n<p>Projekt jest realizowany z <a href=\"https:\/\/pomerania.org.pl\/\" target=\"_blank\" rel=\"noopener\">Funduszu Ma\u0142ych Projekt\u00f3w<\/a> w ramach<a href=\"https:\/\/www.interreg6a.net\/pl\/\" target=\"_blank\" rel=\"noopener\"> Programu Wsp\u00f3\u0142pracy Interreg VI A Meklemburgia-Pomorze Przednie \/ Brandenburgia \/ Polska 2021-2027<\/a>.<\/p>\n<p style=\"text-align: justify;\">Zadanie finansowane przez <a href=\"https:\/\/szczecin.eu\/pl\" target=\"_blank\" rel=\"noopener\">Miasto Szczecin<\/a>.<\/p>\n<p style=\"text-align: justify;\">Organizator projektu: <a href=\"https:\/\/13muz.eu\/\" target=\"_blank\" rel=\"noopener\">Dom Kultury \u201e13 Muz\u201d<\/a><\/p>\n<p style=\"text-align: justify;\">Partnerem niemieckim projektu jest <a href=\"https:\/\/www.gemeinde-krackow.de\/\" target=\"_blank\" rel=\"noopener\">Gemeinde Krackow<\/a>.<\/p>\n<p style=\"text-align: justify;\">Koordynacja oraz zarz\u0105dzanie projektem: Maja Olendzka \/ Dom Kultury \u201e13 Muz\u201d<\/p>\n<p style=\"text-align: justify;\">Kwota dofinansowania: 38 900 EUR<\/p>\n<p style=\"text-align: justify;\"><strong><a href=\"https:\/\/13muz.eu\/event\/12-12-lecim-za-szczecin-wir-fliege-aus-stettin\/\" target=\"_blank\" rel=\"noopener\"><span style=\"text-decoration: underline;\">Spotkanie pierwsze<\/span><\/a> \/ 12.12.2025 pi\u0105tek g. 17:00<\/strong><\/p>\n<p>Premiera pierwszego odcinka: \u201eKamie\u0144 Pomorski \u2013 miasto z bogat\u0105 histori\u0105, katedra, legenda o gryfie i uzdrowiskowy charakter miejscowo\u015bci\u201d. \/ <a href=\"https:\/\/www.youtube.com\/watch?v=l7PgKtkJDiI\" target=\"_blank\" rel=\"noopener\"><strong>Zobacz ten odcinek na YT<\/strong><\/a><\/p>\n<p>Premiera drugiego odcinka: \u201eZamek Rycerski Podewils w Kr\u0105gu\u201d. \/ <a href=\"https:\/\/www.youtube.com\/watch?v=_aTXmxYIsEg\" target=\"_blank\" rel=\"noopener\"><strong>Zobacz ten odcinek na YT<\/strong><\/a><\/p>\n<p style=\"text-align: justify;\"><strong><a href=\"https:\/\/13muz.eu\/event\/28-01-lecim-za-szczecin-lass-uns-jenseits-szczecin-fliegen\/\" target=\"_blank\" rel=\"noopener\">Spotkanie drugie<\/a> \/ 28.01.2026 \u015broda g. 17:00<\/strong><\/p>\n<p>Premiera trzeciego odcinka: \u201eAnkershagen \u2013 miejsce zwi\u0105zane z odkrywc\u0105 Troi, Heinrichem Schliemannem, oraz jego fascynuj\u0105c\u0105 histori\u0105\u201d. \/ Zobacz ten odcinek na <a href=\"https:\/\/youtu.be\/ZAcZCfVMxKE\" target=\"_blank\" rel=\"noopener\">YouTubie<\/a>.<\/p>\n<p>Premiera czwartego odcinka: \u201eStolec, losy i le\u015bne \u00bbgroby\u00ab Ramin\u00f3w, Jasienica \u2013 tajemnicze historie dawnych mieszka\u0144c\u00f3w regionu\u201d. \/ Zobacz ten odcinek na <a href=\"https:\/\/youtu.be\/1WBqowJ-G60\" target=\"_blank\" rel=\"noopener\">YouTubie<\/a>.<\/p>\n<p style=\"text-align: justify;\"><strong><a href=\"https:\/\/13muz.eu\/event\/25-02-lecim-za-szczecin-lass-uns-jenseits-szczecin-fliegen\/\" target=\"_blank\" rel=\"noopener\">Spotkanie trzecie<\/a> \/ 25.02.2026 \u015broda g. 17:00<\/strong><\/p>\n<p>Premiera pi\u0105tego odcinka: \u201eGreifswald i Wolgast \u2013 hanzeatyckie dziedzictwo, porty, uniwersytet i wp\u0142ywy skandynawskie\u201d. \/&nbsp;<a href=\"https:\/\/www.youtube.com\/watch?v=1S6CwhyxzUY\" target=\"_blank\" rel=\"noopener\">Zobacz ten odcinek na YouTubie<\/a><\/p>\n<p>Premiera sz\u00f3stego odcinka: \u201eUeckerm\u00fcnde, Anklamer Stadtbruch, Stare i Nowe Warpno \u2013 urokliwe miasteczka, rezerwaty przyrody i nadmorski klimat\u201d. \/&nbsp;<strong><a href=\"https:\/\/youtu.be\/d4sGnvlDGdE\" target=\"_blank\" rel=\"noopener\">Zobacz ten odcinek na YT<\/a><\/strong><\/p>\n<p style=\"text-align: justify;\"><strong><a href=\"https:\/\/13muz.eu\/event\/25-03-lecim-za-szczecin-lass-uns-jenseits-szczecin-fliegen\/\" target=\"_blank\" rel=\"noopener\">Spotkanie czwarte<\/a> \/ 25.03.2026 \u015broda g. 17:00<\/strong><\/p>\n<p>Premiera si\u00f3dmego odcinka: \u201eNiederfinow, Oderberg, Chorin \u2013 imponuj\u0105ca podno\u015bnia statk\u00f3w, zabytkowe klasztory i industrialna historia Odry\u201d. \/ <a href=\"https:\/\/www.youtube.com\/watch?v=aOdpsyJmbl4&#038;feature=youtu.be\" target=\"_blank\" rel=\"noopener\">Zobacz ten odcinek na YT<\/a><\/p>\n<p>Premiera \u00f3smego odcinka: \u201eD\u0142uga historia Pa\u0142acu Br\u00f6llin i jego nowe oblicze\u201d. \/&nbsp;<a href=\"https:\/\/youtu.be\/aKcqECDQfyM\" target=\"_blank\" rel=\"noopener\">Zobacz ten odcinek na YT<\/a><\/p>\n<p style=\"text-align: justify;\"><strong><a href=\"https:\/\/13muz.eu\/event\/22-04-lecim-za-szczecin-lass-uns-jenseits-szczecin-fliegen\/\" target=\"_blank\" rel=\"noopener\">Spotkanie pi\u0105te<\/a> \/ 22.04.2026 \u015broda g. 17:00<\/strong><\/p>\n<p>Premiera dziewi\u0105tego odcinka: \u201eKrackow \u2013 kapliczka w Battinsthal i muzeum oldtimer\u00f3w \u2013 fascynuj\u0105ce zabytki i pasja do motoryzacji\u201d. \/ Wkr\u00f3tce na <a href=\"http:\/\/youtube.com\/DomKultury13Muz\" target=\"_blank\" rel=\"noopener\">YouTubie<\/a>.<\/p>\n<p>Premiera dziesi\u0105tego odcinka: \u201eCzarnocin i okolica \u2013 pi\u0119kne tereny nad Zalewem Szczeci\u0144skim, dzika przyroda, ptasie rezerwaty i lokalna historia\u201d. \/ Wkr\u00f3tce na <a href=\"http:\/\/youtube.com\/DomKultury13Muz\" target=\"_blank\" rel=\"noopener\">YouTubie<\/a>.<\/p>\n<p style=\"text-align: justify;\">Miejsce: Sala Kominkowa<\/p>\n<p style=\"text-align: justify;\">Wst\u0119p wolny<\/p>\n<p style=\"text-align: justify;\"><strong>DE<br \/>\n<\/strong>\u201eLass uns jenseits Szczecin fliegen \/ Lecim za Szczecin\u201d ist eine Serie von zehn 30-min\u00fctigen Episoden, die die Zuschauer auf eine Reise zu den interessantesten Orten auf beiden Seiten der polnisch-deutschen Grenze im Umkreis von einer Stunde Fahrt (mit dem Zug, Bus, Auto und etwas l\u00e4nger mit dem Fahrrad) von Stettin mitnehmen.<\/p>\n<p style=\"text-align: justify;\">W\u00e4hrend dieser Reisen werden wir gemeinsam touristische, kulturelle, architektonische, naturkundliche und kulinarische Attraktionen entdecken und das heutige Gesicht Pommerns kennenlernen, insbesondere das der Woiwodschaft Westpommern und der Bundesl\u00e4nder Brandenburg und Mecklenburg-Vorpommern.<\/p>\n<p style=\"text-align: justify;\">Ziel des Projekts ist es, zu lokalen Reisen anzuregen, zu informieren und ein Bewusstsein f\u00fcr den grenz\u00fcberschreitenden Charakter unserer Region zu schaffen.<\/p>\n<p style=\"text-align: justify;\">Mit den Worten von Stanis\u0142aw Jachowicz, polnischer Dichter, P\u00e4dagoge, Wohlt\u00e4tigkeitsaktivist und f\u00fchrender polnischer M\u00e4rchenschriftsteller: Ihr lobt das Fremde \/ Ihr kennt das Eigene nicht \/ Ihr wisst selbst nicht \/ Was ihr habt \u2013 m\u00f6chten wir zeigen, wie viele Attraktionen wir \u201egleich um die Ecke\u201d haben, ohne dass wir weite, anstrengende und vor allem kostspielige Reisen unternehmen m\u00fcssen.<\/p>\n<p style=\"text-align: justify;\">Die Filme werden, ebenso wie die Reihe \u201e<a href=\"https:\/\/13muz.eu\/temat-rzeka-thema-fluss\/\" target=\"_blank\" rel=\"noopener\">Thema Fluss \/ Temat Rzeka<\/a>\u201d \/, im Kaminzimmer des Kulturhauses \u201e13 Muz\u201d ihre Premiere feiern und nach der offiziellen Premiere auf der Online-Plattform <a href=\"https:\/\/www.youtube.com\/@DomKultury13Muz\/\" target=\"_blank\" rel=\"noopener\">youtube.com\/DomKultury13Muz<\/a> kostenlos f\u00fcr ein breites Publikum verf\u00fcgbar sein.<\/p>\n<p style=\"text-align: justify;\">Das geplante Ergebnis des Projekts ist die Steigerung des lokalen und grenz\u00fcberschreitenden Bewusstseins, die Entwicklung des Tourismus und die Aktivierung der Gemeinden auf beiden Seiten der Grenze durch die Produktion von 10 Bildungs- und Werbefilmen, die das gemeinsame kulturelle, historische und nat\u00fcrliche Erbe der Grenzregion zeigen.<\/p>\n<p style=\"text-align: justify;\">Das Projekt wird aus Mitteln des <a href=\"https:\/\/pomerania.org.pl\/\" target=\"_blank\" rel=\"noopener\">Kleinprojektefonds<\/a> im Rahmen des <a href=\"https:\/\/www.interreg6a.net\/pl\/\" target=\"_blank\" rel=\"noopener\">Interreg VI A Kooperationsprogramms Mecklenburg-Vorpommern \/ Brandenburg \/ Polen 2021-2027<\/a> umgesetzt.<\/p>\n<p style=\"text-align: justify;\">Das Projekt wird von der <a href=\"https:\/\/szczecin.eu\/pl\" target=\"_blank\" rel=\"noopener\">Stadt Stettin<\/a> finanziert.<\/p>\n<p style=\"text-align: justify;\">Projektorganisator: <a href=\"https:\/\/13muz.eu\/\" target=\"_blank\" rel=\"noopener\">Kulturhaus \u201e13 Muz\u201d<\/a><\/p>\n<p style=\"text-align: justify;\">Deutscher Projektpartner ist die <a href=\"https:\/\/www.gemeinde-krackow.de\/\" target=\"_blank\" rel=\"noopener\">Gemeinde Krackow<\/a>.<\/p>\n<p style=\"text-align: justify;\">Projektkoordination und -management: Maja Olendzka \/ Kulturhaus \u201e13 Muz\u201d<\/p>\n<p style=\"text-align: justify;\">F\u00f6rderbetrag: 38 900 EUR<\/p>\n<p style=\"text-align: justify;\"><strong><a href=\"https:\/\/13muz.eu\/event\/12-12-lecim-za-szczecin-wir-fliege-aus-stettin\/\" target=\"_blank\" rel=\"noopener\"><span style=\"text-decoration: underline;\">Erstes Treffen<\/span><\/a> \/ Freitag, 12.12.2025, 17:00 Uhr<\/strong><\/p>\n<p>Premiere der ersten Folge: \u201eKamie\u0144 Pomorski \u2013 eine Stadt mit reicher Geschichte, Kathedrale, Legende \u00fcber den Greif und Kurortcharakter\u201d. \/ <a href=\"https:\/\/www.youtube.com\/watch?v=l7PgKtkJDiI\" target=\"_blank\" rel=\"noopener\"><strong>Sehen Sie sich diese Folge auf YouTube an<\/strong><\/a><\/p>\n<p>Premiere der zweiten Folge: \u201eDie Ritterburg Podewils in Kr\u0105g\u201d. \/ <strong><a href=\"https:\/\/www.youtube.com\/watch?v=_aTXmxYIsEg&#038;fbclid=IwY2xjawPBrohleHRuA2FlbQIxMABicmlkETBXbHFTZXg0M2JtT09ia0VGc3J0YwZhcHBfaWQQMjIyMDM5MTc4ODIwMDg5MgABHrV7PFVZdRbzzbtaEnWONzaPI1RYa4tgqZJEg3OKi-esSuIczRykndq8BnMm_aem_lAwMaFmE66EsijQDdtAbAA\" target=\"_blank\" rel=\"noopener\">Sehen Sie sich diese Folge auf YouTube an<\/a><\/strong><\/p>\n<p style=\"text-align: justify;\"><strong><a href=\"https:\/\/13muz.eu\/event\/28-01-lecim-za-szczecin-lass-uns-jenseits-szczecin-fliegen\/\" target=\"_blank\" rel=\"noopener\">Zweites Treffen<\/a> \/ Mittwoch, 28.01.2026, 17:00 Uhr<\/strong><\/p>\n<p>Premiere der dritten Folge: \u201eAnkershagen \u2013 ein Ort, der mit dem Entdecker Trojas, Heinrich Schliemann, und seiner faszinierenden Geschichte verbunden ist\u201d. \/ <a href=\"https:\/\/www.youtube.com\/watch?v=1WBqowJ-G60&#038;feature=youtu.be\" target=\"_blank\" rel=\"noopener\">Sehen Sie sich diese Folge auf YouTube an<\/a><\/p>\n<p>Premiere der vierten Folge: \u201eStolec, das Schicksal und die \u00bbWaldgr\u00e4ber\u00ab der Ramin\u00f3w, Jasienica \u2013 geheimnisvolle Geschichten der ehemaligen Bewohner der Region\u201d. <a href=\"http:\/\/youtube.com\/watch?v=1WBqowJ-G60&#038;feature=youtu.be\" target=\"_blank\" rel=\"noopener\">Sehen Sie sich diese Folge auf YouTube an<\/a><\/p>\n<p style=\"text-align: justify;\"><strong><a href=\"https:\/\/13muz.eu\/event\/25-02-lecim-za-szczecin-lass-uns-jenseits-szczecin-fliegen\/\" target=\"_blank\" rel=\"noopener\">Drittes Treffen<\/a> \/ Mittwoch, 25.02.2026, 17:00 Uhr<\/strong><\/p>\n<p>Premiere der f\u00fcnften Folge: \u201eGreifswald und Wolgast \u2013 hanseatisches Erbe, H\u00e4fen, Universit\u00e4t und skandinavische Einfl\u00fcsse\u201d. \/&nbsp;<a href=\"https:\/\/www.youtube.com\/watch?v=1S6CwhyxzUY\" target=\"_blank\" rel=\"noopener\">Sehen Sie sich diese Folge auf YouTube an<\/a><\/p>\n<p>Premiere der sechsten Folge: \u201eUeckerm\u00fcnde, Anklamer Stadtbruch, Stare und Nowe Warpno \u2013 charmante St\u00e4dtchen, Naturschutzgebiete und K\u00fcstenklima\u201d. \/&nbsp;<strong><a href=\"https:\/\/youtu.be\/d4sGnvlDGdE\" target=\"_blank\" rel=\"noopener\">Sehen Sie sich diese Folge auf YouTube an<\/a><\/strong><\/p>\n<p style=\"text-align: justify;\"><strong><a href=\"https:\/\/13muz.eu\/event\/25-03-lecim-za-szczecin-lass-uns-jenseits-szczecin-fliegen\/\" target=\"_blank\" rel=\"noopener\">Viertes Treffen<\/a> \/ Mittwoch, 25.03.2026, 17:00 Uhr<\/strong><\/p>\n<p>Premiere der siebten Folge: \u201eNiederfinow, Oderberg, Chorin \u2013 beeindruckende Schiffshebewerke, historische Kl\u00f6ster und die Industriegeschichte der Oder\u201d. \/ <a href=\"https:\/\/www.youtube.com\/watch?v=aOdpsyJmbl4&#038;feature=youtu.be\" target=\"_blank\" rel=\"noopener\">Sehen Sie sich diese Folge auf YouTube an<\/a><\/p>\n<p>Premiere der achten Folge: \u201eDie lange Geschichte des Schlosses Br\u00f6llin und sein neues Gesicht\u201d \/&nbsp;<a href=\"https:\/\/youtu.be\/aKcqECDQfyM\" target=\"_blank\" rel=\"noopener\">Sehen Sie sich diese Folge auf YouTube an<\/a><\/p>\n<p style=\"text-align: justify;\"><strong><a href=\"https:\/\/13muz.eu\/event\/22-04-lecim-za-szczecin-lass-uns-jenseits-szczecin-fliegen\/\" target=\"_blank\" rel=\"noopener\">F\u00fcnftes Treffen<\/a> \/ 22.04.2026 Mittwoch, 17:00 Uhr<\/strong><\/p>\n<p>Premiere der neunten Folge: \u201eKrackow \u2013 Kapelle in Battinsthal und Oldtimer-Museum \u2013 faszinierende Denkm\u00e4ler und Leidenschaft f\u00fcr Automobile\u201d. \/ Bald auf <a href=\"http:\/\/youtube.com\/DomKultury13Muz\" target=\"_blank\" rel=\"noopener\">YouTube<\/a>.<\/p>\n<p>Premiere der zehnten Folge: \u201eCzarnocin und Umgebung \u2013 wundersch\u00f6ne Gebiete am Stettiner Haff, wilde Natur, Vogelschutzgebiete und lokale Geschichte\u201d. \/ Bald auf <a href=\"http:\/\/youtube.com\/DomKultury13Muz\" target=\"_blank\" rel=\"noopener\">YouTube<\/a>.<\/p>\n<p style=\"text-align: justify;\">Veranstaltungsort: Kaminsaal<\/p>\n<p style=\"text-align: justify;\">Eintritt frei<\/p>\n","protected":false},"excerpt":{"rendered":"<p>PL \u201eLecim za Szczecin \/ Lass uns jenseits Szczecin fliegen\u201d to cykl dziesi\u0119ciu trzydziestominutowych odcink\u00f3w, kt\u00f3re zabior\u0105 widz\u00f3w w podr\u00f3\u017c po najciekawszych miejscach po obu stronach granicy polsko-niemieckiej w promieniu godziny jazdy (poci\u0105giem, autobusem, samochodem oraz troch\u0119 d\u0142u\u017cej rowerem) od Szczecina. Podczas tych podr\u00f3\u017cy wsp\u00f3lnie b\u0119dziemy odkrywa\u0107 atrakcje turystyczne, kulturalne, architektoniczne, przyrodnicze, kulinarne\u2026 &#8211; poznawa\u0107 wsp\u00f3\u0142czesne oblicze Pomorza, w szczeg\u00f3lno\u015bci wojew\u00f3dztwa zachodniopomorskiego oraz kraj\u00f3w zwi\u0105zkowych: Brandenburgii i Meklemburgii-Pomorza Przedniego. Celem projektu jest inspirowanie do lokalnych podr\u00f3\u017cy, edukowanie i budowanie \u015bwiadomo\u015bci o transgranicznym charakterze naszego regionu. W my\u015bl s\u0142\u00f3w Stanis\u0142awa Jachowicza, polskiego poety, pedagoga, dzia\u0142acza charytatywnego, czo\u0142owego polskiego bajkopisarza: Cudze chwalicie [&hellip;]<\/p>\n","protected":false},"author":4,"featured_media":0,"parent":0,"menu_order":0,"comment_status":"closed","ping_status":"closed","template":"","meta":{"ngg_post_thumbnail":0,"_price":"","_stock":"","_tribe_ticket_header":"","_tribe_default_ticket_provider":"","_ticket_start_date":"","_ticket_end_date":"","_tribe_ticket_show_description":"","_tribe_ticket_show_not_going":false,"_tribe_ticket_use_global_stock":"","_tribe_ticket_global_stock_level":"","_global_stock_mode":"","_global_stock_cap":"","_tribe_rsvp_for_event":"","_tribe_ticket_going_count":"","_tribe_ticket_not_going_count":"","_tribe_tickets_list":"[]","_tribe_ticket_has_attendee_info_fields":false,"footnotes":"","_tec_slr_enabled":"","_tec_slr_layout":""},"class_list":["post-69657","page","type-page","status-publish","hentry"],"ticketed":false,"post_mailing_queue_ids":[],"_links":{"self":[{"href":"https:\/\/13muz.eu\/en\/wp-json\/wp\/v2\/pages\/69657","targetHints":{"allow":["GET"]}}],"collection":[{"href":"https:\/\/13muz.eu\/en\/wp-json\/wp\/v2\/pages"}],"about":[{"href":"https:\/\/13muz.eu\/en\/wp-json\/wp\/v2\/types\/page"}],"author":[{"embeddable":true,"href":"https:\/\/13muz.eu\/en\/wp-json\/wp\/v2\/users\/4"}],"replies":[{"embeddable":true,"href":"https:\/\/13muz.eu\/en\/wp-json\/wp\/v2\/comments?post=69657"}],"version-history":[{"count":10,"href":"https:\/\/13muz.eu\/en\/wp-json\/wp\/v2\/pages\/69657\/revisions"}],"predecessor-version":[{"id":74492,"href":"https:\/\/13muz.eu\/en\/wp-json\/wp\/v2\/pages\/69657\/revisions\/74492"}],"wp:attachment":[{"href":"https:\/\/13muz.eu\/en\/wp-json\/wp\/v2\/media?parent=69657"}],"curies":[{"name":"wp","href":"https:\/\/api.w.org\/{rel}","templated":true}]}}