{"id":68440,"date":"2025-08-14T12:59:35","date_gmt":"2025-08-14T10:59:35","guid":{"rendered":"https:\/\/13muz.eu\/?page_id=68440"},"modified":"2025-08-14T13:11:12","modified_gmt":"2025-08-14T11:11:12","slug":"reymont-zywe-opowiesci","status":"publish","type":"page","link":"https:\/\/13muz.eu\/en\/reymont-zywe-opowiesci\/","title":{"rendered":"\u201eReymont: \u017bywe opowie\u015bci\u201d"},"content":{"rendered":"<p><a href=\"http:\/\/www.projektreymont.13muz.eu\" target=\"_blank\" rel=\"noopener\"><img loading=\"lazy\" decoding=\"async\" class=\"size-medium wp-image-68441 alignleft\" src=\"https:\/\/13muz.eu\/wp-content\/uploads\/2025\/08\/Reymont-Zywe-opowiesci-kwadrat-300x300.jpg\" alt=\"\" width=\"300\" height=\"300\" srcset=\"https:\/\/13muz.eu\/wp-content\/uploads\/2025\/08\/Reymont-Zywe-opowiesci-kwadrat-300x300.jpg 300w, https:\/\/13muz.eu\/wp-content\/uploads\/2025\/08\/Reymont-Zywe-opowiesci-kwadrat-150x150.jpg 150w, https:\/\/13muz.eu\/wp-content\/uploads\/2025\/08\/Reymont-Zywe-opowiesci-kwadrat-768x768.jpg 768w, https:\/\/13muz.eu\/wp-content\/uploads\/2025\/08\/Reymont-Zywe-opowiesci-kwadrat-130x130.jpg 130w, https:\/\/13muz.eu\/wp-content\/uploads\/2025\/08\/Reymont-Zywe-opowiesci-kwadrat-400x400.jpg 400w, https:\/\/13muz.eu\/wp-content\/uploads\/2025\/08\/Reymont-Zywe-opowiesci-kwadrat.jpg 800w\" sizes=\"auto, (max-width: 300px) 100vw, 300px\" \/><\/a><\/p>\n<p style=\"text-align: justify;\">Zapraszamy na nowoczesn\u0105 nowopowsta\u0142\u0105 platform\u0119 edukacyjno-kulturaln\u0105 po\u015bwi\u0119con\u0105 jednemu z najwybitniejszych i najwa\u017cniejszych pisarzy w dziejach literatury polskiej, W\u0142adys\u0142awowi Reymontowi.<\/p>\n<p style=\"text-align: justify;\">Platforma \u0142\u0105cz\u0105ca multimedia &#8211; podcasty, filmy, warsztaty i interaktywn\u0105 map\u0119 &#8211; dzi\u0119ki czemu tw\u00f3rczo\u015b\u0107 Reymonta zosta\u0142a przybli\u017cona m\u0142odemu pokoleniu poprzez anga\u017cuj\u0105ce, cyfrowe formy, ma na celu popularyzacj\u0119 literackiego dziedzictwa i aktywne zaanga\u017cowanie spo\u0142eczno\u015bci szkolnej w kultur\u0119. Dzi\u0119ki temu Reymont nie tylko wraca do powszechnej \u015bwiadomo\u015bci, ale staje si\u0119 pretekstem do rozmowy o tym, kim byli\u015bmy, kim jeste\u015bmy i dok\u0105d zmierzamy jako spo\u0142ecze\u0144stwo. To przestrze\u0144 do reinterpretacji jego dzie\u0142, tworzenia nowych narracji i anga\u017cowania mieszka\u0144c\u00f3w w procesy kulturalne zakorzenione w literackim dziedzictwie.<\/p>\n<p style=\"text-align: justify;\">Platforma zosta\u0142a zbudowana w ramach projektu \u201eReymont: \u017bywe opowie\u015bci\u201d z okazji dw\u00f3ch istotnych rocznic: 100-lecia przyznania pisarzowi Literackiej Nagrody Nobla (1924) oraz 100. rocznicy jego \u015bmierci (2025). Program nie tylko upami\u0119tnia noblist\u0119, lecz tak\u017ce stawia na o\u017cywienie jego tw\u00f3rczo\u015bci w przestrzeni wsp\u00f3\u0142czesnej kultury.<\/p>\n<p>&nbsp;<\/p>\n<p style=\"text-align: justify;\"><strong>Platforma jest dost\u0119pna na stronie DK \u201e13 Muz\u201d pod linkiem: <a href=\"http:\/\/www.projektreymont.13muz.eu\" target=\"_blank\" rel=\"noopener\">www.projektreymont.13muz.eu<\/a><\/strong><\/p>\n<p style=\"text-align: justify;\">Pomys\u0142odawczyni\u0105, kuratork\u0105 oraz koordynatork\u0105 projektu jest Maja Olendzka z DK \u201e13 Muz\u201d.<\/p>\n<p style=\"text-align: justify;\">Zadanie finansowane ze \u015brodk\u00f3w Miasta Szczecin.<\/p>\n<p style=\"text-align: justify;\">Dofinansowano ze \u015brodk\u00f3w Ministra Kultury i Dziedzictwa Narodowego w ramach programu Narodowego Centrum Kultury Reymont. Interwencje.<\/p>\n<p><img loading=\"lazy\" decoding=\"async\" class=\"alignnone wp-image-66787\" src=\"https:\/\/13muz.eu\/wp-content\/uploads\/2025\/05\/30.11.2024-Szczecinskie-spotkania-literackie-Miasto-Szczecin.jpg\" alt=\"\" width=\"188\" height=\"70\"><img loading=\"lazy\" decoding=\"async\" class=\"alignnone wp-image-66786\" src=\"https:\/\/13muz.eu\/wp-content\/uploads\/2025\/05\/30.11.2024-Szczecinskie-spotkania-literackie-MKiDN-300x84.jpg\" alt=\"\" width=\"200\" height=\"56\" srcset=\"https:\/\/13muz.eu\/wp-content\/uploads\/2025\/05\/30.11.2024-Szczecinskie-spotkania-literackie-MKiDN-300x84.jpg 300w, https:\/\/13muz.eu\/wp-content\/uploads\/2025\/05\/30.11.2024-Szczecinskie-spotkania-literackie-MKiDN-1024x288.jpg 1024w, https:\/\/13muz.eu\/wp-content\/uploads\/2025\/05\/30.11.2024-Szczecinskie-spotkania-literackie-MKiDN-768x216.jpg 768w, https:\/\/13muz.eu\/wp-content\/uploads\/2025\/05\/30.11.2024-Szczecinskie-spotkania-literackie-MKiDN-1536x432.jpg 1536w, https:\/\/13muz.eu\/wp-content\/uploads\/2025\/05\/30.11.2024-Szczecinskie-spotkania-literackie-MKiDN-400x113.jpg 400w, https:\/\/13muz.eu\/wp-content\/uploads\/2025\/05\/30.11.2024-Szczecinskie-spotkania-literackie-MKiDN.jpg 1600w\" sizes=\"auto, (max-width: 200px) 100vw, 200px\" \/><img loading=\"lazy\" decoding=\"async\" class=\"alignnone wp-image-68442\" src=\"https:\/\/13muz.eu\/wp-content\/uploads\/2025\/08\/logo-nck-1-225x300.jpg\" alt=\"\" width=\"84\" height=\"112\" srcset=\"https:\/\/13muz.eu\/wp-content\/uploads\/2025\/08\/logo-nck-1-225x300.jpg 225w, https:\/\/13muz.eu\/wp-content\/uploads\/2025\/08\/logo-nck-1-768x1025.jpg 768w, https:\/\/13muz.eu\/wp-content\/uploads\/2025\/08\/logo-nck-1-400x534.jpg 400w, https:\/\/13muz.eu\/wp-content\/uploads\/2025\/08\/logo-nck-1.jpg 850w\" sizes=\"auto, (max-width: 84px) 100vw, 84px\" \/><\/p>\n<p>&nbsp;<\/p>\n","protected":false},"excerpt":{"rendered":"<p>Zapraszamy na nowoczesn\u0105 nowopowsta\u0142\u0105 platform\u0119 edukacyjno-kulturaln\u0105 po\u015bwi\u0119con\u0105 jednemu z najwybitniejszych i najwa\u017cniejszych pisarzy w dziejach literatury polskiej, W\u0142adys\u0142awowi Reymontowi. Platforma \u0142\u0105cz\u0105ca multimedia &#8211; podcasty, filmy, warsztaty i interaktywn\u0105 map\u0119 &#8211; dzi\u0119ki czemu tw\u00f3rczo\u015b\u0107 Reymonta zosta\u0142a przybli\u017cona m\u0142odemu pokoleniu poprzez anga\u017cuj\u0105ce, cyfrowe formy, ma na celu popularyzacj\u0119 literackiego dziedzictwa i aktywne zaanga\u017cowanie spo\u0142eczno\u015bci szkolnej w kultur\u0119. Dzi\u0119ki temu Reymont nie tylko wraca do powszechnej \u015bwiadomo\u015bci, ale staje si\u0119 pretekstem do rozmowy o tym, kim byli\u015bmy, kim jeste\u015bmy i dok\u0105d zmierzamy jako spo\u0142ecze\u0144stwo. To przestrze\u0144 do reinterpretacji jego dzie\u0142, tworzenia nowych narracji i anga\u017cowania mieszka\u0144c\u00f3w w procesy kulturalne zakorzenione w literackim dziedzictwie. [&hellip;]<\/p>\n","protected":false},"author":4,"featured_media":0,"parent":0,"menu_order":0,"comment_status":"closed","ping_status":"closed","template":"","meta":{"ngg_post_thumbnail":0,"_price":"","_stock":"","_tribe_ticket_header":"","_tribe_default_ticket_provider":"","_ticket_start_date":"","_ticket_end_date":"","_tribe_ticket_show_description":"","_tribe_ticket_show_not_going":false,"_tribe_ticket_use_global_stock":"","_tribe_ticket_global_stock_level":"","_global_stock_mode":"","_global_stock_cap":"","_tribe_rsvp_for_event":"","_tribe_ticket_going_count":"","_tribe_ticket_not_going_count":"","_tribe_tickets_list":"[]","_tribe_ticket_has_attendee_info_fields":false,"footnotes":"","_tec_slr_enabled":"","_tec_slr_layout":""},"class_list":["post-68440","page","type-page","status-publish","hentry"],"ticketed":false,"post_mailing_queue_ids":[],"_links":{"self":[{"href":"https:\/\/13muz.eu\/en\/wp-json\/wp\/v2\/pages\/68440","targetHints":{"allow":["GET"]}}],"collection":[{"href":"https:\/\/13muz.eu\/en\/wp-json\/wp\/v2\/pages"}],"about":[{"href":"https:\/\/13muz.eu\/en\/wp-json\/wp\/v2\/types\/page"}],"author":[{"embeddable":true,"href":"https:\/\/13muz.eu\/en\/wp-json\/wp\/v2\/users\/4"}],"replies":[{"embeddable":true,"href":"https:\/\/13muz.eu\/en\/wp-json\/wp\/v2\/comments?post=68440"}],"version-history":[{"count":0,"href":"https:\/\/13muz.eu\/en\/wp-json\/wp\/v2\/pages\/68440\/revisions"}],"wp:attachment":[{"href":"https:\/\/13muz.eu\/en\/wp-json\/wp\/v2\/media?parent=68440"}],"curies":[{"name":"wp","href":"https:\/\/api.w.org\/{rel}","templated":true}]}}