{"id":68347,"date":"2025-08-01T12:18:57","date_gmt":"2025-08-01T10:18:57","guid":{"rendered":"https:\/\/13muz.eu\/?page_id=68347"},"modified":"2025-10-28T10:30:12","modified_gmt":"2025-10-28T09:30:12","slug":"taniec-orientalny-dla-kobiet","status":"publish","type":"page","link":"https:\/\/13muz.eu\/en\/taniec-orientalny-dla-kobiet\/","title":{"rendered":"Taniec orientalny dla kobiet"},"content":{"rendered":"<p><img loading=\"lazy\" decoding=\"async\" class=\"size-medium wp-image-69420 alignleft\" src=\"https:\/\/13muz.eu\/wp-content\/uploads\/2025\/10\/Taniec-orientalny-dla-kobiet-kwadrat-300x300.jpg\" alt=\"\" width=\"300\" height=\"300\" srcset=\"https:\/\/13muz.eu\/wp-content\/uploads\/2025\/10\/Taniec-orientalny-dla-kobiet-kwadrat-300x300.jpg 300w, https:\/\/13muz.eu\/wp-content\/uploads\/2025\/10\/Taniec-orientalny-dla-kobiet-kwadrat-150x150.jpg 150w, https:\/\/13muz.eu\/wp-content\/uploads\/2025\/10\/Taniec-orientalny-dla-kobiet-kwadrat-768x768.jpg 768w, https:\/\/13muz.eu\/wp-content\/uploads\/2025\/10\/Taniec-orientalny-dla-kobiet-kwadrat-130x130.jpg 130w, https:\/\/13muz.eu\/wp-content\/uploads\/2025\/10\/Taniec-orientalny-dla-kobiet-kwadrat-400x400.jpg 400w, https:\/\/13muz.eu\/wp-content\/uploads\/2025\/10\/Taniec-orientalny-dla-kobiet-kwadrat.jpg 800w\" sizes=\"auto, (max-width: 300px) 100vw, 300px\" \/><\/p>\n<p style=\"text-align: justify;\">Taniec orientalny dla kobiet &#8211; odkryj swoj\u0105 kobieco\u015b\u0107 w ruchu.<\/p>\n<p style=\"text-align: justify;\">Taniec orientalny, znany r\u00f3wnie\u017c jako taniec brzucha, to co\u015b znacznie wi\u0119cej ni\u017c efektowny pokaz sceniczny. To wyj\u0105tkowa forma ruchu, kt\u00f3ra \u0142\u0105czy bogactwo tradycji Bliskiego Wschodu z g\u0142\u0119bok\u0105 prac\u0105 z cia\u0142em, emocjami i wewn\u0119trzn\u0105 si\u0142\u0105. Na scenie zachwyca barwnymi kostiumami, rytmicznymi ruchami bioder i zmys\u0142ow\u0105 ekspresj\u0105, ale prawdziwa magia dzieje si\u0119 na sali treningowej. Podczas zaj\u0119\u0107 taniec staje si\u0119 drog\u0105 do poznania siebie &#8211; swojej kobieco\u015bci, delikatno\u015bci, ale te\u017c si\u0142y i odwagi. To czas tylko dla Ciebie, pe\u0142en uwa\u017cno\u015bci i rado\u015bci z bycia \u201etu i teraz\u201d.<\/p>\n<p style=\"text-align: justify;\">Dla ka\u017cdej kobiety &#8211; niezale\u017cnie od wieku i figury<br \/>\nZaj\u0119cia s\u0105 otwarte dla wszystkich kobiet &#8211; nie musisz mie\u0107 do\u015bwiadczenia ani \u201eodpowiedniego cia\u0142a\u201d. Taniec orientalny dopasowuje si\u0119 do Ciebie, a nie odwrotnie. To \u0142agodna, ale skuteczna forma ruchu, kt\u00f3ra:<br \/>\n&#8211; wzmacnia mi\u0119\u015bnie g\u0142\u0119bokie (szczeg\u00f3lnie brzucha, po\u015bladk\u00f3w i plec\u00f3w)<br \/>\n&#8211; poprawia postaw\u0119 i \u015bwiadomo\u015b\u0107 cia\u0142a<br \/>\n&#8211; rozwija gracj\u0119 i koordynacj\u0119<br \/>\n&#8211; buduje pewno\u015b\u0107 siebie i poczucie w\u0142asnej warto\u015bci<br \/>\n&#8211; daje przestrze\u0144 na emocje, relaks i kobiec\u0105 rado\u015b\u0107<\/p>\n<p style=\"text-align: justify;\">Zaj\u0119cia odbywaj\u0105 si\u0119 w przyjaznej, wspieraj\u0105cej atmosferze &#8211; bez presji, bez oceniania, z szacunkiem do ka\u017cdego cia\u0142a i jego unikalno\u015bci.<\/p>\n<p style=\"text-align: justify;\">Od hobby do pasji<br \/>\nTaniec orientalny to podr\u00f3\u017c, kt\u00f3ra mo\u017ce zacz\u0105\u0107 si\u0119 jako ciekawo\u015b\u0107, a przerodzi\u0107 si\u0119 w pasj\u0119 lub form\u0119 scenicznej ekspresji. Ty decydujesz, dok\u0105d chcesz i\u015b\u0107 &#8211; ja towarzysz\u0119 Ci po drodze. Nie musisz \u201eumie\u0107 ta\u0144czy\u0107\u201d, by zacz\u0105\u0107. Wystarczy ciekawo\u015b\u0107, otwarto\u015b\u0107 i gotowo\u015b\u0107, by zadba\u0107 o siebie &#8211; w kobiecy, \u0142agodny i radosny spos\u00f3b.<\/p>\n<p style=\"text-align: justify;\">Kilka s\u0142\u00f3w o mnie<br \/>\nNazywam si\u0119 Teresa Kruk i od ponad 15. lat prowadz\u0119 regularne zaj\u0119cia ta\u0144ca orientalnego oraz cykliczne warsztaty rozwojowo-taneczne dla kobiet. Jestem dyplomowan\u0105 instruktork\u0105 ta\u0144ca orientalnego i rekreacji ruchowej. Wiedz\u0119 zdobywa\u0142am nie tylko podczas kursu instruktorskiego, ale te\u017c na licznych warsztatach z nauczycielami z Egiptu, Europy i Polski.<\/p>\n<p style=\"text-align: justify;\">Uczestniczy\u0142am tak\u017ce w warsztatach rozwojowych &#8211; wierz\u0119, \u017ce po\u0142\u0105czenie ta\u0144ca z rozwojem osobistym przynosi niezwyk\u0142e efekty. Dla mnie i dla moich uczennic. Sama wci\u0105\u017c si\u0119 ucz\u0119 &#8211; zar\u00f3wno ta\u0144ca, jak i siebie. I do tej pi\u0119knej drogi zapraszam r\u00f3wnie\u017c Ciebie.<\/p>\n<p style=\"text-align: justify;\">Zaj\u0119cia odbywaj\u0105 si\u0119 w pi\u0105tki w godz. 18:00- 19:00 w Sali Lustrzanej.<\/p>\n<p style=\"text-align: justify;\">Cena karnetu (4 kolejne zaj\u0119cia): 160 z\u0142 (mo\u017cliwo\u015b\u0107 odrabiania zaj\u0119\u0107)<\/p>\n<p style=\"text-align: justify;\">Pojedyncze zaj\u0119cia: 50 z\u0142<\/p>\n<p style=\"text-align: justify;\">Zapisy: <a href=\"mailto:orientana@onet.pl\" target=\"_blank\" rel=\"noopener\">orientana@onet.pl<\/a> lub 503&nbsp;361&nbsp;896<\/p>\n<p style=\"text-align: justify;\">Strona internetowa:<a href=\"http:\/\/www.orientana-klub.pl\" target=\"_blank\" rel=\"noopener\"> www.orientana-klub.pl<\/a><\/p>\n<p style=\"text-align: justify;\">Dzia\u0142amy r\u00f3wnie\u017c na Facebooku: <a href=\"https:\/\/www.facebook.com\/orientanaklub\" target=\"_blank\" rel=\"noopener\">Orientana Klub Zorientowanych Kobiet<\/a><\/p>\n","protected":false},"excerpt":{"rendered":"<p>Taniec orientalny dla kobiet &#8211; odkryj swoj\u0105 kobieco\u015b\u0107 w ruchu. Taniec orientalny, znany r\u00f3wnie\u017c jako taniec brzucha, to co\u015b znacznie wi\u0119cej ni\u017c efektowny pokaz sceniczny. To wyj\u0105tkowa forma ruchu, kt\u00f3ra \u0142\u0105czy bogactwo tradycji Bliskiego Wschodu z g\u0142\u0119bok\u0105 prac\u0105 z cia\u0142em, emocjami i wewn\u0119trzn\u0105 si\u0142\u0105. Na scenie zachwyca barwnymi kostiumami, rytmicznymi ruchami bioder i zmys\u0142ow\u0105 ekspresj\u0105, ale prawdziwa magia dzieje si\u0119 na sali treningowej. Podczas zaj\u0119\u0107 taniec staje si\u0119 drog\u0105 do poznania siebie &#8211; swojej kobieco\u015bci, delikatno\u015bci, ale te\u017c si\u0142y i odwagi. To czas tylko dla Ciebie, pe\u0142en uwa\u017cno\u015bci i rado\u015bci z bycia \u201etu i teraz\u201d. Dla ka\u017cdej kobiety &#8211; niezale\u017cnie [&hellip;]<\/p>\n","protected":false},"author":4,"featured_media":0,"parent":0,"menu_order":0,"comment_status":"closed","ping_status":"closed","template":"","meta":{"ngg_post_thumbnail":0,"_price":"","_stock":"","_tribe_ticket_header":"","_tribe_default_ticket_provider":"","_ticket_start_date":"","_ticket_end_date":"","_tribe_ticket_show_description":"","_tribe_ticket_show_not_going":false,"_tribe_ticket_use_global_stock":"","_tribe_ticket_global_stock_level":"","_global_stock_mode":"","_global_stock_cap":"","_tribe_rsvp_for_event":"","_tribe_ticket_going_count":"","_tribe_ticket_not_going_count":"","_tribe_tickets_list":"[]","_tribe_ticket_has_attendee_info_fields":false,"footnotes":"","_tec_slr_enabled":"","_tec_slr_layout":""},"class_list":["post-68347","page","type-page","status-publish","hentry"],"ticketed":false,"post_mailing_queue_ids":[],"_links":{"self":[{"href":"https:\/\/13muz.eu\/en\/wp-json\/wp\/v2\/pages\/68347","targetHints":{"allow":["GET"]}}],"collection":[{"href":"https:\/\/13muz.eu\/en\/wp-json\/wp\/v2\/pages"}],"about":[{"href":"https:\/\/13muz.eu\/en\/wp-json\/wp\/v2\/types\/page"}],"author":[{"embeddable":true,"href":"https:\/\/13muz.eu\/en\/wp-json\/wp\/v2\/users\/4"}],"replies":[{"embeddable":true,"href":"https:\/\/13muz.eu\/en\/wp-json\/wp\/v2\/comments?post=68347"}],"version-history":[{"count":0,"href":"https:\/\/13muz.eu\/en\/wp-json\/wp\/v2\/pages\/68347\/revisions"}],"wp:attachment":[{"href":"https:\/\/13muz.eu\/en\/wp-json\/wp\/v2\/media?parent=68347"}],"curies":[{"name":"wp","href":"https:\/\/api.w.org\/{rel}","templated":true}]}}