{"id":66918,"date":"2025-05-08T12:42:47","date_gmt":"2025-05-08T10:42:47","guid":{"rendered":"https:\/\/13muz.eu\/?page_id=66918"},"modified":"2026-05-12T09:54:30","modified_gmt":"2026-05-12T07:54:30","slug":"klub-ksiazki-trzepot-stron","status":"publish","type":"page","link":"https:\/\/13muz.eu\/en\/klub-ksiazki-trzepot-stron\/","title":{"rendered":"Klub ksi\u0105\u017cki \u201eTrzepot Stron\u201d"},"content":{"rendered":"<p><img loading=\"lazy\" decoding=\"async\" class=\"size-medium wp-image-66919 alignleft\" src=\"https:\/\/13muz.eu\/wp-content\/uploads\/2025\/05\/Trzepot-stron-300x300.jpg\" alt=\"\" width=\"300\" height=\"300\" srcset=\"https:\/\/13muz.eu\/wp-content\/uploads\/2025\/05\/Trzepot-stron-300x300.jpg 300w, https:\/\/13muz.eu\/wp-content\/uploads\/2025\/05\/Trzepot-stron-150x150.jpg 150w, https:\/\/13muz.eu\/wp-content\/uploads\/2025\/05\/Trzepot-stron-768x768.jpg 768w, https:\/\/13muz.eu\/wp-content\/uploads\/2025\/05\/Trzepot-stron-130x130.jpg 130w, https:\/\/13muz.eu\/wp-content\/uploads\/2025\/05\/Trzepot-stron-400x400.jpg 400w, https:\/\/13muz.eu\/wp-content\/uploads\/2025\/05\/Trzepot-stron.jpg 800w\" sizes=\"auto, (max-width: 300px) 100vw, 300px\" \/><\/p>\n<p style=\"text-align: justify;\">\u201eTrzepot stron\u201d to klub ksi\u0105\u017cki inny ni\u017c wszystkie. Nie dzia\u0142amy pod auspicjami \u017cadnej biblioteki. Reprezentujemy r\u00f3\u017cne pokolenia, zawody, do\u015bwiadczenia czytelnicze i upodobania. Spotykamy si\u0119 co miesi\u0105c, by porozmawia\u0107 o ksi\u0105\u017ckach. Wybieramy r\u00f3\u017cnorodne lektury, nie pod\u0105\u017camy za mod\u0105, nie zamykamy si\u0119 w jednym gatunku, nie dajemy si\u0119 ocenzurowa\u0107.<\/p>\n<p style=\"text-align: justify;\">Spotykamy si\u0119 w ka\u017cdy drugi poniedzia\u0142ek miesi\u0105ca o godz. 18:30 w sali nr 2 &#8211; sala znajduje si\u0119 na parterze w holu g\u0142\u00f3wnym, przy recepcji.<\/p>\n<p style=\"text-align: justify;\">Wst\u0119p wolny &#8211; warunkiem udzia\u0142u w dyskusji jest znajomo\u015b\u0107 omawianej lektury, kt\u00f3rej tytu\u0142 jest podawany najp\u00f3\u017aniej na trzy tygodnie przed spotkaniem w po\u015bcie na profilu <strong><a href=\"https:\/\/www.facebook.com\/13muz\/\" target=\"_blank\" rel=\"noopener\">FB<\/a><\/strong> Domu Kultury \u201e13 Muz\u201d.<\/p>\n<p style=\"text-align: justify;\"><strong>Tematem czerwcowego (08.06.) spotkania b\u0119dzie powie\u015b\u0107 historyczno-fantastyczna (z 1980 r.) po\u0142udniowoafryka\u0144skiego noblisty, Johna Maxwella Coetzee: Czekaj\u0105c na barbarzy\u0144c\u00f3w (Waiting for the barbarians).<\/strong><\/p>\n<p style=\"text-align: justify;\"><strong>Warunkiem udzia\u0142u w dyskusji jest znajomo\u015b\u0107 ww. lektury.<\/strong><\/p>\n","protected":false},"excerpt":{"rendered":"<p>\u201eTrzepot stron\u201d to klub ksi\u0105\u017cki inny ni\u017c wszystkie. Nie dzia\u0142amy pod auspicjami \u017cadnej biblioteki. Reprezentujemy r\u00f3\u017cne pokolenia, zawody, do\u015bwiadczenia czytelnicze i upodobania. Spotykamy si\u0119 co miesi\u0105c, by porozmawia\u0107 o ksi\u0105\u017ckach. Wybieramy r\u00f3\u017cnorodne lektury, nie pod\u0105\u017camy za mod\u0105, nie zamykamy si\u0119 w jednym gatunku, nie dajemy si\u0119 ocenzurowa\u0107. Spotykamy si\u0119 w ka\u017cdy drugi poniedzia\u0142ek miesi\u0105ca o godz. 18:30 w sali nr 2 &#8211; sala znajduje si\u0119 na parterze w holu g\u0142\u00f3wnym, przy recepcji. Wst\u0119p wolny &#8211; warunkiem udzia\u0142u w dyskusji jest znajomo\u015b\u0107 omawianej lektury, kt\u00f3rej tytu\u0142 jest podawany najp\u00f3\u017aniej na trzy tygodnie przed spotkaniem w po\u015bcie na profilu FB Domu Kultury [&hellip;]<\/p>\n","protected":false},"author":4,"featured_media":0,"parent":0,"menu_order":0,"comment_status":"closed","ping_status":"closed","template":"","meta":{"ngg_post_thumbnail":0,"_price":"","_stock":"","_tribe_ticket_header":"","_tribe_default_ticket_provider":"","_ticket_start_date":"","_ticket_end_date":"","_tribe_ticket_show_description":"","_tribe_ticket_show_not_going":false,"_tribe_ticket_use_global_stock":"","_tribe_ticket_global_stock_level":"","_global_stock_mode":"","_global_stock_cap":"","_tribe_rsvp_for_event":"","_tribe_ticket_going_count":"","_tribe_ticket_not_going_count":"","_tribe_tickets_list":"[]","_tribe_ticket_has_attendee_info_fields":false,"footnotes":"","_tec_slr_enabled":"","_tec_slr_layout":""},"class_list":["post-66918","page","type-page","status-publish","hentry"],"ticketed":false,"post_mailing_queue_ids":[],"_links":{"self":[{"href":"https:\/\/13muz.eu\/en\/wp-json\/wp\/v2\/pages\/66918","targetHints":{"allow":["GET"]}}],"collection":[{"href":"https:\/\/13muz.eu\/en\/wp-json\/wp\/v2\/pages"}],"about":[{"href":"https:\/\/13muz.eu\/en\/wp-json\/wp\/v2\/types\/page"}],"author":[{"embeddable":true,"href":"https:\/\/13muz.eu\/en\/wp-json\/wp\/v2\/users\/4"}],"replies":[{"embeddable":true,"href":"https:\/\/13muz.eu\/en\/wp-json\/wp\/v2\/comments?post=66918"}],"version-history":[{"count":8,"href":"https:\/\/13muz.eu\/en\/wp-json\/wp\/v2\/pages\/66918\/revisions"}],"predecessor-version":[{"id":74664,"href":"https:\/\/13muz.eu\/en\/wp-json\/wp\/v2\/pages\/66918\/revisions\/74664"}],"wp:attachment":[{"href":"https:\/\/13muz.eu\/en\/wp-json\/wp\/v2\/media?parent=66918"}],"curies":[{"name":"wp","href":"https:\/\/api.w.org\/{rel}","templated":true}]}}