{"id":66,"date":"2017-12-07T11:08:18","date_gmt":"2017-12-07T11:08:18","guid":{"rendered":"http:\/\/test.13muz.eu\/?page_id=66"},"modified":"2018-06-21T23:55:05","modified_gmt":"2018-06-21T21:55:05","slug":"floating-blues","status":"publish","type":"page","link":"https:\/\/13muz.eu\/en\/floating-blues\/","title":{"rendered":"Floating Blues"},"content":{"rendered":"<p><img loading=\"lazy\" decoding=\"async\" class=\"alignright  wp-image-13737\" src=\"http:\/\/test.13muz.eu\/wp-content\/uploads\/2018\/05\/Floating-Blues.jpg\" alt=\"\" width=\"450\" height=\"338\" srcset=\"https:\/\/13muz.eu\/wp-content\/uploads\/2018\/05\/Floating-Blues.jpg 1920w, https:\/\/13muz.eu\/wp-content\/uploads\/2018\/05\/Floating-Blues-300x225.jpg 300w, https:\/\/13muz.eu\/wp-content\/uploads\/2018\/05\/Floating-Blues-768x576.jpg 768w, https:\/\/13muz.eu\/wp-content\/uploads\/2018\/05\/Floating-Blues-1024x768.jpg 1024w, https:\/\/13muz.eu\/wp-content\/uploads\/2018\/05\/Floating-Blues-400x300.jpg 400w\" sizes=\"auto, (max-width: 450px) 100vw, 450px\" \/>Cykl spotka\u0144, na kt\u00f3rych odbywaj\u0105 si\u0119 koncerty zespo\u0142\u00f3w graj\u0105cych bluesa, ballad\u0119, folk i jazz.<\/p>\n<p>&nbsp;<\/p>\n<p>Na pierwszej edycji zagrali: HoldBlues, my z delty (oba ze Szczecina) oraz \u015bl\u0105ski zesp\u00f3\u0142 Koszau.<\/p>\n<p>&nbsp;<\/p>\n<p>To jeden z wielu koncert\u00f3w, kt\u00f3rego zadaniem jest prezentacja warto\u015bciowych artyst\u00f3w graj\u0105cych muzyk\u0119 opart\u0105 o bluesa, nie mniej jednak u\u017cywaj\u0105cych takich stylizacji jak ballada, folk czy jazz.<\/p>\n<p>&nbsp;<\/p>\n<p>&nbsp;<\/p>\n","protected":false},"excerpt":{"rendered":"<p>Cykl spotka\u0144, na kt\u00f3rych odbywaj\u0105 si\u0119 koncerty zespo\u0142\u00f3w graj\u0105cych bluesa, ballad\u0119, folk i jazz. &nbsp; Na pierwszej edycji zagrali: HoldBlues, my z delty (oba ze Szczecina) oraz \u015bl\u0105ski zesp\u00f3\u0142 Koszau. &nbsp; To jeden z wielu koncert\u00f3w, kt\u00f3rego zadaniem jest prezentacja warto\u015bciowych artyst\u00f3w graj\u0105cych muzyk\u0119 opart\u0105 o bluesa, nie mniej jednak u\u017cywaj\u0105cych takich stylizacji jak ballada, folk czy jazz. &nbsp; &nbsp;<\/p>\n","protected":false},"author":1,"featured_media":0,"parent":0,"menu_order":0,"comment_status":"closed","ping_status":"closed","template":"","meta":{"ngg_post_thumbnail":0,"_price":"","_stock":"","_tribe_ticket_header":"","_tribe_default_ticket_provider":"","_ticket_start_date":"","_ticket_end_date":"","_tribe_ticket_show_description":"","_tribe_ticket_show_not_going":false,"_tribe_ticket_use_global_stock":"","_tribe_ticket_global_stock_level":"","_global_stock_mode":"","_global_stock_cap":"","_tribe_rsvp_for_event":"","_tribe_ticket_going_count":"","_tribe_ticket_not_going_count":"","_tribe_tickets_list":"[]","_tribe_ticket_has_attendee_info_fields":false,"footnotes":"","_tec_slr_enabled":"","_tec_slr_layout":""},"class_list":["post-66","page","type-page","status-publish","hentry"],"ticketed":false,"post_mailing_queue_ids":[],"_links":{"self":[{"href":"https:\/\/13muz.eu\/en\/wp-json\/wp\/v2\/pages\/66","targetHints":{"allow":["GET"]}}],"collection":[{"href":"https:\/\/13muz.eu\/en\/wp-json\/wp\/v2\/pages"}],"about":[{"href":"https:\/\/13muz.eu\/en\/wp-json\/wp\/v2\/types\/page"}],"author":[{"embeddable":true,"href":"https:\/\/13muz.eu\/en\/wp-json\/wp\/v2\/users\/1"}],"replies":[{"embeddable":true,"href":"https:\/\/13muz.eu\/en\/wp-json\/wp\/v2\/comments?post=66"}],"version-history":[{"count":0,"href":"https:\/\/13muz.eu\/en\/wp-json\/wp\/v2\/pages\/66\/revisions"}],"wp:attachment":[{"href":"https:\/\/13muz.eu\/en\/wp-json\/wp\/v2\/media?parent=66"}],"curies":[{"name":"wp","href":"https:\/\/api.w.org\/{rel}","templated":true}]}}