{"id":65925,"date":"2025-03-14T15:14:27","date_gmt":"2025-03-14T14:14:27","guid":{"rendered":"https:\/\/13muz.eu\/?page_id=65925"},"modified":"2025-08-01T09:41:52","modified_gmt":"2025-08-01T07:41:52","slug":"temat-rzeka-thema-fluss","status":"publish","type":"page","link":"https:\/\/13muz.eu\/en\/temat-rzeka-thema-fluss\/","title":{"rendered":"Temat Rzeka \/ Thema Fluss"},"content":{"rendered":"<p><img loading=\"lazy\" decoding=\"async\" class=\"alignnone size-large wp-image-62588\" src=\"https:\/\/13muz.eu\/wp-content\/uploads\/2024\/08\/18.12.2024-Temat-Rzeka-Thema-Fluss-kwadrat-1920_logo-1024x747.jpg\" alt=\"\" width=\"1024\" height=\"747\" srcset=\"https:\/\/13muz.eu\/wp-content\/uploads\/2024\/08\/18.12.2024-Temat-Rzeka-Thema-Fluss-kwadrat-1920_logo-1024x747.jpg 1024w, https:\/\/13muz.eu\/wp-content\/uploads\/2024\/08\/18.12.2024-Temat-Rzeka-Thema-Fluss-kwadrat-1920_logo-300x219.jpg 300w, https:\/\/13muz.eu\/wp-content\/uploads\/2024\/08\/18.12.2024-Temat-Rzeka-Thema-Fluss-kwadrat-1920_logo-768x560.jpg 768w, https:\/\/13muz.eu\/wp-content\/uploads\/2024\/08\/18.12.2024-Temat-Rzeka-Thema-Fluss-kwadrat-1920_logo-1536x1120.jpg 1536w, https:\/\/13muz.eu\/wp-content\/uploads\/2024\/08\/18.12.2024-Temat-Rzeka-Thema-Fluss-kwadrat-1920_logo-400x292.jpg 400w, https:\/\/13muz.eu\/wp-content\/uploads\/2024\/08\/18.12.2024-Temat-Rzeka-Thema-Fluss-kwadrat-1920_logo.jpg 1920w\" sizes=\"auto, (max-width: 1024px) 100vw, 1024px\" \/><\/p>\n<p><strong>PL<br \/>\n<\/strong>Cykl program\u00f3w \u201eTemat Rzeka\u201d ma za zadanie przypomnie\u0107 nam, mieszka\u0144com Szczecina, miasta po\u0142o\u017conego nad rzek\u0105 i w 20% pokrytego wodami, co to znaczy \u017cy\u0107 w mie\u015bcie nad Odr\u0105.<\/p>\n<p>\u201eTemat Rzeka\u201d ma na celu budowanie lokalnej to\u017csamo\u015bci i wskazywanie na szanse rozwojowe Szczecina i regionu. Program poka\u017ce widzom nieznane miejsca, zainspiruje do podejmowania dzia\u0142a\u0144 oraz ujawni wodn\u0105 twarz Szczecina. Przekonamy mieszka\u0144c\u00f3w, \u017ce wp\u0142yw rzeki na miasto jest znacz\u0105cy i wzrastaj\u0105cy.<\/p>\n<p>W ramach projektu planujemy nagranie i emisj\u0119 \u0142\u0105cznie 10 odcink\u00f3w dwuj\u0119zycznych, kt\u00f3re mo\u017cna bezp\u0142atnie obejrze\u0107 na platformie online: <a href=\"https:\/\/www.youtube.com\/@DomKultury13Muz\/\" target=\"_blank\" rel=\"noopener\">youtube.com\/DomKultury13Muz<\/a><\/p>\n<p>Premierowa prezentacja kolejnych odcink\u00f3w z cyklu \u201eTemat rzeka\u201d odbywa si\u0119 w Sali Kominkowej Domu Kultury \u201e13 Muz\u201d &#8211; wst\u0119p wolny.<\/p>\n<p>Projekt jest realizowany z Funduszu Ma\u0142ych Projekt\u00f3w w ramach Programu Wsp\u00f3\u0142pracy Interreg VIA Meklemburgia-Pomorze Przednie\/ Brandenburgia\/ Polska 2021-2027.<\/p>\n<p style=\"text-align: justify;\">Projekt \u201eTemat Rzeka\u201d\/ \u201eThema Fluss\u201c zosta\u0142 dofinansowany w wysoko\u015bci 48 818 euro w ramach program Wsp\u00f3\u0142pracy Interreg VI A Mecklenburg-Vorpommern \/ Brandenburg \/ Polska 2021-2027 .<\/p>\n<p style=\"text-align: justify;\">W wyniku realizacji projektu &#8220;Temat Rzeka&#8221;&nbsp; pozwoli\u0142a na osi\u0105gni\u0119to nast\u0119puj\u0105ce rezultaty i wska\u017aniki:<\/p>\n<p style=\"text-align: justify;\">W ramach projektu \u201eTemat Rzeka\u201d zrealizowano kompleksowe dzia\u0142ania edukacyjne, promocyjne i integracyjne, zgodne z za\u0142o\u017ceniami wniosku o dofinansowanie. Przygotowano i opublikowano 10 dwuj\u0119zycznych odcink\u00f3w po\u015bwi\u0119conych znaczeniu rzeki Odry w \u017cyciu mieszka\u0144c\u00f3w pogranicza, obejmuj\u0105cych m.in. tematyk\u0119 historii, turystyki, sport\u00f3w wodnych, ekologii, architektury i gospodarki. Trzy odcinki nagrano po stronie niemieckiej (Mescherin, Gartz, Friedrichsthal), pozosta\u0142e w Szczecinie. Emisja odby\u0142a si\u0119 na kanale YouTube DK \u201e13 Muz\u201d, a premiery zorganizowano jako otwarte wydarzenia w Domu Kultury \u201e13 Muz\u201d. W projekcie aktywie uczestniczy\u0142 Partner projektu Amt Gartz (Oder).<\/p>\n<p style=\"text-align: justify;\">Osi\u0105gni\u0119to zak\u0142adany rezultat: realizacja powy\u017cszych dzia\u0142a\u0144 przyczyni\u0142a si\u0119 do zwi\u0119kszenia \u015bwiadomo\u015bci lokalnej i transgranicznej, rozwoju i promocji turystyki, aktywizacji spo\u0142ecznej oraz zacie\u015bnienia relacji spo\u0142ecznych i gospodarczych oraz wzmocnienia wsp\u00f3\u0142pracy w regionie nadodrza\u0144skim.<\/p>\n<p style=\"text-align: justify;\">W projekcie wzi\u0119\u0142o udzia\u0142 206 uczestnik\u00f3w &#8211; przedstawicieli narodowo\u015bci polskiej oraz 119 uczestnik\u00f3w &#8211; przedstawicieli narodowo\u015bci niemieckiej.<\/p>\n<p style=\"text-align: justify;\">Przy realizacji projektu wsp\u00f3\u0142pracowa\u0142y 2 organizacje ponad granicami.<\/p>\n<p><strong><a href=\"https:\/\/13muz.eu\/event\/18-12-temat-rzeka-thema-fluss\/\" target=\"_blank\" rel=\"noopener\">Spotkanie pierwsze \/ 18.12.2024<\/a><br \/>\n<\/strong>Premiera pierwszego odcinka filmu z cyklu \u201eTemat Rzeka\u201d pt. \u201eGaszenie pragnienia, k\u0105piele i \u015bcieki. Do czego s\u0142u\u017cy rzeka + WOPR (jak zosta\u0107 ratownikiem)\u201d.<br \/>\n<a href=\"https:\/\/www.youtube.com\/watch?v=kUJFGYZX1uM\" target=\"_blank\" rel=\"noopener\">Zobacz ten odcinek na YT<\/a><\/p>\n<p>Premiera drugiego odcinka filmu z cyklu \u201eTemat Rzeka\u201d pt. \u201eHanza, Herringhaus, \u015bledzie i pierniki\u201d.<br \/>\n<a href=\"https:\/\/www.youtube.com\/watch?v=tXnQ6lC75MA&#038;fbclid=IwY2xjawHyCntleHRuA2FlbQIxMAABHbd4vLdios2zf27X16_-RivQqtNCw7FPf1Ohjw8UnE4F_DngxwTdGY-tEw_aem_O3WV0NA3QffZo3N7ZxNkFg\" target=\"_blank\" rel=\"noopener\">Zobacz ten odcinek na YT<\/a><\/p>\n<p><strong><a href=\"https:\/\/13muz.eu\/event\/29-01-temat-rzeka-thema-fluss\/\" target=\"_blank\" rel=\"noopener\">Spotkanie drugie \/ 29.01.2025<\/a><br \/>\n<\/strong>Premiera trzeciego odcinka \u201eSzczecin &#8211; misja specjalna (specjalizacje portu w Szczecinie)\u201d.<br \/>\n<a href=\"https:\/\/www.youtube.com\/watch?v=VWO1al-k0wI\" target=\"_blank\" rel=\"noopener\">Zobacz ten odcinek na YT<\/a><\/p>\n<p>Premiera czwartego odcinka \u201eHistoria wod\u0105 pisana (turystyczne szlaki wodne, zmieniaj\u0105ca si\u0119 rola rzeki w mie\u015bcie)\u201d.<br \/>\n<a href=\"https:\/\/www.youtube.com\/watch?v=WRhVz-O9K2Y\" target=\"_blank\" rel=\"noopener\">Zobacz ten odcinek na YT<\/a><\/p>\n<p><a href=\"https:\/\/13muz.eu\/event\/26-02-temat-rzeka-thema-fluss\/\" target=\"_blank\" rel=\"noopener\"><strong>Spotkanie trzecie \/ 26.02.2025<\/strong><\/a><br \/>\nPremiera pi\u0105tego odcinka filmu z cyklu Temat Rzeka pt. \u201eEnergia wodnej metropolii\u201d.<br \/>\n<a href=\"https:\/\/youtu.be\/MfD_pV5vjzM\" target=\"_blank\" rel=\"noopener\">Zobacz ten odcinek na YT<\/a><\/p>\n<p>Premiera sz\u00f3stego odcinka filmu z cyklu Temat Rzeka pt. \u201eNad morze, czy nad rzek\u0119? Szczecin na szlaku wodnej w\u0119dr\u00f3wki\u201d.<br \/>\n<a href=\"https:\/\/www.youtube.com\/watch?v=LQKVEtdN2jE\" target=\"_blank\" rel=\"noopener\">Zobacz ten odcinek na YT<\/a><\/p>\n<p><strong><a href=\"https:\/\/13muz.eu\/event\/26-03-temat-rzeka-thema-fluss\/\" target=\"_blank\" rel=\"noopener\">Spotkanie czwarte \/ 26.03.2025<\/a><br \/>\n<\/strong>Premiera si\u00f3dmego odcinka filmu z cyklu \u201eTemat Rzeka\u201d pt. \u201eTemat: rzeka &#8211; jak swoje rzeki wykorzystuj\u0105 mieszka\u0144cy innych miast\u201d.<br \/>\n<a href=\"https:\/\/www.youtube.com\/watch?v=YjA0nNxHyuc\" target=\"_blank\" rel=\"noopener\">Zobacz ten odcinek na YT<\/a><\/p>\n<p>Premiera \u00f3smego odcinka filmu z cyklu \u201eTemat Rzeka\u201d pt. \u201eBiznes nad rzek\u0105 &#8211; sk\u0105d p\u0142yn\u0105 pieni\u0105dze\u201d.<br \/>\n<a href=\"https:\/\/youtu.be\/4NCD3NhFT6M?si=vn88EMQj6qCg8pvC\" target=\"_blank\" rel=\"noopener\">Zobacz ten odcinek na YT<\/a><\/p>\n<p><strong><a href=\"https:\/\/13muz.eu\/event\/23-04-temat-rzeka-thema-fluss\/\" target=\"_blank\" rel=\"noopener\">Spotkanie pi\u0105te \/ 23.04.2025<\/a><br \/>\n<\/strong>Premiera dziewi\u0105tego odcinka filmu z cyklu \u201eTemat Rzeka\u201d pt. \u201ePrzyroda pod i nad lustrem wody\u201d.<br \/>\n<a href=\"https:\/\/www.youtube.com\/watch?v=axp3n3_BddQ\" target=\"_blank\" rel=\"noopener\">Zobacz ten odcinek na YT<\/a><\/p>\n<p>Premiera dziesi\u0105tego odcinka filmu z cyklu \u201eTemat Rzeka\u201d pt. \u201eSporty wodne. Gdzie, jak i ile to kosztuje?\u201d.<br \/>\n<a href=\"https:\/\/youtu.be\/hvLa9dGsyv8?si=YQWgTFpXUHk5IREi\" target=\"_blank\" rel=\"noopener\">Zobacz ten odcinek na YT<\/a><\/p>\n<p><strong>DE<br \/>\n<\/strong>Programmreihe \u201eThema Fluss\u201d soll uns, den Bewohnern von Stettin, einer Stadt, die an einem Fluss liegt und zu 20% von Wasser bedeckt ist, vor Augen f\u00fchren, was es bedeutet, in einer Stadt an der Oder zu leben.<\/p>\n<p>\u201eThema Fluss\u201d zielt darauf ab, die lokale Identit\u00e4t zu st\u00e4rken und Entwicklungschancen f\u00fcr Stettin und die Region aufzuzeigen. Das Programm wird den Zuschauern unbekannte Orte zeigen, sie zu Handlungen inspirieren und das wassernahe Gesicht von Stettin offenbaren. Wir werden die Einwohner \u00fcberzeugen, dass der Einfluss des Flusses auf die Stadt bedeutend und wachsend ist.<\/p>\n<p>Im Rahmen des Projekts planen wir die Aufnahme und Ausstrahlung von 10 zweisprachigen Episoden, die kostenlos auf folgenden Online-Plattformen angesehen werden k\u00f6nnen: <a href=\"https:\/\/www.youtube.com\/@DomKultury13Muz\/\" target=\"_blank\" rel=\"noopener\">youtube.com\/DomKultury13Muz<\/a><\/p>\n<p>Die Premierenvorstellung der n\u00e4chsten Folgen der Reihe \u201eDas Thema Fluss\u201d findet im Kaminsaal des Kulturhauses \u201e13 Muz\u201d statt &#8211; eintritt frei<\/p>\n<p>Das Projekt wird aus Mitteln des Kleinprojektefonds im Rahmen des Interreg VIA-Kooperationsprogramms Mecklenburg-Vorpommern\/Brandenburg\/Polen 2021-2027 umgesetzt.<\/p>\n<p style=\"text-align: justify;\">Das Projekt \u201eThema Fluss\u201c\/\u201eThema Fluss\u201c wurde mit 48.818 \u20ac im Rahmen des Interreg VIA-Kooperationsprogramms Mecklenburg-Vorpommern\/Brandenburg\/Polen 2021-2027 umgesetzt.<\/p>\n<p style=\"text-align: justify;\">Im Rahmen des Projekts \u201eThema Fluss\u201c wurden umfassende Bildungs-, Werbe- und Integrationsma\u00dfnahmen durchgef\u00fchrt, die den Vorgaben des F\u00f6rderantrags entsprachen. Es wurden zehn zweisprachige Episoden vorbereitet und ver\u00f6ffentlicht, die der Bedeutung der Oder f\u00fcr das Leben der Grenzbewohner gewidmet waren. Die behandelten Themen umfassten unter anderem Geschichte, Tourismus, Wassersport, \u00d6kologie, Architektur und Wirtschaft. Drei Episoden wurden auf der deutschen Seite (Mescherin, Gartz, Friedrichsthal), die \u00fcbrigen in Stettin aufgenommen. Die Ausstrahlung erfolgte \u00fcber den YouTube-Kanal des Kulturhauses \u201e13 Muz\u201c, die Premieren wurden als \u00f6ffentliche Veranstaltungen im Kulturhaus \u201e13 Muz\u201c organisiert. Der Projektpartner Amt Gartz (Oder) war aktiv an der Umsetzung beteiligt.<\/p>\n<p style=\"text-align: justify;\">Das angestrebte Ergebnis wurde erreicht: Die Durchf\u00fchrung der oben genannten Ma\u00dfnahmen trug zur Erh\u00f6hung des lokalen und grenz\u00fcberschreitenden Bewusstseins, zur Entwicklung und F\u00f6rderung des Tourismus, zur sozialen Aktivierung sowie zur Vertiefung sozialer und wirtschaftlicher Beziehungen und zur St\u00e4rkung der Zusammenarbeit in der Oderregion bei.<\/p>\n<p style=\"text-align: justify;\">Am Projekt nahmen 206 Teilnehmerinnen polnischer Nationalit\u00e4t sowie 119 Teilnehmerinnen deutscher Nationalit\u00e4t teil.<\/p>\n<p style=\"text-align: justify;\">Zwei Organisationen arbeiteten im Rahmen des Projekts grenz\u00fcberschreitend zusammen.<\/p>\n<p><strong><a href=\"https:\/\/13muz.eu\/event\/18-12-temat-rzeka-thema-fluss\/\" target=\"_blank\" rel=\"noopener\">Treffen eins \/ 18.12.2024<\/a><br \/>\n<\/strong>Premiere der ersten Folge der Filmreihe \u201eThema Fluss\u201d mit dem Titel \u201eDurstl\u00f6schen, Baden und Abw\u00e4ssern. Wozu der Fluss dient + WOPR (wie man Rettungsschwimmer wird)\u201d.<br \/>\n<a href=\"https:\/\/www.youtube.com\/watch?v=kUJFGYZX1uM\" target=\"_blank\" rel=\"noopener\">Sehen Sie sich diese Folge auf YT an<\/a><\/p>\n<p>Premiere der zweiten Folge der Reihe \u201eThema Fluss\u201d mit dem Titel \u201eDie Hanse, Herringhaus, Heringe und Lebkuchen\u201d.<br \/>\n<a href=\"https:\/\/www.youtube.com\/watch?v=tXnQ6lC75MA&#038;fbclid=IwY2xjawHyCntleHRuA2FlbQIxMAABHbd4vLdios2zf27X16_-RivQqtNCw7FPf1Ohjw8UnE4F_DngxwTdGY-tEw_aem_O3WV0NA3QffZo3N7ZxNkFg\" target=\"_blank\" rel=\"noopener\">Sehen Sie sich diese Folge auf YT an<\/a><\/p>\n<p><strong><a href=\"https:\/\/13muz.eu\/event\/29-01-temat-rzeka-thema-fluss\/\" target=\"_blank\" rel=\"noopener\">Zweites Treffen \/ 29.01.2025<\/a><br \/>\n<\/strong>Premiere der dritten Folge von \u201eSzczecin &#8211; Special Mission (Spezialisierungen des Stettiner Hafens)\u201d.<br \/>\n<a href=\"https:\/\/www.youtube.com\/watch?v=VWO1al-k0wI\" target=\"_blank\" rel=\"noopener\">Sehen Sie sich diese Folge auf YT an<\/a><\/p>\n<p>Premiere der vierten Folge \u201eGeschichte, die vom Wasser geschrieben wurde (touristische Wasserwege, ver\u00e4nderte Rolle des Flusses in der Stadt)\u201d.<br \/>\n<a href=\"https:\/\/www.youtube.com\/watch?v=WRhVz-O9K2Y\" target=\"_blank\" rel=\"noopener\">Sehen Sie sich diese Folge auf YT an<\/a><\/p>\n<p><strong><a href=\"https:\/\/13muz.eu\/event\/26-02-temat-rzeka-thema-fluss\/\" target=\"_blank\" rel=\"noopener\">Drittes Treffen \/ 26.02.2025<\/a><br \/>\n<\/strong>Die Premiere der f\u00fcnften Folge der Videoserie Theme River mit dem Titel. \u201eDie Energie der Wassermetropole\u201d.<br \/>\n<a href=\"https:\/\/youtu.be\/MfD_pV5vjzM\" target=\"_blank\" rel=\"noopener\">Sehen Sie sich diese Folge auf YT an<\/a><\/p>\n<p>Die Premiere der sechsten Folge der Filmreihe Theme River mit dem Titel. \u201eIns Meer oder in den Fluss? Stettin auf den Spuren einer Wasserreise\u201d.<br \/>\n<a href=\"https:\/\/www.youtube.com\/watch?v=LQKVEtdN2jE\" target=\"_blank\" rel=\"noopener\">Sehen Sie sich diese Folge auf YT an<\/a><\/p>\n<p><strong><a href=\"https:\/\/13muz.eu\/event\/26-03-temat-rzeka-thema-fluss\/\" target=\"_blank\" rel=\"noopener\">Treffen vier \/ 26.03.2025<\/a><br \/>\n<\/strong>Premiere der siebten Folge der Filmreihe \u201eThema Fluss\u201d mit dem Titel. \u201eDer Fluss &#8211; wie die Menschen in anderen St\u00e4dten ihre Fl\u00fcsse nutzen\u201d.<br \/>\n<a href=\"https:\/\/www.youtube.com\/watch?v=YjA0nNxHyuc\" target=\"_blank\" rel=\"noopener\">Sehen Sie sich diese Folge auf YT an<\/a><\/p>\n<p>Premiere der achten Folge der Reihe \u201eThema Fluss\u201d mit dem Titel \u201eDas Gesch\u00e4ft am Fluss &#8211; woher kommt das Geld\u201d.<br \/>\n<a href=\"https:\/\/youtu.be\/4NCD3NhFT6M?si=vn88EMQj6qCg8pvC\" target=\"_blank\" rel=\"noopener\">Sehen Sie sich diese Folge auf YT an<\/a><\/p>\n<p><strong><a href=\"https:\/\/13muz.eu\/event\/23-04-temat-rzeka-thema-fluss\/\" target=\"_blank\" rel=\"noopener\">Treffen f\u00fcnf \/ 23.04.2025<\/a><br \/>\n<\/strong>Premiere der neunten Folge der Filmreihe \u201eThema Fluss\u201d mit dem Titel \u201eNatur&nbsp;unter&nbsp;und&nbsp;\u00fcber&nbsp;dem&nbsp;Wasserspiegel\u201d.<br \/>\n<a href=\"https:\/\/www.youtube.com\/watch?v=axp3n3_BddQ\" target=\"_blank\" rel=\"noopener\">Sehen Sie sich diese Folge auf YT an<\/a><\/p>\n<p>Premiere der zehnten Folge der Reihe \u201eThema Fluss\u201d mit dem Titel \u201eWassersport.&nbsp;Wo,&nbsp;wie&nbsp;und&nbsp;was&nbsp;kostet&nbsp;das\u201d.<br \/>\n<a href=\"https:\/\/youtu.be\/hvLa9dGsyv8?si=YQWgTFpXUHk5IREi\" target=\"_blank\" rel=\"noopener\">Sehen Sie sich diese Folge auf YT an<\/a><\/p>\n","protected":false},"excerpt":{"rendered":"<p>PL Cykl program\u00f3w \u201eTemat Rzeka\u201d ma za zadanie przypomnie\u0107 nam, mieszka\u0144com Szczecina, miasta po\u0142o\u017conego nad rzek\u0105 i w 20% pokrytego wodami, co to znaczy \u017cy\u0107 w mie\u015bcie nad Odr\u0105. \u201eTemat Rzeka\u201d ma na celu budowanie lokalnej to\u017csamo\u015bci i wskazywanie na szanse rozwojowe Szczecina i regionu. Program poka\u017ce widzom nieznane miejsca, zainspiruje do podejmowania dzia\u0142a\u0144 oraz ujawni wodn\u0105 twarz Szczecina. Przekonamy mieszka\u0144c\u00f3w, \u017ce wp\u0142yw rzeki na miasto jest znacz\u0105cy i wzrastaj\u0105cy. W ramach projektu planujemy nagranie i emisj\u0119 \u0142\u0105cznie 10 odcink\u00f3w dwuj\u0119zycznych, kt\u00f3re mo\u017cna bezp\u0142atnie obejrze\u0107 na platformie online: youtube.com\/DomKultury13Muz Premierowa prezentacja kolejnych odcink\u00f3w z cyklu \u201eTemat rzeka\u201d odbywa si\u0119 w [&hellip;]<\/p>\n","protected":false},"author":4,"featured_media":62588,"parent":0,"menu_order":0,"comment_status":"closed","ping_status":"closed","template":"","meta":{"ngg_post_thumbnail":0,"_price":"","_stock":"","_tribe_ticket_header":"","_tribe_default_ticket_provider":"","_ticket_start_date":"","_ticket_end_date":"","_tribe_ticket_show_description":"","_tribe_ticket_show_not_going":false,"_tribe_ticket_use_global_stock":"","_tribe_ticket_global_stock_level":"","_global_stock_mode":"","_global_stock_cap":"","_tribe_rsvp_for_event":"","_tribe_ticket_going_count":"","_tribe_ticket_not_going_count":"","_tribe_tickets_list":"[]","_tribe_ticket_has_attendee_info_fields":false,"footnotes":"","_tec_slr_enabled":"","_tec_slr_layout":""},"class_list":["post-65925","page","type-page","status-publish","has-post-thumbnail","hentry"],"ticketed":false,"post_mailing_queue_ids":[],"_links":{"self":[{"href":"https:\/\/13muz.eu\/en\/wp-json\/wp\/v2\/pages\/65925","targetHints":{"allow":["GET"]}}],"collection":[{"href":"https:\/\/13muz.eu\/en\/wp-json\/wp\/v2\/pages"}],"about":[{"href":"https:\/\/13muz.eu\/en\/wp-json\/wp\/v2\/types\/page"}],"author":[{"embeddable":true,"href":"https:\/\/13muz.eu\/en\/wp-json\/wp\/v2\/users\/4"}],"replies":[{"embeddable":true,"href":"https:\/\/13muz.eu\/en\/wp-json\/wp\/v2\/comments?post=65925"}],"version-history":[{"count":0,"href":"https:\/\/13muz.eu\/en\/wp-json\/wp\/v2\/pages\/65925\/revisions"}],"wp:featuredmedia":[{"embeddable":true,"href":"https:\/\/13muz.eu\/en\/wp-json\/wp\/v2\/media\/62588"}],"wp:attachment":[{"href":"https:\/\/13muz.eu\/en\/wp-json\/wp\/v2\/media?parent=65925"}],"curies":[{"name":"wp","href":"https:\/\/api.w.org\/{rel}","templated":true}]}}