{"id":64900,"date":"2025-02-24T14:03:22","date_gmt":"2025-02-24T13:03:22","guid":{"rendered":"https:\/\/13muz.eu\/?page_id=64900"},"modified":"2025-02-24T14:12:17","modified_gmt":"2025-02-24T13:12:17","slug":"grupa-poetycka-ars-poetica-salon-artystyczny-seniorow-dk-13-muz","status":"publish","type":"page","link":"https:\/\/13muz.eu\/en\/grupa-poetycka-ars-poetica-salon-artystyczny-seniorow-dk-13-muz\/","title":{"rendered":"Grupa Poetycka \u201eArs Poetica\u201d \/ Salon Artystyczny Senior\u00f3w DK \u201e13 Muz"},"content":{"rendered":"<p><img loading=\"lazy\" decoding=\"async\" class=\"size-medium wp-image-62340 alignleft\" src=\"https:\/\/13muz.eu\/wp-content\/uploads\/2024\/11\/20.12.2024-Poznaj-poezji-moc-w-ta-Wigilijna-Noc-kwadrat-300x281.jpg\" alt=\"\" width=\"300\" height=\"281\" srcset=\"https:\/\/13muz.eu\/wp-content\/uploads\/2024\/11\/20.12.2024-Poznaj-poezji-moc-w-ta-Wigilijna-Noc-kwadrat-300x281.jpg 300w, https:\/\/13muz.eu\/wp-content\/uploads\/2024\/11\/20.12.2024-Poznaj-poezji-moc-w-ta-Wigilijna-Noc-kwadrat-768x719.jpg 768w, https:\/\/13muz.eu\/wp-content\/uploads\/2024\/11\/20.12.2024-Poznaj-poezji-moc-w-ta-Wigilijna-Noc-kwadrat-400x375.jpg 400w, https:\/\/13muz.eu\/wp-content\/uploads\/2024\/11\/20.12.2024-Poznaj-poezji-moc-w-ta-Wigilijna-Noc-kwadrat.jpg 800w\" sizes=\"auto, (max-width: 300px) 100vw, 300px\" \/><\/p>\n<p style=\"text-align: justify;\">Zapraszamy na spotkania Grupy Poetyckiej \u201eArs Poetica\u201d w Domu Kultury \u201e13 Muz\u201d.<\/p>\n<p style=\"text-align: justify;\">Szczeg\u00f3lnie serdecznie zapraszamy do naszego poetyckiego grona te osoby, kt\u00f3re pisz\u0105 w zaciszu domowym do tzw. \u201eszuflady\u201d i chc\u0105 zaprezentowa\u0107 swoj\u0105 tw\u00f3rczo\u015b\u0107 lub tylko pos\u0142ucha\u0107 poezji w wykonaniu naszych autor\u00f3w.<\/p>\n<p style=\"text-align: justify;\">Grupa jest cz\u0119\u015bci\u0105 dzia\u0142aj\u0105cego od blisko 8. lat w Domu Kultury \u201e13 Muz\u201d Salonu Artystycznego Senior\u00f3w i ma ju\u017c na swoim koncie wiele artystycznych dokona\u0144, w tym tak\u017ce wydanie tomiku poetyckiego \u201ePo\u0142\u0105czy\u0142a nas poezja\u201d b\u0119d\u0105cego zbiorem wybranych utwor\u00f3w grupy.<\/p>\n<p style=\"text-align: justify;\">\u201eArs Poetica\u201d jest grup\u0105 senior\u00f3w, kt\u00f3ra od wielu lat przygotowuje i prezentuje na scenie Domu Kultury \u201e13 Muz\u201d inscenizacje oparte zar\u00f3wno na w\u0142asnej tw\u00f3rczo\u015bci jak i na tw\u00f3rczo\u015bci znanych wybitnych poet\u00f3w.<\/p>\n<p style=\"text-align: justify;\">Je\u017celi chcesz tak\u017ce podzieli\u0107 si\u0119 swoimi przemy\u015bleniami oraz w\u0142asnym spojrzeniem na otaczaj\u0105c\u0105 rzeczywisto\u015b\u0107 albo tylko pos\u0142ucha\u0107 i wyciszy\u0107 si\u0119 na chwil\u0119 przenosz\u0105c si\u0119 w \u015bwiat poezji, zapraszamy do nas.<\/p>\n<p style=\"text-align: justify;\">Spotkania grypy odbywaj\u0105 w \u015brody w godz. 13:00-15:00 w Sali Kominkowej Domu Kultury \u201e13 Muz\u201d.<\/p>\n<p style=\"text-align: justify;\">Grup\u0105 kieruje Danuta Miechowicz, <a href=\"mailto:dana.miechowicz@gmail.com\" target=\"_blank\" rel=\"noopener\">dana.miechowicz@gmail.com<\/a><\/p>\n<p style=\"text-align: justify;\">Opieka artystyczna i organizacyjna nad <strong><a href=\"https:\/\/13muz.eu\/rezydenci-salon-artystyczny-seniorow\/\" target=\"_blank\" rel=\"noopener\">Salonem Artystycznym Senior\u00f3w<\/a><\/strong>: <a href=\"mailto:j.janiszewski@13muz.eu\" target=\"_blank\" rel=\"noopener\">j.janiszewski@13muz.eu<\/a>, 501&nbsp;791&nbsp;491<\/p>\n","protected":false},"excerpt":{"rendered":"<p>Zapraszamy na spotkania Grupy Poetyckiej \u201eArs Poetica\u201d w Domu Kultury \u201e13 Muz\u201d. Szczeg\u00f3lnie serdecznie zapraszamy do naszego poetyckiego grona te osoby, kt\u00f3re pisz\u0105 w zaciszu domowym do tzw. \u201eszuflady\u201d i chc\u0105 zaprezentowa\u0107 swoj\u0105 tw\u00f3rczo\u015b\u0107 lub tylko pos\u0142ucha\u0107 poezji w wykonaniu naszych autor\u00f3w. Grupa jest cz\u0119\u015bci\u0105 dzia\u0142aj\u0105cego od blisko 8. lat w Domu Kultury \u201e13 Muz\u201d Salonu Artystycznego Senior\u00f3w i ma ju\u017c na swoim koncie wiele artystycznych dokona\u0144, w tym tak\u017ce wydanie tomiku poetyckiego \u201ePo\u0142\u0105czy\u0142a nas poezja\u201d b\u0119d\u0105cego zbiorem wybranych utwor\u00f3w grupy. \u201eArs Poetica\u201d jest grup\u0105 senior\u00f3w, kt\u00f3ra od wielu lat przygotowuje i prezentuje na scenie Domu Kultury \u201e13 Muz\u201d inscenizacje [&hellip;]<\/p>\n","protected":false},"author":4,"featured_media":62338,"parent":0,"menu_order":0,"comment_status":"closed","ping_status":"closed","template":"","meta":{"ngg_post_thumbnail":0,"_price":"","_stock":"","_tribe_ticket_header":"","_tribe_default_ticket_provider":"","_ticket_start_date":"","_ticket_end_date":"","_tribe_ticket_show_description":"","_tribe_ticket_show_not_going":false,"_tribe_ticket_use_global_stock":"","_tribe_ticket_global_stock_level":"","_global_stock_mode":"","_global_stock_cap":"","_tribe_rsvp_for_event":"","_tribe_ticket_going_count":"","_tribe_ticket_not_going_count":"","_tribe_tickets_list":"[]","_tribe_ticket_has_attendee_info_fields":false,"footnotes":"","_tec_slr_enabled":"","_tec_slr_layout":""},"class_list":["post-64900","page","type-page","status-publish","has-post-thumbnail","hentry"],"ticketed":false,"post_mailing_queue_ids":[],"_links":{"self":[{"href":"https:\/\/13muz.eu\/en\/wp-json\/wp\/v2\/pages\/64900","targetHints":{"allow":["GET"]}}],"collection":[{"href":"https:\/\/13muz.eu\/en\/wp-json\/wp\/v2\/pages"}],"about":[{"href":"https:\/\/13muz.eu\/en\/wp-json\/wp\/v2\/types\/page"}],"author":[{"embeddable":true,"href":"https:\/\/13muz.eu\/en\/wp-json\/wp\/v2\/users\/4"}],"replies":[{"embeddable":true,"href":"https:\/\/13muz.eu\/en\/wp-json\/wp\/v2\/comments?post=64900"}],"version-history":[{"count":0,"href":"https:\/\/13muz.eu\/en\/wp-json\/wp\/v2\/pages\/64900\/revisions"}],"wp:featuredmedia":[{"embeddable":true,"href":"https:\/\/13muz.eu\/en\/wp-json\/wp\/v2\/media\/62338"}],"wp:attachment":[{"href":"https:\/\/13muz.eu\/en\/wp-json\/wp\/v2\/media?parent=64900"}],"curies":[{"name":"wp","href":"https:\/\/api.w.org\/{rel}","templated":true}]}}