{"id":63735,"date":"2024-12-20T13:23:25","date_gmt":"2024-12-20T12:23:25","guid":{"rendered":"https:\/\/13muz.eu\/?page_id=63735"},"modified":"2026-05-04T10:44:21","modified_gmt":"2026-05-04T08:44:21","slug":"joga-dla-seniorow","status":"publish","type":"page","link":"https:\/\/13muz.eu\/en\/joga-dla-seniorow\/","title":{"rendered":"Joga dla Senior\u00f3w"},"content":{"rendered":"<p style=\"text-align: justify;\"><img loading=\"lazy\" decoding=\"async\" class=\"size-medium wp-image-62976 alignleft\" src=\"https:\/\/13muz.eu\/wp-content\/uploads\/2024\/12\/09.01.2025-Joga-dla-Seniorow-kwadrat-300x300.jpg\" alt=\"\" width=\"300\" height=\"300\" srcset=\"https:\/\/13muz.eu\/wp-content\/uploads\/2024\/12\/09.01.2025-Joga-dla-Seniorow-kwadrat-300x300.jpg 300w, https:\/\/13muz.eu\/wp-content\/uploads\/2024\/12\/09.01.2025-Joga-dla-Seniorow-kwadrat-150x150.jpg 150w, https:\/\/13muz.eu\/wp-content\/uploads\/2024\/12\/09.01.2025-Joga-dla-Seniorow-kwadrat-768x768.jpg 768w, https:\/\/13muz.eu\/wp-content\/uploads\/2024\/12\/09.01.2025-Joga-dla-Seniorow-kwadrat-130x130.jpg 130w, https:\/\/13muz.eu\/wp-content\/uploads\/2024\/12\/09.01.2025-Joga-dla-Seniorow-kwadrat-400x400.jpg 400w, https:\/\/13muz.eu\/wp-content\/uploads\/2024\/12\/09.01.2025-Joga-dla-Seniorow-kwadrat.jpg 800w\" sizes=\"auto, (max-width: 300px) 100vw, 300px\" \/><\/p>\n<p style=\"text-align: justify;\"><em>\u201eJestem pasjonatk\u0105 zdrowego stylu \u017cycia, psychologii pozytywnej, szukania w nim balansu, osi\u0105gam to poprzez praktyk\u0119 jogi, medytacje, aromaterapi\u0119, refleksologi\u0119, pozytywne nastawienie do \u017cycia, \u015bwiata i ludzi. <\/em><\/p>\n<p style=\"text-align: justify;\"><em>&nbsp;<\/em><em>Uwielbiam motywowa\u0107 innych i odnajdowa\u0107 w nich rado\u015b\u0107 \u017cycia. Od 10. lat praktykuj\u0119 jog\u0119 wg metody Iyengara, Yin i czakraln\u0105 &#8211; prowadz\u0119 j\u0105 na warsztatach dla kobiet i m\u0119\u017cczyzn.&nbsp; Prowadz\u0119 warsztaty w Polsce i za granic\u0105 (jedno i kilkudniowe) dotycz\u0105ce rozwoju osobistego, motywacyjne w celu odnalezienia swojego sensu istnienia, planu duszy lub po prostu odstresowania si\u0119 od tego co w \u017cyciu codziennym, po to, \u017ceby \u017cy\u0107 w zdrowiu i dobrostanie we wszystkich sferach \u017cycia\u201d <\/em>&#8211; Magdalena Figura, prowadz\u0105ca zaj\u0119cia<\/p>\n<p style=\"text-align: justify;\">Prowadz\u0105ca zaj\u0119cia, Magdalena Figura posiada certyfikaty z kurs\u00f3w:<br \/>\n&#8211; Intro Classic Yoga oraz Yin Joga<br \/>\n&#8211; akademia dietetyki klasycznej oraz profilaktycznej i leczniczej wg tradycyjnej medycyny chi\u0144skiej<br \/>\n&#8211; zastosowania refleksologii w praktyce terapeutycznej<br \/>\n&#8211; liftinguj\u0105cy masa\u017c kobido oraz kinesiotaping estetyczny twarzy, masa\u017c twarzy ba\u0144k\u0105 chi\u0144sk\u0105<br \/>\n&#8211; trener \u015bwiadomego oddechu<br \/>\n&#8211; trener metody Soul body Fusion<br \/>\n&#8211; instruktor Rekreacji Ruchowej Techniki Relaksacyjne<\/p>\n<p style=\"text-align: justify;\">Co zabra\u0107 ze sob\u0105: mat\u0119 i wod\u0119<\/p>\n<p style=\"text-align: justify;\">\u0106wiczenia jogi, oddechu i relaksacji przynosz\u0105 wiele pozytywnych efekt\u00f3w &#8211; poprawiaj\u0105 sprawno\u015b\u0107 fizyczn\u0105, wzmacniaj\u0105 mi\u0119\u015bnie i zwi\u0119kszaj\u0105 elastyczno\u015b\u0107, co pomaga w utrzymaniu dobrej kondycji i zapobiega upadkom. Techniki oddechowe wspieraj\u0105 prac\u0119 uk\u0142adu oddechowego, dotleniaj\u0105 organizm i pomagaj\u0105 w regulacji ci\u015bnienia krwi. Relaksacja redukuje stres, poprawia nastr\u00f3j i wspiera zdrowy sen. Regularna praktyka wp\u0142ywa tak\u017ce na koncentracj\u0119, pami\u0119\u0107 i og\u00f3lne samopoczucie, co jest kluczowe dla jako\u015bci \u017cycia senior\u00f3w.<\/p>\n<p style=\"text-align: justify;\"><u>W poniedzia\u0142ki o godz. 17:30 odbywaj\u0105 si\u0119 zaj\u0119cia p\u0142atne.<br \/>\n<\/u>Czas trwania: 60 min<\/p>\n<p>Obowi\u0105zuj\u0105 zapisy: 505 720 019 &#8211; liczba miejsc jest ograniczona (maksymalnie 18 os.). Przy zapisach prosimy o podanie imienia i nazwiska oraz nazwy cyklu: Joga dla Senior\u00f3w w poniedzia\u0142ek. Zapisy od poniedzia\u0142ku do pi\u0105tku w godz. 14:00 -18:00.<\/p>\n<p style=\"text-align: justify;\"><u>W czwartki o godz. 18:00 odbywaj\u0105 si\u0119 zaj\u0119cia bezp\u0142atne.<\/u><\/p>\n<p style=\"text-align: justify;\">Czas trwania: 45 min<\/p>\n<p style=\"text-align: justify;\">Wst\u0119p wolny &#8211; obowi\u0105zuj\u0105 zapisy: 505 720 019 &#8211; liczba miejsc jest ograniczona (maksymalnie 18 os.). Przy zapisach prosimy o podanie imienia i nazwiska oraz nazwy cyklu: Joga dla Senior\u00f3w w czwartek. Zapisy od poniedzia\u0142ku do pi\u0105tku w godz. 14:00 -18:00.<\/p>\n<p style=\"text-align: justify;\">Zapraszamy tak\u017ce na <a href=\"https:\/\/13muz.eu\/jogo-pilates\/\" target=\"_blank\" rel=\"noopener\">Jogo-pilates<\/a>.<\/p>\n","protected":false},"excerpt":{"rendered":"<p>\u201eJestem pasjonatk\u0105 zdrowego stylu \u017cycia, psychologii pozytywnej, szukania w nim balansu, osi\u0105gam to poprzez praktyk\u0119 jogi, medytacje, aromaterapi\u0119, refleksologi\u0119, pozytywne nastawienie do \u017cycia, \u015bwiata i ludzi. &nbsp;Uwielbiam motywowa\u0107 innych i odnajdowa\u0107 w nich rado\u015b\u0107 \u017cycia. Od 10. lat praktykuj\u0119 jog\u0119 wg metody Iyengara, Yin i czakraln\u0105 &#8211; prowadz\u0119 j\u0105 na warsztatach dla kobiet i m\u0119\u017cczyzn.&nbsp; Prowadz\u0119 warsztaty w Polsce i za granic\u0105 (jedno i kilkudniowe) dotycz\u0105ce rozwoju osobistego, motywacyjne w celu odnalezienia swojego sensu istnienia, planu duszy lub po prostu odstresowania si\u0119 od tego co w \u017cyciu codziennym, po to, \u017ceby \u017cy\u0107 w zdrowiu i dobrostanie we wszystkich sferach \u017cycia\u201d [&hellip;]<\/p>\n","protected":false},"author":4,"featured_media":63080,"parent":0,"menu_order":0,"comment_status":"closed","ping_status":"closed","template":"","meta":{"ngg_post_thumbnail":0,"_price":"","_stock":"","_tribe_ticket_header":"","_tribe_default_ticket_provider":"","_ticket_start_date":"","_ticket_end_date":"","_tribe_ticket_show_description":"","_tribe_ticket_show_not_going":false,"_tribe_ticket_use_global_stock":"","_tribe_ticket_global_stock_level":"","_global_stock_mode":"","_global_stock_cap":"","_tribe_rsvp_for_event":"","_tribe_ticket_going_count":"","_tribe_ticket_not_going_count":"","_tribe_tickets_list":"[]","_tribe_ticket_has_attendee_info_fields":false,"footnotes":"","_tec_slr_enabled":"","_tec_slr_layout":""},"class_list":["post-63735","page","type-page","status-publish","has-post-thumbnail","hentry"],"ticketed":false,"post_mailing_queue_ids":[],"_links":{"self":[{"href":"https:\/\/13muz.eu\/en\/wp-json\/wp\/v2\/pages\/63735","targetHints":{"allow":["GET"]}}],"collection":[{"href":"https:\/\/13muz.eu\/en\/wp-json\/wp\/v2\/pages"}],"about":[{"href":"https:\/\/13muz.eu\/en\/wp-json\/wp\/v2\/types\/page"}],"author":[{"embeddable":true,"href":"https:\/\/13muz.eu\/en\/wp-json\/wp\/v2\/users\/4"}],"replies":[{"embeddable":true,"href":"https:\/\/13muz.eu\/en\/wp-json\/wp\/v2\/comments?post=63735"}],"version-history":[{"count":6,"href":"https:\/\/13muz.eu\/en\/wp-json\/wp\/v2\/pages\/63735\/revisions"}],"predecessor-version":[{"id":74479,"href":"https:\/\/13muz.eu\/en\/wp-json\/wp\/v2\/pages\/63735\/revisions\/74479"}],"wp:featuredmedia":[{"embeddable":true,"href":"https:\/\/13muz.eu\/en\/wp-json\/wp\/v2\/media\/63080"}],"wp:attachment":[{"href":"https:\/\/13muz.eu\/en\/wp-json\/wp\/v2\/media?parent=63735"}],"curies":[{"name":"wp","href":"https:\/\/api.w.org\/{rel}","templated":true}]}}