{"id":62,"date":"2017-12-07T11:07:49","date_gmt":"2017-12-07T11:07:49","guid":{"rendered":"http:\/\/test.13muz.eu\/?page_id=62"},"modified":"2023-11-29T11:09:51","modified_gmt":"2023-11-29T10:09:51","slug":"kontrapunkt","status":"publish","type":"page","link":"https:\/\/13muz.eu\/en\/kontrapunkt\/","title":{"rendered":"Kontrapunkt"},"content":{"rendered":"<p>&nbsp;<\/p>\n<p style=\"text-align: justify;\"><img loading=\"lazy\" decoding=\"async\" class=\"size-medium wp-image-47865 alignleft\" src=\"https:\/\/13muz.eu\/wp-content\/uploads\/2022\/10\/kontrapunkt-300x181.jpg\" alt=\"\" width=\"300\" height=\"181\" srcset=\"https:\/\/13muz.eu\/wp-content\/uploads\/2022\/10\/kontrapunkt-300x181.jpg 300w, https:\/\/13muz.eu\/wp-content\/uploads\/2022\/10\/kontrapunkt-768x463.jpg 768w, https:\/\/13muz.eu\/wp-content\/uploads\/2022\/10\/kontrapunkt-400x241.jpg 400w, https:\/\/13muz.eu\/wp-content\/uploads\/2022\/10\/kontrapunkt.jpg 904w\" sizes=\"auto, (max-width: 300px) 100vw, 300px\" \/>56. ods\u0142ona odby\u0142a si\u0119 w okresie: 21-29.04.2022 r. By\u0142a to ostatnia edycja Przegl\u0105du, kt\u00f3ry odby\u0142 si\u0119 w dotychczasowej formule organizacyjnej i programowej. Zgodnie z zaproponowan\u0105 zmian\u0105 od 2023 roku formalnymi organizatorami \u201eKontrapunktu\u201d b\u0119d\u0105&nbsp; dwie miejskie instytucje teatralne: Teatr Lalek \u201ePleciuga\u201d oraz Teatr Wsp\u00f3\u0142czesny. Tym samym zast\u0105pi\u0105 one w tej roli Dom Kultury \u201e13 Muz\u201d, kt\u00f3ry przez ostatnie sze\u015b\u0107 lat by\u0142 organizatorem Przegl\u0105du. Wi\u0119cej informacji na ten temat znajduje si\u0119 pod <a href=\"https:\/\/wiadomosci.szczecin.eu\/artykul\/kultura\/nowe-oblicze-kontrapunktu\" target=\"_blank\" rel=\"noopener\"><strong>linkiem<\/strong><\/a>.<\/p>\n<p style=\"text-align: justify;\"><strong>Przegl\u0105d Teatr\u00f3w Ma\u0142ych Form Kontrapunkt<\/strong> &#8211; najwi\u0119kszy festiwal mi\u0119dzynarodowy p\u00f3\u0142nocno-zachodniej Polski, kt\u00f3ry odbywa si\u0119 w nurtach: konkursowym oraz pozakonkursowym, pozwalaj\u0105cym na zaistnienie sztuki teatru w szerokim kontek\u015bcie kultury, co kieruje Kontrapunkt w stron\u0119 festiwalu sztuki, podczas kt\u00f3rego maj\u0105 miejsce spektakle, parada teatralna, spektakle plenerowe, muzyczne wydarzenia towarzysz\u0105ce, dzia\u0142ania performer\u00f3w, prezentacje spektakli teatr\u00f3w szczeci\u0144skich, prezentacje spektakli teatru offowego, teatru w\u0142\u0105czaj\u0105cego oraz spotkania z artystami i krytykami. Formu\u0142a festiwalu pozwala na prezentacje najnowszych nurt\u00f3w i poszukiwa\u0144 teatru oraz umo\u017cliwia dyskusje i konfrontacje teatru polskiego i zagranicznego, ze szczeg\u00f3lnym uwzgl\u0119dnieniem niemieckiego (prezentacje w Berlinie), ukazuj\u0105c przemiany europejskiego teatru w Polsce, jednocze\u015bnie promuj\u0105c polsk\u0105 kultur\u0119 za granic\u0105.<\/p>\n<p style=\"text-align: justify;\">Przegl\u0105d Teatr\u00f3w Ma\u0142ych Form Kontrapunkt ma na celu prezentacj\u0119 i promocj\u0119 wybranych, artystycznie najciekawszych, polskich i zagranicznych, przedstawie\u0144 teatralnych u\u017cywaj\u0105cych r\u00f3\u017cnorodnych j\u0119zyk\u00f3w i stylistyk. W nurcie konkursowym, wyznacznikiem g\u0142\u00f3wnym staje si\u0119 poj\u0119cie \u201ema\u0142ej formy\u201d. Natomiast imprezy towarzysz\u0105ce maj\u0105 budowa\u0107 szeroki kontekst kulturowy dla konkursowych prezentacji. Zatem poza prezentacj\u0105 przedstawie\u0144 konkursowych, Kontrapunkt to szereg interdyscyplinarnych dzia\u0142a\u0144.<\/p>\n<p style=\"text-align: justify;\">Przegl\u0105d Teatr\u00f3w Ma\u0142ych Form Kontrapunkt to kultywacja 56. lat tradycji i do\u015bwiadcze\u0144 w realizacji kompleksowej prezentacji \u201ema\u0142ej formy\u201d. Ponowne usytuowanie biura organizacyjnego w Domu Kultury \u201e13 Muz\u201d to powr\u00f3t do miejsca narodzin i wieloletniej dzia\u0142alno\u015bci festiwalu. Tu w kwietniu 1966 r. narodzi\u0142 si\u0119 Og\u00f3lnopolski Przegl\u0105d Zawodowych Teatr\u00f3w Ma\u0142ych Form, nazywany przez wiele lat Szczeci\u0144skim Tygodniem Teatralnym, dop\u00f3ki w \u015bwiadomo\u015bci widz\u00f3w i artyst\u00f3w nie zacz\u0119\u0142o dominowa\u0107 okre\u015blenie \u201eKontrapunkt\u201d dodane w 1995 r. do oficjalnej nazwy. W \u00f3wczesnym Klubie 13 Muz odbywa\u0142y si\u0119 znacz\u0105ce spektakle, wyst\u0119powali uznani arty\u015bci (Maria Teresa W\u00f3jcik, bracia Grabowscy, Jan Peszek, Ryszarda Hanin, Irena Jun, Ryszard Filipski), do p\u00f3\u017anych godzin trwa\u0142y spotkania z artystami, za\u017carte dyskusje w klubie festiwalowym, towarzyskie rozmowy w s\u0142awetnym bufecie 13 Muz.<\/p>\n<p>Filmy archiwalne dot. Przegl\u0105du:<br \/>\n&#8211; <a href=\"https:\/\/cyfrowa.tvp.pl\/video\/teatr-i-sztuka-sceniczna,studio-pod-muzami,58695454\" target=\"_blank\" rel=\"noopener\">Teatr i sztuka sceniczna &#8211; Studio pod Muzami<\/a><br \/>\n&#8211; <a href=\"https:\/\/cyfrowa.tvp.pl\/video\/teatr-i-sztuka-sceniczna,festiwal-teatralny-1977,59627289\" target=\"_blank\" rel=\"noopener\">Teatr i sztuka sceniczna &#8211; Festiwal teatralny 1977<\/a><\/p>\n<ul>\n<li>Organizatorem Przegl\u0105du w latach 2017-2022 by\u0142 Dom Kultury \u201e13 Muz\u201d w Szczecinie.<\/li>\n<li>Przegl\u0105d jest finansowany przez <strong><a href=\"http:\/\/www.szczecin.eu\/\" target=\"_blank\" rel=\"noopener noreferrer\">Miasto Szczecin&nbsp;<\/a><\/strong><\/li>\n<li>Wi\u0119cej na stronie <strong><a href=\"http:\/\/www.kontrapunkt.pl\" target=\"_blank\" rel=\"noopener noreferrer\">www.kontrapunkt.pl<\/a><\/strong><\/li>\n<li>Dofinansowano z bud\u017cetu pa\u0144stwa &#8211; ze \u015brodk\u00f3w Ministra Kultury i Dziedzictwa Narodowego.<br \/>\n<a href=\"https:\/\/www.gov.pl\/web\/kultura\" target=\"_blank\" rel=\"noopener\"><img loading=\"lazy\" decoding=\"async\" class=\"size-medium wp-image-44325 alignleft\" src=\"https:\/\/13muz.eu\/wp-content\/uploads\/2022\/03\/MKiDN_kolor-300x124.jpg\" alt=\"\" width=\"300\" height=\"124\" srcset=\"https:\/\/13muz.eu\/wp-content\/uploads\/2022\/03\/MKiDN_kolor-300x124.jpg 300w, https:\/\/13muz.eu\/wp-content\/uploads\/2022\/03\/MKiDN_kolor-1024x424.jpg 1024w, https:\/\/13muz.eu\/wp-content\/uploads\/2022\/03\/MKiDN_kolor-768x318.jpg 768w, https:\/\/13muz.eu\/wp-content\/uploads\/2022\/03\/MKiDN_kolor-400x166.jpg 400w, https:\/\/13muz.eu\/wp-content\/uploads\/2022\/03\/MKiDN_kolor.jpg 1200w\" sizes=\"auto, (max-width: 300px) 100vw, 300px\" \/><\/a><\/li>\n<\/ul>\n","protected":false},"excerpt":{"rendered":"<p>&nbsp; 56. ods\u0142ona odby\u0142a si\u0119 w okresie: 21-29.04.2022 r. By\u0142a to ostatnia edycja Przegl\u0105du, kt\u00f3ry odby\u0142 si\u0119 w dotychczasowej formule organizacyjnej i programowej. Zgodnie z zaproponowan\u0105 zmian\u0105 od 2023 roku formalnymi organizatorami \u201eKontrapunktu\u201d b\u0119d\u0105&nbsp; dwie miejskie instytucje teatralne: Teatr Lalek \u201ePleciuga\u201d oraz Teatr Wsp\u00f3\u0142czesny. Tym samym zast\u0105pi\u0105 one w tej roli Dom Kultury \u201e13 Muz\u201d, kt\u00f3ry przez ostatnie sze\u015b\u0107 lat by\u0142 organizatorem Przegl\u0105du. Wi\u0119cej informacji na ten temat znajduje si\u0119 pod linkiem. Przegl\u0105d Teatr\u00f3w Ma\u0142ych Form Kontrapunkt &#8211; najwi\u0119kszy festiwal mi\u0119dzynarodowy p\u00f3\u0142nocno-zachodniej Polski, kt\u00f3ry odbywa si\u0119 w nurtach: konkursowym oraz pozakonkursowym, pozwalaj\u0105cym na zaistnienie sztuki teatru w szerokim kontek\u015bcie kultury, [&hellip;]<\/p>\n","protected":false},"author":1,"featured_media":0,"parent":0,"menu_order":0,"comment_status":"closed","ping_status":"closed","template":"","meta":{"ngg_post_thumbnail":0,"_price":"","_stock":"","_tribe_ticket_header":"","_tribe_default_ticket_provider":"","_ticket_start_date":"","_ticket_end_date":"","_tribe_ticket_show_description":"","_tribe_ticket_show_not_going":false,"_tribe_ticket_use_global_stock":"","_tribe_ticket_global_stock_level":"","_global_stock_mode":"","_global_stock_cap":"","_tribe_rsvp_for_event":"","_tribe_ticket_going_count":"","_tribe_ticket_not_going_count":"","_tribe_tickets_list":"[]","_tribe_ticket_has_attendee_info_fields":false,"footnotes":"","_tec_slr_enabled":"","_tec_slr_layout":""},"class_list":["post-62","page","type-page","status-publish","hentry"],"ticketed":false,"post_mailing_queue_ids":[],"_links":{"self":[{"href":"https:\/\/13muz.eu\/en\/wp-json\/wp\/v2\/pages\/62","targetHints":{"allow":["GET"]}}],"collection":[{"href":"https:\/\/13muz.eu\/en\/wp-json\/wp\/v2\/pages"}],"about":[{"href":"https:\/\/13muz.eu\/en\/wp-json\/wp\/v2\/types\/page"}],"author":[{"embeddable":true,"href":"https:\/\/13muz.eu\/en\/wp-json\/wp\/v2\/users\/1"}],"replies":[{"embeddable":true,"href":"https:\/\/13muz.eu\/en\/wp-json\/wp\/v2\/comments?post=62"}],"version-history":[{"count":0,"href":"https:\/\/13muz.eu\/en\/wp-json\/wp\/v2\/pages\/62\/revisions"}],"wp:attachment":[{"href":"https:\/\/13muz.eu\/en\/wp-json\/wp\/v2\/media?parent=62"}],"curies":[{"name":"wp","href":"https:\/\/api.w.org\/{rel}","templated":true}]}}