{"id":60729,"date":"2024-09-11T12:55:23","date_gmt":"2024-09-11T10:55:23","guid":{"rendered":"https:\/\/13muz.eu\/?page_id=60729"},"modified":"2026-02-09T15:50:47","modified_gmt":"2026-02-09T14:50:47","slug":"festiwal-sztuk-uhuru","status":"publish","type":"page","link":"https:\/\/13muz.eu\/en\/festiwal-sztuk-uhuru\/","title":{"rendered":"Festiwal Sztuk Uhuru"},"content":{"rendered":"<p><img loading=\"lazy\" decoding=\"async\" class=\"size-medium wp-image-60731 alignleft\" src=\"https:\/\/13muz.eu\/wp-content\/uploads\/2024\/09\/Teatr-Uhuru-300x200.jpg\" alt=\"\" width=\"300\" height=\"200\" srcset=\"https:\/\/13muz.eu\/wp-content\/uploads\/2024\/09\/Teatr-Uhuru-300x200.jpg 300w, https:\/\/13muz.eu\/wp-content\/uploads\/2024\/09\/Teatr-Uhuru-1024x683.jpg 1024w, https:\/\/13muz.eu\/wp-content\/uploads\/2024\/09\/Teatr-Uhuru-768x512.jpg 768w, https:\/\/13muz.eu\/wp-content\/uploads\/2024\/09\/Teatr-Uhuru-1536x1025.jpg 1536w, https:\/\/13muz.eu\/wp-content\/uploads\/2024\/09\/Teatr-Uhuru-150x100.jpg 150w, https:\/\/13muz.eu\/wp-content\/uploads\/2024\/09\/Teatr-Uhuru-400x267.jpg 400w, https:\/\/13muz.eu\/wp-content\/uploads\/2024\/09\/Teatr-Uhuru.jpg 2048w\" sizes=\"auto, (max-width: 300px) 100vw, 300px\" \/><\/p>\n<p style=\"text-align: justify;\">Festiwal Sztuk Uhuru to inicjatywa stworzona przez aktualny sk\u0142ad <strong><a href=\"https:\/\/13muz.eu\/teatr-uhuru-mlodziezowa-pracownia-teatralna\/\" target=\"_blank\" rel=\"noopener\">Teatru Uhuru<\/a><\/strong> &#8211; m\u0142odzie\u017c licealn\u0105 i studenck\u0105 &#8211; od kilku lat dzia\u0142aj\u0105c\u0105 po egid\u0105 \u201e13 Muz\u201d. Pierwsza ods\u0142ona festiwalu odby\u0142a si\u0119 w dniach 15-18 czerwca 2023 roku.<\/p>\n<p style=\"text-align: justify;\">Przez ca\u0142y rok nowi cz\u0142onkowie grupy oraz starsi uczestnicy zaj\u0119\u0107 teatralnych pracuj\u0105 w kilku zespo\u0142ach nad w\u0142asnymi, autorskimi spektaklami.<\/p>\n<p><img loading=\"lazy\" decoding=\"async\" class=\"size-medium wp-image-60365 alignright\" src=\"https:\/\/13muz.eu\/wp-content\/uploads\/2024\/09\/24.10.2024-Przy-kawie-1920-300x177.jpg\" alt=\"\" width=\"300\" height=\"177\" srcset=\"https:\/\/13muz.eu\/wp-content\/uploads\/2024\/09\/24.10.2024-Przy-kawie-1920-300x177.jpg 300w, https:\/\/13muz.eu\/wp-content\/uploads\/2024\/09\/24.10.2024-Przy-kawie-1920-1024x604.jpg 1024w, https:\/\/13muz.eu\/wp-content\/uploads\/2024\/09\/24.10.2024-Przy-kawie-1920-768x453.jpg 768w, https:\/\/13muz.eu\/wp-content\/uploads\/2024\/09\/24.10.2024-Przy-kawie-1920-1536x906.jpg 1536w, https:\/\/13muz.eu\/wp-content\/uploads\/2024\/09\/24.10.2024-Przy-kawie-1920-400x236.jpg 400w, https:\/\/13muz.eu\/wp-content\/uploads\/2024\/09\/24.10.2024-Przy-kawie-1920.jpg 1920w\" sizes=\"auto, (max-width: 300px) 100vw, 300px\" \/><\/p>\n<p style=\"text-align: justify;\">Jednak festiwal to nie tylko spektakle teatralne, ale tak\u017ce koncerty, spotkania, programy poetyckie, czy te\u017c wystawy. Wydarzenie stanowi jednocze\u015bnie manifest m\u0142odych ludzi pod has\u0142em \u201eUhuru znaczy (t\u0142um. z suahili) wolno\u015b\u0107\u201d. Nasi tw\u00f3rcy, zar\u00f3wno m\u0142odzie\u017c jak i doro\u015bli, pragn\u0105 przekaza\u0107 siebie oraz doda\u0107 powiewu \u015bwie\u017co\u015bci tradycji.<\/p>\n<p style=\"text-align: justify;\">Opieka organizacyjna i artystyczna: Janusz Janiszewski (DK \u201e13 Muz\u201d), instruktor i re\u017cyser Teatru Uhuru<\/p>\n<p><img loading=\"lazy\" decoding=\"async\" class=\"size-medium wp-image-60732 alignleft\" src=\"https:\/\/13muz.eu\/wp-content\/uploads\/2024\/09\/7-200x300.jpg\" alt=\"\" width=\"200\" height=\"300\" srcset=\"https:\/\/13muz.eu\/wp-content\/uploads\/2024\/09\/7-200x300.jpg 200w, https:\/\/13muz.eu\/wp-content\/uploads\/2024\/09\/7-683x1024.jpg 683w, https:\/\/13muz.eu\/wp-content\/uploads\/2024\/09\/7-768x1152.jpg 768w, https:\/\/13muz.eu\/wp-content\/uploads\/2024\/09\/7-1024x1536.jpg 1024w, https:\/\/13muz.eu\/wp-content\/uploads\/2024\/09\/7-1365x2048.jpg 1365w, https:\/\/13muz.eu\/wp-content\/uploads\/2024\/09\/7-400x600.jpg 400w, https:\/\/13muz.eu\/wp-content\/uploads\/2024\/09\/7-scaled.jpg 1706w\" sizes=\"auto, (max-width: 200px) 100vw, 200px\" \/><\/p>\n<p style=\"text-align: justify;\">Miejsca wydarze\u0144: Sala Kominkowa Domu Kultury \u201e13 Muz\u201d, Galeria Enter Domu Kultury \u201e13 Muz\u201d, Teatr Kana, Piwnica Kany, \u0141\u0105ka Kany<\/p>\n<p style=\"text-align: justify;\">Organizatorzy: Dom Kultury \u201e13 Muz\u201d, Pracowania Teatralna Teatr Uhuru<br \/>\nPartnerzy: Teatr Kana, Piwnica Kany<\/p>\n<p style=\"text-align: justify;\"><strong><a href=\"https:\/\/13muz.eu\/wydarzenie\/15-18-06-i-festiwal-sztuk-uhuru-25-lat-teatru-uhuru-uhuru-znaczy-wolnosc\/?instance_id=2095\" target=\"_blank\" rel=\"noopener\">Link<\/a><\/strong> do I Festiwalu Sztuk Uhuru<br \/>\n<strong><a href=\"https:\/\/13muz.eu\/event\/05-08-06-ii-festiwal-sztuk-uhuru\/\" target=\"_blank\" rel=\"noopener\">Link<\/a> <\/strong>do II Festiwalu Sztuk Uhuru<br \/>\n<strong><a href=\"https:\/\/13muz.eu\/event\/17-22-06-nie-z-rowno-wazeni-iii-festiwal-sztuk-uhuru\/\" target=\"_blank\" rel=\"noopener\">Link<\/a><\/strong> do III Festiwalu Sztuk Uhuru<\/p>\n<p><img loading=\"lazy\" decoding=\"async\" class=\"size-medium wp-image-60730 alignright\" src=\"https:\/\/13muz.eu\/wp-content\/uploads\/2024\/09\/3-300x200.jpg\" alt=\"\" width=\"300\" height=\"200\" srcset=\"https:\/\/13muz.eu\/wp-content\/uploads\/2024\/09\/3-300x200.jpg 300w, https:\/\/13muz.eu\/wp-content\/uploads\/2024\/09\/3-1024x683.jpg 1024w, https:\/\/13muz.eu\/wp-content\/uploads\/2024\/09\/3-768x512.jpg 768w, https:\/\/13muz.eu\/wp-content\/uploads\/2024\/09\/3-1536x1024.jpg 1536w, https:\/\/13muz.eu\/wp-content\/uploads\/2024\/09\/3-2048x1365.jpg 2048w, https:\/\/13muz.eu\/wp-content\/uploads\/2024\/09\/3-150x100.jpg 150w, https:\/\/13muz.eu\/wp-content\/uploads\/2024\/09\/3-400x267.jpg 400w\" sizes=\"auto, (max-width: 300px) 100vw, 300px\" \/><\/p>\n<p style=\"text-align: justify;\">Fotogaleria:<br \/>\n<a href=\"https:\/\/13muz.eu\/pozostale-wydarzenia\/nggallery\/wydarzenia\/i-festiwal-sztuk-uhuru-25-lat-teatru-uhuru\" target=\"_blank\" rel=\"noopener\"><strong>15 czerwca 2023<\/strong><\/a><br \/>\n<strong><a href=\"https:\/\/13muz.eu\/pozostale-wydarzenia\/nggallery\/wydarzenia\/i-festiwal-sztuk-uhuru-25-lat-teatru-uhuru-uhuru-znaczy-wolnosc-relacja\" target=\"_blank\" rel=\"noopener\">18 czerwca 2023<\/a><\/strong><br \/>\n<strong><a href=\"https:\/\/13muz.eu\/pozostale-wydarzenia\/nggallery\/album\/ii-festiwal-sztuk-uhuru-inauguracja-i-koncert-duxius\" target=\"_blank\" rel=\"noopener\">05 czerwca 2024<\/a><\/strong><br \/>\n<strong><a href=\"https:\/\/13muz.eu\/pozostale-wydarzenia\/nggallery\/album\/ii-festiwal-sztuk-uhuru\" target=\"_blank\" rel=\"noopener\">05-08 czerwca 2024<\/a><br \/>\n<\/strong><a href=\"https:\/\/13muz.eu\/pozostale-wydarzenia\/nggallery\/wydarzenia\/nie-z-rowno-wazeni-iii-festiwal-sztuk-uhuru\" target=\"_blank\" rel=\"noopener\"><strong>17-22 czerwca 2025<\/strong><\/a><\/p>\n<p style=\"text-align: justify;\">IV Festiwal Sztuk Uhuru odb\u0119dzie si\u0119 w dniach 18-21 czerwca 2026 r.<\/p>\n","protected":false},"excerpt":{"rendered":"<p>Festiwal Sztuk Uhuru to inicjatywa stworzona przez aktualny sk\u0142ad Teatru Uhuru &#8211; m\u0142odzie\u017c licealn\u0105 i studenck\u0105 &#8211; od kilku lat dzia\u0142aj\u0105c\u0105 po egid\u0105 \u201e13 Muz\u201d. Pierwsza ods\u0142ona festiwalu odby\u0142a si\u0119 w dniach 15-18 czerwca 2023 roku. Przez ca\u0142y rok nowi cz\u0142onkowie grupy oraz starsi uczestnicy zaj\u0119\u0107 teatralnych pracuj\u0105 w kilku zespo\u0142ach nad w\u0142asnymi, autorskimi spektaklami. Jednak festiwal to nie tylko spektakle teatralne, ale tak\u017ce koncerty, spotkania, programy poetyckie, czy te\u017c wystawy. Wydarzenie stanowi jednocze\u015bnie manifest m\u0142odych ludzi pod has\u0142em \u201eUhuru znaczy (t\u0142um. z suahili) wolno\u015b\u0107\u201d. Nasi tw\u00f3rcy, zar\u00f3wno m\u0142odzie\u017c jak i doro\u015bli, pragn\u0105 przekaza\u0107 siebie oraz doda\u0107 powiewu \u015bwie\u017co\u015bci tradycji. [&hellip;]<\/p>\n","protected":false},"author":4,"featured_media":0,"parent":0,"menu_order":0,"comment_status":"closed","ping_status":"closed","template":"","meta":{"ngg_post_thumbnail":0,"_price":"","_stock":"","_tribe_ticket_header":"","_tribe_default_ticket_provider":"","_ticket_start_date":"","_ticket_end_date":"","_tribe_ticket_show_description":"","_tribe_ticket_show_not_going":false,"_tribe_ticket_use_global_stock":"","_tribe_ticket_global_stock_level":"","_global_stock_mode":"","_global_stock_cap":"","_tribe_rsvp_for_event":"","_tribe_ticket_going_count":"","_tribe_ticket_not_going_count":"","_tribe_tickets_list":"[]","_tribe_ticket_has_attendee_info_fields":false,"footnotes":"","_tec_slr_enabled":"","_tec_slr_layout":""},"class_list":["post-60729","page","type-page","status-publish","hentry"],"ticketed":false,"post_mailing_queue_ids":[],"_links":{"self":[{"href":"https:\/\/13muz.eu\/en\/wp-json\/wp\/v2\/pages\/60729","targetHints":{"allow":["GET"]}}],"collection":[{"href":"https:\/\/13muz.eu\/en\/wp-json\/wp\/v2\/pages"}],"about":[{"href":"https:\/\/13muz.eu\/en\/wp-json\/wp\/v2\/types\/page"}],"author":[{"embeddable":true,"href":"https:\/\/13muz.eu\/en\/wp-json\/wp\/v2\/users\/4"}],"replies":[{"embeddable":true,"href":"https:\/\/13muz.eu\/en\/wp-json\/wp\/v2\/comments?post=60729"}],"version-history":[{"count":3,"href":"https:\/\/13muz.eu\/en\/wp-json\/wp\/v2\/pages\/60729\/revisions"}],"predecessor-version":[{"id":72693,"href":"https:\/\/13muz.eu\/en\/wp-json\/wp\/v2\/pages\/60729\/revisions\/72693"}],"wp:attachment":[{"href":"https:\/\/13muz.eu\/en\/wp-json\/wp\/v2\/media?parent=60729"}],"curies":[{"name":"wp","href":"https:\/\/api.w.org\/{rel}","templated":true}]}}