{"id":60721,"date":"2024-09-11T10:44:20","date_gmt":"2024-09-11T08:44:20","guid":{"rendered":"https:\/\/13muz.eu\/?page_id=60721"},"modified":"2024-09-11T10:47:19","modified_gmt":"2024-09-11T08:47:19","slug":"minifestiwal-miasto-dzieci","status":"publish","type":"page","link":"https:\/\/13muz.eu\/en\/minifestiwal-miasto-dzieci\/","title":{"rendered":"Minifestiwal \u201eMiasto Dzieci\u201d"},"content":{"rendered":"<p><img loading=\"lazy\" decoding=\"async\" class=\"size-medium wp-image-60245 alignleft\" src=\"https:\/\/13muz.eu\/wp-content\/uploads\/2024\/08\/07-08.09.2024-Minifestiwal-Miasto-Dzieci-1920-300x157.jpg\" alt=\"\" width=\"300\" height=\"157\" srcset=\"https:\/\/13muz.eu\/wp-content\/uploads\/2024\/08\/07-08.09.2024-Minifestiwal-Miasto-Dzieci-1920-300x157.jpg 300w, https:\/\/13muz.eu\/wp-content\/uploads\/2024\/08\/07-08.09.2024-Minifestiwal-Miasto-Dzieci-1920-1024x536.jpg 1024w, https:\/\/13muz.eu\/wp-content\/uploads\/2024\/08\/07-08.09.2024-Minifestiwal-Miasto-Dzieci-1920-768x402.jpg 768w, https:\/\/13muz.eu\/wp-content\/uploads\/2024\/08\/07-08.09.2024-Minifestiwal-Miasto-Dzieci-1920-1536x804.jpg 1536w, https:\/\/13muz.eu\/wp-content\/uploads\/2024\/08\/07-08.09.2024-Minifestiwal-Miasto-Dzieci-1920-2048x1072.jpg 2048w, https:\/\/13muz.eu\/wp-content\/uploads\/2024\/08\/07-08.09.2024-Minifestiwal-Miasto-Dzieci-1920-600x315.jpg 600w, https:\/\/13muz.eu\/wp-content\/uploads\/2024\/08\/07-08.09.2024-Minifestiwal-Miasto-Dzieci-1920-400x209.jpg 400w\" sizes=\"auto, (max-width: 300px) 100vw, 300px\" \/><\/p>\n<p style=\"text-align: justify;\">Minifestiwal \u201eMiasto Dzieci\u201d zosta\u0142 organizowany z okazji 10. urodzin Galerii Tworz\u0119 si\u0119.<\/p>\n<p style=\"text-align: justify;\">Odby\u0142 si\u0119 w pierwszy weekend wrze\u015bnia (sobota i niedziela &#8211; 7 i 8.09.2024) w przestrzeni parku, Galerii Tworz\u0119 si\u0119, Domu Kultury \u201e13 Muz\u201d oraz Akademii Sztuki w Szczecinie.<\/p>\n<p style=\"text-align: justify;\">Festiwal w duchu slow obfitowa\u0142 w szereg atrakcji, m.in.: dzia\u0142ania w\u015br\u00f3d drzew, akcj\u0119 budowania \u201eMiasto Dzieci\u201d w parku, kiermasz r\u0119kodzie\u0142a, w\u0142asnych wyrob\u00f3w spo\u017cywczych i wymiana rzeczy, warsztaty tw\u00f3rcze i edukacyjne, koncerty, spacer, happening, premiera piosenki i teledysku &#8211; <strong><a href=\"https:\/\/13muz.eu\/event\/07-08-09-minifestiwal-miasto-dzieci\/\" target=\"_blank\" rel=\"noopener\">link<\/a><\/strong> do wydarzenia z programem.<\/p>\n<p style=\"text-align: justify;\">Wsp\u00f3lnie z grup\u0105 tw\u00f3rc\u00f3w zaprzyja\u017anionych z Galeri\u0105 Tworz\u0119 si\u0119 oraz uczestnikami dzia\u0142a\u0144, przestrze\u0144 parku zosta\u0142a przemieniona w stref\u0119 zaprojektowan\u0105 przez dzieci, w miejsce do artystycznych eksperyment\u00f3w, rozm\u00f3w, wsp\u00f3lnego bycia i tworzenia pomost\u00f3w pomi\u0119dzy \u015bwiatem dzieci i doros\u0142ych. \u201eMiasto Dzieci\u201d sta\u0142o si\u0119 miejscem do zadawania pyta\u0144 i pr\u00f3b\u0105 poszukiwania m\u0105drych rozwi\u0105za\u0144, stawiaj\u0105cych w centrum dobro m\u0142odych mieszka\u0144c\u00f3w, ich prawa do zabawy i odpoczynku, mieszkania w zielonym, czystym i bezpiecznym mie\u015bcie.<\/p>\n<p style=\"text-align: justify;\">Kuratorka projektu: Paulina Ratajczak<\/p>\n<p style=\"text-align: justify;\">Organizatorzy: Fundacja Las Sztuki, Dom Kultury \u201e13 Muz\u201d<\/p>\n<p style=\"text-align: justify;\">Partnerzy: Akademia Sztuki w Szczecinie, Pracownie Artystyczne Szczecin, Tu Centrum.Szczecin<\/p>\n<p style=\"text-align: justify;\">Minifestiwal Miasto Dzieci dofinansowany jest przez <a href=\"https:\/\/szczecin.eu\/pl\" target=\"_blank\" rel=\"noopener\"><strong>Miasto Szczecin<\/strong><\/a>.<br \/>\nFestiwal otrzyma\u0142 Patronat Honorowy <a href=\"https:\/\/szczecin.eu\/pl\/prezydent\" target=\"_blank\" rel=\"noopener\"><strong>Prezydenta Miasta Szczecin<\/strong><\/a>.<br \/>\nProjekt Tw\u00f3rcze 10&#215;10, czyli dzia\u0142ania warsztatowe i spacery w parku Andersa dofinansowano ze \u015brodk\u00f3w <strong><a href=\"https:\/\/www.gov.pl\/web\/kultura\" target=\"_blank\" rel=\"noopener\">Ministra Kultury i Dziedzictwa Narodowego<\/a><\/strong> pochodz\u0105cych z Funduszu Promocji Kultury &#8211; pa\u0144stwowego funduszu celowego.<\/p>\n<p><img loading=\"lazy\" decoding=\"async\" class=\"size-full wp-image-59640 aligncenter\" src=\"https:\/\/13muz.eu\/wp-content\/uploads\/2024\/06\/Stopka-do-wydarzen-w-Galerii-Tworze-sie-scaled.jpg\" alt=\"\" width=\"2560\" height=\"510\" srcset=\"https:\/\/13muz.eu\/wp-content\/uploads\/2024\/06\/Stopka-do-wydarzen-w-Galerii-Tworze-sie-scaled.jpg 2560w, https:\/\/13muz.eu\/wp-content\/uploads\/2024\/06\/Stopka-do-wydarzen-w-Galerii-Tworze-sie-300x60.jpg 300w, https:\/\/13muz.eu\/wp-content\/uploads\/2024\/06\/Stopka-do-wydarzen-w-Galerii-Tworze-sie-1024x204.jpg 1024w, https:\/\/13muz.eu\/wp-content\/uploads\/2024\/06\/Stopka-do-wydarzen-w-Galerii-Tworze-sie-768x153.jpg 768w, https:\/\/13muz.eu\/wp-content\/uploads\/2024\/06\/Stopka-do-wydarzen-w-Galerii-Tworze-sie-1536x306.jpg 1536w, https:\/\/13muz.eu\/wp-content\/uploads\/2024\/06\/Stopka-do-wydarzen-w-Galerii-Tworze-sie-2048x408.jpg 2048w, https:\/\/13muz.eu\/wp-content\/uploads\/2024\/06\/Stopka-do-wydarzen-w-Galerii-Tworze-sie-400x80.jpg 400w\" sizes=\"auto, (max-width: 2560px) 100vw, 2560px\" \/><\/p>\n","protected":false},"excerpt":{"rendered":"<p>Minifestiwal \u201eMiasto Dzieci\u201d zosta\u0142 organizowany z okazji 10. urodzin Galerii Tworz\u0119 si\u0119. Odby\u0142 si\u0119 w pierwszy weekend wrze\u015bnia (sobota i niedziela &#8211; 7 i 8.09.2024) w przestrzeni parku, Galerii Tworz\u0119 si\u0119, Domu Kultury \u201e13 Muz\u201d oraz Akademii Sztuki w Szczecinie. Festiwal w duchu slow obfitowa\u0142 w szereg atrakcji, m.in.: dzia\u0142ania w\u015br\u00f3d drzew, akcj\u0119 budowania \u201eMiasto Dzieci\u201d w parku, kiermasz r\u0119kodzie\u0142a, w\u0142asnych wyrob\u00f3w spo\u017cywczych i wymiana rzeczy, warsztaty tw\u00f3rcze i edukacyjne, koncerty, spacer, happening, premiera piosenki i teledysku &#8211; link do wydarzenia z programem. Wsp\u00f3lnie z grup\u0105 tw\u00f3rc\u00f3w zaprzyja\u017anionych z Galeri\u0105 Tworz\u0119 si\u0119 oraz uczestnikami dzia\u0142a\u0144, przestrze\u0144 parku zosta\u0142a przemieniona w [&hellip;]<\/p>\n","protected":false},"author":4,"featured_media":60245,"parent":0,"menu_order":0,"comment_status":"closed","ping_status":"closed","template":"","meta":{"ngg_post_thumbnail":0,"_price":"","_stock":"","_tribe_ticket_header":"","_tribe_default_ticket_provider":"","_ticket_start_date":"","_ticket_end_date":"","_tribe_ticket_show_description":"","_tribe_ticket_show_not_going":false,"_tribe_ticket_use_global_stock":"","_tribe_ticket_global_stock_level":"","_global_stock_mode":"","_global_stock_cap":"","_tribe_rsvp_for_event":"","_tribe_ticket_going_count":"","_tribe_ticket_not_going_count":"","_tribe_tickets_list":"[]","_tribe_ticket_has_attendee_info_fields":false,"footnotes":"","_tec_slr_enabled":"","_tec_slr_layout":""},"class_list":["post-60721","page","type-page","status-publish","has-post-thumbnail","hentry"],"ticketed":false,"post_mailing_queue_ids":[],"_links":{"self":[{"href":"https:\/\/13muz.eu\/en\/wp-json\/wp\/v2\/pages\/60721","targetHints":{"allow":["GET"]}}],"collection":[{"href":"https:\/\/13muz.eu\/en\/wp-json\/wp\/v2\/pages"}],"about":[{"href":"https:\/\/13muz.eu\/en\/wp-json\/wp\/v2\/types\/page"}],"author":[{"embeddable":true,"href":"https:\/\/13muz.eu\/en\/wp-json\/wp\/v2\/users\/4"}],"replies":[{"embeddable":true,"href":"https:\/\/13muz.eu\/en\/wp-json\/wp\/v2\/comments?post=60721"}],"version-history":[{"count":0,"href":"https:\/\/13muz.eu\/en\/wp-json\/wp\/v2\/pages\/60721\/revisions"}],"wp:featuredmedia":[{"embeddable":true,"href":"https:\/\/13muz.eu\/en\/wp-json\/wp\/v2\/media\/60245"}],"wp:attachment":[{"href":"https:\/\/13muz.eu\/en\/wp-json\/wp\/v2\/media?parent=60721"}],"curies":[{"name":"wp","href":"https:\/\/api.w.org\/{rel}","templated":true}]}}