{"id":60100,"date":"2024-08-09T13:47:06","date_gmt":"2024-08-09T11:47:06","guid":{"rendered":"https:\/\/13muz.eu\/?page_id=60100"},"modified":"2026-03-17T15:53:33","modified_gmt":"2026-03-17T14:53:33","slug":"standardy-ochrony-maloletnich","status":"publish","type":"page","link":"https:\/\/13muz.eu\/en\/standardy-ochrony-maloletnich\/","title":{"rendered":"Standardy ochrony ma\u0142oletnich"},"content":{"rendered":"<p>Tutaj znajdziecie Pa\u0144stwo Standardy ochrony ma\u0142oletnich w Domu Kultury \u201e13 Muz\u201d w Szczecinie.<br \/>\n<div class=\"bk_onethirds bk-shortcode clearfix\"><div class=\"column one_third thirdsc\">             \n            <\/p>\n<p style=\"text-align: center;\">Zarz\u0105dzenie nr 3\/2026.<br \/>\nZa\u0142\u0105cznik Nr 1<\/p>\n<p style=\"text-align: center;\"><strong>Standardy ochrony ma\u0142oletnich<br \/>\nw Domu Kultury \u201e13 Muz\u201d w Szczecinie<\/strong><\/p>\n<p style=\"text-align: center;\"><a href=\"http:\/\/13muz.eu\/wp-content\/uploads\/2026\/03\/Zarzadzenie-nr-3-2026-Zal.-Nr-1_do-druku-i-na-strone.pdf\" target=\"_blank\" rel=\"noopener\"><img loading=\"lazy\" decoding=\"async\" class=\"wp-image-14177  alignnone\" src=\"https:\/\/13muz.eu\/wp-content\/uploads\/2018\/06\/pdf-file-format-symbol-150x150.png\" alt=\"\" width=\"70\" height=\"70\" srcset=\"https:\/\/13muz.eu\/wp-content\/uploads\/2018\/06\/pdf-file-format-symbol-150x150.png 150w, https:\/\/13muz.eu\/wp-content\/uploads\/2018\/06\/pdf-file-format-symbol-130x130.png 130w, https:\/\/13muz.eu\/wp-content\/uploads\/2018\/06\/pdf-file-format-symbol.png 256w\" sizes=\"auto, (max-width: 70px) 100vw, 70px\" \/><\/a><\/p>\n<p style=\"text-align: center;\">\n        <\/div><div class=\"column one_third thirdsc\">             \n            <\/p>\n<p>\n        <\/div><div class=\"column one_third thirdsc\">             \n            <\/p>\n<p><center>Zarz\u0105dzenie nr 3\/2026.<br \/>\nZa\u0142\u0105cznik Nr 2<\/center><\/p>\n<p style=\"text-align: center;\"><strong>Standardy ochrony ma\u0142oletnich<br \/>\nw Domu Kultury \u201e13 Muz\u201d w Szczecinie.<br \/>\nWersja skr\u00f3cona dla dzieci i m\u0142odzie\u017cy.<br \/>\n<\/strong><br \/>\n<a href=\"http:\/\/13muz.eu\/wp-content\/uploads\/2026\/03\/Zarzadzenie-nr-3-2026-Zal.-Nr-2_do-druku-i-na-strone.pdf\" target=\"_blank\" rel=\"noopener\"><img loading=\"lazy\" decoding=\"async\" class=\"aligncenter wp-image-14177 \" src=\"https:\/\/13muz.eu\/wp-content\/uploads\/2018\/06\/pdf-file-format-symbol-150x150.png\" alt=\"\" width=\"70\" height=\"70\" srcset=\"https:\/\/13muz.eu\/wp-content\/uploads\/2018\/06\/pdf-file-format-symbol-150x150.png 150w, https:\/\/13muz.eu\/wp-content\/uploads\/2018\/06\/pdf-file-format-symbol-130x130.png 130w, https:\/\/13muz.eu\/wp-content\/uploads\/2018\/06\/pdf-file-format-symbol.png 256w\" sizes=\"auto, (max-width: 70px) 100vw, 70px\" \/><\/a><br \/>\n        <\/div><\/div><\/p>\n","protected":false},"excerpt":{"rendered":"<p>Tutaj znajdziecie Pa\u0144stwo Standardy ochrony ma\u0142oletnich w Domu Kultury \u201e13 Muz\u201d w Szczecinie.<\/p>\n","protected":false},"author":2,"featured_media":0,"parent":0,"menu_order":0,"comment_status":"closed","ping_status":"closed","template":"","meta":{"ngg_post_thumbnail":0,"_price":"","_stock":"","_tribe_ticket_header":"","_tribe_default_ticket_provider":"","_ticket_start_date":"","_ticket_end_date":"","_tribe_ticket_show_description":"","_tribe_ticket_show_not_going":false,"_tribe_ticket_use_global_stock":"","_tribe_ticket_global_stock_level":"","_global_stock_mode":"","_global_stock_cap":"","_tribe_rsvp_for_event":"","_tribe_ticket_going_count":"","_tribe_ticket_not_going_count":"","_tribe_tickets_list":"[]","_tribe_ticket_has_attendee_info_fields":false,"footnotes":"","_tec_slr_enabled":"","_tec_slr_layout":""},"class_list":["post-60100","page","type-page","status-publish","hentry"],"ticketed":false,"post_mailing_queue_ids":[],"_links":{"self":[{"href":"https:\/\/13muz.eu\/en\/wp-json\/wp\/v2\/pages\/60100","targetHints":{"allow":["GET"]}}],"collection":[{"href":"https:\/\/13muz.eu\/en\/wp-json\/wp\/v2\/pages"}],"about":[{"href":"https:\/\/13muz.eu\/en\/wp-json\/wp\/v2\/types\/page"}],"author":[{"embeddable":true,"href":"https:\/\/13muz.eu\/en\/wp-json\/wp\/v2\/users\/2"}],"replies":[{"embeddable":true,"href":"https:\/\/13muz.eu\/en\/wp-json\/wp\/v2\/comments?post=60100"}],"version-history":[{"count":2,"href":"https:\/\/13muz.eu\/en\/wp-json\/wp\/v2\/pages\/60100\/revisions"}],"predecessor-version":[{"id":73582,"href":"https:\/\/13muz.eu\/en\/wp-json\/wp\/v2\/pages\/60100\/revisions\/73582"}],"wp:attachment":[{"href":"https:\/\/13muz.eu\/en\/wp-json\/wp\/v2\/media?parent=60100"}],"curies":[{"name":"wp","href":"https:\/\/api.w.org\/{rel}","templated":true}]}}