{"id":60049,"date":"2024-08-07T11:11:47","date_gmt":"2024-08-07T09:11:47","guid":{"rendered":"https:\/\/13muz.eu\/?page_id=60049"},"modified":"2024-08-07T11:11:47","modified_gmt":"2024-08-07T09:11:47","slug":"warsztaty-arteterapii","status":"publish","type":"page","link":"https:\/\/13muz.eu\/en\/warsztaty-arteterapii\/","title":{"rendered":"Warsztaty arteterapii"},"content":{"rendered":"<p style=\"text-align: justify;\"><img loading=\"lazy\" decoding=\"async\" class=\"size-medium wp-image-60050 alignleft\" src=\"https:\/\/13muz.eu\/wp-content\/uploads\/2024\/08\/Warsztaty-arteterapii-grafika-Edward-Domanski-kwadrat-300x300.jpg\" alt=\"\" width=\"300\" height=\"300\" srcset=\"https:\/\/13muz.eu\/wp-content\/uploads\/2024\/08\/Warsztaty-arteterapii-grafika-Edward-Domanski-kwadrat-300x300.jpg 300w, https:\/\/13muz.eu\/wp-content\/uploads\/2024\/08\/Warsztaty-arteterapii-grafika-Edward-Domanski-kwadrat-150x150.jpg 150w, https:\/\/13muz.eu\/wp-content\/uploads\/2024\/08\/Warsztaty-arteterapii-grafika-Edward-Domanski-kwadrat-768x768.jpg 768w, https:\/\/13muz.eu\/wp-content\/uploads\/2024\/08\/Warsztaty-arteterapii-grafika-Edward-Domanski-kwadrat-130x130.jpg 130w, https:\/\/13muz.eu\/wp-content\/uploads\/2024\/08\/Warsztaty-arteterapii-grafika-Edward-Domanski-kwadrat-400x400.jpg 400w, https:\/\/13muz.eu\/wp-content\/uploads\/2024\/08\/Warsztaty-arteterapii-grafika-Edward-Domanski-kwadrat.jpg 800w\" sizes=\"auto, (max-width: 300px) 100vw, 300px\" \/><\/p>\n<p style=\"text-align: justify;\">Warsztaty arteterapii (nauka malowania) prowadzone przez Edwarda Doma\u0144skiego.<\/p>\n<p style=\"text-align: justify;\">Warsztaty odbywaj\u0105 si\u0119 przy udziale rodzic\u00f3w (opiekun\u00f3w).<\/p>\n<p style=\"text-align: justify;\">Warsztaty arteterapii w formie grupowej, takie jak nauka malowania, mog\u0105 by\u0107 bardzo korzystne dla os\u00f3b ze szczeg\u00f3lnymi potrzebami, poniewa\u017c zapewniaj\u0105 przestrze\u0144 do dzielenia si\u0119 do\u015bwiadczeniami wzajemnego wsparcia i tw\u00f3rczego wyra\u017cania emocji. Wa\u017cne jest stworzenie atmosfery wzajemnego szacunku, zaufania i bezpiecze\u0144stwa. Beneficjenci ostateczni musz\u0105 czu\u0107 si\u0119 komfortowo i swobodnie, aby m\u00f3c otwarcie dzieli\u0107 si\u0119 swoimi do\u015bwiadczeniami i emocjami. Nauka malowania daje mo\u017cliwo\u015b\u0107 tw\u00f3rczego wyra\u017cania siebie. Beneficjenci mog\u0105 eksperymentowa\u0107 z r\u00f3\u017cnymi formami i technikami, aby wyrazi\u0107 swoje emocje, prze\u017cycia i proces zdrowienia po kryzysie. Po zako\u0144czeniu tw\u00f3rczej pracy, b\u0119dzie zapewniony czas na refleksj\u0119 i dyskusj\u0119. Beneficjenci b\u0119d\u0105 dzieli\u0107 si\u0119 swoimi dzie\u0142ami, opowiada\u0107 o swoich do\u015bwiadczeniach i odkryciach oraz s\u0142ucha\u0107 perspektyw innych os\u00f3b w grupie.<\/p>\n<p style=\"text-align: justify;\">Stowarzyszenie Rodzin i Przyjaci\u00f3\u0142 Os\u00f3b Mniejszych Szans \u201eWi\u0119\u017a\u201d realizuje zadanie publicznego pt. \u201eKompleksowe dzia\u0142ania w drodze do samodzielno\u015bci&#8221;, finansowanego ze \u015brodk\u00f3w Pa\u0144stwowego Funduszu Rehabilitacji Os\u00f3b Niepe\u0142nosprawnych przekazanych za po\u015brednictwem Wojew\u00f3dztwa Zachodniopomorskiego Ca\u0142kowita warto\u015b\u0107 projektu wynosi 29 044,00 z\u0142.<\/p>\n<p style=\"text-align: justify;\">Stowarzyszenie Rodzin i Przyjaci\u00f3\u0142 Os\u00f3b Mniejszych Szans \u201eWi\u0119\u017a\u201d powsta\u0142o z inicjatywy cz\u0142onk\u00f3w rodzin os\u00f3b ze szczeg\u00f3lnymi potrzebami w zakresie zdrowia psychicznego przy wsparciu zaprzyja\u017anionych ludzi dobrej woli. Do Krajowego Rejestru S\u0105dowego zosta\u0142o wpisane 8 stycznia 2004 r. Szeroka jest oferta zaj\u0119\u0107 organizowanych przez stowarzyszenie, przy wsparciu r\u00f3\u017cnych instytucji. Pomoc finansowa daje mo\u017cliwo\u015b\u0107 prowadzenia terapii, zar\u00f3wno dla os\u00f3b po kryzysach psychicznych, jak i ich rodzin.<\/p>\n<p style=\"text-align: justify;\">Koordynator: Maria Jolanta Makulska-Kapu\u015bci\u0144ska.<\/p>\n<p style=\"text-align: justify;\">Strona internetowa Stowarzyszenia Rodzin i Przyjaci\u00f3\u0142 Os\u00f3b Mniejszych Szans \u201eWi\u0119\u017a\u201d:&nbsp; <a href=\"https:\/\/www.wiez.org.pl\/\" target=\"_blank\" rel=\"noopener\">https:\/\/www.wiez.org.pl\/<\/a><\/p>\n<p style=\"text-align: justify;\">Warsztaty odbywaj\u0105 si\u0119 w \u015brody od godz. 11:00 do godz. 13:00 w sali nr 2.<\/p>\n<p style=\"text-align: justify;\">Warsztaty dla cz\u0142onk\u00f3w Stowarzyszenia Wi\u0119\u017a.<\/p>\n<p style=\"text-align: justify;\">Wst\u0119p wolny<\/p>\n","protected":false},"excerpt":{"rendered":"<p>Warsztaty arteterapii (nauka malowania) prowadzone przez Edwarda Doma\u0144skiego. Warsztaty odbywaj\u0105 si\u0119 przy udziale rodzic\u00f3w (opiekun\u00f3w). Warsztaty arteterapii w formie grupowej, takie jak nauka malowania, mog\u0105 by\u0107 bardzo korzystne dla os\u00f3b ze szczeg\u00f3lnymi potrzebami, poniewa\u017c zapewniaj\u0105 przestrze\u0144 do dzielenia si\u0119 do\u015bwiadczeniami wzajemnego wsparcia i tw\u00f3rczego wyra\u017cania emocji. Wa\u017cne jest stworzenie atmosfery wzajemnego szacunku, zaufania i bezpiecze\u0144stwa. Beneficjenci ostateczni musz\u0105 czu\u0107 si\u0119 komfortowo i swobodnie, aby m\u00f3c otwarcie dzieli\u0107 si\u0119 swoimi do\u015bwiadczeniami i emocjami. Nauka malowania daje mo\u017cliwo\u015b\u0107 tw\u00f3rczego wyra\u017cania siebie. Beneficjenci mog\u0105 eksperymentowa\u0107 z r\u00f3\u017cnymi formami i technikami, aby wyrazi\u0107 swoje emocje, prze\u017cycia i proces zdrowienia po kryzysie. Po zako\u0144czeniu tw\u00f3rczej [&hellip;]<\/p>\n","protected":false},"author":4,"featured_media":0,"parent":0,"menu_order":0,"comment_status":"closed","ping_status":"closed","template":"","meta":{"ngg_post_thumbnail":0,"_price":"","_stock":"","_tribe_ticket_header":"","_tribe_default_ticket_provider":"","_ticket_start_date":"","_ticket_end_date":"","_tribe_ticket_show_description":"","_tribe_ticket_show_not_going":false,"_tribe_ticket_use_global_stock":"","_tribe_ticket_global_stock_level":"","_global_stock_mode":"","_global_stock_cap":"","_tribe_rsvp_for_event":"","_tribe_ticket_going_count":"","_tribe_ticket_not_going_count":"","_tribe_tickets_list":"[]","_tribe_ticket_has_attendee_info_fields":false,"footnotes":"","_tec_slr_enabled":"","_tec_slr_layout":""},"class_list":["post-60049","page","type-page","status-publish","hentry"],"ticketed":false,"post_mailing_queue_ids":[],"_links":{"self":[{"href":"https:\/\/13muz.eu\/en\/wp-json\/wp\/v2\/pages\/60049","targetHints":{"allow":["GET"]}}],"collection":[{"href":"https:\/\/13muz.eu\/en\/wp-json\/wp\/v2\/pages"}],"about":[{"href":"https:\/\/13muz.eu\/en\/wp-json\/wp\/v2\/types\/page"}],"author":[{"embeddable":true,"href":"https:\/\/13muz.eu\/en\/wp-json\/wp\/v2\/users\/4"}],"replies":[{"embeddable":true,"href":"https:\/\/13muz.eu\/en\/wp-json\/wp\/v2\/comments?post=60049"}],"version-history":[{"count":0,"href":"https:\/\/13muz.eu\/en\/wp-json\/wp\/v2\/pages\/60049\/revisions"}],"wp:attachment":[{"href":"https:\/\/13muz.eu\/en\/wp-json\/wp\/v2\/media?parent=60049"}],"curies":[{"name":"wp","href":"https:\/\/api.w.org\/{rel}","templated":true}]}}