{"id":60,"date":"2017-12-07T11:07:38","date_gmt":"2017-12-07T11:07:38","guid":{"rendered":"http:\/\/test.13muz.eu\/?page_id=60"},"modified":"2026-03-06T10:53:20","modified_gmt":"2026-03-06T09:53:20","slug":"zachodniopomorskie-spotkania-artystyczne-seniorow","status":"publish","type":"page","link":"https:\/\/13muz.eu\/en\/zachodniopomorskie-spotkania-artystyczne-seniorow\/","title":{"rendered":"Zachodniopomorskie Spotkania Artystyczne Senior\u00f3w"},"content":{"rendered":"<p><img loading=\"lazy\" decoding=\"async\" class=\"wp-image-13745 alignleft\" src=\"http:\/\/test.13muz.eu\/wp-content\/uploads\/2018\/05\/11.06.II-Spotkania-Artystyczne-Senior\u00f3w-SAS-2018-1024x683.jpg\" alt=\"\" width=\"455\" height=\"303\" srcset=\"https:\/\/13muz.eu\/wp-content\/uploads\/2018\/05\/11.06.II-Spotkania-Artystyczne-Senior\u00f3w-SAS-2018-1024x683.jpg 1024w, https:\/\/13muz.eu\/wp-content\/uploads\/2018\/05\/11.06.II-Spotkania-Artystyczne-Senior\u00f3w-SAS-2018-300x200.jpg 300w, https:\/\/13muz.eu\/wp-content\/uploads\/2018\/05\/11.06.II-Spotkania-Artystyczne-Senior\u00f3w-SAS-2018-768x512.jpg 768w, https:\/\/13muz.eu\/wp-content\/uploads\/2018\/05\/11.06.II-Spotkania-Artystyczne-Senior\u00f3w-SAS-2018-150x100.jpg 150w, https:\/\/13muz.eu\/wp-content\/uploads\/2018\/05\/11.06.II-Spotkania-Artystyczne-Senior\u00f3w-SAS-2018-400x267.jpg 400w, https:\/\/13muz.eu\/wp-content\/uploads\/2018\/05\/11.06.II-Spotkania-Artystyczne-Senior\u00f3w-SAS-2018.jpg 2048w\" sizes=\"auto, (max-width: 455px) 100vw, 455px\" \/><\/p>\n<p style=\"text-align: justify;\">W marcu 2017 roku z inicjatywy grupy senior\u00f3w powsta\u0142 przy Domu Kultury \u201e13 Muz\u201d w Szczecinie Salon Artystyczny Senior\u00f3w (SAS) jako propozycja wzbogacaj\u0105ca ofert\u0119 kulturaln\u0105 Szczecina aktywizuj\u0105ca osoby starsze.<\/p>\n<p style=\"text-align: justify;\">W czerwcu 2017 r. odby\u0142y si\u0119 I Zachodniopomorskie Spotkania Artystyczne Senior\u00f3w (ZSAS 2017), w kt\u00f3rych wzi\u0119li udzia\u0142 seniorzy skupieni w Uniwersytetach Trzeciego Wieku z wojew\u00f3dztwa zachodniopomorskiego, w tym mi\u0119dzy innymi z Goleniowa, Szczecina D\u0105bia, Gryfina i Stargardu. To wydarzenie kulturalne cieszy\u0142o si\u0119 bardzo du\u017cym zainteresowaniem i zako\u0144czy\u0142o si\u0119 sukcesem.<\/p>\n<p style=\"text-align: justify;\">Wychodz\u0105c naprzeciw oczekiwaniom naszych odbiorc\u00f3w Rada Programowa Salonu Artystycznego Senior\u00f3w od wrze\u015bnia 2017 roku wprowadzi\u0142a do programu DK \u201e13 Muz\u201d comiesi\u0119czne wieczory artystyczne dla senior\u00f3w. W organizacji i wyst\u0119pach bior\u0105 udzia\u0142 sami seniorzy, kt\u00f3rzy jako wolontariusze i amatorzy wyst\u0119puj\u0105 daj\u0105c widzom rado\u015b\u0107, poczucie pi\u0119kna, kontakt z poezj\u0105, teatrem, filmem, kabaretem, ta\u0144cem, muzyk\u0105, plastyk\u0105 i innymi formami artystycznymi. W 2018 roku impreza ZSAS mia\u0142a swoj\u0105 kontynuacj\u0119 i zosta\u0142a sta\u0142\u0105 propozycj\u0105 programow\u0105 DK \u201e13 Muz\u201d.<\/p>\n<p><img loading=\"lazy\" decoding=\"async\" class=\"size-medium wp-image-22438 alignright\" src=\"https:\/\/13muz.eu\/wp-content\/uploads\/2019\/03\/SALON-ARTYSTYCZNY-SENIOROW_akcept-300x300.jpg\" alt=\"\" width=\"300\" height=\"300\" srcset=\"https:\/\/13muz.eu\/wp-content\/uploads\/2019\/03\/SALON-ARTYSTYCZNY-SENIOROW_akcept-300x300.jpg 300w, https:\/\/13muz.eu\/wp-content\/uploads\/2019\/03\/SALON-ARTYSTYCZNY-SENIOROW_akcept-150x150.jpg 150w, https:\/\/13muz.eu\/wp-content\/uploads\/2019\/03\/SALON-ARTYSTYCZNY-SENIOROW_akcept-768x768.jpg 768w, https:\/\/13muz.eu\/wp-content\/uploads\/2019\/03\/SALON-ARTYSTYCZNY-SENIOROW_akcept-1024x1024.jpg 1024w, https:\/\/13muz.eu\/wp-content\/uploads\/2019\/03\/SALON-ARTYSTYCZNY-SENIOROW_akcept-130x130.jpg 130w, https:\/\/13muz.eu\/wp-content\/uploads\/2019\/03\/SALON-ARTYSTYCZNY-SENIOROW_akcept-400x400.jpg 400w\" sizes=\"auto, (max-width: 300px) 100vw, 300px\" \/><\/p>\n<p style=\"text-align: justify;\">Za nami kolejna edycja. W dniach 14-16 maja 2025 r. odby\u0142y si\u0119 <a href=\"https:\/\/13muz.eu\/event\/14-16-05-vii-zachodniopomorskie-spotkania-artystyczne-seniorow-2025\/\" target=\"_blank\" rel=\"noopener noreferrer\"><strong>VII Zachodniopomorskie Spotkania Artystyczne Senior\u00f3w (kliknij i zobacz)<\/strong><\/a><br \/>\n<strong>Fotogaleria:<br \/>\n<\/strong>&#8211;&nbsp;<a href=\"https:\/\/13muz.eu\/pozostale-wydarzenia\/nggallery\/wydarzenia\/vii-zachodniopomorskie-spotkania-artystyczne-seniorow-2025-dzien-pierwszy-czesc-1\" target=\"_blank\" rel=\"noopener\">14.05. Dzie\u0144 pierwszy. Cz\u0119\u015b\u0107 1.<\/a><br \/>\n&#8211; <a href=\"https:\/\/13muz.eu\/pozostale-wydarzenia\/nggallery\/wydarzenia\/vii-zachodniopomorskie-spotkania-artystyczne-seniorow-dzien-pierwszy-czesc-2\" target=\"_blank\" rel=\"noopener\">14.05. Dzie\u0144 pierwszy. Cz\u0119\u015b\u0107 2.<\/a><br \/>\n&#8211;&nbsp;<a href=\"https:\/\/13muz.eu\/pozostale-wydarzenia\/nggallery\/wydarzenia\/vii-zachodniopomorskie-spotkania-artystyczne-seniorow-2025-dzien-drugi\" target=\"_blank\" rel=\"noopener\">15.05. Dzie\u0144 drugi.&nbsp;<\/a><br \/>\n&#8211; <a href=\"https:\/\/13muz.eu\/pozostale-wydarzenia\/nggallery\/wydarzenia\/vii-zachodniopomorskie-spotkania-artystyczne-seniorow-2025-dzien-trzeci\" target=\"_blank\" rel=\"noopener\">16.05. Dzie\u0144 trzeci.<\/a><\/p>\n<p style=\"text-align: justify;\">Wydarzenie zosta\u0142o obj\u0119te&nbsp;<strong>Mecenatem Miasta Szczecin<\/strong>.<br \/>\nWydarzenie zosta\u0142o obj\u0119te&nbsp;<strong>patronatem honorowym Wojewody Zachodniopomorskiego Adama Rudawskiego.<\/strong><br \/>\nWydarzenie zosta\u0142o obj\u0119te&nbsp;<strong>patronatem honorowym Marsza\u0142ka Wojew\u00f3dztwa Zachodniopomorskiego Olgierda Geblewicza<\/strong>.<\/p>\n<p style=\"text-align: justify;\"><strong>Nad ca\u0142o\u015bci\u0105 dzia\u0142alno\u015bci czuwa Rada Programowa SAS w sk\u0142adzie<br \/>\n<\/strong>&#8211; Jolanta Werner<br \/>\n&#8211; Danuta Miechowicz<br \/>\n&#8211; Kazimierz Piwo\u0144ski<\/p>\n<p style=\"text-align: justify;\">Opiekunem artystycznym SAS oraz Spotka\u0144 Artystycznych Senior\u00f3w jest <strong>Janusz Janiszewski<\/strong>, odpowiedzialny za organizacj\u0119 wydarze\u0144 w Domu Kultury \u201e13 Muz\u201d.<\/p>\n<p style=\"text-align: center;\"><strong>Organizatorem jest Dom Kultury \u201e13 Muz\u201d.<\/strong><\/p>\n<p style=\"text-align: justify;\"><strong>VIII Zachodniopomorskie Spotkania Artystyczne Senior\u00f3w odb\u0119d\u0105 si\u0119 w dniach 13-15 maja 2026 r.<\/strong><\/p>\n","protected":false},"excerpt":{"rendered":"<p>W marcu 2017 roku z inicjatywy grupy senior\u00f3w powsta\u0142 przy Domu Kultury \u201e13 Muz\u201d w Szczecinie Salon Artystyczny Senior\u00f3w (SAS) jako propozycja wzbogacaj\u0105ca ofert\u0119 kulturaln\u0105 Szczecina aktywizuj\u0105ca osoby starsze. W czerwcu 2017 r. odby\u0142y si\u0119 I Zachodniopomorskie Spotkania Artystyczne Senior\u00f3w (ZSAS 2017), w kt\u00f3rych wzi\u0119li udzia\u0142 seniorzy skupieni w Uniwersytetach Trzeciego Wieku z wojew\u00f3dztwa zachodniopomorskiego, w tym mi\u0119dzy innymi z Goleniowa, Szczecina D\u0105bia, Gryfina i Stargardu. To wydarzenie kulturalne cieszy\u0142o si\u0119 bardzo du\u017cym zainteresowaniem i zako\u0144czy\u0142o si\u0119 sukcesem. Wychodz\u0105c naprzeciw oczekiwaniom naszych odbiorc\u00f3w Rada Programowa Salonu Artystycznego Senior\u00f3w od wrze\u015bnia 2017 roku wprowadzi\u0142a do programu DK \u201e13 Muz\u201d comiesi\u0119czne wieczory [&hellip;]<\/p>\n","protected":false},"author":1,"featured_media":0,"parent":0,"menu_order":0,"comment_status":"closed","ping_status":"closed","template":"","meta":{"ngg_post_thumbnail":0,"_price":"","_stock":"","_tribe_ticket_header":"","_tribe_default_ticket_provider":"","_ticket_start_date":"","_ticket_end_date":"","_tribe_ticket_show_description":"","_tribe_ticket_show_not_going":false,"_tribe_ticket_use_global_stock":"","_tribe_ticket_global_stock_level":"","_global_stock_mode":"","_global_stock_cap":"","_tribe_rsvp_for_event":"","_tribe_ticket_going_count":"","_tribe_ticket_not_going_count":"","_tribe_tickets_list":"[]","_tribe_ticket_has_attendee_info_fields":false,"footnotes":"","_tec_slr_enabled":"","_tec_slr_layout":""},"class_list":["post-60","page","type-page","status-publish","hentry"],"ticketed":false,"post_mailing_queue_ids":[],"_links":{"self":[{"href":"https:\/\/13muz.eu\/en\/wp-json\/wp\/v2\/pages\/60","targetHints":{"allow":["GET"]}}],"collection":[{"href":"https:\/\/13muz.eu\/en\/wp-json\/wp\/v2\/pages"}],"about":[{"href":"https:\/\/13muz.eu\/en\/wp-json\/wp\/v2\/types\/page"}],"author":[{"embeddable":true,"href":"https:\/\/13muz.eu\/en\/wp-json\/wp\/v2\/users\/1"}],"replies":[{"embeddable":true,"href":"https:\/\/13muz.eu\/en\/wp-json\/wp\/v2\/comments?post=60"}],"version-history":[{"count":6,"href":"https:\/\/13muz.eu\/en\/wp-json\/wp\/v2\/pages\/60\/revisions"}],"predecessor-version":[{"id":73165,"href":"https:\/\/13muz.eu\/en\/wp-json\/wp\/v2\/pages\/60\/revisions\/73165"}],"wp:attachment":[{"href":"https:\/\/13muz.eu\/en\/wp-json\/wp\/v2\/media?parent=60"}],"curies":[{"name":"wp","href":"https:\/\/api.w.org\/{rel}","templated":true}]}}