{"id":57727,"date":"2024-03-27T11:04:39","date_gmt":"2024-03-27T10:04:39","guid":{"rendered":"https:\/\/13muz.eu\/?page_id=57727"},"modified":"2024-03-27T11:04:39","modified_gmt":"2024-03-27T10:04:39","slug":"budynek","status":"publish","type":"page","link":"https:\/\/13muz.eu\/en\/budynek\/","title":{"rendered":"Budynek"},"content":{"rendered":"<p><b>Budynek Klubu 13 Muz i Muzeum Sztuki Wsp\u00f3\u0142czesnej<\/b>&nbsp;mie\u015bci si\u0119 w gmachu zwanym obecnie&nbsp;<a href=\"https:\/\/pomeranica.pl\/wiki\/Pa\u0142ac_pod_G\u0142owami\" target=\"_blank\" rel=\"noopener\">Pa\u0142acem pod G\u0142owami<\/a>, sk\u0142adaj\u0105cym si\u0119 z 2 budowli po\u0142\u0105czonych ze sob\u0105 w latach&nbsp;1887-1889. Po\u0142o\u017cony jest wzd\u0142u\u017c&nbsp;<a class=\"mw-redirect\" title=\"Plac \u017bo\u0142nierza\" href=\"https:\/\/pomeranica.pl\/wiki\/Plac_%C5%BBo%C5%82nierza\" target=\"_blank\" rel=\"noopener\">Placu \u017bo\u0142nierza<\/a>&nbsp;pomi\u0119dzy ulicami&nbsp;<a class=\"mw-redirect\" title=\"Starom\u0142y\u0144ska\" href=\"https:\/\/pomeranica.pl\/wiki\/Starom%C5%82y%C5%84ska\" target=\"_blank\" rel=\"noopener\">Starom\u0142y\u0144sk\u0105<\/a>&nbsp;i&nbsp;<a title=\"Ulica Tkacka\" href=\"https:\/\/pomeranica.pl\/wiki\/Ulica_Tkacka\" target=\"_blank\" rel=\"noopener\">Tkack\u0105<\/a>.<\/p>\n<p>Wi\u0119cej informacji <a href=\"https:\/\/pomeranica.pl\/wiki\/Budynek_Klubu_13_Muz\" target=\"_blank\" rel=\"noopener\">https:\/\/pomeranica.pl\/wiki\/Budynek_Klubu_13_Muz<\/a><\/p>\n","protected":false},"excerpt":{"rendered":"<p>Budynek Klubu 13 Muz i Muzeum Sztuki Wsp\u00f3\u0142czesnej&nbsp;mie\u015bci si\u0119 w gmachu zwanym obecnie&nbsp;Pa\u0142acem pod G\u0142owami, sk\u0142adaj\u0105cym si\u0119 z 2 budowli po\u0142\u0105czonych ze sob\u0105 w latach&nbsp;1887-1889. Po\u0142o\u017cony jest wzd\u0142u\u017c&nbsp;Placu \u017bo\u0142nierza&nbsp;pomi\u0119dzy ulicami&nbsp;Starom\u0142y\u0144sk\u0105&nbsp;i&nbsp;Tkack\u0105. Wi\u0119cej informacji https:\/\/pomeranica.pl\/wiki\/Budynek_Klubu_13_Muz<\/p>\n","protected":false},"author":2,"featured_media":0,"parent":0,"menu_order":0,"comment_status":"closed","ping_status":"closed","template":"","meta":{"ngg_post_thumbnail":0,"_price":"","_stock":"","_tribe_ticket_header":"","_tribe_default_ticket_provider":"","_ticket_start_date":"","_ticket_end_date":"","_tribe_ticket_show_description":"","_tribe_ticket_show_not_going":false,"_tribe_ticket_use_global_stock":"","_tribe_ticket_global_stock_level":"","_global_stock_mode":"","_global_stock_cap":"","_tribe_rsvp_for_event":"","_tribe_ticket_going_count":"","_tribe_ticket_not_going_count":"","_tribe_tickets_list":"[]","_tribe_ticket_has_attendee_info_fields":false,"footnotes":"","_tec_slr_enabled":"","_tec_slr_layout":""},"class_list":["post-57727","page","type-page","status-publish","hentry"],"ticketed":false,"post_mailing_queue_ids":[],"_links":{"self":[{"href":"https:\/\/13muz.eu\/en\/wp-json\/wp\/v2\/pages\/57727","targetHints":{"allow":["GET"]}}],"collection":[{"href":"https:\/\/13muz.eu\/en\/wp-json\/wp\/v2\/pages"}],"about":[{"href":"https:\/\/13muz.eu\/en\/wp-json\/wp\/v2\/types\/page"}],"author":[{"embeddable":true,"href":"https:\/\/13muz.eu\/en\/wp-json\/wp\/v2\/users\/2"}],"replies":[{"embeddable":true,"href":"https:\/\/13muz.eu\/en\/wp-json\/wp\/v2\/comments?post=57727"}],"version-history":[{"count":0,"href":"https:\/\/13muz.eu\/en\/wp-json\/wp\/v2\/pages\/57727\/revisions"}],"wp:attachment":[{"href":"https:\/\/13muz.eu\/en\/wp-json\/wp\/v2\/media?parent=57727"}],"curies":[{"name":"wp","href":"https:\/\/api.w.org\/{rel}","templated":true}]}}