{"id":56158,"date":"2024-01-30T14:38:54","date_gmt":"2024-01-30T13:38:54","guid":{"rendered":"https:\/\/13muz.eu\/?page_id=56158"},"modified":"2024-01-30T14:38:55","modified_gmt":"2024-01-30T13:38:55","slug":"scena-prezentacji-teatralnych","status":"publish","type":"page","link":"https:\/\/13muz.eu\/en\/scena-prezentacji-teatralnych\/","title":{"rendered":"Scena Prezentacji Teatralnych"},"content":{"rendered":"<p style=\"text-align: justify;\"><img loading=\"lazy\" decoding=\"async\" class=\"size-medium wp-image-55659 alignleft\" src=\"https:\/\/13muz.eu\/wp-content\/uploads\/2023\/12\/08.02.2024-Scena-Prezentacji-Teatralnych-Teatr-Uhuru-Nic-1920-300x225.jpg\" alt=\"\" width=\"300\" height=\"225\" srcset=\"https:\/\/13muz.eu\/wp-content\/uploads\/2023\/12\/08.02.2024-Scena-Prezentacji-Teatralnych-Teatr-Uhuru-Nic-1920-300x225.jpg 300w, https:\/\/13muz.eu\/wp-content\/uploads\/2023\/12\/08.02.2024-Scena-Prezentacji-Teatralnych-Teatr-Uhuru-Nic-1920-1024x768.jpg 1024w, https:\/\/13muz.eu\/wp-content\/uploads\/2023\/12\/08.02.2024-Scena-Prezentacji-Teatralnych-Teatr-Uhuru-Nic-1920-768x576.jpg 768w, https:\/\/13muz.eu\/wp-content\/uploads\/2023\/12\/08.02.2024-Scena-Prezentacji-Teatralnych-Teatr-Uhuru-Nic-1920-1536x1152.jpg 1536w, https:\/\/13muz.eu\/wp-content\/uploads\/2023\/12\/08.02.2024-Scena-Prezentacji-Teatralnych-Teatr-Uhuru-Nic-1920-400x300.jpg 400w, https:\/\/13muz.eu\/wp-content\/uploads\/2023\/12\/08.02.2024-Scena-Prezentacji-Teatralnych-Teatr-Uhuru-Nic-1920.jpg 1920w\" sizes=\"auto, (max-width: 300px) 100vw, 300px\" \/>Scena Prezentacji Teatralnych w Domu Kultury \u201e13 Muz\u201d, zainicjowana przez Teatru Uhuru, ma miejsce przez ca\u0142y sezon artystyczny i stanowi cykl prezentacji teatralnych, zar\u00f3wno tych teatr\u00f3w, kt\u00f3re dzia\u0142aj\u0105 w \u201eMuzach\u201d jak i tych, kt\u00f3re s\u0105 zapraszane go\u015bcinnie z innych o\u015brodk\u00f3w i instytucji.<\/p>\n<p style=\"text-align: justify;\"><strong>Informacje o aktualnie prezentowanych spektaklach &#8211; terminy, tytu\u0142y oraz opisy &#8211; znajduj\u0105 si\u0119 zawsze na naszej stronie g\u0142\u00f3wnej &#8211; AKTUALNO\u015aCI.<\/strong><\/p>\n<p style=\"text-align: justify;\">Teatr Uhuru powsta\u0142 w 1997 r. w M\u0142odzie\u017cowym Domu Kultury w Gryfinie (obecnie Gryfi\u0144ski Dom Kultury). Za\u0142o\u017cycielem i kierownikiem artystycznym teatru jest Janusz Janiszewski, aktor szczeci\u0144skiego Teatru Kana, re\u017cyser, polonista i pedagog teatralny.<\/p>\n<p style=\"text-align: justify;\">Obecnie teatr dzia\u0142a w Domu Kultury \u201e13 Muz\u201d pod kierunkiem Janusza Janiszewskiego, kt\u00f3ry utworzy\u0142 dla aktywnej tw\u00f3rczo m\u0142odzie\u017cy Pracowni\u0119 Teatraln\u0105 Teatr Uhuru skupiaj\u0105c\u0105 uczni\u00f3w szk\u00f3\u0142 \u015brednich i student\u00f3w realizuj\u0105cych w niej r\u00f3\u017cne pasje artystyczne: aktorstwo, re\u017cyseri\u0119, sztuki plastyczne i literackie oraz inne formy sceniczne.<\/p>\n<p style=\"text-align: justify;\">Od pocz\u0105tku swego istnienia Teatr Uhuru w ramach swojej dzia\u0142alno\u015bci jako grupa tw\u00f3rcza wsp\u00f3\u0142pracuje z zagranicznymi, g\u0142\u00f3wnie niemieckimi, o\u015brodkami kultury uczestnicz\u0105c w projektach wymiany m\u0142odzie\u017cy oraz wsp\u00f3\u0142organizuj\u0105c mi\u0119dzynarodowe warsztaty teatralne.<\/p>\n<p style=\"text-align: justify;\">Teatr ma na swoim koncie kilkadziesi\u0105t przedstawie\u0144. Najwi\u0119ksze uznanie, wiele nagr\u00f3d i wyr\u00f3\u017cnie\u0144 przynios\u0142y mu takie spektakle jak: \u201ePewna mucha\u201d, \u201ePolly i Molly\u201d, \u201eCia\u0142o\u201d, widowisko plenerowe \u201eApocalypsis\u201d czy najg\u0142o\u015bniejszy spektakl \u201ePierogi\u201d. Wsp\u00f3\u0142tw\u00f3rczyni\u0105 wielu sukces\u00f3w teatru jest Violina Janiszewska (wsp\u00f3\u0142praca re\u017cyserska i scenariuszowa, kostiumy i scenografia).<\/p>\n<p style=\"text-align: justify;\">Wszystkie przedstawienia s\u0105 spektaklami autorskimi. G\u0142\u00f3wn\u0105 zasad\u0105 tw\u00f3rcz\u0105 teatru jest \u201ewolno\u015b\u0107 wszelako pojmowana\u201d, g\u0142\u00f3wnie chodzi o wolno\u015b\u0107 wypowiedzi artystycznej i ekspresji tw\u00f3rczej. (S\u0142owo \u201eUhuru\u201d w j\u0119zyku suahili znaczy w\u0142a\u015bnie wolno\u015b\u0107). Podstaw\u0105 dzia\u0142alno\u015bci jest stworzenie szerokiej przestrzeni w\u0142asnej kreatywno\u015bci i mo\u017cliwo\u015bci autoekspresji dla ka\u017cdego uczestnika pracowni teatralnej.<\/p>\n<p style=\"text-align: justify;\">Teatr Uhuru jest wielokrotnym laureatem og\u00f3lnopolskich festiwali teatralnych i zdobywc\u0105 wielu presti\u017cowych nagr\u00f3d, w tym m.in.: za scenariusze, re\u017cyseri\u0119, czy te\u017c kreacje aktorskie.<\/p>\n<p style=\"text-align: justify;\"><a href=\"https:\/\/13muz.eu\/teatr-uhuru-mlodziezowa-pracownia-teatralna\/\" target=\"_blank\" rel=\"noopener\">Strona Teatru Uhuru &#8211; zaj\u0119cia teatralne<\/a><\/p>\n","protected":false},"excerpt":{"rendered":"<p>Scena Prezentacji Teatralnych w Domu Kultury \u201e13 Muz\u201d, zainicjowana przez Teatru Uhuru, ma miejsce przez ca\u0142y sezon artystyczny i stanowi cykl prezentacji teatralnych, zar\u00f3wno tych teatr\u00f3w, kt\u00f3re dzia\u0142aj\u0105 w \u201eMuzach\u201d jak i tych, kt\u00f3re s\u0105 zapraszane go\u015bcinnie z innych o\u015brodk\u00f3w i instytucji. Informacje o aktualnie prezentowanych spektaklach &#8211; terminy, tytu\u0142y oraz opisy &#8211; znajduj\u0105 si\u0119 zawsze na naszej stronie g\u0142\u00f3wnej &#8211; AKTUALNO\u015aCI. Teatr Uhuru powsta\u0142 w 1997 r. w M\u0142odzie\u017cowym Domu Kultury w Gryfinie (obecnie Gryfi\u0144ski Dom Kultury). Za\u0142o\u017cycielem i kierownikiem artystycznym teatru jest Janusz Janiszewski, aktor szczeci\u0144skiego Teatru Kana, re\u017cyser, polonista i pedagog teatralny. Obecnie teatr dzia\u0142a w Domu [&hellip;]<\/p>\n","protected":false},"author":4,"featured_media":0,"parent":0,"menu_order":0,"comment_status":"closed","ping_status":"closed","template":"","meta":{"ngg_post_thumbnail":0,"_price":"","_stock":"","_tribe_ticket_header":"","_tribe_default_ticket_provider":"","_ticket_start_date":"","_ticket_end_date":"","_tribe_ticket_show_description":"","_tribe_ticket_show_not_going":false,"_tribe_ticket_use_global_stock":"","_tribe_ticket_global_stock_level":"","_global_stock_mode":"","_global_stock_cap":"","_tribe_rsvp_for_event":"","_tribe_ticket_going_count":"","_tribe_ticket_not_going_count":"","_tribe_tickets_list":"[]","_tribe_ticket_has_attendee_info_fields":false,"footnotes":"","_tec_slr_enabled":"","_tec_slr_layout":""},"class_list":["post-56158","page","type-page","status-publish","hentry"],"ticketed":false,"post_mailing_queue_ids":[],"_links":{"self":[{"href":"https:\/\/13muz.eu\/en\/wp-json\/wp\/v2\/pages\/56158","targetHints":{"allow":["GET"]}}],"collection":[{"href":"https:\/\/13muz.eu\/en\/wp-json\/wp\/v2\/pages"}],"about":[{"href":"https:\/\/13muz.eu\/en\/wp-json\/wp\/v2\/types\/page"}],"author":[{"embeddable":true,"href":"https:\/\/13muz.eu\/en\/wp-json\/wp\/v2\/users\/4"}],"replies":[{"embeddable":true,"href":"https:\/\/13muz.eu\/en\/wp-json\/wp\/v2\/comments?post=56158"}],"version-history":[{"count":0,"href":"https:\/\/13muz.eu\/en\/wp-json\/wp\/v2\/pages\/56158\/revisions"}],"wp:attachment":[{"href":"https:\/\/13muz.eu\/en\/wp-json\/wp\/v2\/media?parent=56158"}],"curies":[{"name":"wp","href":"https:\/\/api.w.org\/{rel}","templated":true}]}}