{"id":56143,"date":"2024-01-26T11:47:37","date_gmt":"2024-01-26T10:47:37","guid":{"rendered":"https:\/\/13muz.eu\/?page_id=56143"},"modified":"2024-12-05T15:27:16","modified_gmt":"2024-12-05T14:27:16","slug":"chor-srebrne-glosy","status":"publish","type":"page","link":"https:\/\/13muz.eu\/en\/chor-srebrne-glosy\/","title":{"rendered":"Ch\u00f3r Srebrne G\u0142osy"},"content":{"rendered":"<p><img loading=\"lazy\" decoding=\"async\" class=\"size-medium wp-image-56144 alignleft\" src=\"https:\/\/13muz.eu\/wp-content\/uploads\/2024\/01\/Chor-Srebrne-Glosy-300x225.jpg\" alt=\"\" width=\"300\" height=\"225\" srcset=\"https:\/\/13muz.eu\/wp-content\/uploads\/2024\/01\/Chor-Srebrne-Glosy-300x225.jpg 300w, https:\/\/13muz.eu\/wp-content\/uploads\/2024\/01\/Chor-Srebrne-Glosy-1024x768.jpg 1024w, https:\/\/13muz.eu\/wp-content\/uploads\/2024\/01\/Chor-Srebrne-Glosy-768x576.jpg 768w, https:\/\/13muz.eu\/wp-content\/uploads\/2024\/01\/Chor-Srebrne-Glosy-1536x1152.jpg 1536w, https:\/\/13muz.eu\/wp-content\/uploads\/2024\/01\/Chor-Srebrne-Glosy-400x300.jpg 400w, https:\/\/13muz.eu\/wp-content\/uploads\/2024\/01\/Chor-Srebrne-Glosy.jpg 1920w\" sizes=\"auto, (max-width: 300px) 100vw, 300px\" \/><\/p>\n<p style=\"text-align: justify;\">Ch\u00f3r Srebrne G\u0142osy dzia\u0142aj\u0105cy w Szczeci\u0144skim Humanistycznym Uniwersytecie Seniora (ul. Krakowska 71-79) istnieje od roku 2017 r. Od roku 2020 r. pr\u00f3by ch\u00f3ru odbywaj\u0105 si\u0119 w Sali Kominkowej Domu Kultury \u201e13 Muz\u201d.<\/p>\n<p style=\"text-align: justify;\">Ch\u00f3r ma w swoim repertuarze polskie pie\u015bni tradycyjne, okoliczno\u015bciowe oraz klasyk\u0119 polskiej rozrywki.<\/p>\n<p style=\"text-align: justify;\">Przynale\u017cno\u015b\u0107 do zespo\u0142u i zapisy nowych os\u00f3b mo\u017cliwe s\u0105 dla student\u00f3w SHUS &#8211; senior\u00f3w &#8211; z wa\u017cn\u0105 legitymacj\u0105 studenck\u0105. Informacje o profilu i dzia\u0142alno\u015bci uczelni s\u0105 dost\u0119pne na stronie internetowej SHUS: <a href=\"https:\/\/shus.usz.edu.pl\/\" target=\"_blank\" rel=\"noopener\">www.shus.usz.edu.pl\/<\/a> \/ mail: <a href=\"mailto:shus@usz.edu.pl\" target=\"_blank\" rel=\"noopener\">shus@usz.edu.pl<\/a><\/p>\n<p style=\"text-align: justify;\">Warsztaty ch\u00f3ralne z emisj\u0105 g\u0142osu odbywaj\u0105 si\u0119 we wtorki w godz. 9.00-11.00 w Sali Kominkowej (I p.).<\/p>\n<p style=\"text-align: justify;\">Zaj\u0119cia prowadzi Rafa\u0142 Daroszewski.<\/p>\n","protected":false},"excerpt":{"rendered":"<p>Ch\u00f3r Srebrne G\u0142osy dzia\u0142aj\u0105cy w Szczeci\u0144skim Humanistycznym Uniwersytecie Seniora (ul. Krakowska 71-79) istnieje od roku 2017 r. Od roku 2020 r. pr\u00f3by ch\u00f3ru odbywaj\u0105 si\u0119 w Sali Kominkowej Domu Kultury \u201e13 Muz\u201d. Ch\u00f3r ma w swoim repertuarze polskie pie\u015bni tradycyjne, okoliczno\u015bciowe oraz klasyk\u0119 polskiej rozrywki. Przynale\u017cno\u015b\u0107 do zespo\u0142u i zapisy nowych os\u00f3b mo\u017cliwe s\u0105 dla student\u00f3w SHUS &#8211; senior\u00f3w &#8211; z wa\u017cn\u0105 legitymacj\u0105 studenck\u0105. Informacje o profilu i dzia\u0142alno\u015bci uczelni s\u0105 dost\u0119pne na stronie internetowej SHUS: www.shus.usz.edu.pl\/ \/ mail: shus@usz.edu.pl Warsztaty ch\u00f3ralne z emisj\u0105 g\u0142osu odbywaj\u0105 si\u0119 we wtorki w godz. 9.00-11.00 w Sali Kominkowej (I p.). Zaj\u0119cia prowadzi Rafa\u0142 [&hellip;]<\/p>\n","protected":false},"author":4,"featured_media":0,"parent":0,"menu_order":0,"comment_status":"closed","ping_status":"closed","template":"","meta":{"ngg_post_thumbnail":0,"_price":"","_stock":"","_tribe_ticket_header":"","_tribe_default_ticket_provider":"","_ticket_start_date":"","_ticket_end_date":"","_tribe_ticket_show_description":"","_tribe_ticket_show_not_going":false,"_tribe_ticket_use_global_stock":"","_tribe_ticket_global_stock_level":"","_global_stock_mode":"","_global_stock_cap":"","_tribe_rsvp_for_event":"","_tribe_ticket_going_count":"","_tribe_ticket_not_going_count":"","_tribe_tickets_list":"[]","_tribe_ticket_has_attendee_info_fields":false,"footnotes":"","_tec_slr_enabled":"","_tec_slr_layout":""},"class_list":["post-56143","page","type-page","status-publish","hentry"],"ticketed":false,"post_mailing_queue_ids":[],"_links":{"self":[{"href":"https:\/\/13muz.eu\/en\/wp-json\/wp\/v2\/pages\/56143","targetHints":{"allow":["GET"]}}],"collection":[{"href":"https:\/\/13muz.eu\/en\/wp-json\/wp\/v2\/pages"}],"about":[{"href":"https:\/\/13muz.eu\/en\/wp-json\/wp\/v2\/types\/page"}],"author":[{"embeddable":true,"href":"https:\/\/13muz.eu\/en\/wp-json\/wp\/v2\/users\/4"}],"replies":[{"embeddable":true,"href":"https:\/\/13muz.eu\/en\/wp-json\/wp\/v2\/comments?post=56143"}],"version-history":[{"count":0,"href":"https:\/\/13muz.eu\/en\/wp-json\/wp\/v2\/pages\/56143\/revisions"}],"wp:attachment":[{"href":"https:\/\/13muz.eu\/en\/wp-json\/wp\/v2\/media?parent=56143"}],"curies":[{"name":"wp","href":"https:\/\/api.w.org\/{rel}","templated":true}]}}