{"id":54596,"date":"2023-11-02T14:49:32","date_gmt":"2023-11-02T13:49:32","guid":{"rendered":"https:\/\/13muz.eu\/?page_id=54596"},"modified":"2023-11-02T14:49:32","modified_gmt":"2023-11-02T13:49:32","slug":"elektroniczna-skrzynka-podawcza","status":"publish","type":"page","link":"https:\/\/13muz.eu\/en\/elektroniczna-skrzynka-podawcza\/","title":{"rendered":"Elektroniczna Skrzynka Podawcza"},"content":{"rendered":"<h1>Za\u0142atw Spraw\u0119 &#8211; ePUAP (ESP)<\/h1>\n<p style=\"text-align: justify;\">Zgodnie z ustaw\u0105 z dnia 12 lutego 2010 roku o zmianie ustawy o informatyzacji dzia\u0142alno\u015bci podmiot\u00f3w realizuj\u0105cych zadania publiczne oraz niekt\u00f3rych innych ustaw (dziennik ustaw z 16 marca 2010 nr 40 poz. 230) z dniem 17 czerwca 2010 wszystkie podmioty \u015bwiadcz\u0105ce us\u0142ugi publiczne s\u0105 ustawowo zobowi\u0105zane do umo\u017cliwienia interesantom wnoszenia ich wniosk\u00f3w w formie dokument\u00f3w elektronicznych poprzez Elektroniczn\u0105 Skrzynk\u0119 Podawcz\u0105 podmiotu realizuj\u0105cego zadanie publiczne, za\u0142o\u017conej i wyposa\u017conej w zestandaryzowane formularze elektroniczne na ePUAP.<\/p>\n<p align=\"center\"><a href=\"http:\/\/epuap.gov.pl\/kup\/searchContentServlet?nazwaOpisu=Skargi,+wnioski,+zapytania+do+urzedu&amp;idPodmiotu=umszczecin\" target=\"_blank\" rel=\"noopener\"><img decoding=\"async\" src=\"https:\/\/eurzad.szczecin.pl\/UMSzczecinFiles\/image\/epuap2.png\" alt=\"Elektroniczna Skrzynka Podawcza na platformie ePUAP\"><\/a><\/p>\n<p><strong>W celu skorzytania z&nbsp;ePUAP niezb\u0119dne jest spe\u0142nienie dw\u00f3ch warunk\u00f3w:<\/strong><\/p>\n<ul>\n<li style=\"text-align: justify;\"><a href=\"https:\/\/epuap.gov.pl\/wps\/portal\/rejestracja-konta\" target=\"_blank\" rel=\"noopener\">za\u0142o\u017cenie indywidualnego (darmowego) konta u\u017cytkownika<\/a>&nbsp;na platformie ePUAP<\/li>\n<li style=\"text-align: justify;\">posiadanie profilu zaufanego ePUAP &#8211; u\u017cytkownik posiadaj\u0105cy Profil Zaufany ma mo\u017cliwo\u015b\u0107 podpisywania pism kierowanych drog\u0105 elektroniczn\u0105 do urz\u0119d\u00f3w administracji publicznej. W tym zakresie podpis elektroniczny potwierdzony danymi Profilu Zaufanego jest bezp\u0142atn\u0105 alternatyw\u0105 dla bezpiecznego podpisu elektronicznego weryfikowanego wa\u017cnym kwalifikowanym certyfikatem.<\/li>\n<\/ul>\n<p>&nbsp;<\/p>\n<div class=\"default-style\"><strong>elektroniczna skrzynka podawcza na e-puap: <\/strong>\/DK13Muz\/SkrytkaESP<\/div>\n<div>&nbsp;<\/div>\n<div>\n<div><strong>e-dor\u0119czenia &#8211; skrzynka: <\/strong>AE:PL-58438-88534-WCJIG-17<\/div>\n<\/div>\n\n\n<p><\/p>\n","protected":false},"excerpt":{"rendered":"<p>Za\u0142atw Spraw\u0119 &#8211; ePUAP (ESP) Zgodnie z ustaw\u0105 z dnia 12 lutego 2010 roku o zmianie ustawy o informatyzacji dzia\u0142alno\u015bci podmiot\u00f3w realizuj\u0105cych zadania publiczne oraz niekt\u00f3rych innych ustaw (dziennik ustaw z 16 marca 2010 nr 40 poz. 230) z dniem 17 czerwca 2010 wszystkie podmioty \u015bwiadcz\u0105ce us\u0142ugi publiczne s\u0105 ustawowo zobowi\u0105zane do umo\u017cliwienia interesantom wnoszenia ich wniosk\u00f3w w formie dokument\u00f3w elektronicznych poprzez Elektroniczn\u0105 Skrzynk\u0119 Podawcz\u0105 podmiotu realizuj\u0105cego zadanie publiczne, za\u0142o\u017conej i wyposa\u017conej w zestandaryzowane formularze elektroniczne na ePUAP. W celu skorzytania z&nbsp;ePUAP niezb\u0119dne jest spe\u0142nienie dw\u00f3ch warunk\u00f3w: za\u0142o\u017cenie indywidualnego (darmowego) konta u\u017cytkownika&nbsp;na platformie ePUAP posiadanie profilu zaufanego ePUAP &#8211; u\u017cytkownik [&hellip;]<\/p>\n","protected":false},"author":2,"featured_media":0,"parent":0,"menu_order":0,"comment_status":"closed","ping_status":"closed","template":"","meta":{"ngg_post_thumbnail":0,"_price":"","_stock":"","_tribe_ticket_header":"","_tribe_default_ticket_provider":"","_ticket_start_date":"","_ticket_end_date":"","_tribe_ticket_show_description":"","_tribe_ticket_show_not_going":false,"_tribe_ticket_use_global_stock":"","_tribe_ticket_global_stock_level":"","_global_stock_mode":"","_global_stock_cap":"","_tribe_rsvp_for_event":"","_tribe_ticket_going_count":"","_tribe_ticket_not_going_count":"","_tribe_tickets_list":"[]","_tribe_ticket_has_attendee_info_fields":false,"footnotes":"","_tec_slr_enabled":"","_tec_slr_layout":""},"class_list":["post-54596","page","type-page","status-publish","hentry"],"ticketed":false,"post_mailing_queue_ids":[],"_links":{"self":[{"href":"https:\/\/13muz.eu\/en\/wp-json\/wp\/v2\/pages\/54596","targetHints":{"allow":["GET"]}}],"collection":[{"href":"https:\/\/13muz.eu\/en\/wp-json\/wp\/v2\/pages"}],"about":[{"href":"https:\/\/13muz.eu\/en\/wp-json\/wp\/v2\/types\/page"}],"author":[{"embeddable":true,"href":"https:\/\/13muz.eu\/en\/wp-json\/wp\/v2\/users\/2"}],"replies":[{"embeddable":true,"href":"https:\/\/13muz.eu\/en\/wp-json\/wp\/v2\/comments?post=54596"}],"version-history":[{"count":0,"href":"https:\/\/13muz.eu\/en\/wp-json\/wp\/v2\/pages\/54596\/revisions"}],"wp:attachment":[{"href":"https:\/\/13muz.eu\/en\/wp-json\/wp\/v2\/media?parent=54596"}],"curies":[{"name":"wp","href":"https:\/\/api.w.org\/{rel}","templated":true}]}}