{"id":54,"date":"2017-12-07T11:06:55","date_gmt":"2017-12-07T10:06:55","guid":{"rendered":"http:\/\/test.13muz.eu\/?page_id=54"},"modified":"2018-05-31T13:43:14","modified_gmt":"2018-05-31T11:43:14","slug":"logo-13-muz","status":"publish","type":"page","link":"https:\/\/13muz.eu\/en\/logo-13-muz\/","title":{"rendered":"Logo \u201e13 Muz\u201d"},"content":{"rendered":"<p><center><img loading=\"lazy\" decoding=\"async\" class=\"wp-image-13872 aligncenter\" src=\"http:\/\/test.13muz.eu\/wp-content\/uploads\/2018\/05\/13muz_logo_ewolucja-300x133.jpg\" alt=\"\" width=\"675\" height=\"299\" srcset=\"https:\/\/13muz.eu\/wp-content\/uploads\/2018\/05\/13muz_logo_ewolucja-300x133.jpg 300w, https:\/\/13muz.eu\/wp-content\/uploads\/2018\/05\/13muz_logo_ewolucja-620x275.jpg 620w, https:\/\/13muz.eu\/wp-content\/uploads\/2018\/05\/13muz_logo_ewolucja-400x177.jpg 400w, https:\/\/13muz.eu\/wp-content\/uploads\/2018\/05\/13muz_logo_ewolucja.jpg 621w\" sizes=\"auto, (max-width: 675px) 100vw, 675px\" \/><\/center><\/p>\n<p style=\"text-align: justify;\">Kszta\u0142towanie si\u0119 wizji i misji po roku 2008, przekszta\u0142acenie w nowoczesn\u0105 instytucj\u0119 kultury oraz zmiany programowe wp\u0142yne\u0142y na potrzeb\u0119 zaktualizowania identyfikacji wizualnej. Wraz ze statutow\u0105 zmian\u0105 nazwy z Dom Kultury Klub \u201e13 Muz\u201d na&nbsp;<strong>Dom Kultury \u201e13 Muz\u201d,&nbsp;<\/strong>przyj\u0119to nowy znak wizerunkowy. Dawne logo, pegaz z rzymsk\u0105 trzynastk\u0105, autorstwa Leszka \u017bebrowskiego, od\u015bwie\u017cono. Od 2008 roku trwa\u0142y prace nad stworzeniem logotypu literniczego, kt\u00f3ry funkcjonowa\u0142 r\u00f3wnolegle z poprzednim znakiem graficznym. Przemiany zosta\u0142y podkre\u015blone ostatecznym wykorzystaniem nowego logo, opartego na bazie nazwy \u201e13 Muz\u201d. W ten spos\u00f3b powsta\u0142 syntetyczny oraz czytelny komunikat wizualny, sk\u0142adaj\u0105cy si\u0119 z samego liternictwa, odr\u00f3\u017cniaj\u0105cy liczb\u0119 13 od nazwy Muz kolorem amarantowym.&nbsp;Zastosowane zosta\u0142o ono we wszystkich materia\u0142ach drukowanych instytucji. Jednoznaczna identyfikacja wizualna, konsekwentnie wykorzystywana w materia\u0142ach promocyjnych, pomaga stworzy\u0107 jednolity, profesjonalny wizerunek miejskiej instytucji kultury &#8211; Dom Kultury \u201e13 Muz\u201d.<\/p>\n<p>Pobierz logobook:<br \/>\n<a href=\"http:\/\/test.13muz.eu\/wp-content\/uploads\/2018\/05\/logobook_13muz.pdf\"><img loading=\"lazy\" decoding=\"async\" class=\"alignnone wp-image-13870\" src=\"http:\/\/test.13muz.eu\/wp-content\/uploads\/2018\/05\/logobook_icon.png\" alt=\"\" width=\"139\" height=\"136\"><\/a><br \/>\n<a href=\"http:\/\/test.13muz.eu\/wp-content\/uploads\/2018\/05\/logobook_13muz.pdf\"><strong><span style=\"color: #ff00ff;\">PDF 800 kb<\/span><\/strong><\/a><\/p>\n","protected":false},"excerpt":{"rendered":"<p>Kszta\u0142towanie si\u0119 wizji i misji po roku 2008, przekszta\u0142acenie w nowoczesn\u0105 instytucj\u0119 kultury oraz zmiany programowe wp\u0142yne\u0142y na potrzeb\u0119 zaktualizowania identyfikacji wizualnej. Wraz ze statutow\u0105 zmian\u0105 nazwy z Dom Kultury Klub \u201e13 Muz\u201d na&nbsp;Dom Kultury \u201e13 Muz\u201d,&nbsp;przyj\u0119to nowy znak wizerunkowy. Dawne logo, pegaz z rzymsk\u0105 trzynastk\u0105, autorstwa Leszka \u017bebrowskiego, od\u015bwie\u017cono. Od 2008 roku trwa\u0142y prace nad stworzeniem logotypu literniczego, kt\u00f3ry funkcjonowa\u0142 r\u00f3wnolegle z poprzednim znakiem graficznym. Przemiany zosta\u0142y podkre\u015blone ostatecznym wykorzystaniem nowego logo, opartego na bazie nazwy \u201e13 Muz\u201d. W ten spos\u00f3b powsta\u0142 syntetyczny oraz czytelny komunikat wizualny, sk\u0142adaj\u0105cy si\u0119 z samego liternictwa, odr\u00f3\u017cniaj\u0105cy liczb\u0119 13 od nazwy Muz kolorem [&hellip;]<\/p>\n","protected":false},"author":1,"featured_media":0,"parent":0,"menu_order":0,"comment_status":"closed","ping_status":"closed","template":"","meta":{"ngg_post_thumbnail":0,"_price":"","_stock":"","_tribe_ticket_header":"","_tribe_default_ticket_provider":"","_ticket_start_date":"","_ticket_end_date":"","_tribe_ticket_show_description":"","_tribe_ticket_show_not_going":false,"_tribe_ticket_use_global_stock":"","_tribe_ticket_global_stock_level":"","_global_stock_mode":"","_global_stock_cap":"","_tribe_rsvp_for_event":"","_tribe_ticket_going_count":"","_tribe_ticket_not_going_count":"","_tribe_tickets_list":"[]","_tribe_ticket_has_attendee_info_fields":false,"footnotes":"","_tec_slr_enabled":"","_tec_slr_layout":""},"class_list":["post-54","page","type-page","status-publish","hentry"],"ticketed":false,"post_mailing_queue_ids":[],"_links":{"self":[{"href":"https:\/\/13muz.eu\/en\/wp-json\/wp\/v2\/pages\/54","targetHints":{"allow":["GET"]}}],"collection":[{"href":"https:\/\/13muz.eu\/en\/wp-json\/wp\/v2\/pages"}],"about":[{"href":"https:\/\/13muz.eu\/en\/wp-json\/wp\/v2\/types\/page"}],"author":[{"embeddable":true,"href":"https:\/\/13muz.eu\/en\/wp-json\/wp\/v2\/users\/1"}],"replies":[{"embeddable":true,"href":"https:\/\/13muz.eu\/en\/wp-json\/wp\/v2\/comments?post=54"}],"version-history":[{"count":0,"href":"https:\/\/13muz.eu\/en\/wp-json\/wp\/v2\/pages\/54\/revisions"}],"wp:attachment":[{"href":"https:\/\/13muz.eu\/en\/wp-json\/wp\/v2\/media?parent=54"}],"curies":[{"name":"wp","href":"https:\/\/api.w.org\/{rel}","templated":true}]}}