{"id":52026,"date":"2023-06-01T12:37:34","date_gmt":"2023-06-01T10:37:34","guid":{"rendered":"https:\/\/13muz.eu\/?page_id=52026"},"modified":"2026-04-10T09:05:00","modified_gmt":"2026-04-10T07:05:00","slug":"galeria-enter","status":"publish","type":"page","link":"https:\/\/13muz.eu\/en\/galeria-enter\/","title":{"rendered":"Galeria Enter"},"content":{"rendered":"<p><img loading=\"lazy\" decoding=\"async\" class=\"size-medium wp-image-52027 alignleft\" src=\"https:\/\/13muz.eu\/wp-content\/uploads\/2023\/06\/20230508_RS_ROBS5568-300x200.jpg\" alt=\"\" width=\"300\" height=\"200\" srcset=\"https:\/\/13muz.eu\/wp-content\/uploads\/2023\/06\/20230508_RS_ROBS5568-300x200.jpg 300w, https:\/\/13muz.eu\/wp-content\/uploads\/2023\/06\/20230508_RS_ROBS5568-1024x683.jpg 1024w, https:\/\/13muz.eu\/wp-content\/uploads\/2023\/06\/20230508_RS_ROBS5568-768x512.jpg 768w, https:\/\/13muz.eu\/wp-content\/uploads\/2023\/06\/20230508_RS_ROBS5568-1536x1024.jpg 1536w, https:\/\/13muz.eu\/wp-content\/uploads\/2023\/06\/20230508_RS_ROBS5568-2048x1365.jpg 2048w, https:\/\/13muz.eu\/wp-content\/uploads\/2023\/06\/20230508_RS_ROBS5568-150x100.jpg 150w, https:\/\/13muz.eu\/wp-content\/uploads\/2023\/06\/20230508_RS_ROBS5568-400x267.jpg 400w\" sizes=\"auto, (max-width: 300px) 100vw, 300px\" \/><\/p>\n<p style=\"text-align: justify;\">Galeria Enter jest usytuowana na parterze w holu g\u0142\u00f3wnym Pa\u0142acu pod G\u0142owami &#8211; siedziby Domu Kultury \u201e13 Muz\u201d. Sk\u0142ada si\u0119 z dw\u00f3ch kameralnych pomieszcze\u0144, w kt\u00f3rych prezentowane s\u0105 prace z r\u00f3\u017cnorodnych dziedzin sztuki: malarstwa, fotografii, rysunku, grafiki, rze\u017aby\u2026<\/p>\n<p style=\"text-align: justify;\">Pierwsz\u0105 wystaw\u0105 inauguruj\u0105c\u0105 dzia\u0142alno\u015b\u0107 tej przestrzeni wystawienniczej by\u0142a ekspozycja&nbsp;<a href=\"https:\/\/13muz.eu\/wydarzenie\/04-13-03-galeria-enter-made-in-the-shade\/?instance_id=2038\" target=\"_blank\" rel=\"noopener\"><strong>Made in the shade<\/strong><\/a>. <strong><a href=\"https:\/\/13muz.eu\/wernisaze\/nggallery\/wernisaze\/galeria-enter-made-in-the-shade\" target=\"_blank\" rel=\"noopener\">Wernisa\u017c<\/a><\/strong> mia\u0142 miejsce 3 marca 2023 r. Jeszcze w tym samym miesi\u0105cu odby\u0142o si\u0119 otwarcie kolejnej wystawy &#8211; <a href=\"https:\/\/13muz.eu\/wydarzenie\/21-03-galeria-enter-szczecin-to-tez-moje-nasze-miasto-wystawa-fotografii\/?instance_id=2040\" target=\"_blank\" rel=\"noopener\"><strong>\u201eSzczecin to TE\u017b! moje\/nasze miasto\u201d<\/strong><\/a>. Trzecim <strong><a href=\"https:\/\/13muz.eu\/wernisaze\/nggallery\/wernisaze\/galeria-enter-retro-vibes-kadry-z-plenerow-fotograficznych-organizowanych-przez-olge-dabkiewicz\" target=\"_blank\" rel=\"noopener\">wernisa\u017cem<\/a><\/strong> w Galerii Enter by\u0142y kadry z plener\u00f3w fotograficznych organizowanych przez Olg\u0119 D\u0105bkiewicz <a href=\"https:\/\/13muz.eu\/wydarzenie\/08-05-galeria-enter-retro-vibes-kadry-z-plenerow-fotograficznych-organizowanych-przez-olge-dabkiewicz\/?instance_id=2065\" target=\"_blank\" rel=\"noopener\"><strong>\u201eRetro Vibes\u201d<\/strong><\/a>.<\/p>\n<p style=\"text-align: justify;\">Informacje o aktualnie trwaj\u0105cych wystawach w Galerii Enter znajduj\u0105 si\u0119 zawsze na stronie <strong><a href=\"https:\/\/13muz.eu\/\" target=\"_blank\" rel=\"noopener\">g\u0142\u00f3wnej<\/a><\/strong>, za\u015b zdj\u0119cia z wernisa\u017cy, i nie tylko, mo\u017cna obejrze\u0107 w naszej <strong><a href=\"https:\/\/13muz.eu\/galeria\/\" target=\"_blank\" rel=\"noopener\">galerii<\/a><\/strong>.<\/p>\n<p style=\"text-align: justify;\">Fot. Robert Stachnik, <strong><a href=\"https:\/\/13muz.eu\/wernisaze\/nggallery\/wernisaze\/galeria-enter-retro-vibes-kadry-z-plenerow-fotograficznych-organizowanych-przez-olge-dabkiewicz\" target=\"_blank\" rel=\"noopener\">wernisa\u017c \u201eRetro Vibes\u201d<\/a><\/strong> &#8211; kadry z plener\u00f3w fotograficznych organizowanych przez Olg\u0119 D\u0105bkiewicz, 8 maja 2023 r.<\/p>\n<p style=\"text-align: justify;\">W Galerii Enter mia\u0142y miejsce do tej pory m.in. nast\u0119puj\u0105ce wernisa\u017ce:<br \/>\n&#8211; <a href=\"https:\/\/13muz.eu\/event\/09-04-galeria-enter-lena-zbikowska-moj-szczecin\/\" target=\"_blank\" rel=\"noopener\">Lena \u017bbikowska &#8211; \u201eM\u00f3j Szczecin\u201d<\/a><br \/>\n&#8211; <a href=\"https:\/\/13muz.eu\/event\/05-03-galeria-enter-janusz-slawek-piszczatowski-ziarno-i-pixele-wystawa-fotografii\/\" target=\"_blank\" rel=\"noopener\">Janusz \u201eS\u0142awek\u201d Piszczatowski &#8211; \u201eZiarno i Pixele\u201d &#8211; wystawa fotografii<\/a>&nbsp;<br \/>\n&#8211; <a href=\"https:\/\/13muz.eu\/event\/05-02-galeria-enter-beata-piechocka-ohrim-siergiej-dwa-swiaty-wystawa-fotografii\/\" target=\"_blank\" rel=\"noopener\">Beata Piechocka \/ Ohrim Siergiej &#8211; \u201eDwa \u015awiaty\u201d &#8211; wystawa fotografii<\/a><br \/>\n&#8211; <a href=\"https:\/\/13muz.eu\/event\/08-01-galeria-enter-maciej-nesterowicz-lovenia\/\" target=\"_blank\" rel=\"noopener\">Maciej Nesterowicz &#8211; Lovenia<\/a><br \/>\n&#8211; <a href=\"https:\/\/13muz.eu\/event\/04-12-galeria-enter-ewa-lidia-poszukiwania-2-0-syzyf-fotografia-grafika-maria-kulbacka-fragmenty-2-0-piekno-jest-w-nas-grafika-rysunek\/\" target=\"_blank\" rel=\"noopener\">Ewa Lidia &#8211; Poszukiwania 2.0 &#8211; Syzyf &#8211; fotografia, grafika \/ Maria Kulbacka &#8211; Fragmenty 2.0 &#8211; \u2026pi\u0119kno jest w nas&#8230; &#8211; grafika, rysunek<\/a><br \/>\n&#8211; <a href=\"https:\/\/13muz.eu\/event\/06-11-galeria-enter-maciej-mielnicki-rysunek\/\" target=\"_blank\" rel=\"noopener\">Maciej Mielnicki &#8211; rysunek<\/a><br \/>\n&#8211; <a href=\"https:\/\/13muz.eu\/event\/02-10-galeria-enter-aleksandra-jadczuk-anna-waligorska-pejzaz-malarstwo\/\" target=\"_blank\" rel=\"noopener\">Aleksandra Jadczuk \/ Anna Walig\u00f3rska &#8211; \u201ePejza\u017c\u201d &#8211; malarstwo<\/a><br \/>\n&#8211; <a href=\"https:\/\/13muz.eu\/event\/05-09-galeria-enter-kornelia-jurkowiecka-pasja-tworzenia\/\" target=\"_blank\" rel=\"noopener\">Kornelia Jurkowiecka &#8211; \u201ePasja Tworzenia\u201d<\/a><br \/>\n&#8211; <a href=\"https:\/\/13muz.eu\/event\/25-06-galeria-enter-andrzej-graba-grabowiecki-haruhisa-camera-fotoobrazy\/\" target=\"_blank\" rel=\"noopener\">Andrzej Graba Grabowiecki &#8211; Haruhisa Camera- Fotoobrazy<\/a><br \/>\n&#8211; <a href=\"https:\/\/13muz.eu\/event\/18-22-06-galeria-enter-beyond-the-wall-sztuka-wychodzaca-poza-mur-wystawa-graffiti-w-ramach-iii-festiwal-sztuk-uhuru\/\" target=\"_blank\" rel=\"noopener\">\u201eBeyond The Wall &#8211; sztuka wychodz\u0105ca poza mur\u201d &#8211; wystawa graffiti w ramach III Festiwal Sztuk Uhuru<\/a><br \/>\n&#8211; <a href=\"https:\/\/13muz.eu\/event\/22-05-galeria-enter-przydomowe-ogrody-na-wsi-polskiej-dawniej-i-dzis-wystawa-prac-malarskich-i-rysunkowych-grupy-plastycznej-13-muz\/\" target=\"_blank\" rel=\"noopener\">\u201ePrzydomowe ogrody na wsi polskiej dawniej i dzi\u015b\u201d &#8211; wystawa prac malarskich i rysunkowych Grupy Plastycznej \u201e13 Muz<\/a>\u201d<br \/>\n&#8211; <a href=\"https:\/\/13muz.eu\/event\/14-05-symboliczno-artystyczna-dziedzina-polskiej-kultury-ludowej-wystawa-prac-malarskich-i-rysunkowych-grupy-plastycznej-13-muz\/\" target=\"_blank\" rel=\"noopener\">\u201eSymboliczno-artystyczna dziedzina polskiej kultury ludowej\u201d &#8211; wystawa prac malarskich i rysunkowych Grupy Plastycznej \u201e13 Muz\u201d<\/a><br \/>\n&#8211; <a href=\"https:\/\/13muz.eu\/event\/24-04-galeria-enter-kamil-winnicki-reliefy-projekt-multidyscyplinarny\/\" target=\"_blank\" rel=\"noopener\">Kamil Winnicki &#8211; \u201eReliefy\u201d &#8211; projekt multidyscyplinarny<\/a><br \/>\n&#8211; <a href=\"https:\/\/13muz.eu\/event\/02-04-galeria-enter-anna-van-brussel-srodziemnomorskie-klimaty-malarstwo\/\" target=\"_blank\" rel=\"noopener\">Anna Van Brussel &#8211; \u201e\u015ar\u00f3dziemnomorskie klimaty\u201d &#8211; malarstwo<\/a><br \/>\n&#8211; <a href=\"https:\/\/13muz.eu\/event\/06-03-galeria-enter-elzbieta-zygmunt-brazowa-ucieczka-w-szarosc-pedzel-i-wyobraznia\/\" target=\"_blank\" rel=\"noopener\">El\u017cbieta Zygmunt &#8211; \u201eBr\u0105zowa ucieczka w szaro\u015b\u0107. P\u0119dzel i wyobra\u017ania\u201d<\/a>&nbsp;<br \/>\n&#8211; <a href=\"https:\/\/13muz.eu\/event\/06-02-galeria-enter-wystawa-fotografii-jana-monkiewicza-bez-photoshopa\/\" target=\"_blank\" rel=\"noopener\">Wystawa fotografii Jana Monkiewicza &#8211; Bez \u201ePhotoshopa\u201d<\/a><br \/>\n&#8211; <a href=\"https:\/\/13muz.eu\/event\/08-01-galeria-enter-maksymilian-roszkowski-dialog-dusz\/\" target=\"_blank\" rel=\"noopener\">Maksymilian Roszkowski &#8211; \u201eDialog dusz\u201d<\/a><br \/>\n&#8211; <a href=\"https:\/\/13muz.eu\/event\/04-12-wystawa-prac-plastycznych-uczestnikow-zajec-stowarzyszenia-wiez\/\" target=\"_blank\" rel=\"noopener\">Wystawa prac plastycznych uczestnik\u00f3w zaj\u0119\u0107 Stowarzyszenia \u201eWi\u0119\u017a\u201d<\/a><br \/>\n&#8211; <a href=\"https:\/\/13muz.eu\/event\/09-10-galeria-enter-radykalnie-analogowo-yadasza-wystawia-kolaze-papierowe\/\" target=\"_blank\" rel=\"noopener\">\u201eRadykalnie analogowo: YADAsza wystawia kola\u017ce papierowe\u201d<\/a><br \/>\n&#8211; <a href=\"https:\/\/13muz.eu\/event\/26-09-galeria-enter-danuta-rutkowska-wrazenia-malarstwo\/\" target=\"_blank\" rel=\"noopener\">Danuta Rutkowska \u201eWra\u017cenia\u2026\u201d &#8211; malarstwo<\/a><br \/>\n&#8211; <a href=\"https:\/\/13muz.eu\/event\/04-09-galeria-enter-ewa-lidia-maria-kulbacka-poszukiwania-fragmenty-fotografia-grafika-rysunek\/\" target=\"_blank\" rel=\"noopener\">Ewa Lidia \/ Maria Kulbacka &#8211; Poszukiwania. Fragmenty &#8211; fotografia, grafika, rysunek<\/a><br \/>\n&#8211;&nbsp;<a href=\"https:\/\/13muz.eu\/event\/12-06-galeria-enter-ryszard-slowicki-obecnosci-kolaze\/\" target=\"_blank\" rel=\"noopener\">Ryszard S\u0142owicki &#8211; \u201eObecno\u015bci\u201d &#8211; kola\u017ce<\/a><br \/>\n&#8211; <a href=\"https:\/\/13muz.eu\/28-05-galeria-enter-wystawa-w-ramach-ii-festiwalu-sztuk-uhuru\/\" target=\"_blank\" rel=\"noopener\">Wystawa w ramach II Festiwalu Sztuk Uhuru<\/a><br \/>\n&#8211; <a href=\"https:\/\/13muz.eu\/event\/15-18-05-galeria-enter-swiatlo-wsrod-stogow-moneta-wstawa-prac-grupy-plastycznej-13-muz\/\" target=\"_blank\" rel=\"noopener\">\u201e\u015awiat\u0142o w\u015br\u00f3d stog\u00f3w Moneta\u201d &#8211; wystawa prac grupy plastycznej \u201e13 Muz\u201d<\/a><br \/>\n&#8211; <a href=\"https:\/\/13muz.eu\/event\/galeria-enter-marina-shavlovskaya-magia-kwiatow-malarstwo\/\" target=\"_blank\" rel=\"noopener\">Marina Shavlovskaya &#8211; \u201eMagia kwiat\u00f3w\u201d- malarstwo<\/a><br \/>\n&#8211;&nbsp;<a href=\"https:\/\/13muz.eu\/wydarzenie\/15-03-galeria-enter-w-cieniu-prace-artystyczne-o-tematyce-zdrowia-psychicznego-i-emocji\/?instance_id=2270\" target=\"_blank\" rel=\"noopener\">\u201eW Cieniu\u201d &#8211; prace artystyczne o tematyce zdrowia psychicznego i emocji<\/a><br \/>\n&#8211; <a href=\"https:\/\/13muz.eu\/wydarzenie\/01-02-galeria-enter-anna-lutynska-horyzonty-malarstwo-i-fotografia\/?instance_id=2241\" target=\"_blank\" rel=\"noopener\">Anna Luty\u0144ska &#8211; \u201eHoryzonty\u201d &#8211; malarstwo i fotografia<\/a><br \/>\n&#8211; <a href=\"https:\/\/13muz.eu\/wydarzenie\/22-11-wernisaz-wystawy-grafik-i-wieczor-autorski-ryszarda-slowickiego\/?instance_id=2192\" target=\"_blank\" rel=\"noopener\">Ryszard S\u0142owicki &#8211; grafiki<\/a>&nbsp;<br \/>\n&#8211; <a href=\"https:\/\/13muz.eu\/wydarzenie\/09-11-galeria-enter-archi-przygody\/?instance_id=2185\" target=\"_blank\" rel=\"noopener\">Archi-przygody<\/a><br \/>\n&#8211; <a href=\"https:\/\/13muz.eu\/wydarzenie\/11-09-galeria-enter-seniorzy-nowatorstwo-w-sztuce\/?instance_id=2122\" target=\"_blank\" rel=\"noopener\">\u201eSeniorzy &#8211; nowatorstwo w sztuce\u201d<\/a><br \/>\n&#8211; <a href=\"https:\/\/13muz.eu\/wydarzenie\/03-07-galeria-enter-zrozumienie-zjawiska-traumy-jako-narzedzie-zdrowienia-katarzyna-wielgosz-lekkie-troski-wystawa-prac-litograficznych-malgorzata-jarosz\/?instance_id=2112\" target=\"_blank\" rel=\"noopener\">Zrozumienie zjawiska traumy jako narz\u0119dzie zdrowienia &#8211; Katarzyna Wielgosz \/ Lekkie Troski &#8211; wystawa prac litograficznych &#8211; Ma\u0142gorzata Jarosz<\/a><br \/>\n&#8211; <a href=\"https:\/\/13muz.eu\/wydarzenie\/12-06-galeria-enter-wolnosc-prace-plastyczne-i-fotograficzne-teatru-uhuru\/?instance_id=2092\" target=\"_blank\" rel=\"noopener\">\u201eWolno\u015b\u0107\u201d<\/a><br \/>\n&#8211; <a href=\"https:\/\/13muz.eu\/wydarzenie\/24-05-galeria-enter-slowo-i-obraz-wystawa-prac-grupy-plastycznej-seniorow-z-13-muz\/?instance_id=2105\" target=\"_blank\" rel=\"noopener\">\u201eS\u0142owo i obraz\u201d<\/a><br \/>\n&#8211; <a href=\"https:\/\/13muz.eu\/wydarzenie\/08-05-galeria-enter-retro-vibes-kadry-z-plenerow-fotograficznych-organizowanych-przez-olge-dabkiewicz\/?instance_id=2065\" target=\"_blank\" rel=\"noopener\">\u201eRetro Vibes\u201d<\/a><br \/>\n&#8211; <a href=\"https:\/\/13muz.eu\/wydarzenie\/21-03-galeria-enter-szczecin-to-tez-moje-nasze-miasto-wystawa-fotografii\/?instance_id=2040\" target=\"_blank\" rel=\"noopener\">\u201eSzczecin to TE\u017b! moje\/nasze miasto\u201d<\/a><br \/>\n&#8211; <a href=\"https:\/\/13muz.eu\/wydarzenie\/04-13-03-galeria-enter-made-in-the-shade\/?instance_id=2038\" target=\"_blank\" rel=\"noopener\">Made in the shade<\/a><\/p>\n","protected":false},"excerpt":{"rendered":"<p>Galeria Enter jest usytuowana na parterze w holu g\u0142\u00f3wnym Pa\u0142acu pod G\u0142owami &#8211; siedziby Domu Kultury \u201e13 Muz\u201d. Sk\u0142ada si\u0119 z dw\u00f3ch kameralnych pomieszcze\u0144, w kt\u00f3rych prezentowane s\u0105 prace z r\u00f3\u017cnorodnych dziedzin sztuki: malarstwa, fotografii, rysunku, grafiki, rze\u017aby\u2026 Pierwsz\u0105 wystaw\u0105 inauguruj\u0105c\u0105 dzia\u0142alno\u015b\u0107 tej przestrzeni wystawienniczej by\u0142a ekspozycja&nbsp;Made in the shade. Wernisa\u017c mia\u0142 miejsce 3 marca 2023 r. Jeszcze w tym samym miesi\u0105cu odby\u0142o si\u0119 otwarcie kolejnej wystawy &#8211; \u201eSzczecin to TE\u017b! moje\/nasze miasto\u201d. Trzecim wernisa\u017cem w Galerii Enter by\u0142y kadry z plener\u00f3w fotograficznych organizowanych przez Olg\u0119 D\u0105bkiewicz \u201eRetro Vibes\u201d. Informacje o aktualnie trwaj\u0105cych wystawach w Galerii Enter znajduj\u0105 si\u0119 zawsze [&hellip;]<\/p>\n","protected":false},"author":4,"featured_media":0,"parent":0,"menu_order":0,"comment_status":"closed","ping_status":"closed","template":"","meta":{"ngg_post_thumbnail":0,"_price":"","_stock":"","_tribe_ticket_header":"","_tribe_default_ticket_provider":"","_ticket_start_date":"","_ticket_end_date":"","_tribe_ticket_show_description":"","_tribe_ticket_show_not_going":false,"_tribe_ticket_use_global_stock":"","_tribe_ticket_global_stock_level":"","_global_stock_mode":"","_global_stock_cap":"","_tribe_rsvp_for_event":"","_tribe_ticket_going_count":"","_tribe_ticket_not_going_count":"","_tribe_tickets_list":"[]","_tribe_ticket_has_attendee_info_fields":false,"footnotes":"","_tec_slr_enabled":"","_tec_slr_layout":""},"class_list":["post-52026","page","type-page","status-publish","hentry"],"ticketed":false,"post_mailing_queue_ids":[],"_links":{"self":[{"href":"https:\/\/13muz.eu\/en\/wp-json\/wp\/v2\/pages\/52026","targetHints":{"allow":["GET"]}}],"collection":[{"href":"https:\/\/13muz.eu\/en\/wp-json\/wp\/v2\/pages"}],"about":[{"href":"https:\/\/13muz.eu\/en\/wp-json\/wp\/v2\/types\/page"}],"author":[{"embeddable":true,"href":"https:\/\/13muz.eu\/en\/wp-json\/wp\/v2\/users\/4"}],"replies":[{"embeddable":true,"href":"https:\/\/13muz.eu\/en\/wp-json\/wp\/v2\/comments?post=52026"}],"version-history":[{"count":3,"href":"https:\/\/13muz.eu\/en\/wp-json\/wp\/v2\/pages\/52026\/revisions"}],"predecessor-version":[{"id":73903,"href":"https:\/\/13muz.eu\/en\/wp-json\/wp\/v2\/pages\/52026\/revisions\/73903"}],"wp:attachment":[{"href":"https:\/\/13muz.eu\/en\/wp-json\/wp\/v2\/media?parent=52026"}],"curies":[{"name":"wp","href":"https:\/\/api.w.org\/{rel}","templated":true}]}}