{"id":52,"date":"2017-12-07T11:06:33","date_gmt":"2017-12-07T10:06:33","guid":{"rendered":"http:\/\/test.13muz.eu\/?page_id=52"},"modified":"2025-10-17T15:29:57","modified_gmt":"2025-10-17T13:29:57","slug":"rezydenci-domu-kultury-13-muz","status":"publish","type":"page","link":"https:\/\/13muz.eu\/en\/rezydenci-domu-kultury-13-muz\/","title":{"rendered":"Rezydenci Domu Kultury \u201e13 Muz\u201d"},"content":{"rendered":"<div class=\"resident-box\">\n<div class=\"resident-number\">1.<\/div>\n<div class=\"resident-text\"><a href=\"http:\/\/13muz.eu\/rezydenci-paulina-ratajczak\/\" target=\"_blank\" rel=\"noopener noreferrer\"><strong>Paulina Ratajczak (Fundacja Las Sztuki)<\/strong> &#8211; Galeria Tworz\u0119 si\u0119<\/a><\/div>\n<\/div>\n<div class=\"resident-box\">\n<div class=\"resident-number\">2.<\/div>\n<div class=\"resident-text\"><a href=\"http:\/\/13muz.eu\/rezydenci-marek-kuc\/\" target=\"_blank\" rel=\"noopener noreferrer\"><strong>Marek Kuc (Stowarzyszenie SZOK &#8211; Szczeci\u0144ska Offensywa Kulturalna)<\/strong> &#8211; Szczeci\u0144skie Wierszogranie <\/a><\/div>\n<\/div>\n<div class=\"resident-box\">\n<div class=\"resident-number\">3.<\/div>\n<div class=\"resident-text\"><a href=\"http:\/\/13muz.eu\/rezydenci-tomasz-licak\/\" target=\"_blank\" rel=\"noopener noreferrer\"><strong>Tomasz Licak (Stowarzyszenie SZOK &#8211; Szczeci\u0144ska Offensywa Kulturalna)<\/strong> &#8211; Inspektor Jass na tropie. Jazz z histori\u0105 w tle<\/a><\/div>\n<\/div>\n<div class=\"resident-box\">\n<div class=\"resident-number\">4.<\/div>\n<div class=\"resident-text\"><a href=\"http:\/\/13muz.eu\/rezydenci-pawel-nowakowski\/\" target=\"_blank\" rel=\"noopener noreferrer\"><strong>Pawe\u0142 Nowakowski (Wydawnictwo Forma)<\/strong> &#8211; Czwartki Literackie<\/a><\/div>\n<\/div>\n<div class=\"resident-box\">\n<div class=\"resident-number\">5.<\/div>\n<div class=\"resident-text\"><a href=\"http:\/\/13muz.eu\/rezydenci-dimitris-dymitriadis\" target=\"_blank\" rel=\"noopener noreferrer\"><strong>Dimitris Dymitriadis (Stowarzyszenie SZOK &#8211; Szczeci\u0144ska Offensywa Kulturalna)<\/strong> &#8211; SZOK Arts Festival, Babilon<\/a><\/div>\n<\/div>\n<div class=\"resident-box\">\n<div class=\"resident-number\">6.<\/div>\n<div class=\"resident-text\"><a href=\"https:\/\/13muz.eu\/mateusz-kupski-szczecinska-trzynastka-orkiestra-deta\/\" target=\"_blank\" rel=\"noopener\"><strong>Mateusz Kupski (Szczeci\u0144ska Trzynastka) <\/strong>&#8211; orkiestra d\u0119ta<\/a><\/div>\n<\/div>\n<div class=\"resident-box\">\n<div class=\"resident-number\">7.<\/div>\n<div class=\"resident-text\"><a href=\"https:\/\/13muz.eu\/szczecinska-trzynastka-orkiestra-deta-domu-kultury-13-muz\/\" target=\"_blank\" rel=\"noopener\"><strong>Szczeci\u0144ska Trzynastka<\/strong> &#8211; orkiestra d\u0119ta Domu Kultury \u201e13 Muz\u201d<\/a>&nbsp;<\/div>\n<\/div>\n<div class=\"resident-box\">\n<div class=\"resident-number\">8.<\/div>\n<div class=\"resident-text\"><a href=\"https:\/\/13muz.eu\/magdalena-figura-joga-dla-seniorow-oraz-jogo-pilates\/\" target=\"_blank\" rel=\"noopener noreferrer\"><strong>Magdalena Figura<\/strong> &#8211; Joga dla Senior\u00f3w oraz Jogo-pilates<\/a><\/div>\n<\/div>\n<div class=\"resident-box\">\n<div class=\"resident-number\">9.<\/div>\n<div class=\"resident-text\"><a href=\"http:\/\/13muz.eu\/rezydenci-dariusz-majchrzak\/\" target=\"_blank\" rel=\"noopener noreferrer\"><strong>Dariusz Majchrzak (Teatr Czwarte Miasto)<\/strong> &#8211; spektakle dla dzieci<\/a><\/div>\n<\/div>\n<div class=\"resident-box\">\n<div class=\"resident-number\">10.<\/div>\n<div class=\"resident-text\"><a href=\"http:\/\/13muz.eu\/rezydenci-zespol-teatralny-8rak\/\" target=\"_blank\" rel=\"noopener noreferrer\"><strong>Zesp\u00f3\u0142 Teatralny 8R\u0105k<\/strong> &#8211; pantomima<\/a><\/div>\n<\/div>\n<div class=\"resident-box\">\n<div class=\"resident-number\">11.<\/div>\n<div class=\"resident-text\"><a href=\"http:\/\/13muz.eu\/rezydenci-salon-artystyczny-seniorow\/\" target=\"_blank\" rel=\"noopener noreferrer\"><strong>Salon Artystyczny Senior\u00f3w<\/strong> &#8211; Zachodniopomorskie Spotkania Artystyczne Senior\u00f3w<\/a><\/div>\n<\/div>\n<div class=\"resident-box\">\n<div class=\"resident-number\">12.<\/div>\n<div class=\"resident-text\"><a href=\"http:\/\/13muz.eu\/rezydenci-christo-krzysztof-radew\/\" target=\"_blank\" rel=\"noopener noreferrer\"><strong>Christo Krzysztof Radew<\/strong> &#8211; Sunny Side Trio<\/a><\/div>\n<\/div>\n<div class=\"resident-box\">\n<div class=\"resident-number\">13.<\/div>\n<div class=\"resident-text\"><a href=\"https:\/\/13muz.eu\/joanna-tamaya-swierczynska\/\" target=\"_blank\" rel=\"noopener noreferrer\"><strong>Joanna Tamaya \u015awierczy\u0144ska<\/strong> &#8211; Biodanza &#8211; taniec \u017cycia i Biodanza dla senior\u00f3w<\/a><\/div>\n<\/div>\n<div class=\"resident-box\">\n<div class=\"resident-number\">14.<\/div>\n<div class=\"resident-text\"><a href=\"https:\/\/13muz.eu\/rezydenci-radoslaw-herdzik\/\" target=\"_blank\" rel=\"noopener noreferrer\"><strong>Rados\u0142aw Herdzik (Fundacja Dobrego Samopoczucia)<\/strong> &#8211; Muzykoterapia na misach i gongu<\/a><\/div>\n<\/div>\n","protected":false},"excerpt":{"rendered":"<p>1. Paulina Ratajczak (Fundacja Las Sztuki) &#8211; Galeria Tworz\u0119 si\u0119 2. Marek Kuc (Stowarzyszenie SZOK &#8211; Szczeci\u0144ska Offensywa Kulturalna) &#8211; Szczeci\u0144skie Wierszogranie 3. Tomasz Licak (Stowarzyszenie SZOK &#8211; Szczeci\u0144ska Offensywa Kulturalna) &#8211; Inspektor Jass na tropie. Jazz z histori\u0105 w tle 4. Pawe\u0142 Nowakowski (Wydawnictwo Forma) &#8211; Czwartki Literackie 5. Dimitris Dymitriadis (Stowarzyszenie SZOK &#8211; Szczeci\u0144ska Offensywa Kulturalna) &#8211; SZOK Arts Festival, Babilon 6. Mateusz Kupski (Szczeci\u0144ska Trzynastka) &#8211; orkiestra d\u0119ta 7. Szczeci\u0144ska Trzynastka &#8211; orkiestra d\u0119ta Domu Kultury \u201e13 Muz\u201d&nbsp; 8. Magdalena Figura &#8211; Joga dla Senior\u00f3w oraz Jogo-pilates 9. Dariusz Majchrzak (Teatr Czwarte Miasto) &#8211; spektakle dla dzieci [&hellip;]<\/p>\n","protected":false},"author":1,"featured_media":0,"parent":0,"menu_order":0,"comment_status":"closed","ping_status":"closed","template":"","meta":{"ngg_post_thumbnail":0,"_price":"","_stock":"","_tribe_ticket_header":"","_tribe_default_ticket_provider":"","_ticket_start_date":"","_ticket_end_date":"","_tribe_ticket_show_description":"","_tribe_ticket_show_not_going":false,"_tribe_ticket_use_global_stock":"","_tribe_ticket_global_stock_level":"","_global_stock_mode":"","_global_stock_cap":"","_tribe_rsvp_for_event":"","_tribe_ticket_going_count":"","_tribe_ticket_not_going_count":"","_tribe_tickets_list":"[]","_tribe_ticket_has_attendee_info_fields":false,"footnotes":"","_tec_slr_enabled":"","_tec_slr_layout":""},"class_list":["post-52","page","type-page","status-publish","hentry"],"ticketed":false,"post_mailing_queue_ids":[],"_links":{"self":[{"href":"https:\/\/13muz.eu\/en\/wp-json\/wp\/v2\/pages\/52","targetHints":{"allow":["GET"]}}],"collection":[{"href":"https:\/\/13muz.eu\/en\/wp-json\/wp\/v2\/pages"}],"about":[{"href":"https:\/\/13muz.eu\/en\/wp-json\/wp\/v2\/types\/page"}],"author":[{"embeddable":true,"href":"https:\/\/13muz.eu\/en\/wp-json\/wp\/v2\/users\/1"}],"replies":[{"embeddable":true,"href":"https:\/\/13muz.eu\/en\/wp-json\/wp\/v2\/comments?post=52"}],"version-history":[{"count":0,"href":"https:\/\/13muz.eu\/en\/wp-json\/wp\/v2\/pages\/52\/revisions"}],"wp:attachment":[{"href":"https:\/\/13muz.eu\/en\/wp-json\/wp\/v2\/media?parent=52"}],"curies":[{"name":"wp","href":"https:\/\/api.w.org\/{rel}","templated":true}]}}