{"id":50,"date":"2017-12-07T11:06:11","date_gmt":"2017-12-07T10:06:11","guid":{"rendered":"http:\/\/test.13muz.eu\/?page_id=50"},"modified":"2022-03-01T13:04:58","modified_gmt":"2022-03-01T12:04:58","slug":"zespol-domu-kultury-13-muz","status":"publish","type":"page","link":"https:\/\/13muz.eu\/en\/zespol-domu-kultury-13-muz\/","title":{"rendered":"Zesp\u00f3\u0142 Domu Kultury \u201e13 Muz\u201d"},"content":{"rendered":"<div class=\"bk_onethirds bk-shortcode clearfix\"><div class=\"column one_third thirdsc\">             \n            <\/p>\n<div id=\"teammembers\">\n<div id=\"teammember-photo\"><img decoding=\"async\" src=\"https:\/\/13muz.eu\/wp-content\/uploads\/2021\/03\/waldemar_328x250.jpg\"><\/div>\n<div id=\"teammember-name\">Waldemar Kulpa<\/div>\n<div id=\"teammember-secname\">Dyrektor Domu Kultury ,,13 Muz&#8221;<\/div>\n<hr class=\"hrstyle\" style=\"width: 50%;\">\n<div class=\"teammember-icons\">\n<div class=\"teammember-bio\"><a href=\"http:\/\/13muz.eu\/waldemar-kulpa\/\" target=\"_blank\" rel=\"noopener noreferrer\"><img decoding=\"async\" src=\"http:\/\/13muz.eu\/wp-content\/uploads\/2018\/06\/tm-bio-icon.png\"><\/a><\/div>\n<div class=\"teammember-mail\"><a href=\"mailto:dyrektor@13muz.eu\"><img decoding=\"async\" src=\"http:\/\/13muz.eu\/wp-content\/uploads\/2018\/06\/tm-mail2-icon.png\"><\/a><\/div>\n<div class=\"teammember-facebook\"><img decoding=\"async\" src=\"http:\/\/13muz.eu\/wp-content\/uploads\/2018\/06\/tm-face2-icon.png\"><\/div>\n<\/div>\n<\/div>\n<p>\n        <\/div><div class=\"column one_third thirdsc\">             \n            <\/p>\n<div id=\"teammembers\">\n<div id=\"teammember-photo\"><img decoding=\"async\" src=\"http:\/\/13muz.eu\/wp-content\/uploads\/2018\/07\/MajaOlendzka-e1530778020824.jpg\"><\/div>\n<div id=\"teammember-name\">Maja Olendzka<\/div>\n<div id=\"teammember-secname\">Zast\u0119pca Dyrektora Domu Kultury \u201e13 Muz\u201d<\/div>\n<hr class=\"hrstyle\" style=\"width: 50%;\">\n<div class=\"teammember-icons\">\n<div class=\"teammember-bio\"><a href=\"http:\/\/13muz.eu\/maja-olendzka\/\" target=\"_blank\" rel=\"noopener noreferrer\"><img decoding=\"async\" src=\"http:\/\/13muz.eu\/wp-content\/uploads\/2018\/06\/tm-bio-icon.png\"><\/a><\/div>\n<div class=\"teammember-mail\"><a href=\"mailto:m.olendzka@13muz.eu\"><img decoding=\"async\" src=\"http:\/\/13muz.eu\/wp-content\/uploads\/2018\/06\/tm-mail2-icon.png\"><\/a><\/div>\n<div class=\"teammember-facebook\"><a href=\"#\"><img decoding=\"async\" src=\"http:\/\/13muz.eu\/wp-content\/uploads\/2018\/06\/tm-face2-icon.png\"><\/a><\/div>\n<\/div>\n<\/div>\n<p>\n        <\/div><div class=\"column one_third thirdsc\">             \n            <\/p>\n<div id=\"teammembers\">\n<div id=\"teammember-photo\"><img decoding=\"async\" src=\"http:\/\/13muz.eu\/wp-content\/uploads\/2018\/08\/Alicja-Kozub-2-e1533816042626.jpeg\"><\/div>\n<div id=\"teammember-name\">Alicja Kozub<\/div>\n<div id=\"teammember-secname\">G\u0142\u00f3wny ksi\u0119gowy<\/div>\n<hr class=\"hrstyle\" style=\"width: 50%;\">\n<div class=\"teammember-icons\">\n<div class=\"teammember-bio\"><a href=\"http:\/\/13muz.eu\/alicja-kozub\/\" target=\"_blank\" rel=\"noopener noreferrer\"><img decoding=\"async\" src=\"http:\/\/13muz.eu\/wp-content\/uploads\/2018\/06\/tm-bio-icon.png\"><\/a><\/div>\n<div class=\"teammember-mail\"><a href=\"mailto:a.kozub@13muz.eu\"><img decoding=\"async\" src=\"http:\/\/13muz.eu\/wp-content\/uploads\/2018\/06\/tm-mail2-icon.png\"><\/a><\/div>\n<div class=\"teammember-facebook\"><a href=\"#\"><img decoding=\"async\" src=\"http:\/\/13muz.eu\/wp-content\/uploads\/2018\/06\/tm-face2-icon.png\"><\/a><\/div>\n<\/div>\n<\/div>\n<p>\n        <\/div><\/div>\n<div class=\"bk_onethirds bk-shortcode clearfix\"><div class=\"column one_third thirdsc\">             \n            <\/p>\n<div id=\"teammembers\">\n<div id=\"teammember-photo\"><img decoding=\"async\" src=\"http:\/\/13muz.eu\/wp-content\/uploads\/2018\/08\/Aneta-Bonarska-e1533816154926.jpg\"><\/div>\n<div id=\"teammember-name\">Aneta Bonarska<\/div>\n<div id=\"teammember-secname\">Kadry, Ksi\u0119gowo\u015b\u0107<\/div>\n<hr class=\"hrstyle\" style=\"width: 50%;\">\n<div class=\"teammember-icons\">\n<div class=\"teammember-bio\"><a href=\"http:\/\/13muz.eu\/aneta-bonarska\/\" target=\"_blank\" rel=\"noopener noreferrer\"><img decoding=\"async\" src=\"http:\/\/13muz.eu\/wp-content\/uploads\/2018\/06\/tm-bio-icon.png\"><\/a><\/div>\n<div class=\"teammember-mail\"><a href=\"mailto:a.bonarska@13muz.eu\"><img decoding=\"async\" src=\"http:\/\/13muz.eu\/wp-content\/uploads\/2018\/06\/tm-mail2-icon.png\"><\/a><\/div>\n<div class=\"teammember-facebook\"><a href=\"#\"><img decoding=\"async\" src=\"http:\/\/13muz.eu\/wp-content\/uploads\/2018\/06\/tm-face2-icon.png\"><\/a><\/div>\n<\/div>\n<\/div>\n<p>\n        <\/div><div class=\"column one_third thirdsc\">             \n            <\/p>\n<div id=\"teammembers\">\n<div id=\"teammember-photo\"><img decoding=\"async\" src=\"http:\/\/13muz.eu\/wp-content\/uploads\/2018\/06\/team-member-logo.jpg\"><\/div>\n<div id=\"teammember-name\">Aneta Ma\u0142gorzata Kality\u0144ska<\/div>\n<div id=\"teammember-secname\">Administracja, inspektor danych osobowych<\/div>\n<hr class=\"hrstyle\" style=\"width: 50%;\">\n<div class=\"teammember-icons\">\n<div class=\"teammember-bio\"><a href=\"http:\/\/13muz.eu\/aneta-malgorzata-kalitynska\/\" target=\"_blank\" rel=\"noopener noreferrer\"><img decoding=\"async\" src=\"http:\/\/13muz.eu\/wp-content\/uploads\/2018\/06\/tm-bio-icon.png\"><\/a><\/div>\n<div class=\"teammember-mail\"><a href=\"mailto:a.kalitynka@13muz.eu\"><img decoding=\"async\" src=\"http:\/\/13muz.eu\/wp-content\/uploads\/2018\/06\/tm-mail2-icon.png\"><\/a><\/div>\n<div class=\"teammember-facebook\"><a href=\"#\"><img decoding=\"async\" src=\"http:\/\/13muz.eu\/wp-content\/uploads\/2018\/06\/tm-face2-icon.png\"><\/a><\/div>\n<\/div>\n<\/div>\n<p>\n        <\/div><div class=\"column one_third thirdsc\">             \n            <\/p>\n<div id=\"teammembers\">\n<div id=\"teammember-photo\"><img decoding=\"async\" src=\"https:\/\/13muz.eu\/wp-content\/uploads\/2021\/03\/janusz_328x250.jpg\"><\/div>\n<div id=\"teammember-name\">Janusz Janiszewski<\/div>\n<div id=\"teammember-secname\">organizacja wydarze\u0144<\/div>\n<hr class=\"hrstyle\" style=\"width: 50%;\">\n<div class=\"teammember-icons\">\n<div class=\"teammember-bio\"><a href=\"http:\/\/13muz.eu\/janusz-janiszewski\/\" target=\"_blank\" rel=\"noopener noreferrer\"><img decoding=\"async\" src=\"http:\/\/13muz.eu\/wp-content\/uploads\/2018\/06\/tm-bio-icon.png\"><\/a><\/div>\n<div class=\"teammember-mail\"><a href=\"mailto:j.janiszewski@13muz.eu\"><img decoding=\"async\" src=\"http:\/\/13muz.eu\/wp-content\/uploads\/2018\/06\/tm-mail2-icon.png\"><\/a><\/div>\n<div class=\"teammember-facebook\"><a href=\"#\"><img decoding=\"async\" src=\"http:\/\/13muz.eu\/wp-content\/uploads\/2018\/06\/tm-face2-icon.png\"><\/a><\/div>\n<\/div>\n<\/div>\n<p>\n        <\/div><\/div>\n<div class=\"bk_onethirds bk-shortcode clearfix\"><div class=\"column one_third thirdsc\">             \n            <\/p>\n<div id=\"teammembers\">\n<div id=\"teammember-photo\"><img decoding=\"async\" src=\"http:\/\/13muz.eu\/wp-content\/uploads\/2018\/06\/team-member-logo.jpg\"><\/div>\n<div id=\"teammember-name\">Marta Ostasz<\/div>\n<div id=\"teammember-secname\">organizacja wydarze\u0144, wynajem sal<\/div>\n<hr class=\"hrstyle\" style=\"width: 50%;\">\n<div class=\"teammember-icons\">\n<div class=\"teammember-bio\"><a href=\"http:\/\/13muz.eu\/marta-ostasz\/\" target=\"_blank\" rel=\"noopener noreferrer\"><img decoding=\"async\" src=\"http:\/\/13muz.eu\/wp-content\/uploads\/2018\/06\/tm-bio-icon.png\"><\/a><\/div>\n<div class=\"teammember-mail\"><a href=\"mailto:m.ostasz@13muz.eu\"><img decoding=\"async\" src=\"http:\/\/13muz.eu\/wp-content\/uploads\/2018\/06\/tm-mail2-icon.png\"><\/a><\/div>\n<div class=\"teammember-facebook\"><a href=\"#\"><img decoding=\"async\" src=\"http:\/\/13muz.eu\/wp-content\/uploads\/2018\/06\/tm-face2-icon.png\"><\/a><\/div>\n<\/div>\n<\/div>\n<p>\n        <\/div><div class=\"column one_third thirdsc\">             \n            <\/p>\n<div id=\"teammembers\">\n<div id=\"teammember-photo\"><img decoding=\"async\" src=\"https:\/\/13muz.eu\/wp-content\/uploads\/2021\/03\/krobak_328x250.jpg\"><\/div>\n<div id=\"teammember-name\">Kamil Robak<\/div>\n<div id=\"teammember-secname\">promocja, kontakt z mediami<\/div>\n<hr class=\"hrstyle\" style=\"width: 50%;\">\n<div class=\"teammember-icons\">\n<div class=\"teammember-bio\"><a href=\"https:\/\/13muz.eu\/kamil-robak-2\/\" target=\"_blank\" rel=\"noopener noreferrer\"><img loading=\"lazy\" decoding=\"async\" class=\"alignnone\" src=\"http:\/\/13muz.eu\/wp-content\/uploads\/2018\/06\/tm-bio-icon.png\" alt=\"\" width=\"25\" height=\"25\"><\/a><\/div>\n<div class=\"teammember-mail\"><a href=\"mailto:k.robak@13muz.eu\"><img loading=\"lazy\" decoding=\"async\" class=\"alignnone\" src=\"http:\/\/13muz.eu\/wp-content\/uploads\/2018\/06\/tm-mail2-icon.png\" alt=\"\" width=\"25\" height=\"25\"><\/a><\/div>\n<div class=\"teammember-facebook\"><a href=\"#\"><img decoding=\"async\" src=\"http:\/\/13muz.eu\/wp-content\/uploads\/2018\/06\/tm-face2-icon.png\"><\/a><\/div>\n<\/div>\n<\/div>\n<p>\n        <\/div><\/div>\n","protected":false},"excerpt":{"rendered":"","protected":false},"author":1,"featured_media":0,"parent":0,"menu_order":0,"comment_status":"closed","ping_status":"closed","template":"","meta":{"ngg_post_thumbnail":0,"_price":"","_stock":"","_tribe_ticket_header":"","_tribe_default_ticket_provider":"","_ticket_start_date":"","_ticket_end_date":"","_tribe_ticket_show_description":"","_tribe_ticket_show_not_going":false,"_tribe_ticket_use_global_stock":"","_tribe_ticket_global_stock_level":"","_global_stock_mode":"","_global_stock_cap":"","_tribe_rsvp_for_event":"","_tribe_ticket_going_count":"","_tribe_ticket_not_going_count":"","_tribe_tickets_list":"[]","_tribe_ticket_has_attendee_info_fields":false,"footnotes":"","_tec_slr_enabled":"","_tec_slr_layout":""},"class_list":["post-50","page","type-page","status-publish","hentry"],"ticketed":false,"post_mailing_queue_ids":[],"_links":{"self":[{"href":"https:\/\/13muz.eu\/en\/wp-json\/wp\/v2\/pages\/50","targetHints":{"allow":["GET"]}}],"collection":[{"href":"https:\/\/13muz.eu\/en\/wp-json\/wp\/v2\/pages"}],"about":[{"href":"https:\/\/13muz.eu\/en\/wp-json\/wp\/v2\/types\/page"}],"author":[{"embeddable":true,"href":"https:\/\/13muz.eu\/en\/wp-json\/wp\/v2\/users\/1"}],"replies":[{"embeddable":true,"href":"https:\/\/13muz.eu\/en\/wp-json\/wp\/v2\/comments?post=50"}],"version-history":[{"count":0,"href":"https:\/\/13muz.eu\/en\/wp-json\/wp\/v2\/pages\/50\/revisions"}],"wp:attachment":[{"href":"https:\/\/13muz.eu\/en\/wp-json\/wp\/v2\/media?parent=50"}],"curies":[{"name":"wp","href":"https:\/\/api.w.org\/{rel}","templated":true}]}}