{"id":48,"date":"2017-12-07T11:05:58","date_gmt":"2017-12-07T11:05:58","guid":{"rendered":"http:\/\/test.13muz.eu\/?page_id=48"},"modified":"2023-06-01T13:40:58","modified_gmt":"2023-06-01T11:40:58","slug":"nasze-miejsca","status":"publish","type":"page","link":"https:\/\/13muz.eu\/en\/nasze-miejsca\/","title":{"rendered":"Nasze miejsca"},"content":{"rendered":"<div class=\"box pure\">\n<p>Przedstawiamy Wam przestrze\u0144 do tworzenia i organizowania wydarze\u0144 artystycznych, warsztat\u00f3w, wystaw i wszelkiej naszej dzia\u0142alno\u015bci:<\/p>\n<\/div>\n<ul class=\"sitemap\">\n<li style=\"list-style-type: none;\">\n<ul>\n<li style=\"text-align: left;\"><a class=\"list-main\" href=\"https:\/\/13muz.eu\/sala-kominkowa\/\" target=\"_blank\" rel=\"noopener\">Sala Kominkowa<\/a><\/li>\n<li style=\"text-align: left;\"><a class=\"list-main\" href=\"https:\/\/13muz.eu\/sala-lustrzana\/\" target=\"_blank\" rel=\"noopener\">Sala Lustrzana<\/a><\/li>\n<li><a href=\"https:\/\/13muz.eu\/sala-edukacyjna\/\" target=\"_blank\" rel=\"noopener\"><strong>Sala Edukacyjna<\/strong><\/a><\/li>\n<li><a href=\"https:\/\/13muz.eu\/galeria-tworze-sie\/\" target=\"_blank\" rel=\"noopener\"><strong>Galeria Tworz\u0119 si\u0119!<\/strong><\/a><\/li>\n<li><a href=\"https:\/\/13muz.eu\/galeria-foyer\/\" target=\"_blank\" rel=\"noopener\"><strong>Galeria Foyer<\/strong><\/a><\/li>\n<li><a href=\"https:\/\/13muz.eu\/galeria-enter\/\" target=\"_blank\" rel=\"noopener\"><strong>Galeria Enter<\/strong><\/a><\/li>\n<li><a href=\"https:\/\/13muz.eu\/kawiarenka-kulturalna\/\" target=\"_blank\" rel=\"noopener\"><strong>Kawiarenka Kulturalna<\/strong><\/a><\/li>\n<li><a href=\"https:\/\/13muz.eu\/bookcrossing-wez-lub-przynies-ksiazke\/\" target=\"_blank\" rel=\"noopener\"><strong>Bookcrossing &#8211; we\u017a lub przynie\u015b ksi\u0105\u017ck\u0119<\/strong><\/a><\/li>\n<li><strong><a href=\"https:\/\/13muz.eu\/galeria-jedna-druga-dzialala-do-31-05-2022\/\" target=\"_blank\" rel=\"noopener\">Galeria Jedna\/Druga &#8211; dzia\u0142a\u0142a do 31.05.2022<\/a><\/strong><\/li>\n<\/ul>\n<\/li>\n<\/ul>\n","protected":false},"excerpt":{"rendered":"<p>Przedstawiamy Wam przestrze\u0144 do tworzenia i organizowania wydarze\u0144 artystycznych, warsztat\u00f3w, wystaw i wszelkiej naszej dzia\u0142alno\u015bci: Sala Kominkowa Sala Lustrzana Sala Edukacyjna Galeria Tworz\u0119 si\u0119! Galeria Foyer Galeria Enter Kawiarenka Kulturalna Bookcrossing &#8211; we\u017a lub przynie\u015b ksi\u0105\u017ck\u0119 Galeria Jedna\/Druga &#8211; dzia\u0142a\u0142a do 31.05.2022<\/p>\n","protected":false},"author":1,"featured_media":0,"parent":0,"menu_order":0,"comment_status":"closed","ping_status":"closed","template":"","meta":{"ngg_post_thumbnail":0,"_price":"","_stock":"","_tribe_ticket_header":"","_tribe_default_ticket_provider":"","_ticket_start_date":"","_ticket_end_date":"","_tribe_ticket_show_description":"","_tribe_ticket_show_not_going":false,"_tribe_ticket_use_global_stock":"","_tribe_ticket_global_stock_level":"","_global_stock_mode":"","_global_stock_cap":"","_tribe_rsvp_for_event":"","_tribe_ticket_going_count":"","_tribe_ticket_not_going_count":"","_tribe_tickets_list":"[]","_tribe_ticket_has_attendee_info_fields":false,"footnotes":"","_tec_slr_enabled":"","_tec_slr_layout":""},"class_list":["post-48","page","type-page","status-publish","hentry"],"ticketed":false,"post_mailing_queue_ids":[],"_links":{"self":[{"href":"https:\/\/13muz.eu\/en\/wp-json\/wp\/v2\/pages\/48","targetHints":{"allow":["GET"]}}],"collection":[{"href":"https:\/\/13muz.eu\/en\/wp-json\/wp\/v2\/pages"}],"about":[{"href":"https:\/\/13muz.eu\/en\/wp-json\/wp\/v2\/types\/page"}],"author":[{"embeddable":true,"href":"https:\/\/13muz.eu\/en\/wp-json\/wp\/v2\/users\/1"}],"replies":[{"embeddable":true,"href":"https:\/\/13muz.eu\/en\/wp-json\/wp\/v2\/comments?post=48"}],"version-history":[{"count":0,"href":"https:\/\/13muz.eu\/en\/wp-json\/wp\/v2\/pages\/48\/revisions"}],"wp:attachment":[{"href":"https:\/\/13muz.eu\/en\/wp-json\/wp\/v2\/media?parent=48"}],"curies":[{"name":"wp","href":"https:\/\/api.w.org\/{rel}","templated":true}]}}