{"id":47875,"date":"2022-10-17T13:02:09","date_gmt":"2022-10-17T11:02:09","guid":{"rendered":"https:\/\/13muz.eu\/?page_id=47875"},"modified":"2022-10-17T13:56:47","modified_gmt":"2022-10-17T11:56:47","slug":"lennons-birthday","status":"publish","type":"page","link":"https:\/\/13muz.eu\/en\/lennons-birthday\/","title":{"rendered":"Lennon&#8217;s Birthday"},"content":{"rendered":"<p style=\"text-align: justify;\">Nowa cykliczna propozycja muzyczna na kulturalnej mapie Szczecina.<\/p>\n<p style=\"text-align: justify;\"><img loading=\"lazy\" decoding=\"async\" class=\"size-medium wp-image-47878 alignleft\" src=\"https:\/\/13muz.eu\/wp-content\/uploads\/2022\/10\/Lennon-urodziny-CYKL-13MUZ-materialy-reklamowe-300x219.jpg\" alt=\"\" width=\"300\" height=\"219\" srcset=\"https:\/\/13muz.eu\/wp-content\/uploads\/2022\/10\/Lennon-urodziny-CYKL-13MUZ-materialy-reklamowe-300x219.jpg 300w, https:\/\/13muz.eu\/wp-content\/uploads\/2022\/10\/Lennon-urodziny-CYKL-13MUZ-materialy-reklamowe-1024x747.jpg 1024w, https:\/\/13muz.eu\/wp-content\/uploads\/2022\/10\/Lennon-urodziny-CYKL-13MUZ-materialy-reklamowe-768x560.jpg 768w, https:\/\/13muz.eu\/wp-content\/uploads\/2022\/10\/Lennon-urodziny-CYKL-13MUZ-materialy-reklamowe-1536x1120.jpg 1536w, https:\/\/13muz.eu\/wp-content\/uploads\/2022\/10\/Lennon-urodziny-CYKL-13MUZ-materialy-reklamowe-400x292.jpg 400w, https:\/\/13muz.eu\/wp-content\/uploads\/2022\/10\/Lennon-urodziny-CYKL-13MUZ-materialy-reklamowe.jpg 1920w\" sizes=\"auto, (max-width: 300px) 100vw, 300px\" \/><\/p>\n<p style=\"text-align: justify;\">Lennon&#8217;s Birthday to cykl wyj\u0105tkowych koncert\u00f3w w ramach <a href=\"https:\/\/13muz.eu\/stowarzyszenie-szok-szczecinska-offensywa-kulturalna\/\" target=\"_blank\" rel=\"noopener\">SZOK<\/a> Arts Festival, kt\u00f3re s\u0105 ho\u0142dem z\u0142o\u017conym jednej z najwybitniejszych postaci w historii muzyki, Johnowi Lennonowi. Przysz\u0142y lider The Beatles przyszed\u0142 na \u015bwiat 9 pa\u017adziernika 1940 roku w Liverpoolu. I co roku tego w\u0142a\u015bnie dnia pragniemy si\u0119 spotyka\u0107 przy muzyce, kt\u00f3r\u0105 tworzy\u0142, a tak\u017ce wsp\u00f3\u0142tworzy\u0142 jeden z cz\u0142onk\u00f3w \u201ebajecznej czw\u00f3rki\u201d, jak nazwa\u0142 grup\u0119 rzecznik prasowy zespo\u0142u, Tony Barrow.<\/p>\n","protected":false},"excerpt":{"rendered":"<p>Nowa cykliczna propozycja muzyczna na kulturalnej mapie Szczecina. Lennon&#8217;s Birthday to cykl wyj\u0105tkowych koncert\u00f3w w ramach SZOK Arts Festival, kt\u00f3re s\u0105 ho\u0142dem z\u0142o\u017conym jednej z najwybitniejszych postaci w historii muzyki, Johnowi Lennonowi. Przysz\u0142y lider The Beatles przyszed\u0142 na \u015bwiat 9 pa\u017adziernika 1940 roku w Liverpoolu. I co roku tego w\u0142a\u015bnie dnia pragniemy si\u0119 spotyka\u0107 przy muzyce, kt\u00f3r\u0105 tworzy\u0142, a tak\u017ce wsp\u00f3\u0142tworzy\u0142 jeden z cz\u0142onk\u00f3w \u201ebajecznej czw\u00f3rki\u201d, jak nazwa\u0142 grup\u0119 rzecznik prasowy zespo\u0142u, Tony Barrow.<\/p>\n","protected":false},"author":4,"featured_media":0,"parent":0,"menu_order":0,"comment_status":"closed","ping_status":"closed","template":"","meta":{"ngg_post_thumbnail":0,"_price":"","_stock":"","_tribe_ticket_header":"","_tribe_default_ticket_provider":"","_ticket_start_date":"","_ticket_end_date":"","_tribe_ticket_show_description":"","_tribe_ticket_show_not_going":false,"_tribe_ticket_use_global_stock":"","_tribe_ticket_global_stock_level":"","_global_stock_mode":"","_global_stock_cap":"","_tribe_rsvp_for_event":"","_tribe_ticket_going_count":"","_tribe_ticket_not_going_count":"","_tribe_tickets_list":"[]","_tribe_ticket_has_attendee_info_fields":false,"footnotes":"","_tec_slr_enabled":"","_tec_slr_layout":""},"class_list":["post-47875","page","type-page","status-publish","hentry"],"ticketed":false,"post_mailing_queue_ids":[],"_links":{"self":[{"href":"https:\/\/13muz.eu\/en\/wp-json\/wp\/v2\/pages\/47875","targetHints":{"allow":["GET"]}}],"collection":[{"href":"https:\/\/13muz.eu\/en\/wp-json\/wp\/v2\/pages"}],"about":[{"href":"https:\/\/13muz.eu\/en\/wp-json\/wp\/v2\/types\/page"}],"author":[{"embeddable":true,"href":"https:\/\/13muz.eu\/en\/wp-json\/wp\/v2\/users\/4"}],"replies":[{"embeddable":true,"href":"https:\/\/13muz.eu\/en\/wp-json\/wp\/v2\/comments?post=47875"}],"version-history":[{"count":0,"href":"https:\/\/13muz.eu\/en\/wp-json\/wp\/v2\/pages\/47875\/revisions"}],"wp:attachment":[{"href":"https:\/\/13muz.eu\/en\/wp-json\/wp\/v2\/media?parent=47875"}],"curies":[{"name":"wp","href":"https:\/\/api.w.org\/{rel}","templated":true}]}}