{"id":47417,"date":"2022-09-19T14:44:05","date_gmt":"2022-09-19T12:44:05","guid":{"rendered":"https:\/\/13muz.eu\/?page_id=47417"},"modified":"2022-09-19T14:54:43","modified_gmt":"2022-09-19T12:54:43","slug":"sala-edukacyjna","status":"publish","type":"page","link":"https:\/\/13muz.eu\/en\/sala-edukacyjna\/","title":{"rendered":"Sala Edukacyjna"},"content":{"rendered":"<p><img loading=\"lazy\" decoding=\"async\" class=\"size-medium wp-image-47418 alignleft\" src=\"https:\/\/13muz.eu\/wp-content\/uploads\/2022\/09\/20190119_RS_ROBS2261-200x300.jpg\" alt=\"\" width=\"200\" height=\"300\" srcset=\"https:\/\/13muz.eu\/wp-content\/uploads\/2022\/09\/20190119_RS_ROBS2261-200x300.jpg 200w, https:\/\/13muz.eu\/wp-content\/uploads\/2022\/09\/20190119_RS_ROBS2261-683x1024.jpg 683w, https:\/\/13muz.eu\/wp-content\/uploads\/2022\/09\/20190119_RS_ROBS2261-768x1152.jpg 768w, https:\/\/13muz.eu\/wp-content\/uploads\/2022\/09\/20190119_RS_ROBS2261-1024x1536.jpg 1024w, https:\/\/13muz.eu\/wp-content\/uploads\/2022\/09\/20190119_RS_ROBS2261-400x600.jpg 400w, https:\/\/13muz.eu\/wp-content\/uploads\/2022\/09\/20190119_RS_ROBS2261.jpg 1280w\" sizes=\"auto, (max-width: 200px) 100vw, 200px\" \/><\/p>\n<p style=\"text-align: justify;\">Sala Edukacyjna, mieszcz\u0105ca si\u0119 na I pi\u0119trze, przy <a href=\"https:\/\/13muz.eu\/sala-kominkowa\/\">Sali Kominkowe<\/a>j, <a href=\"https:\/\/13muz.eu\/galeria-foyer\/\">Galerii Foyer<\/a> oraz <a href=\"https:\/\/13muz.eu\/sala-lustrzana\/\">Sali Lustrzanej<\/a> Domu Kultury \u201e13 Muz\u201d pe\u0142ni funkcj\u0119 edukacyjn\u0105.<\/p>\n<p style=\"text-align: justify;\">Odbywaj\u0105 si\u0119 w niej zaj\u0119cia, warsztaty tematyczne o szerokim wachlarzu zagadnie\u0144, spotkania adresowane do najm\u0142odszych uczestnik\u00f3w muzowych wydarze\u0144.<\/p>\n<p><img loading=\"lazy\" decoding=\"async\" class=\"size-medium wp-image-47419 alignright\" src=\"https:\/\/13muz.eu\/wp-content\/uploads\/2022\/09\/20190529_RS_ROBS5817-300x200.jpg\" alt=\"\" width=\"300\" height=\"200\" srcset=\"https:\/\/13muz.eu\/wp-content\/uploads\/2022\/09\/20190529_RS_ROBS5817-300x200.jpg 300w, https:\/\/13muz.eu\/wp-content\/uploads\/2022\/09\/20190529_RS_ROBS5817-1024x683.jpg 1024w, https:\/\/13muz.eu\/wp-content\/uploads\/2022\/09\/20190529_RS_ROBS5817-768x512.jpg 768w, https:\/\/13muz.eu\/wp-content\/uploads\/2022\/09\/20190529_RS_ROBS5817-1536x1024.jpg 1536w, https:\/\/13muz.eu\/wp-content\/uploads\/2022\/09\/20190529_RS_ROBS5817-150x100.jpg 150w, https:\/\/13muz.eu\/wp-content\/uploads\/2022\/09\/20190529_RS_ROBS5817-400x267.jpg 400w, https:\/\/13muz.eu\/wp-content\/uploads\/2022\/09\/20190529_RS_ROBS5817.jpg 1920w\" sizes=\"auto, (max-width: 300px) 100vw, 300px\" \/><\/p>\n<p style=\"text-align: justify;\">Ale nie tylko.<\/p>\n<p style=\"text-align: justify;\">W okresie ferii zimowych i wakacji jest wykorzystywana, jako jedno z miejsc organizowanych w Pa\u0142acu pod G\u0142owami, a ciesz\u0105cymi si\u0119 du\u017cym zainteresowaniem, p\u00f3\u0142kolonii.<\/p>\n","protected":false},"excerpt":{"rendered":"<p>Sala Edukacyjna, mieszcz\u0105ca si\u0119 na I pi\u0119trze, przy Sali Kominkowej, Galerii Foyer oraz Sali Lustrzanej Domu Kultury \u201e13 Muz\u201d pe\u0142ni funkcj\u0119 edukacyjn\u0105. Odbywaj\u0105 si\u0119 w niej zaj\u0119cia, warsztaty tematyczne o szerokim wachlarzu zagadnie\u0144, spotkania adresowane do najm\u0142odszych uczestnik\u00f3w muzowych wydarze\u0144. Ale nie tylko. W okresie ferii zimowych i wakacji jest wykorzystywana, jako jedno z miejsc organizowanych w Pa\u0142acu pod G\u0142owami, a ciesz\u0105cymi si\u0119 du\u017cym zainteresowaniem, p\u00f3\u0142kolonii.<\/p>\n","protected":false},"author":4,"featured_media":0,"parent":0,"menu_order":0,"comment_status":"closed","ping_status":"closed","template":"","meta":{"ngg_post_thumbnail":0,"_price":"","_stock":"","_tribe_ticket_header":"","_tribe_default_ticket_provider":"","_ticket_start_date":"","_ticket_end_date":"","_tribe_ticket_show_description":"","_tribe_ticket_show_not_going":false,"_tribe_ticket_use_global_stock":"","_tribe_ticket_global_stock_level":"","_global_stock_mode":"","_global_stock_cap":"","_tribe_rsvp_for_event":"","_tribe_ticket_going_count":"","_tribe_ticket_not_going_count":"","_tribe_tickets_list":"[]","_tribe_ticket_has_attendee_info_fields":false,"footnotes":"","_tec_slr_enabled":"","_tec_slr_layout":""},"class_list":["post-47417","page","type-page","status-publish","hentry"],"ticketed":false,"post_mailing_queue_ids":[],"_links":{"self":[{"href":"https:\/\/13muz.eu\/en\/wp-json\/wp\/v2\/pages\/47417","targetHints":{"allow":["GET"]}}],"collection":[{"href":"https:\/\/13muz.eu\/en\/wp-json\/wp\/v2\/pages"}],"about":[{"href":"https:\/\/13muz.eu\/en\/wp-json\/wp\/v2\/types\/page"}],"author":[{"embeddable":true,"href":"https:\/\/13muz.eu\/en\/wp-json\/wp\/v2\/users\/4"}],"replies":[{"embeddable":true,"href":"https:\/\/13muz.eu\/en\/wp-json\/wp\/v2\/comments?post=47417"}],"version-history":[{"count":0,"href":"https:\/\/13muz.eu\/en\/wp-json\/wp\/v2\/pages\/47417\/revisions"}],"wp:attachment":[{"href":"https:\/\/13muz.eu\/en\/wp-json\/wp\/v2\/media?parent=47417"}],"curies":[{"name":"wp","href":"https:\/\/api.w.org\/{rel}","templated":true}]}}