{"id":47388,"date":"2022-09-19T11:19:59","date_gmt":"2022-09-19T09:19:59","guid":{"rendered":"https:\/\/13muz.eu\/?page_id=47388"},"modified":"2022-09-19T11:32:25","modified_gmt":"2022-09-19T09:32:25","slug":"kawiarenka-kulturalna","status":"publish","type":"page","link":"https:\/\/13muz.eu\/en\/kawiarenka-kulturalna\/","title":{"rendered":"Kawiarenka Kulturalna"},"content":{"rendered":"\n<p><\/p>\n\n\n<p style=\"text-align: justify;\"><img loading=\"lazy\" decoding=\"async\" class=\"wp-image-233 alignleft\" src=\"https:\/\/test.13muz.eu\/wp-content\/uploads\/2017\/12\/kawiarenka-300x143.jpg\" sizes=\"auto, (max-width: 368px) 100vw, 368px\" srcset=\"https:\/\/13muz.eu\/wp-content\/uploads\/2017\/12\/kawiarenka-300x143.jpg 300w, https:\/\/13muz.eu\/wp-content\/uploads\/2017\/12\/kawiarenka-400x190.jpg 400w, https:\/\/13muz.eu\/wp-content\/uploads\/2017\/12\/kawiarenka.jpg 670w\" alt=\"\" width=\"368\" height=\"176\">Nasza kawiarenka znajduje si\u0119 na I pi\u0119trze Pa\u0142acu pod G\u0142owami i dzia\u0142a w trakcie wydarze\u0144, kt\u00f3re odbywaj\u0105 si\u0119 w Domu Kultury \u201e13 Muz\u201d.<\/p>\n<p>W okresie jesienno-zimowym zapraszamy na gor\u0105c\u0105 kaw\u0119 i herbat\u0119, a wiosn\u0105 i latem na ch\u0142odz\u0105ce soki.&nbsp;<\/p>\n<p>Ale nie tylko.<\/p>\n<p><img loading=\"lazy\" decoding=\"async\" class=\"size-medium wp-image-47389 alignright\" src=\"https:\/\/13muz.eu\/wp-content\/uploads\/2022\/09\/1-300x200.jpg\" alt=\"\" width=\"300\" height=\"200\" srcset=\"https:\/\/13muz.eu\/wp-content\/uploads\/2022\/09\/1-300x200.jpg 300w, https:\/\/13muz.eu\/wp-content\/uploads\/2022\/09\/1-1024x683.jpg 1024w, https:\/\/13muz.eu\/wp-content\/uploads\/2022\/09\/1-768x512.jpg 768w, https:\/\/13muz.eu\/wp-content\/uploads\/2022\/09\/1-1536x1024.jpg 1536w, https:\/\/13muz.eu\/wp-content\/uploads\/2022\/09\/1-150x100.jpg 150w, https:\/\/13muz.eu\/wp-content\/uploads\/2022\/09\/1-400x267.jpg 400w, https:\/\/13muz.eu\/wp-content\/uploads\/2022\/09\/1.jpg 1920w\" sizes=\"auto, (max-width: 300px) 100vw, 300px\" \/><\/p>\n<p style=\"text-align: justify;\">Proponujemy te\u017c drobne przek\u0105ski i mi\u0142\u0105, artystyczn\u0105 atmosfer\u0119 w oczekiwaniu na koncert, spektakl, warsztaty czy spotkanie &#8211; kawiarenka jest usytuowana w <a href=\"https:\/\/13muz.eu\/galeria-foyer\/\"><strong>Galerii Foyer<\/strong><\/a>, w kt\u00f3rej co miesi\u0105c prezentowana jest nowa wystawa prac uczni\u00f3w Pa\u0144stwowego Liceum Sztuk Plastycznych w Szczecinie &#8211; informacje o aktualnych wystawach s\u0105 umieszczone zawsze na stronie <strong><a href=\"https:\/\/13muz.eu\/\">g\u0142\u00f3wnej<\/a><\/strong>.<\/p>\n<div class=\"mceTemp\">&nbsp;<\/div>\n<p>&nbsp;<\/p>","protected":false},"excerpt":{"rendered":"<p>Nasza kawiarenka znajduje si\u0119 na I pi\u0119trze Pa\u0142acu pod G\u0142owami i dzia\u0142a w trakcie wydarze\u0144, kt\u00f3re odbywaj\u0105 si\u0119 w Domu Kultury \u201e13 Muz\u201d. W okresie jesienno-zimowym zapraszamy na gor\u0105c\u0105 kaw\u0119 i herbat\u0119, a wiosn\u0105 i latem na ch\u0142odz\u0105ce soki.&nbsp; Ale nie tylko. Proponujemy te\u017c drobne przek\u0105ski i mi\u0142\u0105, artystyczn\u0105 atmosfer\u0119 w oczekiwaniu na koncert, spektakl, warsztaty czy spotkanie &#8211; kawiarenka jest usytuowana w Galerii Foyer, w kt\u00f3rej co miesi\u0105c prezentowana jest nowa wystawa prac uczni\u00f3w Pa\u0144stwowego Liceum Sztuk Plastycznych w Szczecinie &#8211; informacje o aktualnych wystawach s\u0105 umieszczone zawsze na stronie g\u0142\u00f3wnej. &nbsp; &nbsp;<\/p>\n","protected":false},"author":4,"featured_media":0,"parent":0,"menu_order":0,"comment_status":"closed","ping_status":"closed","template":"","meta":{"ngg_post_thumbnail":0,"_price":"","_stock":"","_tribe_ticket_header":"","_tribe_default_ticket_provider":"","_ticket_start_date":"","_ticket_end_date":"","_tribe_ticket_show_description":"","_tribe_ticket_show_not_going":false,"_tribe_ticket_use_global_stock":"","_tribe_ticket_global_stock_level":"","_global_stock_mode":"","_global_stock_cap":"","_tribe_rsvp_for_event":"","_tribe_ticket_going_count":"","_tribe_ticket_not_going_count":"","_tribe_tickets_list":"[]","_tribe_ticket_has_attendee_info_fields":false,"footnotes":"","_tec_slr_enabled":"","_tec_slr_layout":""},"class_list":["post-47388","page","type-page","status-publish","hentry"],"ticketed":false,"post_mailing_queue_ids":[],"_links":{"self":[{"href":"https:\/\/13muz.eu\/en\/wp-json\/wp\/v2\/pages\/47388","targetHints":{"allow":["GET"]}}],"collection":[{"href":"https:\/\/13muz.eu\/en\/wp-json\/wp\/v2\/pages"}],"about":[{"href":"https:\/\/13muz.eu\/en\/wp-json\/wp\/v2\/types\/page"}],"author":[{"embeddable":true,"href":"https:\/\/13muz.eu\/en\/wp-json\/wp\/v2\/users\/4"}],"replies":[{"embeddable":true,"href":"https:\/\/13muz.eu\/en\/wp-json\/wp\/v2\/comments?post=47388"}],"version-history":[{"count":0,"href":"https:\/\/13muz.eu\/en\/wp-json\/wp\/v2\/pages\/47388\/revisions"}],"wp:attachment":[{"href":"https:\/\/13muz.eu\/en\/wp-json\/wp\/v2\/media?parent=47388"}],"curies":[{"name":"wp","href":"https:\/\/api.w.org\/{rel}","templated":true}]}}