{"id":47383,"date":"2022-09-19T10:39:37","date_gmt":"2022-09-19T08:39:37","guid":{"rendered":"https:\/\/13muz.eu\/?page_id=47383"},"modified":"2022-09-19T10:41:17","modified_gmt":"2022-09-19T08:41:17","slug":"sala-lustrzana","status":"publish","type":"page","link":"https:\/\/13muz.eu\/en\/sala-lustrzana\/","title":{"rendered":"Sala Lustrzana"},"content":{"rendered":"<p style=\"text-align: justify;\">Przepi\u0119knej nowa sala doskona\u0142a na zaj\u0119cia taneczne, choreograficzne czy teatralne. Sala ta mie\u015bci si\u0119 w budynku Domu Kultury \u201e13 Muz\u201d, w centrum miasta (pl. \u017bo\u0142nierza Polskiego 2), co czyni j\u0105 wyj\u0105tkowo atrakcyjnym logistycznie miejscem. Odbywaj\u0105 si\u0119 w niej przer\u00f3\u017cne warsztaty, spektakle, zaj\u0119cia edukacyjne przygotowane przez animator\u00f3w zwi\u0105zanych z Domem Kultury \u201e13 Muz\u201d, jak i rezydent\u00f3w wsp\u00f3\u0142pracuj\u0105cych z nami.<\/p>\n<p style=\"text-align: justify;\">\n<a class=\"shutterset\" href=\"http:\/\/test.13muz.eu\/wp-content\/uploads\/2017\/12\/salalustrzana1.jpg\"><img loading=\"lazy\" decoding=\"async\" class=\"alignnone wp-image-237\" src=\"https:\/\/test.13muz.eu\/wp-content\/uploads\/2017\/12\/salalustrzana1.jpg\" sizes=\"auto, (max-width: 350px) 100vw, 350px\" srcset=\"https:\/\/13muz.eu\/wp-content\/uploads\/2017\/12\/salalustrzana1.jpg 500w, https:\/\/13muz.eu\/wp-content\/uploads\/2017\/12\/salalustrzana1-300x169.jpg 300w, https:\/\/13muz.eu\/wp-content\/uploads\/2017\/12\/salalustrzana1-400x225.jpg 400w\" alt=\"\" width=\"350\" height=\"196\">&nbsp; &nbsp;&nbsp;<\/a><a class=\"shutterset\" href=\"http:\/\/test.13muz.eu\/wp-content\/uploads\/2017\/12\/salalustrzana2.jpg\"><img loading=\"lazy\" decoding=\"async\" class=\"alignnone wp-image-238\" src=\"https:\/\/test.13muz.eu\/wp-content\/uploads\/2017\/12\/salalustrzana2.jpg\" sizes=\"auto, (max-width: 351px) 100vw, 351px\" srcset=\"https:\/\/13muz.eu\/wp-content\/uploads\/2017\/12\/salalustrzana2.jpg 500w, https:\/\/13muz.eu\/wp-content\/uploads\/2017\/12\/salalustrzana2-300x169.jpg 300w, https:\/\/13muz.eu\/wp-content\/uploads\/2017\/12\/salalustrzana2-400x225.jpg 400w\" alt=\"\" width=\"351\" height=\"197\">&nbsp;&nbsp;&nbsp;&nbsp;<\/a><a class=\"shutterset\" href=\"http:\/\/test.13muz.eu\/wp-content\/uploads\/2017\/12\/salalustrzana3.jpg\"><img loading=\"lazy\" decoding=\"async\" class=\"alignnone wp-image-229\" src=\"https:\/\/test.13muz.eu\/wp-content\/uploads\/2017\/12\/salalustrzana3.jpg\" sizes=\"auto, (max-width: 351px) 100vw, 351px\" srcset=\"https:\/\/13muz.eu\/wp-content\/uploads\/2017\/12\/salalustrzana3.jpg 500w, https:\/\/13muz.eu\/wp-content\/uploads\/2017\/12\/salalustrzana3-300x169.jpg 300w, https:\/\/13muz.eu\/wp-content\/uploads\/2017\/12\/salalustrzana3-400x225.jpg 400w\" alt=\"\" width=\"351\" height=\"197\"><\/a><\/p>\n","protected":false},"excerpt":{"rendered":"<p>Przepi\u0119knej nowa sala doskona\u0142a na zaj\u0119cia taneczne, choreograficzne czy teatralne. Sala ta mie\u015bci si\u0119 w budynku Domu Kultury \u201e13 Muz\u201d, w centrum miasta (pl. \u017bo\u0142nierza Polskiego 2), co czyni j\u0105 wyj\u0105tkowo atrakcyjnym logistycznie miejscem. Odbywaj\u0105 si\u0119 w niej przer\u00f3\u017cne warsztaty, spektakle, zaj\u0119cia edukacyjne przygotowane przez animator\u00f3w zwi\u0105zanych z Domem Kultury \u201e13 Muz\u201d, jak i rezydent\u00f3w wsp\u00f3\u0142pracuj\u0105cych z nami. &nbsp; &nbsp;&nbsp;&nbsp;&nbsp;&nbsp;&nbsp;<\/p>\n","protected":false},"author":4,"featured_media":0,"parent":0,"menu_order":0,"comment_status":"closed","ping_status":"closed","template":"","meta":{"ngg_post_thumbnail":0,"_price":"","_stock":"","_tribe_ticket_header":"","_tribe_default_ticket_provider":"","_ticket_start_date":"","_ticket_end_date":"","_tribe_ticket_show_description":"","_tribe_ticket_show_not_going":false,"_tribe_ticket_use_global_stock":"","_tribe_ticket_global_stock_level":"","_global_stock_mode":"","_global_stock_cap":"","_tribe_rsvp_for_event":"","_tribe_ticket_going_count":"","_tribe_ticket_not_going_count":"","_tribe_tickets_list":"[]","_tribe_ticket_has_attendee_info_fields":false,"footnotes":"","_tec_slr_enabled":"","_tec_slr_layout":""},"class_list":["post-47383","page","type-page","status-publish","hentry"],"ticketed":false,"post_mailing_queue_ids":[],"_links":{"self":[{"href":"https:\/\/13muz.eu\/en\/wp-json\/wp\/v2\/pages\/47383","targetHints":{"allow":["GET"]}}],"collection":[{"href":"https:\/\/13muz.eu\/en\/wp-json\/wp\/v2\/pages"}],"about":[{"href":"https:\/\/13muz.eu\/en\/wp-json\/wp\/v2\/types\/page"}],"author":[{"embeddable":true,"href":"https:\/\/13muz.eu\/en\/wp-json\/wp\/v2\/users\/4"}],"replies":[{"embeddable":true,"href":"https:\/\/13muz.eu\/en\/wp-json\/wp\/v2\/comments?post=47383"}],"version-history":[{"count":0,"href":"https:\/\/13muz.eu\/en\/wp-json\/wp\/v2\/pages\/47383\/revisions"}],"wp:attachment":[{"href":"https:\/\/13muz.eu\/en\/wp-json\/wp\/v2\/media?parent=47383"}],"curies":[{"name":"wp","href":"https:\/\/api.w.org\/{rel}","templated":true}]}}