{"id":47378,"date":"2022-09-19T10:36:18","date_gmt":"2022-09-19T08:36:18","guid":{"rendered":"https:\/\/13muz.eu\/?page_id=47378"},"modified":"2022-09-19T10:37:44","modified_gmt":"2022-09-19T08:37:44","slug":"sala-kominkowa","status":"publish","type":"page","link":"https:\/\/13muz.eu\/en\/sala-kominkowa\/","title":{"rendered":"Sala Kominkowa"},"content":{"rendered":"\n<p><\/p>\n\n\n<p style=\"text-align: justify;\">To miejsce inspiruj\u0105ce wyj\u0105tkow\u0105 energi\u0105, kt\u00f3ra sprzyja realizacji niezwyk\u0142ych projekt\u00f3w w niezwyk\u0142ym miejscu. Barokowa ornamentyka, kryszta\u0142owe lustro i kominek, przyci\u0105ga nie tylko uczestnik\u00f3w, ale i r\u00f3wnie\u017c wykonawc\u00f3w. Charakter sali obliguje nie tylko do pe\u0142nego inwencji odkrywania wyzwa\u0144 artystycznych, ale tak\u017ce wszelkich dzia\u0142a\u0144 dotycz\u0105cych przestrzeni kultury: koncert\u00f3w, spektakli, wernisa\u017cy, festiwali multimedialnych, sceny ta\u0144ca, warsztat\u00f3w dla m\u0142odzie\u017cy, dzia\u0142a\u0144 atytystycznych senior\u00f3w i kame- ralnych spotka\u0144 z tw\u00f3rcami.<\/p>\n<p><img loading=\"lazy\" decoding=\"async\" class=\"\" src=\"https:\/\/13muz.eu\/wp-content\/uploads\/2017\/12\/salakominkowa1.jpg\" alt=\"\" width=\"350\" height=\"350\">&nbsp; &nbsp; &nbsp;<img loading=\"lazy\" decoding=\"async\" class=\"\" src=\"https:\/\/13muz.eu\/wp-content\/uploads\/2017\/12\/salakominkowa2.jpg\" alt=\"\" width=\"350\" height=\"350\">&nbsp; &nbsp; &nbsp;<img loading=\"lazy\" decoding=\"async\" class=\"\" src=\"https:\/\/13muz.eu\/wp-content\/uploads\/2017\/12\/salakominkowa3.jpg\" alt=\"\" width=\"350\" height=\"350\"><\/p>","protected":false},"excerpt":{"rendered":"<p>To miejsce inspiruj\u0105ce wyj\u0105tkow\u0105 energi\u0105, kt\u00f3ra sprzyja realizacji niezwyk\u0142ych projekt\u00f3w w niezwyk\u0142ym miejscu. Barokowa ornamentyka, kryszta\u0142owe lustro i kominek, przyci\u0105ga nie tylko uczestnik\u00f3w, ale i r\u00f3wnie\u017c wykonawc\u00f3w. Charakter sali obliguje nie tylko do pe\u0142nego inwencji odkrywania wyzwa\u0144 artystycznych, ale tak\u017ce wszelkich dzia\u0142a\u0144 dotycz\u0105cych przestrzeni kultury: koncert\u00f3w, spektakli, wernisa\u017cy, festiwali multimedialnych, sceny ta\u0144ca, warsztat\u00f3w dla m\u0142odzie\u017cy, dzia\u0142a\u0144 atytystycznych senior\u00f3w i kame- ralnych spotka\u0144 z tw\u00f3rcami. &nbsp; &nbsp; &nbsp;&nbsp; &nbsp; &nbsp;<\/p>\n","protected":false},"author":4,"featured_media":0,"parent":0,"menu_order":0,"comment_status":"closed","ping_status":"closed","template":"","meta":{"ngg_post_thumbnail":0,"_price":"","_stock":"","_tribe_ticket_header":"","_tribe_default_ticket_provider":"","_ticket_start_date":"","_ticket_end_date":"","_tribe_ticket_show_description":"","_tribe_ticket_show_not_going":false,"_tribe_ticket_use_global_stock":"","_tribe_ticket_global_stock_level":"","_global_stock_mode":"","_global_stock_cap":"","_tribe_rsvp_for_event":"","_tribe_ticket_going_count":"","_tribe_ticket_not_going_count":"","_tribe_tickets_list":"[]","_tribe_ticket_has_attendee_info_fields":false,"footnotes":"","_tec_slr_enabled":"","_tec_slr_layout":""},"class_list":["post-47378","page","type-page","status-publish","hentry"],"ticketed":false,"post_mailing_queue_ids":[],"_links":{"self":[{"href":"https:\/\/13muz.eu\/en\/wp-json\/wp\/v2\/pages\/47378","targetHints":{"allow":["GET"]}}],"collection":[{"href":"https:\/\/13muz.eu\/en\/wp-json\/wp\/v2\/pages"}],"about":[{"href":"https:\/\/13muz.eu\/en\/wp-json\/wp\/v2\/types\/page"}],"author":[{"embeddable":true,"href":"https:\/\/13muz.eu\/en\/wp-json\/wp\/v2\/users\/4"}],"replies":[{"embeddable":true,"href":"https:\/\/13muz.eu\/en\/wp-json\/wp\/v2\/comments?post=47378"}],"version-history":[{"count":0,"href":"https:\/\/13muz.eu\/en\/wp-json\/wp\/v2\/pages\/47378\/revisions"}],"wp:attachment":[{"href":"https:\/\/13muz.eu\/en\/wp-json\/wp\/v2\/media?parent=47378"}],"curies":[{"name":"wp","href":"https:\/\/api.w.org\/{rel}","templated":true}]}}