{"id":47373,"date":"2022-09-16T15:51:08","date_gmt":"2022-09-16T13:51:08","guid":{"rendered":"https:\/\/13muz.eu\/?page_id=47373"},"modified":"2025-08-21T11:39:13","modified_gmt":"2025-08-21T09:39:13","slug":"bookcrossing-wez-lub-przynies-ksiazke","status":"publish","type":"page","link":"https:\/\/13muz.eu\/en\/bookcrossing-wez-lub-przynies-ksiazke\/","title":{"rendered":"Bookcrossing &#8211; we\u017a lub przynie\u015b ksi\u0105\u017ck\u0119"},"content":{"rendered":"<p><img loading=\"lazy\" decoding=\"async\" class=\"size-medium wp-image-68465 alignleft\" src=\"https:\/\/13muz.eu\/wp-content\/uploads\/2025\/08\/IMG_3306-300x300.jpg\" alt=\"\" width=\"300\" height=\"300\" srcset=\"https:\/\/13muz.eu\/wp-content\/uploads\/2025\/08\/IMG_3306-300x300.jpg 300w, https:\/\/13muz.eu\/wp-content\/uploads\/2025\/08\/IMG_3306-1024x1024.jpg 1024w, https:\/\/13muz.eu\/wp-content\/uploads\/2025\/08\/IMG_3306-150x150.jpg 150w, https:\/\/13muz.eu\/wp-content\/uploads\/2025\/08\/IMG_3306-768x768.jpg 768w, https:\/\/13muz.eu\/wp-content\/uploads\/2025\/08\/IMG_3306-1536x1536.jpg 1536w, https:\/\/13muz.eu\/wp-content\/uploads\/2025\/08\/IMG_3306-130x130.jpg 130w, https:\/\/13muz.eu\/wp-content\/uploads\/2025\/08\/IMG_3306-400x400.jpg 400w, https:\/\/13muz.eu\/wp-content\/uploads\/2025\/08\/IMG_3306.jpg 1920w\" sizes=\"auto, (max-width: 300px) 100vw, 300px\" \/><\/p>\n<p style=\"text-align: justify;\">Na pierwszym pi\u0119trze w Domu Kultury \u201e13 Muz\u201d &#8211; Galeria Foyer &#8211; dzia\u0142a bookcrossing<strong>*<\/strong>, czyli miejsce, z kt\u00f3rego mo\u017cna wzi\u0105\u0107, lub do kt\u00f3rego mo\u017cna przynie\u015b\u0107 ksi\u0105\u017ck\u0119, jak r\u00f3wnie\u017c film i p\u0142yt\u0119. Wszystko odbywa si\u0119 bezp\u0142atnie.<\/p>\n<p style=\"text-align: justify;\">Bookcrossing jest dost\u0119pny od poniedzia\u0142ku do pi\u0105tku w godz. 8:00-18:00 oraz w trakcie trwania wydarze\u0144.<\/p>\n<p style=\"text-align: justify;\"><strong>*<\/strong>Bookcrossing<br \/>\nIdea nieodp\u0142atnego przekazywania ksi\u0105\u017cek poprzez pozostawianie ich w miejscach publicznych, jak r\u00f3wnie\u017c w miejscach celowo utworzonych tzw. p\u00f3\u0142kach bookcrossingowych (stoliki, rega\u0142y, gabloty), po to, by znalazca m\u00f3g\u0142 je przeczyta\u0107 i przekaza\u0107 dalej.<\/p>\n<p style=\"text-align: justify;\">Bookcrossing to niekonwencjonalna forma popularyzowania ksi\u0105\u017cki i czytelnictwa, ruchoma, wirtualna biblioteka &#8211; bez w\u0142asnej siedziby, rega\u0142\u00f3w, kart bibliotecznych.&nbsp;<\/p>\n<p style=\"text-align: justify;\">Idea kr\u0105\u017c\u0105cej ksi\u0105\u017cki narodzi\u0142a si\u0119 w Stanach Zjednoczonych w 2001 roku, jej inicjatorem by\u0142 programista komputerowy, Ron Hornbaker. Sw\u00f3j pomys\u0142 nazwa\u0142 bookcrossingiem (po polsku wymiana ksi\u0105\u017cek, ksi\u0105\u017cko-kr\u0105\u017cenie, ksi\u0105\u017cka w podr\u00f3\u017cy). \/ \u0179r\u00f3d\u0142o: <a href=\"https:\/\/pl.wikipedia.org\/wiki\/Bookcrossing\" target=\"_blank\" rel=\"noopener\">https:\/\/pl.wikipedia.org\/wiki\/Bookcrossing<\/a>)<\/p>\n","protected":false},"excerpt":{"rendered":"<p>Na pierwszym pi\u0119trze w Domu Kultury \u201e13 Muz\u201d &#8211; Galeria Foyer &#8211; dzia\u0142a bookcrossing*, czyli miejsce, z kt\u00f3rego mo\u017cna wzi\u0105\u0107, lub do kt\u00f3rego mo\u017cna przynie\u015b\u0107 ksi\u0105\u017ck\u0119, jak r\u00f3wnie\u017c film i p\u0142yt\u0119. Wszystko odbywa si\u0119 bezp\u0142atnie. Bookcrossing jest dost\u0119pny od poniedzia\u0142ku do pi\u0105tku w godz. 8:00-18:00 oraz w trakcie trwania wydarze\u0144. *Bookcrossing Idea nieodp\u0142atnego przekazywania ksi\u0105\u017cek poprzez pozostawianie ich w miejscach publicznych, jak r\u00f3wnie\u017c w miejscach celowo utworzonych tzw. p\u00f3\u0142kach bookcrossingowych (stoliki, rega\u0142y, gabloty), po to, by znalazca m\u00f3g\u0142 je przeczyta\u0107 i przekaza\u0107 dalej. Bookcrossing to niekonwencjonalna forma popularyzowania ksi\u0105\u017cki i czytelnictwa, ruchoma, wirtualna biblioteka &#8211; bez w\u0142asnej siedziby, rega\u0142\u00f3w, kart [&hellip;]<\/p>\n","protected":false},"author":4,"featured_media":68465,"parent":0,"menu_order":0,"comment_status":"closed","ping_status":"closed","template":"","meta":{"ngg_post_thumbnail":0,"_price":"","_stock":"","_tribe_ticket_header":"","_tribe_default_ticket_provider":"","_ticket_start_date":"","_ticket_end_date":"","_tribe_ticket_show_description":"","_tribe_ticket_show_not_going":false,"_tribe_ticket_use_global_stock":"","_tribe_ticket_global_stock_level":"","_global_stock_mode":"","_global_stock_cap":"","_tribe_rsvp_for_event":"","_tribe_ticket_going_count":"","_tribe_ticket_not_going_count":"","_tribe_tickets_list":"[]","_tribe_ticket_has_attendee_info_fields":false,"footnotes":"","_tec_slr_enabled":"","_tec_slr_layout":""},"class_list":["post-47373","page","type-page","status-publish","has-post-thumbnail","hentry"],"ticketed":false,"post_mailing_queue_ids":[],"_links":{"self":[{"href":"https:\/\/13muz.eu\/en\/wp-json\/wp\/v2\/pages\/47373","targetHints":{"allow":["GET"]}}],"collection":[{"href":"https:\/\/13muz.eu\/en\/wp-json\/wp\/v2\/pages"}],"about":[{"href":"https:\/\/13muz.eu\/en\/wp-json\/wp\/v2\/types\/page"}],"author":[{"embeddable":true,"href":"https:\/\/13muz.eu\/en\/wp-json\/wp\/v2\/users\/4"}],"replies":[{"embeddable":true,"href":"https:\/\/13muz.eu\/en\/wp-json\/wp\/v2\/comments?post=47373"}],"version-history":[{"count":0,"href":"https:\/\/13muz.eu\/en\/wp-json\/wp\/v2\/pages\/47373\/revisions"}],"wp:featuredmedia":[{"embeddable":true,"href":"https:\/\/13muz.eu\/en\/wp-json\/wp\/v2\/media\/68465"}],"wp:attachment":[{"href":"https:\/\/13muz.eu\/en\/wp-json\/wp\/v2\/media?parent=47373"}],"curies":[{"name":"wp","href":"https:\/\/api.w.org\/{rel}","templated":true}]}}