{"id":46935,"date":"2022-09-05T12:39:30","date_gmt":"2022-09-05T10:39:30","guid":{"rendered":"https:\/\/13muz.eu\/?page_id=46935"},"modified":"2022-09-05T12:39:48","modified_gmt":"2022-09-05T10:39:48","slug":"fundacja-na-rzecz-instrumentow-detych","status":"publish","type":"page","link":"https:\/\/13muz.eu\/en\/fundacja-na-rzecz-instrumentow-detych\/","title":{"rendered":"Fundacja na Rzecz Instrument\u00f3w D\u0119tych"},"content":{"rendered":"<p><img loading=\"lazy\" decoding=\"async\" class=\"size-medium wp-image-46937 alignleft\" src=\"https:\/\/13muz.eu\/wp-content\/uploads\/2022\/09\/20200904_RS_ROBS0198-300x200.jpg\" alt=\"\" width=\"300\" height=\"200\" srcset=\"https:\/\/13muz.eu\/wp-content\/uploads\/2022\/09\/20200904_RS_ROBS0198-300x200.jpg 300w, https:\/\/13muz.eu\/wp-content\/uploads\/2022\/09\/20200904_RS_ROBS0198-1024x683.jpg 1024w, https:\/\/13muz.eu\/wp-content\/uploads\/2022\/09\/20200904_RS_ROBS0198-768x512.jpg 768w, https:\/\/13muz.eu\/wp-content\/uploads\/2022\/09\/20200904_RS_ROBS0198-1536x1024.jpg 1536w, https:\/\/13muz.eu\/wp-content\/uploads\/2022\/09\/20200904_RS_ROBS0198-150x100.jpg 150w, https:\/\/13muz.eu\/wp-content\/uploads\/2022\/09\/20200904_RS_ROBS0198-400x267.jpg 400w, https:\/\/13muz.eu\/wp-content\/uploads\/2022\/09\/20200904_RS_ROBS0198.jpg 1920w\" sizes=\"auto, (max-width: 300px) 100vw, 300px\" \/><\/p>\n<p style=\"text-align: justify;\">We wsp\u00f3\u0142pracy z Fundacj\u0105 na Rzecz Instrument\u00f3w D\u0119tych co roku w Sali Kominkowej Pa\u0142acu pod G\u0142owami odbywaj\u0105 si\u0119 koncerty w ramach Mi\u0119dzynarodowego Festiwalu Saksofonowego.<\/p>\n<p style=\"text-align: justify;\">Cele Fundacji: upowszechnianie muzyki klasycznej na instrumenty d\u0119te; inicjowanie, wspieranie i promowanie przedsi\u0119wzi\u0119\u0107 muzycznych w kraju i za granic\u0105, w kt\u00f3rych szczeg\u00f3ln\u0105 rol\u0119 pe\u0142ni\u0105 instrumenty d\u0119te; promowanie m\u0142odych, utalentowanych muzyk\u00f3w oraz zespo\u0142\u00f3w d\u0119tych w kraju i za granic\u0105; pomoc w wyposa\u017ceniu zespo\u0142\u00f3w i solist\u00f3w w instrumenty i akcesoria muzyczne; pomoc w kszta\u0142ceniu i doskonaleniu warsztatu tw\u00f3rczego utalentowanych muzyk\u00f3w.<\/p>\n<p>Fot. Robert Stachnik &#8211; Dariusz Sam\u00f3l, koncert kameralny w ramach XII Mi\u0119dzynarodowego Festiwalu Saksofonowego w dniu 4 wrze\u015bnia 2020 r.<\/p>\n","protected":false},"excerpt":{"rendered":"<p>We wsp\u00f3\u0142pracy z Fundacj\u0105 na Rzecz Instrument\u00f3w D\u0119tych co roku w Sali Kominkowej Pa\u0142acu pod G\u0142owami odbywaj\u0105 si\u0119 koncerty w ramach Mi\u0119dzynarodowego Festiwalu Saksofonowego. Cele Fundacji: upowszechnianie muzyki klasycznej na instrumenty d\u0119te; inicjowanie, wspieranie i promowanie przedsi\u0119wzi\u0119\u0107 muzycznych w kraju i za granic\u0105, w kt\u00f3rych szczeg\u00f3ln\u0105 rol\u0119 pe\u0142ni\u0105 instrumenty d\u0119te; promowanie m\u0142odych, utalentowanych muzyk\u00f3w oraz zespo\u0142\u00f3w d\u0119tych w kraju i za granic\u0105; pomoc w wyposa\u017ceniu zespo\u0142\u00f3w i solist\u00f3w w instrumenty i akcesoria muzyczne; pomoc w kszta\u0142ceniu i doskonaleniu warsztatu tw\u00f3rczego utalentowanych muzyk\u00f3w. Fot. Robert Stachnik &#8211; Dariusz Sam\u00f3l, koncert kameralny w ramach XII Mi\u0119dzynarodowego Festiwalu Saksofonowego w dniu 4 wrze\u015bnia [&hellip;]<\/p>\n","protected":false},"author":4,"featured_media":0,"parent":0,"menu_order":0,"comment_status":"closed","ping_status":"closed","template":"","meta":{"ngg_post_thumbnail":0,"_price":"","_stock":"","_tribe_ticket_header":"","_tribe_default_ticket_provider":"","_ticket_start_date":"","_ticket_end_date":"","_tribe_ticket_show_description":"","_tribe_ticket_show_not_going":false,"_tribe_ticket_use_global_stock":"","_tribe_ticket_global_stock_level":"","_global_stock_mode":"","_global_stock_cap":"","_tribe_rsvp_for_event":"","_tribe_ticket_going_count":"","_tribe_ticket_not_going_count":"","_tribe_tickets_list":"[]","_tribe_ticket_has_attendee_info_fields":false,"footnotes":"","_tec_slr_enabled":"","_tec_slr_layout":""},"class_list":["post-46935","page","type-page","status-publish","hentry"],"ticketed":false,"post_mailing_queue_ids":[],"_links":{"self":[{"href":"https:\/\/13muz.eu\/en\/wp-json\/wp\/v2\/pages\/46935","targetHints":{"allow":["GET"]}}],"collection":[{"href":"https:\/\/13muz.eu\/en\/wp-json\/wp\/v2\/pages"}],"about":[{"href":"https:\/\/13muz.eu\/en\/wp-json\/wp\/v2\/types\/page"}],"author":[{"embeddable":true,"href":"https:\/\/13muz.eu\/en\/wp-json\/wp\/v2\/users\/4"}],"replies":[{"embeddable":true,"href":"https:\/\/13muz.eu\/en\/wp-json\/wp\/v2\/comments?post=46935"}],"version-history":[{"count":0,"href":"https:\/\/13muz.eu\/en\/wp-json\/wp\/v2\/pages\/46935\/revisions"}],"wp:attachment":[{"href":"https:\/\/13muz.eu\/en\/wp-json\/wp\/v2\/media?parent=46935"}],"curies":[{"name":"wp","href":"https:\/\/api.w.org\/{rel}","templated":true}]}}