{"id":46910,"date":"2022-08-31T10:44:11","date_gmt":"2022-08-31T08:44:11","guid":{"rendered":"https:\/\/13muz.eu\/?page_id=46910"},"modified":"2022-08-31T12:03:36","modified_gmt":"2022-08-31T10:03:36","slug":"glowa-mala","status":"publish","type":"page","link":"https:\/\/13muz.eu\/en\/glowa-mala\/","title":{"rendered":"G\u0142owa ma\u0142a"},"content":{"rendered":"<p style=\"text-align: justify;\"><img loading=\"lazy\" decoding=\"async\" class=\"size-medium wp-image-44132 alignleft\" src=\"https:\/\/13muz.eu\/wp-content\/uploads\/2022\/03\/24.04.2022-Tempo-1920-fot.-Piotr-Nykowski-300x219.jpg\" alt=\"\" width=\"300\" height=\"219\" srcset=\"https:\/\/13muz.eu\/wp-content\/uploads\/2022\/03\/24.04.2022-Tempo-1920-fot.-Piotr-Nykowski-300x219.jpg 300w, https:\/\/13muz.eu\/wp-content\/uploads\/2022\/03\/24.04.2022-Tempo-1920-fot.-Piotr-Nykowski-1024x747.jpg 1024w, https:\/\/13muz.eu\/wp-content\/uploads\/2022\/03\/24.04.2022-Tempo-1920-fot.-Piotr-Nykowski-768x560.jpg 768w, https:\/\/13muz.eu\/wp-content\/uploads\/2022\/03\/24.04.2022-Tempo-1920-fot.-Piotr-Nykowski-1536x1120.jpg 1536w, https:\/\/13muz.eu\/wp-content\/uploads\/2022\/03\/24.04.2022-Tempo-1920-fot.-Piotr-Nykowski-400x292.jpg 400w, https:\/\/13muz.eu\/wp-content\/uploads\/2022\/03\/24.04.2022-Tempo-1920-fot.-Piotr-Nykowski.jpg 1920w\" sizes=\"auto, (max-width: 300px) 100vw, 300px\" \/><\/p>\n<p style=\"text-align: justify;\">G\u0142owa ma\u0142a jest teatrem dla dzieci dzia\u0142aj\u0105cym od 2017 roku. Tworzy przedstawienia, ale te\u017c dzia\u0142ania warsztatowe dla najm\u0142odszych. W 2018 r. teatr zosta\u0142 laureatem nagrody \u201eZrobione w Szczecinie\u201d.<\/p>\n<p style=\"text-align: justify;\">G\u0142ow\u0119 ma\u0142\u0105 tworz\u0105: Magdalena Gardas-Wasilewska, pedago\u017cka teatru, animatorka kultury oraz Karolina Sabat, pedago\u017cka teatru, animatorka kultury, aktorka Teatru Kana.<\/p>\n<p style=\"text-align: justify;\">Fot. Piotr Nykowski &#8211; Spektakl \u201eTempo\u201d w Sali Lustrzanej Domu Kultury \u201e13 Muz\u201d<\/p>\n","protected":false},"excerpt":{"rendered":"<p>G\u0142owa ma\u0142a jest teatrem dla dzieci dzia\u0142aj\u0105cym od 2017 roku. Tworzy przedstawienia, ale te\u017c dzia\u0142ania warsztatowe dla najm\u0142odszych. W 2018 r. teatr zosta\u0142 laureatem nagrody \u201eZrobione w Szczecinie\u201d. G\u0142ow\u0119 ma\u0142\u0105 tworz\u0105: Magdalena Gardas-Wasilewska, pedago\u017cka teatru, animatorka kultury oraz Karolina Sabat, pedago\u017cka teatru, animatorka kultury, aktorka Teatru Kana. Fot. Piotr Nykowski &#8211; Spektakl \u201eTempo\u201d w Sali Lustrzanej Domu Kultury \u201e13 Muz\u201d<\/p>\n","protected":false},"author":4,"featured_media":0,"parent":0,"menu_order":0,"comment_status":"closed","ping_status":"closed","template":"","meta":{"ngg_post_thumbnail":0,"_price":"","_stock":"","_tribe_ticket_header":"","_tribe_default_ticket_provider":"","_ticket_start_date":"","_ticket_end_date":"","_tribe_ticket_show_description":"","_tribe_ticket_show_not_going":false,"_tribe_ticket_use_global_stock":"","_tribe_ticket_global_stock_level":"","_global_stock_mode":"","_global_stock_cap":"","_tribe_rsvp_for_event":"","_tribe_ticket_going_count":"","_tribe_ticket_not_going_count":"","_tribe_tickets_list":"[]","_tribe_ticket_has_attendee_info_fields":false,"footnotes":"","_tec_slr_enabled":"","_tec_slr_layout":""},"class_list":["post-46910","page","type-page","status-publish","hentry"],"ticketed":false,"post_mailing_queue_ids":[],"_links":{"self":[{"href":"https:\/\/13muz.eu\/en\/wp-json\/wp\/v2\/pages\/46910","targetHints":{"allow":["GET"]}}],"collection":[{"href":"https:\/\/13muz.eu\/en\/wp-json\/wp\/v2\/pages"}],"about":[{"href":"https:\/\/13muz.eu\/en\/wp-json\/wp\/v2\/types\/page"}],"author":[{"embeddable":true,"href":"https:\/\/13muz.eu\/en\/wp-json\/wp\/v2\/users\/4"}],"replies":[{"embeddable":true,"href":"https:\/\/13muz.eu\/en\/wp-json\/wp\/v2\/comments?post=46910"}],"version-history":[{"count":0,"href":"https:\/\/13muz.eu\/en\/wp-json\/wp\/v2\/pages\/46910\/revisions"}],"wp:attachment":[{"href":"https:\/\/13muz.eu\/en\/wp-json\/wp\/v2\/media?parent=46910"}],"curies":[{"name":"wp","href":"https:\/\/api.w.org\/{rel}","templated":true}]}}