{"id":46862,"date":"2022-08-25T11:58:34","date_gmt":"2022-08-25T09:58:34","guid":{"rendered":"https:\/\/13muz.eu\/?page_id=46862"},"modified":"2022-08-25T12:12:17","modified_gmt":"2022-08-25T10:12:17","slug":"centrum-inicjatyw-rodzinnych","status":"publish","type":"page","link":"https:\/\/13muz.eu\/en\/centrum-inicjatyw-rodzinnych\/","title":{"rendered":"Centrum Inicjatyw Rodzinnych"},"content":{"rendered":"<p><img loading=\"lazy\" decoding=\"async\" class=\"size-medium wp-image-46863 alignleft\" src=\"https:\/\/13muz.eu\/wp-content\/uploads\/2022\/08\/20210619_RS_ROBS4788-300x153.jpg\" alt=\"\" width=\"300\" height=\"153\" srcset=\"https:\/\/13muz.eu\/wp-content\/uploads\/2022\/08\/20210619_RS_ROBS4788-300x153.jpg 300w, https:\/\/13muz.eu\/wp-content\/uploads\/2022\/08\/20210619_RS_ROBS4788-1024x522.jpg 1024w, https:\/\/13muz.eu\/wp-content\/uploads\/2022\/08\/20210619_RS_ROBS4788-768x391.jpg 768w, https:\/\/13muz.eu\/wp-content\/uploads\/2022\/08\/20210619_RS_ROBS4788-1536x782.jpg 1536w, https:\/\/13muz.eu\/wp-content\/uploads\/2022\/08\/20210619_RS_ROBS4788-2048x1043.jpg 2048w, https:\/\/13muz.eu\/wp-content\/uploads\/2022\/08\/20210619_RS_ROBS4788-400x204.jpg 400w\" sizes=\"auto, (max-width: 300px) 100vw, 300px\" \/><\/p>\n<p style=\"text-align: justify;\">W ramach wsp\u00f3\u0142pracy z Centrum Inicjatyw Rodzinnych wsp\u00f3\u0142organizujemy wydarzenia plenerowe (na Jasnych B\u0142oniach) oraz przekazujemy Centrum wej\u015bci\u00f3wki na wydarzenia edukacyjno-artystyczne adresowane do najm\u0142odszych oraz ca\u0142ych rodzin.<\/p>\n<p><img loading=\"lazy\" decoding=\"async\" class=\"size-medium wp-image-46864 alignright\" src=\"https:\/\/13muz.eu\/wp-content\/uploads\/2022\/08\/20210619_RS_ROBS5219-300x200.jpg\" alt=\"\" width=\"300\" height=\"200\" srcset=\"https:\/\/13muz.eu\/wp-content\/uploads\/2022\/08\/20210619_RS_ROBS5219-300x200.jpg 300w, https:\/\/13muz.eu\/wp-content\/uploads\/2022\/08\/20210619_RS_ROBS5219-1024x683.jpg 1024w, https:\/\/13muz.eu\/wp-content\/uploads\/2022\/08\/20210619_RS_ROBS5219-768x512.jpg 768w, https:\/\/13muz.eu\/wp-content\/uploads\/2022\/08\/20210619_RS_ROBS5219-1536x1024.jpg 1536w, https:\/\/13muz.eu\/wp-content\/uploads\/2022\/08\/20210619_RS_ROBS5219-2048x1365.jpg 2048w, https:\/\/13muz.eu\/wp-content\/uploads\/2022\/08\/20210619_RS_ROBS5219-150x100.jpg 150w, https:\/\/13muz.eu\/wp-content\/uploads\/2022\/08\/20210619_RS_ROBS5219-400x267.jpg 400w\" sizes=\"auto, (max-width: 300px) 100vw, 300px\" \/><\/p>\n<p style=\"text-align: justify;\">Zadaniem Centrum Inicjatyw Rodzinnych jest: inicjowanie, rozpowszechnianie oraz wzmacnianie miejskiej oferty wsparcia dla rodzin we wsp\u00f3\u0142pracy z instytucjami i organizacjami pozarz\u0105dowymi.<\/p>\n<p>Fot. Robert Stachnik<\/p>\n<p style=\"text-align: justify;\">Oficjalna strona internetowa Centrum Inicjatyw Rodzinnych: <a href=\"https:\/\/rodzina.szczecin.eu\/\" target=\"_blank\" rel=\"noopener\">https:\/\/rodzina.szczecin.eu\/<\/a><\/p>\n<p><img loading=\"lazy\" decoding=\"async\" class=\"size-medium wp-image-46880 alignleft\" src=\"https:\/\/13muz.eu\/wp-content\/uploads\/2022\/08\/logo-cie-potrojne-kolor-300x168.png\" alt=\"\" width=\"300\" height=\"168\" srcset=\"https:\/\/13muz.eu\/wp-content\/uploads\/2022\/08\/logo-cie-potrojne-kolor-300x168.png 300w, https:\/\/13muz.eu\/wp-content\/uploads\/2022\/08\/logo-cie-potrojne-kolor-1024x573.png 1024w, https:\/\/13muz.eu\/wp-content\/uploads\/2022\/08\/logo-cie-potrojne-kolor-768x430.png 768w, https:\/\/13muz.eu\/wp-content\/uploads\/2022\/08\/logo-cie-potrojne-kolor-400x224.png 400w, https:\/\/13muz.eu\/wp-content\/uploads\/2022\/08\/logo-cie-potrojne-kolor.png 1104w\" sizes=\"auto, (max-width: 300px) 100vw, 300px\" \/><\/p>\n","protected":false},"excerpt":{"rendered":"<p>W ramach wsp\u00f3\u0142pracy z Centrum Inicjatyw Rodzinnych wsp\u00f3\u0142organizujemy wydarzenia plenerowe (na Jasnych B\u0142oniach) oraz przekazujemy Centrum wej\u015bci\u00f3wki na wydarzenia edukacyjno-artystyczne adresowane do najm\u0142odszych oraz ca\u0142ych rodzin. Zadaniem Centrum Inicjatyw Rodzinnych jest: inicjowanie, rozpowszechnianie oraz wzmacnianie miejskiej oferty wsparcia dla rodzin we wsp\u00f3\u0142pracy z instytucjami i organizacjami pozarz\u0105dowymi. Fot. Robert Stachnik Oficjalna strona internetowa Centrum Inicjatyw Rodzinnych: https:\/\/rodzina.szczecin.eu\/<\/p>\n","protected":false},"author":4,"featured_media":0,"parent":0,"menu_order":0,"comment_status":"closed","ping_status":"closed","template":"","meta":{"ngg_post_thumbnail":0,"_price":"","_stock":"","_tribe_ticket_header":"","_tribe_default_ticket_provider":"","_ticket_start_date":"","_ticket_end_date":"","_tribe_ticket_show_description":"","_tribe_ticket_show_not_going":false,"_tribe_ticket_use_global_stock":"","_tribe_ticket_global_stock_level":"","_global_stock_mode":"","_global_stock_cap":"","_tribe_rsvp_for_event":"","_tribe_ticket_going_count":"","_tribe_ticket_not_going_count":"","_tribe_tickets_list":"[]","_tribe_ticket_has_attendee_info_fields":false,"footnotes":"","_tec_slr_enabled":"","_tec_slr_layout":""},"class_list":["post-46862","page","type-page","status-publish","hentry"],"ticketed":false,"post_mailing_queue_ids":[],"_links":{"self":[{"href":"https:\/\/13muz.eu\/en\/wp-json\/wp\/v2\/pages\/46862","targetHints":{"allow":["GET"]}}],"collection":[{"href":"https:\/\/13muz.eu\/en\/wp-json\/wp\/v2\/pages"}],"about":[{"href":"https:\/\/13muz.eu\/en\/wp-json\/wp\/v2\/types\/page"}],"author":[{"embeddable":true,"href":"https:\/\/13muz.eu\/en\/wp-json\/wp\/v2\/users\/4"}],"replies":[{"embeddable":true,"href":"https:\/\/13muz.eu\/en\/wp-json\/wp\/v2\/comments?post=46862"}],"version-history":[{"count":0,"href":"https:\/\/13muz.eu\/en\/wp-json\/wp\/v2\/pages\/46862\/revisions"}],"wp:attachment":[{"href":"https:\/\/13muz.eu\/en\/wp-json\/wp\/v2\/media?parent=46862"}],"curies":[{"name":"wp","href":"https:\/\/api.w.org\/{rel}","templated":true}]}}