{"id":46801,"date":"2022-08-24T12:10:30","date_gmt":"2022-08-24T10:10:30","guid":{"rendered":"https:\/\/13muz.eu\/?page_id=46801"},"modified":"2022-10-18T12:25:49","modified_gmt":"2022-10-18T10:25:49","slug":"babilon","status":"publish","type":"page","link":"https:\/\/13muz.eu\/en\/babilon\/","title":{"rendered":"Babilon"},"content":{"rendered":"<p><img loading=\"lazy\" decoding=\"async\" class=\"size-medium wp-image-46802 alignleft\" src=\"https:\/\/13muz.eu\/wp-content\/uploads\/2022\/08\/20211022_RS_ROBS4315-200x300.jpg\" alt=\"\" width=\"200\" height=\"300\" srcset=\"https:\/\/13muz.eu\/wp-content\/uploads\/2022\/08\/20211022_RS_ROBS4315-200x300.jpg 200w, https:\/\/13muz.eu\/wp-content\/uploads\/2022\/08\/20211022_RS_ROBS4315-683x1024.jpg 683w, https:\/\/13muz.eu\/wp-content\/uploads\/2022\/08\/20211022_RS_ROBS4315-768x1152.jpg 768w, https:\/\/13muz.eu\/wp-content\/uploads\/2022\/08\/20211022_RS_ROBS4315-1024x1536.jpg 1024w, https:\/\/13muz.eu\/wp-content\/uploads\/2022\/08\/20211022_RS_ROBS4315-400x600.jpg 400w, https:\/\/13muz.eu\/wp-content\/uploads\/2022\/08\/20211022_RS_ROBS4315.jpg 1280w\" sizes=\"auto, (max-width: 200px) 100vw, 200px\" \/><\/p>\n<p>Cykl adresowany wy\u0142\u0105cznie do kobiet.<\/p>\n<p>Spotkania z interesuj\u0105cymi lud\u017ami &#8211; artystami, podr\u00f3\u017cnikami, lekarzami, animatorami kultury &#8211; po\u0142\u0105czone z recitalem.&nbsp;<\/p>\n<p>Pomys\u0142odawc\u0105 i gospodarzem cyklu jest jest szczeci\u0144ski Grek, <a href=\"https:\/\/13muz.eu\/rezydenci-dimitris-dymitriadis\/\" target=\"_blank\" rel=\"noopener\">Mitro Dymitriadis.<\/a><\/p>\n<p>Fot. Robert Stachnik &#8211; Mitro Dymitriadis podczas Babilonu<\/p>\n","protected":false},"excerpt":{"rendered":"<p>Cykl adresowany wy\u0142\u0105cznie do kobiet. Spotkania z interesuj\u0105cymi lud\u017ami &#8211; artystami, podr\u00f3\u017cnikami, lekarzami, animatorami kultury &#8211; po\u0142\u0105czone z recitalem.&nbsp; Pomys\u0142odawc\u0105 i gospodarzem cyklu jest jest szczeci\u0144ski Grek, Mitro Dymitriadis. Fot. Robert Stachnik &#8211; Mitro Dymitriadis podczas Babilonu<\/p>\n","protected":false},"author":4,"featured_media":0,"parent":0,"menu_order":0,"comment_status":"closed","ping_status":"closed","template":"","meta":{"ngg_post_thumbnail":0,"_price":"","_stock":"","_tribe_ticket_header":"","_tribe_default_ticket_provider":"","_ticket_start_date":"","_ticket_end_date":"","_tribe_ticket_show_description":"","_tribe_ticket_show_not_going":false,"_tribe_ticket_use_global_stock":"","_tribe_ticket_global_stock_level":"","_global_stock_mode":"","_global_stock_cap":"","_tribe_rsvp_for_event":"","_tribe_ticket_going_count":"","_tribe_ticket_not_going_count":"","_tribe_tickets_list":"[]","_tribe_ticket_has_attendee_info_fields":false,"footnotes":"","_tec_slr_enabled":"","_tec_slr_layout":""},"class_list":["post-46801","page","type-page","status-publish","hentry"],"ticketed":false,"post_mailing_queue_ids":[],"_links":{"self":[{"href":"https:\/\/13muz.eu\/en\/wp-json\/wp\/v2\/pages\/46801","targetHints":{"allow":["GET"]}}],"collection":[{"href":"https:\/\/13muz.eu\/en\/wp-json\/wp\/v2\/pages"}],"about":[{"href":"https:\/\/13muz.eu\/en\/wp-json\/wp\/v2\/types\/page"}],"author":[{"embeddable":true,"href":"https:\/\/13muz.eu\/en\/wp-json\/wp\/v2\/users\/4"}],"replies":[{"embeddable":true,"href":"https:\/\/13muz.eu\/en\/wp-json\/wp\/v2\/comments?post=46801"}],"version-history":[{"count":0,"href":"https:\/\/13muz.eu\/en\/wp-json\/wp\/v2\/pages\/46801\/revisions"}],"wp:attachment":[{"href":"https:\/\/13muz.eu\/en\/wp-json\/wp\/v2\/media?parent=46801"}],"curies":[{"name":"wp","href":"https:\/\/api.w.org\/{rel}","templated":true}]}}