{"id":46791,"date":"2022-08-24T11:24:46","date_gmt":"2022-08-24T09:24:46","guid":{"rendered":"https:\/\/13muz.eu\/?page_id=46791"},"modified":"2022-10-18T14:34:03","modified_gmt":"2022-10-18T12:34:03","slug":"szok-arts-festival","status":"publish","type":"page","link":"https:\/\/13muz.eu\/en\/szok-arts-festival\/","title":{"rendered":"SZOK ARTS FESTIVAL"},"content":{"rendered":"<p style=\"text-align: justify;\"><img loading=\"lazy\" decoding=\"async\" class=\" wp-image-46793 alignleft\" src=\"https:\/\/13muz.eu\/wp-content\/uploads\/2022\/08\/20170905_RS_ROBS4699-1-300x175.jpg\" alt=\"\" width=\"207\" height=\"121\" srcset=\"https:\/\/13muz.eu\/wp-content\/uploads\/2022\/08\/20170905_RS_ROBS4699-1-300x175.jpg 300w, https:\/\/13muz.eu\/wp-content\/uploads\/2022\/08\/20170905_RS_ROBS4699-1-1024x596.jpg 1024w, https:\/\/13muz.eu\/wp-content\/uploads\/2022\/08\/20170905_RS_ROBS4699-1-768x447.jpg 768w, https:\/\/13muz.eu\/wp-content\/uploads\/2022\/08\/20170905_RS_ROBS4699-1-1536x894.jpg 1536w, https:\/\/13muz.eu\/wp-content\/uploads\/2022\/08\/20170905_RS_ROBS4699-1-400x233.jpg 400w, https:\/\/13muz.eu\/wp-content\/uploads\/2022\/08\/20170905_RS_ROBS4699-1.jpg 2048w\" sizes=\"auto, (max-width: 207px) 100vw, 207px\" \/>SZOK ARTS FESTIVAL &#8211; to koncerty znakomitych artyst\u00f3w z ca\u0142ego \u015bwiata, kt\u00f3rych <a href=\"https:\/\/13muz.eu\/stowarzyszenie-szok-szczecinska-offensywa-kulturalna\/\" target=\"_blank\" rel=\"noopener\">Stowarzyszenie SZOK &#8211; Szczeci\u0144ska Offensywa Kulturalna<\/a> prezentuje na r\u00f3\u017cnych scenach muzycznych. Na wspomniane wydarzenia zapraszane s\u0105 wybitne postaci reprezentuj\u0105ce r\u00f3\u017cnorodne style muzyczne &#8211; wirtuozi, po kt\u00f3rych wyst\u0119pie nierzadko \u201ezapiera dech w piersi\u201d. Zdarza si\u0119, \u017ce publiczno\u015b\u0107 ufaj\u0105c marce organizatora, decyduje si\u0119 na udzia\u0142 w koncercie zupe\u0142nie nie znaj\u0105c artyst\u00f3w, odkrywaj\u0105c tym samym zar\u00f3wno warto\u015bciowych artyst\u00f3w, jak i ciekawe gatunki muzyczne.<\/p>\n<p style=\"text-align: justify;\">Zagrali dla SZOKu m.in.:&nbsp;<br \/>\n<strong>&#8211; Gra\u017cyna Augu\u015bcik<\/strong> z ameryka\u0144skimi muzykami jazzowymi<br \/>\n<strong>&#8211; Joscho Stephan Quartet feat. Krzysztof Pe\u0142ech<\/strong><br \/>\n<strong>&#8211; Carlos Pinana<\/strong> (flamenco &#8211; Hiszpania)<br \/>\n<strong>&#8211; Alexey Arkhipovsky <\/strong>(Rosja)<br \/>\n<strong>&#8211; Arian Houshmand<\/strong> (Argentyna)<img loading=\"lazy\" decoding=\"async\" class=\"alignright  wp-image-47885\" src=\"https:\/\/13muz.eu\/wp-content\/uploads\/2022\/10\/SZOK-ARTS-FESTIVAL-Logo-kolor-z-podcieniami-1024x604.jpg\" alt=\"\" width=\"290\" height=\"171\" srcset=\"https:\/\/13muz.eu\/wp-content\/uploads\/2022\/10\/SZOK-ARTS-FESTIVAL-Logo-kolor-z-podcieniami-1024x604.jpg 1024w, https:\/\/13muz.eu\/wp-content\/uploads\/2022\/10\/SZOK-ARTS-FESTIVAL-Logo-kolor-z-podcieniami-300x177.jpg 300w, https:\/\/13muz.eu\/wp-content\/uploads\/2022\/10\/SZOK-ARTS-FESTIVAL-Logo-kolor-z-podcieniami-768x453.jpg 768w, https:\/\/13muz.eu\/wp-content\/uploads\/2022\/10\/SZOK-ARTS-FESTIVAL-Logo-kolor-z-podcieniami-1536x906.jpg 1536w, https:\/\/13muz.eu\/wp-content\/uploads\/2022\/10\/SZOK-ARTS-FESTIVAL-Logo-kolor-z-podcieniami-2048x1208.jpg 2048w, https:\/\/13muz.eu\/wp-content\/uploads\/2022\/10\/SZOK-ARTS-FESTIVAL-Logo-kolor-z-podcieniami-400x236.jpg 400w\" sizes=\"auto, (max-width: 290px) 100vw, 290px\" \/><br \/>\n<strong>&#8211; Maja Sikorowska &amp; Kroke<\/strong><br \/>\n<strong>&#8211; Mike Parker&#8217;s Trio Theory<\/strong>&nbsp;(USA\/PL)<br \/>\n<strong>&#8211; Jozef van Wissem<\/strong> (Holandia)<\/p>\n<p style=\"text-align: justify;\">SZOK kontynuuje koncerty w Domu Kultury \u201e13 Muz\u201d, zapraszaj\u0105c najlepszych artyst\u00f3w z ca\u0142ego \u015bwiata.<\/p>\n<p style=\"text-align: justify;\">Fot. Robert Stachnik &#8211; koncert: Jozef van Wissem<\/p>\n","protected":false},"excerpt":{"rendered":"<p>SZOK ARTS FESTIVAL &#8211; to koncerty znakomitych artyst\u00f3w z ca\u0142ego \u015bwiata, kt\u00f3rych Stowarzyszenie SZOK &#8211; Szczeci\u0144ska Offensywa Kulturalna prezentuje na r\u00f3\u017cnych scenach muzycznych. Na wspomniane wydarzenia zapraszane s\u0105 wybitne postaci reprezentuj\u0105ce r\u00f3\u017cnorodne style muzyczne &#8211; wirtuozi, po kt\u00f3rych wyst\u0119pie nierzadko \u201ezapiera dech w piersi\u201d. Zdarza si\u0119, \u017ce publiczno\u015b\u0107 ufaj\u0105c marce organizatora, decyduje si\u0119 na udzia\u0142 w koncercie zupe\u0142nie nie znaj\u0105c artyst\u00f3w, odkrywaj\u0105c tym samym zar\u00f3wno warto\u015bciowych artyst\u00f3w, jak i ciekawe gatunki muzyczne. Zagrali dla SZOKu m.in.:&nbsp; &#8211; Gra\u017cyna Augu\u015bcik z ameryka\u0144skimi muzykami jazzowymi &#8211; Joscho Stephan Quartet feat. Krzysztof Pe\u0142ech &#8211; Carlos Pinana (flamenco &#8211; Hiszpania) &#8211; Alexey Arkhipovsky (Rosja) [&hellip;]<\/p>\n","protected":false},"author":4,"featured_media":0,"parent":0,"menu_order":0,"comment_status":"closed","ping_status":"closed","template":"","meta":{"ngg_post_thumbnail":0,"_price":"","_stock":"","_tribe_ticket_header":"","_tribe_default_ticket_provider":"","_ticket_start_date":"","_ticket_end_date":"","_tribe_ticket_show_description":"","_tribe_ticket_show_not_going":false,"_tribe_ticket_use_global_stock":"","_tribe_ticket_global_stock_level":"","_global_stock_mode":"","_global_stock_cap":"","_tribe_rsvp_for_event":"","_tribe_ticket_going_count":"","_tribe_ticket_not_going_count":"","_tribe_tickets_list":"[]","_tribe_ticket_has_attendee_info_fields":false,"footnotes":"","_tec_slr_enabled":"","_tec_slr_layout":""},"class_list":["post-46791","page","type-page","status-publish","hentry"],"ticketed":false,"post_mailing_queue_ids":[],"_links":{"self":[{"href":"https:\/\/13muz.eu\/en\/wp-json\/wp\/v2\/pages\/46791","targetHints":{"allow":["GET"]}}],"collection":[{"href":"https:\/\/13muz.eu\/en\/wp-json\/wp\/v2\/pages"}],"about":[{"href":"https:\/\/13muz.eu\/en\/wp-json\/wp\/v2\/types\/page"}],"author":[{"embeddable":true,"href":"https:\/\/13muz.eu\/en\/wp-json\/wp\/v2\/users\/4"}],"replies":[{"embeddable":true,"href":"https:\/\/13muz.eu\/en\/wp-json\/wp\/v2\/comments?post=46791"}],"version-history":[{"count":0,"href":"https:\/\/13muz.eu\/en\/wp-json\/wp\/v2\/pages\/46791\/revisions"}],"wp:attachment":[{"href":"https:\/\/13muz.eu\/en\/wp-json\/wp\/v2\/media?parent=46791"}],"curies":[{"name":"wp","href":"https:\/\/api.w.org\/{rel}","templated":true}]}}