{"id":46764,"date":"2022-08-23T13:23:40","date_gmt":"2022-08-23T11:23:40","guid":{"rendered":"https:\/\/13muz.eu\/?page_id=46764"},"modified":"2022-08-24T08:22:52","modified_gmt":"2022-08-24T06:22:52","slug":"panstwowe-liceum-sztuk-plastycznych-im-constantina-brancusiego-w-szczecinie","status":"publish","type":"page","link":"https:\/\/13muz.eu\/en\/panstwowe-liceum-sztuk-plastycznych-im-constantina-brancusiego-w-szczecinie\/","title":{"rendered":"Pa\u0144stwowe Liceum Sztuk Plastycznych im. Constantina Brancusiego w Szczecinie"},"content":{"rendered":"<p><img loading=\"lazy\" decoding=\"async\" class=\"size-medium wp-image-46765 alignleft\" src=\"https:\/\/13muz.eu\/wp-content\/uploads\/2022\/08\/2-podpisanie-porozumienia-fot.-Robert-Stachnik-300x200.jpg\" alt=\"\" width=\"300\" height=\"200\" srcset=\"https:\/\/13muz.eu\/wp-content\/uploads\/2022\/08\/2-podpisanie-porozumienia-fot.-Robert-Stachnik-300x200.jpg 300w, https:\/\/13muz.eu\/wp-content\/uploads\/2022\/08\/2-podpisanie-porozumienia-fot.-Robert-Stachnik-1024x683.jpg 1024w, https:\/\/13muz.eu\/wp-content\/uploads\/2022\/08\/2-podpisanie-porozumienia-fot.-Robert-Stachnik-768x512.jpg 768w, https:\/\/13muz.eu\/wp-content\/uploads\/2022\/08\/2-podpisanie-porozumienia-fot.-Robert-Stachnik-1536x1024.jpg 1536w, https:\/\/13muz.eu\/wp-content\/uploads\/2022\/08\/2-podpisanie-porozumienia-fot.-Robert-Stachnik-150x100.jpg 150w, https:\/\/13muz.eu\/wp-content\/uploads\/2022\/08\/2-podpisanie-porozumienia-fot.-Robert-Stachnik-400x267.jpg 400w, https:\/\/13muz.eu\/wp-content\/uploads\/2022\/08\/2-podpisanie-porozumienia-fot.-Robert-Stachnik.jpg 1920w\" sizes=\"auto, (max-width: 300px) 100vw, 300px\" \/><\/p>\n<p style=\"text-align: justify;\">W ramach wsp\u00f3\u0142pracy z PLSP w muzowej <a href=\"https:\/\/13muz.eu\/galeria-foyer\/\" target=\"_blank\" rel=\"noopener\">Galerii Foyer<\/a> w cyklu comiesi\u0119cznym odbywaj\u0105 si\u0119 wernisa\u017ce prac uczni\u00f3w tej\u017ce szko\u0142y.<\/p>\n<p style=\"text-align: justify;\">Informacje o aktualnie trwaj\u0105cej wystawie dost\u0119pne s\u0105 na naszej stronie <a href=\"https:\/\/13muz.eu\/\" target=\"_blank\" rel=\"noopener\">g\u0142\u00f3wnej<\/a>.<\/p>\n<p style=\"text-align: justify;\">Pa\u0144stwowe Liceum Sztuk Plastycznych im. Constantina Brancusiego w Szczecinie jest publiczn\u0105 szko\u0142\u0105 artystyczn\u0105, prowadzon\u0105 przez Ministra Kultury i Dziedzictwa Narodowego. Utworzona na mocy Zarz\u0105dzenia Ministra Kultury i Sztuki z dnia 5 czerwca 1948 r.<img loading=\"lazy\" decoding=\"async\" class=\" wp-image-46778 alignright\" src=\"https:\/\/13muz.eu\/wp-content\/uploads\/2022\/08\/Plastyk-logo-300x261.jpg\" alt=\"\" width=\"261\" height=\"227\" srcset=\"https:\/\/13muz.eu\/wp-content\/uploads\/2022\/08\/Plastyk-logo-300x261.jpg 300w, https:\/\/13muz.eu\/wp-content\/uploads\/2022\/08\/Plastyk-logo.jpg 313w\" sizes=\"auto, (max-width: 261px) 100vw, 261px\" \/><\/p>\n<p style=\"text-align: justify;\">Link do strony internetowej: <a href=\"http:\/\/www.plastykszczecin.pl\/\" target=\"_blank\" rel=\"noopener\">http:\/\/www.plastykszczecin.pl\/<\/a><\/p>\n<p style=\"text-align: justify;\">Profil na FB: <a href=\"https:\/\/www.facebook.com\/PanstwoweLiceumSztukPlastycznychimC.Brancusiego\" target=\"_blank\" rel=\"noopener\">https:\/\/www.facebook.com\/PanstwoweLiceumSztukPlastycznychimC.Brancusiego<\/a><\/p>\n<p>Fot. Robert Stachnik &#8211; podpisanie porozumienia<\/p>\n","protected":false},"excerpt":{"rendered":"<p>W ramach wsp\u00f3\u0142pracy z PLSP w muzowej Galerii Foyer w cyklu comiesi\u0119cznym odbywaj\u0105 si\u0119 wernisa\u017ce prac uczni\u00f3w tej\u017ce szko\u0142y. Informacje o aktualnie trwaj\u0105cej wystawie dost\u0119pne s\u0105 na naszej stronie g\u0142\u00f3wnej. Pa\u0144stwowe Liceum Sztuk Plastycznych im. Constantina Brancusiego w Szczecinie jest publiczn\u0105 szko\u0142\u0105 artystyczn\u0105, prowadzon\u0105 przez Ministra Kultury i Dziedzictwa Narodowego. Utworzona na mocy Zarz\u0105dzenia Ministra Kultury i Sztuki z dnia 5 czerwca 1948 r. Link do strony internetowej: http:\/\/www.plastykszczecin.pl\/ Profil na FB: https:\/\/www.facebook.com\/PanstwoweLiceumSztukPlastycznychimC.Brancusiego Fot. Robert Stachnik &#8211; podpisanie porozumienia<\/p>\n","protected":false},"author":4,"featured_media":0,"parent":0,"menu_order":0,"comment_status":"closed","ping_status":"closed","template":"","meta":{"ngg_post_thumbnail":0,"_price":"","_stock":"","_tribe_ticket_header":"","_tribe_default_ticket_provider":"","_ticket_start_date":"","_ticket_end_date":"","_tribe_ticket_show_description":"","_tribe_ticket_show_not_going":false,"_tribe_ticket_use_global_stock":"","_tribe_ticket_global_stock_level":"","_global_stock_mode":"","_global_stock_cap":"","_tribe_rsvp_for_event":"","_tribe_ticket_going_count":"","_tribe_ticket_not_going_count":"","_tribe_tickets_list":"[]","_tribe_ticket_has_attendee_info_fields":false,"footnotes":"","_tec_slr_enabled":"","_tec_slr_layout":""},"class_list":["post-46764","page","type-page","status-publish","hentry"],"ticketed":false,"post_mailing_queue_ids":[],"_links":{"self":[{"href":"https:\/\/13muz.eu\/en\/wp-json\/wp\/v2\/pages\/46764","targetHints":{"allow":["GET"]}}],"collection":[{"href":"https:\/\/13muz.eu\/en\/wp-json\/wp\/v2\/pages"}],"about":[{"href":"https:\/\/13muz.eu\/en\/wp-json\/wp\/v2\/types\/page"}],"author":[{"embeddable":true,"href":"https:\/\/13muz.eu\/en\/wp-json\/wp\/v2\/users\/4"}],"replies":[{"embeddable":true,"href":"https:\/\/13muz.eu\/en\/wp-json\/wp\/v2\/comments?post=46764"}],"version-history":[{"count":0,"href":"https:\/\/13muz.eu\/en\/wp-json\/wp\/v2\/pages\/46764\/revisions"}],"wp:attachment":[{"href":"https:\/\/13muz.eu\/en\/wp-json\/wp\/v2\/media?parent=46764"}],"curies":[{"name":"wp","href":"https:\/\/api.w.org\/{rel}","templated":true}]}}