{"id":46679,"date":"2022-08-10T14:17:54","date_gmt":"2022-08-10T12:17:54","guid":{"rendered":"https:\/\/13muz.eu\/?page_id=46679"},"modified":"2023-11-14T11:55:57","modified_gmt":"2023-11-14T10:55:57","slug":"pantomima-w-13-muzach","status":"publish","type":"page","link":"https:\/\/13muz.eu\/en\/pantomima-w-13-muzach\/","title":{"rendered":"Pantomima w \u201e13 Muzach\u201d"},"content":{"rendered":"<p><img loading=\"lazy\" decoding=\"async\" class=\"size-medium wp-image-46681 alignleft\" src=\"https:\/\/13muz.eu\/wp-content\/uploads\/2022\/08\/Pantomima-w-13-Muzach-kwadrat-300x300.jpg\" alt=\"\" width=\"300\" height=\"300\" srcset=\"https:\/\/13muz.eu\/wp-content\/uploads\/2022\/08\/Pantomima-w-13-Muzach-kwadrat-300x300.jpg 300w, https:\/\/13muz.eu\/wp-content\/uploads\/2022\/08\/Pantomima-w-13-Muzach-kwadrat-150x150.jpg 150w, https:\/\/13muz.eu\/wp-content\/uploads\/2022\/08\/Pantomima-w-13-Muzach-kwadrat-130x130.jpg 130w, https:\/\/13muz.eu\/wp-content\/uploads\/2022\/08\/Pantomima-w-13-Muzach-kwadrat.jpg 400w\" sizes=\"auto, (max-width: 300px) 100vw, 300px\" \/><\/p>\n<p style=\"text-align: justify;\">Zesp\u00f3\u0142 teatralny 8R\u0105k tworz\u0105 dawni cz\u0142onkowie Studia Pantomimy Politechniki Szczeci\u0144skiej. Nap\u0119dzani si\u0142\u0105 tworzenia chc\u0105 raz jeszcze wypowiedzie\u0107 si\u0119 poprzez form\u0119 teatraln\u0105, kt\u00f3ra ich ukszta\u0142towa\u0142a, w konwencji, kt\u00f3rej nigdy nie pr\u00f3bowali si\u0119 wymkn\u0105\u0107 oraz odda\u0107 ho\u0142d ich mistrzom i przyjacio\u0142om sprzed lat. W przedstawieniu bior\u0105 udzia\u0142: Gra\u017cyna Czarnecka, Janusz Dymsza, Katarzyna Horty\u0144ska, Anna Lewandowska, Danuta Romanowska-Sroczyk, Ma\u0142gorzata Stankiewicz-Bartz.<\/p>\n<p style=\"text-align: justify;\">Termin zaj\u0119\u0107 Zespo\u0142u Teatralnego 8R\u0105k:<\/p>\n<p style=\"text-align: justify;\">Poniedzia\u0142ki: 19:30-21:00<\/p>\n<p style=\"text-align: justify;\">Zaj\u0119cia z mimiki i plastyki ruchu, tworzenia etiud i spektakli prowadzone s\u0105 zamiennie przez poszczeg\u00f3lnych cz\u0142onk\u00f3w zespo\u0142u.<\/p>\n<p>Zesp\u00f3\u0142 teatralny 8R\u0105k na <a href=\"https:\/\/www.facebook.com\/profile.php?id=100063541481526\" target=\"_blank\" rel=\"noopener\"><strong>FB<\/strong><\/a><\/p>\n","protected":false},"excerpt":{"rendered":"<p>Zesp\u00f3\u0142 teatralny 8R\u0105k tworz\u0105 dawni cz\u0142onkowie Studia Pantomimy Politechniki Szczeci\u0144skiej. Nap\u0119dzani si\u0142\u0105 tworzenia chc\u0105 raz jeszcze wypowiedzie\u0107 si\u0119 poprzez form\u0119 teatraln\u0105, kt\u00f3ra ich ukszta\u0142towa\u0142a, w konwencji, kt\u00f3rej nigdy nie pr\u00f3bowali si\u0119 wymkn\u0105\u0107 oraz odda\u0107 ho\u0142d ich mistrzom i przyjacio\u0142om sprzed lat. W przedstawieniu bior\u0105 udzia\u0142: Gra\u017cyna Czarnecka, Janusz Dymsza, Katarzyna Horty\u0144ska, Anna Lewandowska, Danuta Romanowska-Sroczyk, Ma\u0142gorzata Stankiewicz-Bartz. Termin zaj\u0119\u0107 Zespo\u0142u Teatralnego 8R\u0105k: Poniedzia\u0142ki: 19:30-21:00 Zaj\u0119cia z mimiki i plastyki ruchu, tworzenia etiud i spektakli prowadzone s\u0105 zamiennie przez poszczeg\u00f3lnych cz\u0142onk\u00f3w zespo\u0142u. Zesp\u00f3\u0142 teatralny 8R\u0105k na FB<\/p>\n","protected":false},"author":4,"featured_media":0,"parent":0,"menu_order":0,"comment_status":"closed","ping_status":"closed","template":"","meta":{"ngg_post_thumbnail":0,"_price":"","_stock":"","_tribe_ticket_header":"","_tribe_default_ticket_provider":"","_ticket_start_date":"","_ticket_end_date":"","_tribe_ticket_show_description":"","_tribe_ticket_show_not_going":false,"_tribe_ticket_use_global_stock":"","_tribe_ticket_global_stock_level":"","_global_stock_mode":"","_global_stock_cap":"","_tribe_rsvp_for_event":"","_tribe_ticket_going_count":"","_tribe_ticket_not_going_count":"","_tribe_tickets_list":"[]","_tribe_ticket_has_attendee_info_fields":false,"footnotes":"","_tec_slr_enabled":"","_tec_slr_layout":""},"class_list":["post-46679","page","type-page","status-publish","hentry"],"ticketed":false,"post_mailing_queue_ids":[],"_links":{"self":[{"href":"https:\/\/13muz.eu\/en\/wp-json\/wp\/v2\/pages\/46679","targetHints":{"allow":["GET"]}}],"collection":[{"href":"https:\/\/13muz.eu\/en\/wp-json\/wp\/v2\/pages"}],"about":[{"href":"https:\/\/13muz.eu\/en\/wp-json\/wp\/v2\/types\/page"}],"author":[{"embeddable":true,"href":"https:\/\/13muz.eu\/en\/wp-json\/wp\/v2\/users\/4"}],"replies":[{"embeddable":true,"href":"https:\/\/13muz.eu\/en\/wp-json\/wp\/v2\/comments?post=46679"}],"version-history":[{"count":0,"href":"https:\/\/13muz.eu\/en\/wp-json\/wp\/v2\/pages\/46679\/revisions"}],"wp:attachment":[{"href":"https:\/\/13muz.eu\/en\/wp-json\/wp\/v2\/media?parent=46679"}],"curies":[{"name":"wp","href":"https:\/\/api.w.org\/{rel}","templated":true}]}}