{"id":46399,"date":"2022-07-29T12:08:24","date_gmt":"2022-07-29T10:08:24","guid":{"rendered":"https:\/\/13muz.eu\/?page_id=46399"},"modified":"2023-07-24T08:38:20","modified_gmt":"2023-07-24T06:38:20","slug":"joga-w-muzach-2","status":"publish","type":"page","link":"https:\/\/13muz.eu\/en\/joga-w-muzach-2\/","title":{"rendered":"Joga w Muzach"},"content":{"rendered":"<p style=\"text-align: justify;\"><img loading=\"lazy\" decoding=\"async\" class=\"size-medium wp-image-47370 alignleft\" src=\"https:\/\/13muz.eu\/wp-content\/uploads\/2022\/09\/Joga-w-Muzach-grafika-zrodlo-dorozynski-com-300x300.jpg\" alt=\"\" width=\"300\" height=\"300\" srcset=\"https:\/\/13muz.eu\/wp-content\/uploads\/2022\/09\/Joga-w-Muzach-grafika-zrodlo-dorozynski-com-300x300.jpg 300w, https:\/\/13muz.eu\/wp-content\/uploads\/2022\/09\/Joga-w-Muzach-grafika-zrodlo-dorozynski-com-1024x1024.jpg 1024w, https:\/\/13muz.eu\/wp-content\/uploads\/2022\/09\/Joga-w-Muzach-grafika-zrodlo-dorozynski-com-150x150.jpg 150w, https:\/\/13muz.eu\/wp-content\/uploads\/2022\/09\/Joga-w-Muzach-grafika-zrodlo-dorozynski-com-768x768.jpg 768w, https:\/\/13muz.eu\/wp-content\/uploads\/2022\/09\/Joga-w-Muzach-grafika-zrodlo-dorozynski-com-1536x1536.jpg 1536w, https:\/\/13muz.eu\/wp-content\/uploads\/2022\/09\/Joga-w-Muzach-grafika-zrodlo-dorozynski-com-130x130.jpg 130w, https:\/\/13muz.eu\/wp-content\/uploads\/2022\/09\/Joga-w-Muzach-grafika-zrodlo-dorozynski-com-400x400.jpg 400w, https:\/\/13muz.eu\/wp-content\/uploads\/2022\/09\/Joga-w-Muzach-grafika-zrodlo-dorozynski-com.jpg 1920w\" sizes=\"auto, (max-width: 300px) 100vw, 300px\" \/><\/p>\n<p style=\"text-align: justify;\">Od wrze\u015bnia do czerwca zapraszamy na zaj\u0119cia jogi z dyplomowanym nauczycielem Hatha i Ashtanga Yogi <a href=\"https:\/\/13muz.eu\/tomasz-dorozynski\/\" target=\"_blank\" rel=\"noopener\"><strong>Tomaszem Doro\u017cy\u0144skim<\/strong><\/a>. W okresie wakacji &#8211; pierwsza po\u0142owa lipca i sierpie\u0144 &#8211; w poniedzia\u0142ki, \u015brody i pi\u0105tki.<\/p>\n<p style=\"text-align: justify;\">Terminy od wrze\u015bnia do czerwca:<br \/>\n&#8211; poniedzia\u0142ki o godz. 18:00<br \/>\n&#8211; wtorki o godz. 8:30 &#8211; <a href=\"https:\/\/13muz.eu\/joga-w-muzach\/\" target=\"_blank\" rel=\"noopener\"><strong>zaj\u0119cia bezp\u0142atne dla senior\u00f3w<\/strong><\/a><br \/>\n&#8211; \u015brody o godz. 16:30<br \/>\n&#8211; pi\u0105tki o godz. 17:00 oraz 18:45<br \/>\nKoszt uczestnictwa:<br \/>\n&#8211; zaj\u0119cia pojedyncze: 40 z\u0142<br \/>\n&#8211; karnet na cztery zaj\u0119cia w miesi\u0105cu: 140 z\u0142<br \/>\n&#8211; karnet na osiem zaj\u0119\u0107 w miesi\u0105cu: 240 z\u0142<\/p>\n<p>Czas trwania: 60 &#8211; 90 min<\/p>\n<p style=\"text-align: justify;\">Ograniczona liczba miejsc.<\/p>\n<p style=\"text-align: justify;\">Szczeg\u00f3\u0142owe informacje i zapisy: Tomasz Doro\u017cy\u0144ski, <a href=\"mailto:tomaszdorozynski@me.com\" target=\"_blank\" rel=\"noopener\">tomaszdorozynski@me.com<\/a>, 507&nbsp;222&nbsp;276<\/p>\n<p><strong>Joga w okresie wakacji (pierwsza po\u0142owa lipca i sierpie\u0144: 7,9,11,14,16,18,21,23,25,28,30)<br \/>\n<\/strong>&#8211; poniedzia\u0142ki o godz. 18:00<br \/>\n&#8211; \u015brody o godz. 17:30<br \/>\n&#8211; pi\u0105tki o godz. 18:00<\/p>\n<p><img loading=\"lazy\" decoding=\"async\" class=\"size-medium wp-image-45376 alignright\" src=\"https:\/\/13muz.eu\/wp-content\/uploads\/2022\/05\/Joga-w-Muzach-dla-seniorow-225x300.jpeg\" alt=\"\" width=\"225\" height=\"300\" srcset=\"https:\/\/13muz.eu\/wp-content\/uploads\/2022\/05\/Joga-w-Muzach-dla-seniorow-225x300.jpeg 225w, https:\/\/13muz.eu\/wp-content\/uploads\/2022\/05\/Joga-w-Muzach-dla-seniorow-768x1024.jpeg 768w, https:\/\/13muz.eu\/wp-content\/uploads\/2022\/05\/Joga-w-Muzach-dla-seniorow-1152x1536.jpeg 1152w, https:\/\/13muz.eu\/wp-content\/uploads\/2022\/05\/Joga-w-Muzach-dla-seniorow-400x533.jpeg 400w, https:\/\/13muz.eu\/wp-content\/uploads\/2022\/05\/Joga-w-Muzach-dla-seniorow.jpeg 1536w\" sizes=\"auto, (max-width: 225px) 100vw, 225px\" \/>Tomasz Doro\u017cy\u0144ski &#8211; nauczyciel Jogi (Legitymacja Instruktora Nr 31177\/I\/R\/2010, Minister w\u0142a\u015bciwy do spraw kultury fizycznej i sportu). Ucze\u0144 Manju Joisa, syna Pattabiego, nauczyciela i tw\u00f3rcy Ashtanga Yogi w jej obecnym kszta\u0142cie. Absolwent \u201eEuropean Academy of Ashtanga Yoga\u201d, prowadzonej przez Manju, z dyplomem uprawniaj\u0105cym, do prowadzenia zaj\u0119\u0107 w tradycyjnym stylu \u201eMysore\u201d.<\/p>\n<p style=\"text-align: justify;\">Uczestnik dziesi\u0105tk\u00f3w, pog\u0142\u0119biaj\u0105cych wiedz\u0119 kurs\u00f3w instruktorskich, m. in.:<br \/>\n&#8211; Badarinarayana Iyengar &#8211; \u201eWst\u0119p do Ashtanga Vinyasa Yoga\u201d &#8211; \u201eBadri Yoga School\u201d &#8211; Mysore, Indie<br \/>\n&#8211; David Swanson &#8211; nauka korekt &#8211; Oslo, Norwegia<br \/>\n&#8211; Balu Rajendra Thevar &#8211; korekty &#8211; Goa, Indie<br \/>\n&#8211; Barbara Lipska-Larsen &#8211; korekty &#8211; Oslo, Norwegia<br \/>\n&#8211; Manju Jois &#8211; \u201eYoga Chikitsa\u201d &#8211; uzdrawiaj\u0105ca moc asan &#8211; Wroc\u0142aw, Polska<br \/>\n&#8211; Petri Raisanen &#8211; \u201eTeacher Training\u201d &#8211; Tibetan Buddhist Monastery in Pharping, Nepal<br \/>\n&#8211; Manju Jois &#8211; korekty asan I i II serii &#8211; Wroc\u0142aw, Polska<br \/>\n&#8211; Deependra Bhatt &#8211; vinyasa i pranayama &#8211; Vinyasa Nepal Yoga Studio, Kathmandu, Nepal<\/p>\n<p style=\"text-align: justify;\">2001 &#8211; regularna praktyka asan<br \/>\n2003 &#8211; 2005 &#8211; asysty w jednej ze szczeci\u0144skich szk\u00f3\u0142 w nurcie \u201eiyengarowskim\u201d<br \/>\n2006 &#8211; samodzielne prowadzenie zaj\u0119\u0107<\/p>\n<p style=\"text-align: justify;\">\u201eJestem szcz\u0119\u015bciarzem! Robi\u0119 to, co kocham. Dzi\u0119ki jodze, moje \u017cycie staje si\u0119 prawdziwie pi\u0119kne i &#8230;pi\u0119knie prawdziwe.\u201d<\/p>\n<p style=\"text-align: justify;\">Masa\u017cysta Masa\u017cu Tajskiego. Absolwent \u201eSabai De Ka\u201d &#8211; Szko\u0142y Masa\u017cu Tajskiego w Chiang Mai w Tajlandii.<\/p>\n<p style=\"text-align: justify;\">\u201eTajski masa\u017c, pasywna joga, jest doskona\u0142ym uzupe\u0142nieniem mojej nauczycielskiej praktyki. Jest te\u017c spe\u0142nieniem buddyjskiego pojmowania wsp\u00f3\u0142czucia. Jest wsp\u00f3\u0142dzia\u0142aniem w celu poprawy jako\u015bci \u017cycia i zwi\u0119kszenia jego \u015bwiadomo\u015bci\u201d.<\/p>\n<p><a href=\"https:\/\/www.facebook.com\/profile.php?id=100057411760668\" target=\"_blank\" rel=\"noopener\"><strong>FB<\/strong><\/a><\/p>\n","protected":false},"excerpt":{"rendered":"<p>Od wrze\u015bnia do czerwca zapraszamy na zaj\u0119cia jogi z dyplomowanym nauczycielem Hatha i Ashtanga Yogi Tomaszem Doro\u017cy\u0144skim. W okresie wakacji &#8211; pierwsza po\u0142owa lipca i sierpie\u0144 &#8211; w poniedzia\u0142ki, \u015brody i pi\u0105tki. Terminy od wrze\u015bnia do czerwca: &#8211; poniedzia\u0142ki o godz. 18:00 &#8211; wtorki o godz. 8:30 &#8211; zaj\u0119cia bezp\u0142atne dla senior\u00f3w &#8211; \u015brody o godz. 16:30 &#8211; pi\u0105tki o godz. 17:00 oraz 18:45 Koszt uczestnictwa: &#8211; zaj\u0119cia pojedyncze: 40 z\u0142 &#8211; karnet na cztery zaj\u0119cia w miesi\u0105cu: 140 z\u0142 &#8211; karnet na osiem zaj\u0119\u0107 w miesi\u0105cu: 240 z\u0142 Czas trwania: 60 &#8211; 90 min Ograniczona liczba miejsc. Szczeg\u00f3\u0142owe informacje [&hellip;]<\/p>\n","protected":false},"author":4,"featured_media":0,"parent":0,"menu_order":0,"comment_status":"closed","ping_status":"closed","template":"","meta":{"ngg_post_thumbnail":0,"_price":"","_stock":"","_tribe_ticket_header":"","_tribe_default_ticket_provider":"","_ticket_start_date":"","_ticket_end_date":"","_tribe_ticket_show_description":"","_tribe_ticket_show_not_going":false,"_tribe_ticket_use_global_stock":"","_tribe_ticket_global_stock_level":"","_global_stock_mode":"","_global_stock_cap":"","_tribe_rsvp_for_event":"","_tribe_ticket_going_count":"","_tribe_ticket_not_going_count":"","_tribe_tickets_list":"[]","_tribe_ticket_has_attendee_info_fields":false,"footnotes":"","_tec_slr_enabled":"","_tec_slr_layout":""},"class_list":["post-46399","page","type-page","status-publish","hentry"],"ticketed":false,"post_mailing_queue_ids":[],"_links":{"self":[{"href":"https:\/\/13muz.eu\/en\/wp-json\/wp\/v2\/pages\/46399","targetHints":{"allow":["GET"]}}],"collection":[{"href":"https:\/\/13muz.eu\/en\/wp-json\/wp\/v2\/pages"}],"about":[{"href":"https:\/\/13muz.eu\/en\/wp-json\/wp\/v2\/types\/page"}],"author":[{"embeddable":true,"href":"https:\/\/13muz.eu\/en\/wp-json\/wp\/v2\/users\/4"}],"replies":[{"embeddable":true,"href":"https:\/\/13muz.eu\/en\/wp-json\/wp\/v2\/comments?post=46399"}],"version-history":[{"count":0,"href":"https:\/\/13muz.eu\/en\/wp-json\/wp\/v2\/pages\/46399\/revisions"}],"wp:attachment":[{"href":"https:\/\/13muz.eu\/en\/wp-json\/wp\/v2\/media?parent=46399"}],"curies":[{"name":"wp","href":"https:\/\/api.w.org\/{rel}","templated":true}]}}